{"id":22308,"date":"2023-11-02T16:34:11","date_gmt":"2023-11-02T15:34:11","guid":{"rendered":"https:\/\/www.campingvaldevie.fr\/?page_id=22308"},"modified":"2023-11-03T10:52:03","modified_gmt":"2023-11-03T09:52:03","slug":"campsite-with-pitch-challans","status":"publish","type":"page","link":"https:\/\/www.campingvaldevie.fr\/en\/camping-4-etoiles-pres-de-challans\/camping-avec-emplacement-challans\/","title":{"rendered":"Campsite with pitch Challans"},"content":{"rendered":"<p>This is it, the big day! The long-awaited day, the big departure for the holidays, in a <a href=\"\/en\/4-star-campsite-near-challans\/\">campsite near Challans<\/a>. This year we rented a <strong>campsite with pitch in the town of Challans<\/strong>. The kids are all excited and we can't wait to get into the <a href=\"\/en\/4-star-campsite-near-challans\/small-campsite-with-swimming-pool-challans\/\">pool<\/a>.<\/p>\n\n\n\n<div style=\"height:40px\" aria-hidden=\"true\" class=\"wp-block-spacer\"><\/div>\n\n\n\n<div class=\"wp-block-media-text has-media-on-the-right is-stacked-on-mobile is-image-fill\" style=\"grid-template-columns:auto 40%\"><div class=\"wp-block-media-text__content\">\n<p>After hours of driving to reach <strong>Challans<\/strong>Here we are at last on our <strong>location<\/strong> within the <a href=\"\/en\/\">camping le Val de Vie<\/a>. We were warmly welcomed by the owners. One of them guided us to our pitch. We were able to get the keys to the property in the morning, which allowed us to settle in peacefully. We got our camper van into the right position and set up the arbour, table and chairs. It still took us a little time, but now we're perfectly ready for an unforgettable holiday.<\/p>\n\n\n\n<p>We love going away in our motorhome, we feel at home and we have all the comforts we need. We're sure we won't want for anything. After an aperitif and lunch in the Vend\u00e9e sunshine, we set off to visit the campsite. The paths are very pleasant because they are perfectly maintained. Visit <strong>locations<\/strong> are <strong>spacious<\/strong> and <strong>delimited<\/strong> by hedges to give them more privacy. We also took a look at the sanitary facilities. With 4 motorhomes, we appreciate having access to other showers. The showers are very clean, which is a major advantage on a campsite.<\/p>\n<\/div><figure class=\"wp-block-media-text__media\" style=\"background-image:url(https:\/\/www.campingvaldevie.fr\/wp-content\/uploads\/2018\/01\/DSC03068-1024x685.jpg);background-position:50% 50%\"><img loading=\"lazy\" decoding=\"async\" width=\"1024\" height=\"685\" src=\"https:\/\/www.campingvaldevie.fr\/wp-content\/uploads\/2018\/01\/DSC03068-1024x685.jpg\" alt=\"tent pitches camping Val de Vie in Vend\u00e9e\" class=\"wp-image-1325 size-full\" srcset=\"https:\/\/www.campingvaldevie.fr\/wp-content\/uploads\/2018\/01\/DSC03068-1024x685.jpg 1024w, https:\/\/www.campingvaldevie.fr\/wp-content\/uploads\/2018\/01\/DSC03068-300x201.jpg 300w, https:\/\/www.campingvaldevie.fr\/wp-content\/uploads\/2018\/01\/DSC03068-768x514.jpg 768w, https:\/\/www.campingvaldevie.fr\/wp-content\/uploads\/2018\/01\/DSC03068.jpg 1200w\" sizes=\"auto, (max-width: 1024px) 100vw, 1024px\" \/><\/figure><\/div>\n\n\n\n<div style=\"height:40px\" aria-hidden=\"true\" class=\"wp-block-spacer\"><\/div>\n\n\n\n<div class=\"wp-block-media-text is-stacked-on-mobile is-image-fill\" style=\"grid-template-columns:40% auto\"><figure class=\"wp-block-media-text__media\" style=\"background-image:url(https:\/\/www.campingvaldevie.fr\/wp-content\/uploads\/2019\/04\/empla1.jpg);background-position:50% 50%\"><img loading=\"lazy\" decoding=\"async\" width=\"960\" height=\"486\" src=\"https:\/\/www.campingvaldevie.fr\/wp-content\/uploads\/2019\/04\/empla1.jpg\" alt=\"spacious location\" class=\"wp-image-4333 size-full\" srcset=\"https:\/\/www.campingvaldevie.fr\/wp-content\/uploads\/2019\/04\/empla1.jpg 960w, https:\/\/www.campingvaldevie.fr\/wp-content\/uploads\/2019\/04\/empla1-300x152.jpg 300w, https:\/\/www.campingvaldevie.fr\/wp-content\/uploads\/2019\/04\/empla1-768x389.jpg 768w\" sizes=\"auto, (max-width: 960px) 100vw, 960px\" \/><\/figure><div class=\"wp-block-media-text__content\">\n<p>To book your<strong> pitch at this campsite in Challans<\/strong>If you would like to make an appointment, please contact the owners by telephone on 02 51 93 19 69. We are sure that we will have an excellent week. But most of all we will enjoy spending time in the pool.<\/p>\n\n\n\n<p>- The H family story -<\/p>\n\n\n\n<div class=\"wp-block-buttons is-content-justification-center is-layout-flex wp-container-core-buttons-is-layout-16018d1d wp-block-buttons-is-layout-flex\">\n<div class=\"wp-block-button\"><a class=\"wp-block-button__link wp-element-button\" href=\"\/en\/tourism-vendee\/challans-tourism\/\">Visiting Challans<\/a><\/div>\n<\/div>\n\n\n\n<p>See also :<\/p>\n\n\n\n<ul class=\"wp-block-list\">\n<li><a href=\"\/en\/4-star-campsite-near-challans\/mobile-home-rental-challans\/\">mobile home rental near Challans<\/a><\/li>\n\n\n\n<li><a href=\"\/en\/4-star-campsite-near-challans\/last-minute-camping-challans\/\">last-minute deals near Challans<\/a><\/li>\n\n\n\n<li><a href=\"\/en\/4-star-campsite-near-challans\/camping-peche-challans\/\">fishing campsite near Challans<\/a><\/li>\n\n\n\n<li><a href=\"\/en\/4-star-campsite-near-challans\/calm-and-nature-campsite-challans\/\">quiet, natural campsite near Challans<\/a><\/li>\n<\/ul>\n<\/div><\/div>","protected":false},"excerpt":{"rendered":"<p>\u00c7a y est, c\u2019est le grand jour ! Le jour tant attendu, le grand d\u00e9part pour les vacances, dans un camping pr\u00e8s de Challans. Cette ann\u00e9e nous avons lou\u00e9 un camping avec emplacement dans la ville de Challans. Les enfants sont tout excit\u00e9s et nous nous avons h\u00e2te d&rsquo;\u00eatre dans la piscine. Apr\u00e8s des heures [&hellip;]<\/p>\n","protected":false},"author":4,"featured_media":0,"parent":22290,"menu_order":0,"comment_status":"closed","ping_status":"closed","template":"","meta":{"_seopress_robots_primary_cat":"","_seopress_titles_title":"Emplacement dans camping pr\u00e8s de Challans en Vend\u00e9e","_seopress_titles_desc":"Pour r\u00e9server votre emplacement dans ce camping \u00e0 Challans, il vous suffit de contacter les propri\u00e9taires par t\u00e9l\u00e9phone au 02\u00a051\u00a093\u00a019\u00a069.","_seopress_robots_index":"","footnotes":""},"class_list":["post-22308","page","type-page","status-publish","hentry"],"_links":{"self":[{"href":"https:\/\/www.campingvaldevie.fr\/en\/wp-json\/wp\/v2\/pages\/22308","targetHints":{"allow":["GET"]}}],"collection":[{"href":"https:\/\/www.campingvaldevie.fr\/en\/wp-json\/wp\/v2\/pages"}],"about":[{"href":"https:\/\/www.campingvaldevie.fr\/en\/wp-json\/wp\/v2\/types\/page"}],"author":[{"embeddable":true,"href":"https:\/\/www.campingvaldevie.fr\/en\/wp-json\/wp\/v2\/users\/4"}],"replies":[{"embeddable":true,"href":"https:\/\/www.campingvaldevie.fr\/en\/wp-json\/wp\/v2\/comments?post=22308"}],"version-history":[{"count":8,"href":"https:\/\/www.campingvaldevie.fr\/en\/wp-json\/wp\/v2\/pages\/22308\/revisions"}],"predecessor-version":[{"id":22459,"href":"https:\/\/www.campingvaldevie.fr\/en\/wp-json\/wp\/v2\/pages\/22308\/revisions\/22459"}],"up":[{"embeddable":true,"href":"https:\/\/www.campingvaldevie.fr\/en\/wp-json\/wp\/v2\/pages\/22290"}],"wp:attachment":[{"href":"https:\/\/www.campingvaldevie.fr\/en\/wp-json\/wp\/v2\/media?parent=22308"}],"curies":[{"name":"wp","href":"https:\/\/api.w.org\/{rel}","templated":true}]}}