{"id":22319,"date":"2023-11-02T16:54:43","date_gmt":"2023-11-02T15:54:43","guid":{"rendered":"https:\/\/www.campingvaldevie.fr\/?page_id=22319"},"modified":"2023-11-03T11:01:15","modified_gmt":"2023-11-03T10:01:15","slug":"last-minute-camping-challans","status":"publish","type":"page","link":"https:\/\/www.campingvaldevie.fr\/en\/camping-4-etoiles-pres-de-challans\/camping-dernieres-minutes-challans\/","title":{"rendered":"Last minute camping Challans"},"content":{"rendered":"<p>Summer is just around the corner, so it's high time to start looking for the perfect campsite. It's true that at this time of year, the choice of open-air hotels is not wide. Many campsites are already fully booked. Fortunately, we have found a <strong>last-minute camping in Challans<\/strong>is the Val de Vie establishment, this <a href=\"\/en\/4-star-campsite-near-challans\/\">campsite near Challans<\/a>.<\/p>\n\n\n\n<div style=\"height:40px\" aria-hidden=\"true\" class=\"wp-block-spacer\"><\/div>\n\n\n\n<div class=\"wp-block-media-text has-media-on-the-right is-stacked-on-mobile is-image-fill\" style=\"grid-template-columns:auto 40%\"><div class=\"wp-block-media-text__content\">\n<p>This structure is a small <a href=\"\/en\/family-campsite-vendee\/\">family campsite in the heart of the Vend\u00e9e<\/a>. You'll be staying in the heart of a park that's ideal for relaxation and well-being. You'll be surrounded by incredible greenery. A wooded site where you can enjoy small shady spots. Most of the <a href=\"\/en\/4-star-campsite-near-challans\/mobile-home-rental-challans\/\">mobile homes for rent near Challans<\/a> has a terrace. Do you know what that means? Long summer evenings in the warmth of the evening. But also breakfasts in the company of birdsong. And barbecues every lunchtime. In other words, you're going to enjoy the wonderful weather that awaits you.<\/p>\n\n\n\n<p>To your delight, the <strong>campsite offering last minute deals in Challans<\/strong> has a <a href=\"\/en\/4-star-campsite-near-challans\/small-campsite-with-swimming-pool-challans\/\">pool<\/a>. It's sure to become your favourite place. You'll love being able to cool off in the clear, temperate water. As well as the swimming pool, the staff can organise daytime and evening entertainment. Although this small campsite is a calm and peaceful place, it also knows how to have fun to brighten up the day of its holidaymakers. Of course, the teams are at your disposal throughout your stay.<\/p>\n<\/div><figure class=\"wp-block-media-text__media\" style=\"background-image:url(https:\/\/www.campingvaldevie.fr\/wp-content\/uploads\/2023\/01\/piscine-1024x280.png);background-position:50% 50%\"><img loading=\"lazy\" decoding=\"async\" width=\"1024\" height=\"280\" src=\"https:\/\/www.campingvaldevie.fr\/wp-content\/uploads\/2023\/01\/piscine-1024x280.png\" alt=\"camping pool\" class=\"wp-image-20713 size-full\" srcset=\"https:\/\/www.campingvaldevie.fr\/wp-content\/uploads\/2023\/01\/piscine-1024x280.png 1024w, https:\/\/www.campingvaldevie.fr\/wp-content\/uploads\/2023\/01\/piscine-300x82.png 300w, https:\/\/www.campingvaldevie.fr\/wp-content\/uploads\/2023\/01\/piscine-768x210.png 768w, https:\/\/www.campingvaldevie.fr\/wp-content\/uploads\/2023\/01\/piscine.png 1050w\" sizes=\"auto, (max-width: 1024px) 100vw, 1024px\" \/><\/figure><\/div>\n\n\n\n<div style=\"height:40px\" aria-hidden=\"true\" class=\"wp-block-spacer\"><\/div>\n\n\n\n<div class=\"wp-block-media-text is-stacked-on-mobile is-image-fill\" style=\"grid-template-columns:40% auto\"><figure class=\"wp-block-media-text__media\" style=\"background-image:url(https:\/\/www.campingvaldevie.fr\/wp-content\/uploads\/2018\/06\/jeuxaire.jpg);background-position:50% 50%\"><img loading=\"lazy\" decoding=\"async\" width=\"1024\" height=\"768\" src=\"https:\/\/www.campingvaldevie.fr\/wp-content\/uploads\/2018\/06\/jeuxaire.jpg\" alt=\"campsite playground\" class=\"wp-image-3118 size-full\" srcset=\"https:\/\/www.campingvaldevie.fr\/wp-content\/uploads\/2018\/06\/jeuxaire.jpg 1024w, https:\/\/www.campingvaldevie.fr\/wp-content\/uploads\/2018\/06\/jeuxaire-300x225.jpg 300w, https:\/\/www.campingvaldevie.fr\/wp-content\/uploads\/2018\/06\/jeuxaire-768x576.jpg 768w\" sizes=\"auto, (max-width: 1024px) 100vw, 1024px\" \/><\/figure><div class=\"wp-block-media-text__content\">\n<p>If you haven't yet made a reservation for this summer, then <strong>make the most of the last few minutes at this campsite near Challans,<\/strong> the <a href=\"\/en\/\">camping Val de Vie<\/a>. Contact reception by telephone on 02 51 93 19 69.<\/p>\n\n\n\n<div class=\"wp-block-buttons is-content-justification-center is-layout-flex wp-container-core-buttons-is-layout-16018d1d wp-block-buttons-is-layout-flex\">\n<div class=\"wp-block-button\"><a class=\"wp-block-button__link wp-element-button\" href=\"\/en\/tourism-vendee\/challans-tourism\/\">Visit Challans<\/a><\/div>\n<\/div>\n\n\n\n<p>See also :<\/p>\n\n\n\n<ul class=\"wp-block-list\">\n<li><a href=\"\/en\/4-star-campsite-near-challans\/camping-peche-challans\/\">fishing campsite near Challans<\/a><\/li>\n\n\n\n<li><a href=\"https:\/\/www.campingvaldevie.fr\/en\/4-star-campsite-near-challans\/calm-and-nature-campsite-challans\/\" data-type=\"page\" data-id=\"22324\">quiet, natural campsite near Challans<\/a><\/li>\n\n\n\n<li><a href=\"\/en\/4-star-campsite-near-challans\/small-campsite-with-swimming-pool-challans\/\">cheap camping near Challans<\/a><\/li>\n<\/ul>\n<\/div><\/div>","protected":false},"excerpt":{"rendered":"<p>L\u2019\u00e9t\u00e9 arrive dans quelques jours, alors il est grand temps de commencer \u00e0 faire ses recherches pour trouver le camping id\u00e9al. Il est vrai qu\u2019\u00e0 cette p\u00e9riode de l\u2019ann\u00e9e, le choix d\u2019h\u00f4tel de plein air n\u2019est pas large. Beaucoup de camping sont d\u00e9j\u00e0 complets. Heureusement, nous avons trouv\u00e9 un camping de derni\u00e8re minute \u00e0 Challans, [&hellip;]<\/p>\n","protected":false},"author":4,"featured_media":0,"parent":22290,"menu_order":0,"comment_status":"closed","ping_status":"closed","template":"","meta":{"_seopress_robots_primary_cat":"","_seopress_titles_title":"Camping familial proposant des derni\u00e8res minutes \u00e0 Challans","_seopress_titles_desc":"Si vous n\u2019avez pas encore effectu\u00e9 de r\u00e9servation pour cet \u00e9t\u00e9, alors profitez des derni\u00e8res minutes de ce camping \u00e0 Challans.","_seopress_robots_index":"","footnotes":""},"class_list":["post-22319","page","type-page","status-publish","hentry"],"_links":{"self":[{"href":"https:\/\/www.campingvaldevie.fr\/en\/wp-json\/wp\/v2\/pages\/22319","targetHints":{"allow":["GET"]}}],"collection":[{"href":"https:\/\/www.campingvaldevie.fr\/en\/wp-json\/wp\/v2\/pages"}],"about":[{"href":"https:\/\/www.campingvaldevie.fr\/en\/wp-json\/wp\/v2\/types\/page"}],"author":[{"embeddable":true,"href":"https:\/\/www.campingvaldevie.fr\/en\/wp-json\/wp\/v2\/users\/4"}],"replies":[{"embeddable":true,"href":"https:\/\/www.campingvaldevie.fr\/en\/wp-json\/wp\/v2\/comments?post=22319"}],"version-history":[{"count":8,"href":"https:\/\/www.campingvaldevie.fr\/en\/wp-json\/wp\/v2\/pages\/22319\/revisions"}],"predecessor-version":[{"id":22481,"href":"https:\/\/www.campingvaldevie.fr\/en\/wp-json\/wp\/v2\/pages\/22319\/revisions\/22481"}],"up":[{"embeddable":true,"href":"https:\/\/www.campingvaldevie.fr\/en\/wp-json\/wp\/v2\/pages\/22290"}],"wp:attachment":[{"href":"https:\/\/www.campingvaldevie.fr\/en\/wp-json\/wp\/v2\/media?parent=22319"}],"curies":[{"name":"wp","href":"https:\/\/api.w.org\/{rel}","templated":true}]}}