{"id":22324,"date":"2023-11-02T16:58:13","date_gmt":"2023-11-02T15:58:13","guid":{"rendered":"https:\/\/www.campingvaldevie.fr\/?page_id=22324"},"modified":"2023-11-03T10:53:04","modified_gmt":"2023-11-03T09:53:04","slug":"calm-and-nature-campsite-challans","status":"publish","type":"page","link":"https:\/\/www.campingvaldevie.fr\/en\/camping-4-etoiles-pres-de-challans\/camping-calme-et-nature-challans\/","title":{"rendered":"Calm and natural campsite Challans"},"content":{"rendered":"<p>Let your instincts guide you and book your next holiday at a campsite that suits you. Are you looking for <strong>calm<\/strong> in the heart of <strong>nature?<\/strong> Then the <a href=\"\/en\/4-star-campsite-near-challans\/\"><strong>le Val de Vie campsite near Challans<\/strong><\/a> promises you an unforgettable holiday. The owners will do everything to make you feel at home here.<\/p>\n\n\n\n<div style=\"height:40px\" aria-hidden=\"true\" class=\"wp-block-spacer\"><\/div>\n\n\n\n<div class=\"wp-block-media-text has-media-on-the-right is-stacked-on-mobile is-image-fill\" style=\"grid-template-columns:auto 40%\"><div class=\"wp-block-media-text__content\">\n<p>The advantage of <a href=\"\/en\/\">camping le Val de Vie<\/a>You won't find yourself in the heart of a crowded seaside resort. You'll be set back from the coast and can enjoy the peace and quiet. You'll also be able to enjoy the birdsong and the many footpaths. A holiday away from it all, in the heart of unspoilt nature. To find out more about the many things to discover in the area around the establishment, you can visit their website. Everything is perfectly detailed and will make you want to visit this superb d\u00e9partement.<\/p>\n\n\n\n<p>As well as the many things to do in the surrounding area, you'll also find plenty to keep you busy in the c<strong>amping calm and nature in Challans<\/strong>. The tree-lined, flower-filled driveways will make your walks to the heated swimming pool even more enjoyable. The pool has recently been covered by the owners. So you can enjoy even more comfort when you're swimming. There are sun loungers all around to make the most of the sunshine. During the day, you can make the most of the snack bar, bar, play area and the many activities organised by the staff. Yes, between the activities on the campsite and all the surprises the Vend\u00e9e has in store for you, you won't have a minute to get bored!<\/p>\n<\/div><figure class=\"wp-block-media-text__media\" style=\"background-image:url(https:\/\/www.campingvaldevie.fr\/wp-content\/uploads\/2020\/07\/camping-calme-et-nature-challans.jpg);background-position:50% 49%\"><img loading=\"lazy\" decoding=\"async\" width=\"700\" height=\"525\" src=\"https:\/\/www.campingvaldevie.fr\/wp-content\/uploads\/2020\/07\/camping-calme-et-nature-challans.jpg\" alt=\"Relaxation time\" class=\"wp-image-6432 size-full\" srcset=\"https:\/\/www.campingvaldevie.fr\/wp-content\/uploads\/2020\/07\/camping-calme-et-nature-challans.jpg 700w, https:\/\/www.campingvaldevie.fr\/wp-content\/uploads\/2020\/07\/camping-calme-et-nature-challans-300x225.jpg 300w\" sizes=\"auto, (max-width: 700px) 100vw, 700px\" \/><\/figure><\/div>\n\n\n\n<div style=\"height:40px\" aria-hidden=\"true\" class=\"wp-block-spacer\"><\/div>\n\n\n\n<div class=\"wp-block-media-text is-stacked-on-mobile is-image-fill\" style=\"grid-template-columns:40% auto\"><figure class=\"wp-block-media-text__media\" style=\"background-image:url(https:\/\/www.campingvaldevie.fr\/wp-content\/uploads\/2020\/07\/location-camping-calme-et-nature-challans.jpg);background-position:50% 50%\"><img loading=\"lazy\" decoding=\"async\" width=\"700\" height=\"700\" src=\"https:\/\/www.campingvaldevie.fr\/wp-content\/uploads\/2020\/07\/location-camping-calme-et-nature-challans.jpg\" alt=\"Private spa\" class=\"wp-image-6434 size-full\" srcset=\"https:\/\/www.campingvaldevie.fr\/wp-content\/uploads\/2020\/07\/location-camping-calme-et-nature-challans.jpg 700w, https:\/\/www.campingvaldevie.fr\/wp-content\/uploads\/2020\/07\/location-camping-calme-et-nature-challans-300x300.jpg 300w, https:\/\/www.campingvaldevie.fr\/wp-content\/uploads\/2020\/07\/location-camping-calme-et-nature-challans-150x150.jpg 150w\" sizes=\"auto, (max-width: 700px) 100vw, 700px\" \/><\/figure><div class=\"wp-block-media-text__content\">\n<p>So what are you waiting for? Our teams are waiting for you to enjoy your holiday in a friendly atmosphere. Call 02 51 93 19 69 and we'll be delighted to welcome you on holiday. <strong>quiet, natural campsite in Challans<\/strong>.<\/p>\n\n\n\n<div class=\"wp-block-buttons is-content-justification-center is-layout-flex wp-container-core-buttons-is-layout-16018d1d wp-block-buttons-is-layout-flex\">\n<div class=\"wp-block-button\"><a class=\"wp-block-button__link wp-element-button\" href=\"\/en\/tourism-vendee\/challans-tourism\/\">Visiting Challans<\/a><\/div>\n<\/div>\n\n\n\n<p>See also :<\/p>\n\n\n\n<ul class=\"wp-block-list\">\n<li><a href=\"\/en\/4-star-campsite-near-challans\/mobile-home-rental-challans\/\">mobile home rental near Challans<\/a><\/li>\n\n\n\n<li><a href=\"\/en\/4-star-campsite-near-challans\/last-minute-camping-challans\/\">last-minute deals near Challans<\/a><\/li>\n\n\n\n<li><a href=\"\/en\/4-star-campsite-near-challans\/camping-peche-challans\/\">fishing campsite near Challans<\/a><\/li>\n\n\n\n<li><a href=\"\/en\/4-star-campsite-near-challans\/calm-and-nature-campsite-challans\/\">quiet, natural campsite near Challans<\/a><\/li>\n\n\n\n<li><a href=\"\/en\/4-star-campsite-near-challans\/campsite-with-pitch-challans\/\">locations near Challans<\/a><\/li>\n\n\n\n<li><a href=\"\/en\/4-star-campsite-near-challans\/small-campsite-with-swimming-pool-challans\/\">swimming pool at the campsite near Challans<\/a><\/li>\n<\/ul>\n<\/div><\/div>","protected":false},"excerpt":{"rendered":"<p>Laissez-vous guider par votre instinct et r\u00e9servez vos prochaines vacances dans un camping qui vous correspond. Vous recherchez le calme au coeur de la nature ? Alors le camping le Val de Vie pr\u00e8s de Challans vous promet des vacances inoubliables. Les propri\u00e9taires de cet \u00e9tablissement feront tout pour que vous vous sentiez ici comme [&hellip;]<\/p>\n","protected":false},"author":4,"featured_media":0,"parent":22290,"menu_order":0,"comment_status":"closed","ping_status":"closed","template":"","meta":{"_seopress_robots_primary_cat":"","_seopress_titles_title":"Camping calme et au coeur de la nature \u00e0 Challans","_seopress_titles_desc":"Si vous recherchez le calme au coeur de la nature, alors le camping le Val de Vie \u00e0 Challans vous promet des vacances inoubliables.","_seopress_robots_index":"","footnotes":""},"class_list":["post-22324","page","type-page","status-publish","hentry"],"_links":{"self":[{"href":"https:\/\/www.campingvaldevie.fr\/en\/wp-json\/wp\/v2\/pages\/22324","targetHints":{"allow":["GET"]}}],"collection":[{"href":"https:\/\/www.campingvaldevie.fr\/en\/wp-json\/wp\/v2\/pages"}],"about":[{"href":"https:\/\/www.campingvaldevie.fr\/en\/wp-json\/wp\/v2\/types\/page"}],"author":[{"embeddable":true,"href":"https:\/\/www.campingvaldevie.fr\/en\/wp-json\/wp\/v2\/users\/4"}],"replies":[{"embeddable":true,"href":"https:\/\/www.campingvaldevie.fr\/en\/wp-json\/wp\/v2\/comments?post=22324"}],"version-history":[{"count":8,"href":"https:\/\/www.campingvaldevie.fr\/en\/wp-json\/wp\/v2\/pages\/22324\/revisions"}],"predecessor-version":[{"id":22463,"href":"https:\/\/www.campingvaldevie.fr\/en\/wp-json\/wp\/v2\/pages\/22324\/revisions\/22463"}],"up":[{"embeddable":true,"href":"https:\/\/www.campingvaldevie.fr\/en\/wp-json\/wp\/v2\/pages\/22290"}],"wp:attachment":[{"href":"https:\/\/www.campingvaldevie.fr\/en\/wp-json\/wp\/v2\/media?parent=22324"}],"curies":[{"name":"wp","href":"https:\/\/api.w.org\/{rel}","templated":true}]}}