{"id":22483,"date":"2023-11-03T11:14:34","date_gmt":"2023-11-03T10:14:34","guid":{"rendered":"https:\/\/www.campingvaldevie.fr\/?page_id=22483"},"modified":"2024-07-24T09:31:09","modified_gmt":"2024-07-24T07:31:09","slug":"camping-peche-vendee","status":"publish","type":"page","link":"https:\/\/www.campingvaldevie.fr\/en\/camping-peche-vendee\/","title":{"rendered":"Camping p\u00eache Vend\u00e9e: enjoy your favourite pastime at our campsite!"},"content":{"rendered":"<p>For fishing enthusiasts, our campsite, ideally situated near the <strong>best fishing spots in the Vend\u00e9e<\/strong>in the Pays de la Loire region is the ideal place for your holiday!  Don't wait any longer to book your stay in our <strong>Vend\u00e9e fishing campsite<\/strong> ! Find out more about our offer.<\/p>\n\n\n\n<div style=\"height:40px\" aria-hidden=\"true\" class=\"wp-block-spacer\"><\/div>\n\n\n\n<div class=\"wp-block-media-text has-media-on-the-right is-stacked-on-mobile is-image-fill\" style=\"grid-template-columns:auto 40%\"><div class=\"wp-block-media-text__content\">\n<h2 class=\"wp-block-heading has-text-align-left\">Our fishing campsite in the Vend\u00e9e welcomes you for fishing activities<\/h2>\n\n\n\n<p>Let yourself be seduced by the warm and welcoming atmosphere of our <strong>Vend\u00e9e fishing campsite<\/strong>Here, you'll be accommodated in a mobile home with all the necessary amenities. <\/p>\n\n\n\n<p>If you're looking for more <strong>close to nature<\/strong>If you're looking for a place to stay, then opt for a pitch in the heart of our wooded park. Our pitches are extremely pleasant, surrounded by greenery.<\/p>\n<\/div><figure class=\"wp-block-media-text__media\" style=\"background-image:url(https:\/\/www.campingvaldevie.fr\/wp-content\/uploads\/2022\/12\/lac-apremont-1024x683.jpg);background-position:50% 50%\"><img loading=\"lazy\" decoding=\"async\" width=\"1024\" height=\"683\" src=\"https:\/\/www.campingvaldevie.fr\/wp-content\/uploads\/2022\/12\/lac-apremont-1024x683.jpg\" alt=\"Lake Apremont\" class=\"wp-image-20331 size-full\" srcset=\"https:\/\/www.campingvaldevie.fr\/wp-content\/uploads\/2022\/12\/lac-apremont-1024x683.jpg 1024w, https:\/\/www.campingvaldevie.fr\/wp-content\/uploads\/2022\/12\/lac-apremont-300x200.jpg 300w, https:\/\/www.campingvaldevie.fr\/wp-content\/uploads\/2022\/12\/lac-apremont-768x512.jpg 768w, https:\/\/www.campingvaldevie.fr\/wp-content\/uploads\/2022\/12\/lac-apremont.jpg 1200w\" sizes=\"auto, (max-width: 1024px) 100vw, 1024px\" \/><\/figure><\/div>\n\n\n\n<div style=\"height:40px\" aria-hidden=\"true\" class=\"wp-block-spacer\"><\/div>\n\n\n\n<div class=\"wp-block-media-text is-stacked-on-mobile is-image-fill\" style=\"grid-template-columns:40% auto\"><figure class=\"wp-block-media-text__media\" style=\"background-image:url(https:\/\/www.campingvaldevie.fr\/wp-content\/uploads\/2018\/03\/empl-1024x768.jpg);background-position:50% 50%\"><img loading=\"lazy\" decoding=\"async\" width=\"1024\" height=\"768\" src=\"https:\/\/www.campingvaldevie.fr\/wp-content\/uploads\/2018\/03\/empl-1024x768.jpg\" alt=\"spacious campsite in the Vend\u00e9e\" class=\"wp-image-2774 size-full\" srcset=\"https:\/\/www.campingvaldevie.fr\/wp-content\/uploads\/2018\/03\/empl-1024x768.jpg 1024w, https:\/\/www.campingvaldevie.fr\/wp-content\/uploads\/2018\/03\/empl-300x225.jpg 300w, https:\/\/www.campingvaldevie.fr\/wp-content\/uploads\/2018\/03\/empl-768x576.jpg 768w, https:\/\/www.campingvaldevie.fr\/wp-content\/uploads\/2018\/03\/empl.jpg 1200w\" sizes=\"auto, (max-width: 1024px) 100vw, 1024px\" \/><\/figure><div class=\"wp-block-media-text__content\">\n<p>The good news is that our 4-star campsite in the Pays de la Loire rhymes with nature! Our <a href=\"https:\/\/www.campingvaldevie.fr\/en\/camping-lac-vendee\/\" data-type=\"page\" data-id=\"22504\"><strong>Vend\u00e9e nature campsite<\/strong><\/a> is very green indeed. You can enjoy the natural surroundings from the terrace of your mobile home, from your <a href=\"\/en\/location\/\">camping pitches in Vend\u00e9e<\/a>But also all along the paths and all around our campsite.\u00a0\u00a0<\/p>\n\n\n\n<p>Thanks to the comfort of our mobile homes, the privacy of our pitches and the full range of services available, you will be able to make the most of your stay with us. <a href=\"\/en\/\"><strong>Vend\u00e9e campsite<\/strong><\/a>, <strong>give yourself over to your passion for fishing with complete peace of mind<\/strong>. From your <a href=\"\/en\/accommodation\/\">mobile home rental in Vend\u00e9e<\/a> or from your pitch, close to the best fishing spots in the Vend\u00e9e. You and your family can also enjoy our swimming pool and the entertainment on offer at our campsite.<\/p>\n<\/div><\/div>\n\n\n\n<div style=\"height:40px\" aria-hidden=\"true\" class=\"wp-block-spacer\"><\/div>\n\n\n\n<div class=\"wp-block-media-text has-media-on-the-right is-stacked-on-mobile is-image-fill\" style=\"grid-template-columns:auto 40%\"><div class=\"wp-block-media-text__content\">\n<h2 class=\"wp-block-heading\">Where can I go fishing near our campsite?<\/h2>\n\n\n\n<p>Anglers, you'll be delighted to learn that our <a href=\"\/en\/family-campsite-vendee\/\">family campsite in the Vend\u00e9e<\/a> is just a few steps away from the <strong>Lake Apremont,<\/strong> in the Pays de la Loire region! If you're on a family tour of lakeside campsites in France, ours is for you.<\/p>\n\n\n\n<p>In the opinion of fishing enthusiasts, this is an ideal campsite! Lac d'Apremont is great for fishing, but also for paddle-boarding, pedal-boating with family or friends and other water sports, and of course for swimming and playing in the water, in addition to the lake. <a href=\"\/en\/the-pool\/\" data-type=\"page\" data-id=\"22290\">swimming pool at our Vend\u00e9e campsite<\/a>.<\/p>\n<\/div><figure class=\"wp-block-media-text__media\" style=\"background-image:url(https:\/\/www.campingvaldevie.fr\/wp-content\/uploads\/2021\/05\/peche-en-bord-de-lac-IMG_9887.jpg);background-position:50% 50%\"><img loading=\"lazy\" decoding=\"async\" width=\"1000\" height=\"667\" src=\"https:\/\/www.campingvaldevie.fr\/wp-content\/uploads\/2021\/05\/peche-en-bord-de-lac-IMG_9887.jpg\" alt=\"Lac d&#039;Apremont, ideal for swimming close to the campsite\" class=\"wp-image-8808 size-full\" srcset=\"https:\/\/www.campingvaldevie.fr\/wp-content\/uploads\/2021\/05\/peche-en-bord-de-lac-IMG_9887.jpg 1000w, https:\/\/www.campingvaldevie.fr\/wp-content\/uploads\/2021\/05\/peche-en-bord-de-lac-IMG_9887-300x200.jpg 300w, https:\/\/www.campingvaldevie.fr\/wp-content\/uploads\/2021\/05\/peche-en-bord-de-lac-IMG_9887-768x512.jpg 768w\" sizes=\"auto, (max-width: 1000px) 100vw, 1000px\" \/><\/figure><\/div>\n\n\n\n<div style=\"height:40px\" aria-hidden=\"true\" class=\"wp-block-spacer\"><\/div>\n\n\n\n<div class=\"wp-block-media-text is-stacked-on-mobile is-image-fill\" style=\"grid-template-columns:40% auto\"><figure class=\"wp-block-media-text__media\" style=\"background-image:url(https:\/\/www.campingvaldevie.fr\/wp-content\/uploads\/2021\/05\/lac-apremont.jpg);background-position:50% 50%\"><img loading=\"lazy\" decoding=\"async\" width=\"1024\" height=\"576\" src=\"https:\/\/www.campingvaldevie.fr\/wp-content\/uploads\/2021\/05\/lac-apremont.jpg\" alt=\"Ideal lake for swimming\" class=\"wp-image-8803 size-full\" srcset=\"https:\/\/www.campingvaldevie.fr\/wp-content\/uploads\/2021\/05\/lac-apremont.jpg 1024w, https:\/\/www.campingvaldevie.fr\/wp-content\/uploads\/2021\/05\/lac-apremont-300x169.jpg 300w, https:\/\/www.campingvaldevie.fr\/wp-content\/uploads\/2021\/05\/lac-apremont-768x432.jpg 768w\" sizes=\"auto, (max-width: 1024px) 100vw, 1024px\" \/><\/figure><div class=\"wp-block-media-text__content\">\n<p>Lac d'Apremont is one of the largest lakes in the Vend\u00e9e. You'll love spending <strong>long afternoons of fishing <\/strong>during your camping holiday and introduce your children to fishing; it offers excellent fishing conditions. Depending on the season and conditions, you should be able to catch pike, zander, perch, carp, roach and bream. Not only is this lake perfect for fishing, it's also a splendid natural area and a real haven of peace for a rejuvenating holiday.&nbsp;<\/p>\n\n\n\n<p>If you love lake fishing, you can also visit the <strong>Lake Jaunay <\/strong>during your camping holiday. This lake is located 24 minutes from our 4-star campsite, in a protected area. Lac de Jaunay is characterised by its <strong>calm waters and banks lined with vegetation<\/strong>The lake offers a peaceful setting for fishing and outdoor activities with children. You can catch the same fish as in Lac d'Apremont.<\/p>\n<\/div><\/div>\n\n\n\n<div style=\"height:40px\" aria-hidden=\"true\" class=\"wp-block-spacer\"><\/div>\n\n\n\n<div class=\"wp-block-media-text has-media-on-the-right is-stacked-on-mobile is-image-fill\" style=\"grid-template-columns:auto 40%\"><div class=\"wp-block-media-text__content\">\n<p>If you prefer surfcasting or boat fishing, then go to <strong>on the beaches of Vend\u00e9e<\/strong>. Our 4-star campsite in the Pays de la Loire region is just 30 minutes from the coast. The nearest beaches are at Saint-Hilaire-de-Riez. A little further south is Les Sables d'Olonne. <strong>Hire a boat<\/strong> and go fishing in the open sea. Perhaps you'll bring back sea bass, mackerel, gilthead bream, grouper, sole, plaice and skate in your baskets. <\/p>\n\n\n\n<p>If you prefer <strong>surfcasting<\/strong>If you go fishing from the beach, by the sea, you might just come home to a red mullet, dogfish, conger eel, anchovy or mullet in your mobile home. There's plenty to cook in the mobile home kitchen at our 4-star campsite!<\/p>\n<\/div><figure class=\"wp-block-media-text__media\" style=\"background-image:url(https:\/\/www.campingvaldevie.fr\/wp-content\/uploads\/2022\/02\/Photo-plage-du-veillon-P1320230.jpg);background-position:50% 50%\"><img loading=\"lazy\" decoding=\"async\" width=\"1022\" height=\"768\" src=\"https:\/\/www.campingvaldevie.fr\/wp-content\/uploads\/2022\/02\/Photo-plage-du-veillon-P1320230.jpg\" alt=\"veillon beach\" class=\"wp-image-12036 size-full\" srcset=\"https:\/\/www.campingvaldevie.fr\/wp-content\/uploads\/2022\/02\/Photo-plage-du-veillon-P1320230.jpg 1022w, https:\/\/www.campingvaldevie.fr\/wp-content\/uploads\/2022\/02\/Photo-plage-du-veillon-P1320230-300x225.jpg 300w, https:\/\/www.campingvaldevie.fr\/wp-content\/uploads\/2022\/02\/Photo-plage-du-veillon-P1320230-768x577.jpg 768w\" sizes=\"auto, (max-width: 1022px) 100vw, 1022px\" \/><\/figure><\/div>\n\n\n\n<div style=\"height:40px\" aria-hidden=\"true\" class=\"wp-block-spacer\"><\/div>\n\n\n\n<p>Book your classic mobile home or <a href=\"\/en\/private-spa-campsite-vendee\/\">mobile home with jacuzzi and spa in Vend\u00e9e<\/a> and prepare yourself for a dream holiday in our <strong>fishing campsite in Vend\u00e9e <\/strong>with heated, covered swimming pool and wooded park, in the Pays de la Loire region of north-west France! Contact us for details of our offer, weekly rates, activities, games and services.<\/p>","protected":false},"excerpt":{"rendered":"<p>Amateurs de p\u00eache, notre camping, id\u00e9alement situ\u00e9 \u00e0 proximit\u00e9 des meilleurs spots de p\u00eache de Vend\u00e9e, en r\u00e9gion Pays de la Loire, sera le lieu id\u00e9al pour vos vacances !&nbsp; N\u2019attendez plus pour r\u00e9server votre s\u00e9jour dans notre camping p\u00eache de Vend\u00e9e ! D\u00e9couvrez les d\u00e9tails de notre offre. Notre camping p\u00eache de Vend\u00e9e vous [&hellip;]<\/p>\n","protected":false},"author":4,"featured_media":0,"parent":0,"menu_order":0,"comment_status":"closed","ping_status":"closed","template":"","meta":{"_seopress_robots_primary_cat":"","_seopress_titles_title":"Camping p\u00eache Vend\u00e9e : Camping pr\u00e8s des meilleurs spots de p\u00eache","_seopress_titles_desc":"Vous recherchez un camping id\u00e9al pour la p\u00eache en Vend\u00e9e ? D\u00e9couvrez le n\u00f4tre ! Entour\u00e9 de nature et pr\u00e8s des meilleurs spots de p\u00eache !","_seopress_robots_index":"","footnotes":""},"class_list":["post-22483","page","type-page","status-publish","hentry"],"_links":{"self":[{"href":"https:\/\/www.campingvaldevie.fr\/en\/wp-json\/wp\/v2\/pages\/22483","targetHints":{"allow":["GET"]}}],"collection":[{"href":"https:\/\/www.campingvaldevie.fr\/en\/wp-json\/wp\/v2\/pages"}],"about":[{"href":"https:\/\/www.campingvaldevie.fr\/en\/wp-json\/wp\/v2\/types\/page"}],"author":[{"embeddable":true,"href":"https:\/\/www.campingvaldevie.fr\/en\/wp-json\/wp\/v2\/users\/4"}],"replies":[{"embeddable":true,"href":"https:\/\/www.campingvaldevie.fr\/en\/wp-json\/wp\/v2\/comments?post=22483"}],"version-history":[{"count":3,"href":"https:\/\/www.campingvaldevie.fr\/en\/wp-json\/wp\/v2\/pages\/22483\/revisions"}],"predecessor-version":[{"id":25147,"href":"https:\/\/www.campingvaldevie.fr\/en\/wp-json\/wp\/v2\/pages\/22483\/revisions\/25147"}],"wp:attachment":[{"href":"https:\/\/www.campingvaldevie.fr\/en\/wp-json\/wp\/v2\/media?parent=22483"}],"curies":[{"name":"wp","href":"https:\/\/api.w.org\/{rel}","templated":true}]}}