{"id":22638,"date":"2023-11-23T14:36:37","date_gmt":"2023-11-23T13:36:37","guid":{"rendered":"https:\/\/www.campingvaldevie.fr\/?page_id=22638"},"modified":"2026-04-15T22:51:03","modified_gmt":"2026-04-15T20:51:03","slug":"bretignolles-sur-mer","status":"publish","type":"page","link":"https:\/\/www.campingvaldevie.fr\/en\/tourisme-vendee\/bretignolles-sur-mer\/","title":{"rendered":"Br\u00e9tignolles sur Mer"},"content":{"rendered":"<p><strong>Br\u00e9tignolles-sur-Mer<\/strong> is a seaside resort with a 12 km stretch of coastline. Would you like to take a holiday in this pretty corner of France? Staying at a campsite is the ideal way to make the most of your stay in the Vend\u00e9e. A campsite will provide you with a comfortable base for a restful night's sleep, before you set off to explore the town and its surroundings. Our <a href=\"\/en\/camping-bretignolles-sur-mer\/\">campsite near Br\u00e9tignolles-sur-Mer<\/a> opens its doors to you and offers you a unique week in the heart of the<strong> Pays de la Loire<\/strong>. Discover all the things to see and do in this exceptional town!&nbsp;<\/p>\n\n\n\n<div style=\"height:50px\" aria-hidden=\"true\" class=\"wp-block-spacer\"><\/div>\n\n\n\n<div class=\"wp-block-media-text is-stacked-on-mobile is-image-fill-element\"><figure class=\"wp-block-media-text__media\"><img loading=\"lazy\" decoding=\"async\" width=\"600\" height=\"450\" src=\"https:\/\/www.campingvaldevie.fr\/wp-content\/uploads\/2023\/11\/quartier-bretignolles-sur-mer.jpg\" alt=\"Br\u00e9tignolles sur Mer districts\" class=\"wp-image-22642 size-full\" style=\"object-position:50% 50%\" srcset=\"https:\/\/www.campingvaldevie.fr\/wp-content\/uploads\/2023\/11\/quartier-bretignolles-sur-mer.jpg 600w, https:\/\/www.campingvaldevie.fr\/wp-content\/uploads\/2023\/11\/quartier-bretignolles-sur-mer-300x225.jpg 300w\" sizes=\"auto, (max-width: 600px) 100vw, 600px\" \/><\/figure><div class=\"wp-block-media-text__content\">\n<h2 class=\"wp-block-heading has-text-align-left\">The districts of Br\u00e9tignolles-Mer<\/h2>\n\n\n\n<p>During your camping holiday in the pretty town of <strong>Br\u00e9tignolles-sur-Mer<\/strong>Discover the city's emblematic districts. The <strong>Les Halles district<\/strong> is one of them and a must for the <strong>tourism in Br\u00e9tignolles<\/strong>. It offers a friendly atmosphere for the whole population and for holidaymakers staying in the commune. Come and see us every week on Thursdays and Sundays for our flagship event: the market!&nbsp;<\/p>\n\n\n\n<p>Another area you really must visit during your week's holiday in the Vend\u00e9e is the <strong>Sauzaie district<\/strong>. This former fishing village has an undeniable charm thanks to the varied colours of its facilities and the hollyhocks that enhance the whole.<\/p>\n<\/div><\/div>\n\n\n\n<div style=\"height:100px\" aria-hidden=\"true\" class=\"wp-block-spacer\"><\/div>\n\n\n\n<div class=\"wp-block-media-text has-media-on-the-right is-stacked-on-mobile is-image-fill-element\"><div class=\"wp-block-media-text__content\">\n<h2 class=\"wp-block-heading has-text-align-left\">Church of Notre Dame de l'Assomption<\/h2>\n\n\n\n<p>As you continue your stroll through the heart of the <strong>town of Br\u00e9tignolles-sur-Mer<\/strong>you will discover the famous <strong>Notre-Dame de l'Assomption church<\/strong>. This exceptional historic monument is located just opposite Les Halles. The building that the public can admire today is actually a reconstruction of an earlier church in the commune, which was deemed too dilapidated to be repaired. However, this church was built using parts of the previous building. Thanks to this meticulous work, you can admire the period altars dedicated to St John the Baptist and the Virgin Mary.&nbsp;<\/p>\n\n\n\n<h2 class=\"wp-block-heading has-text-align-left\">Beaumarchais Castle&nbsp;<\/h2>\n\n\n\n<p>Are you passionate about history and exceptional monuments? During your holiday in the town of <strong>Br\u00e9tignolles-sur-Mer<\/strong>Don't miss the <strong>Beaumarchais castle<\/strong>. This castle boasts sumptuous architecture and lush gardens that enhance the setting. Unfortunately, you can only admire the building from the outside, as it is not open to visitors.&nbsp;<\/p>\n<\/div><figure class=\"wp-block-media-text__media\"><img loading=\"lazy\" decoding=\"async\" width=\"600\" height=\"450\" src=\"https:\/\/www.campingvaldevie.fr\/wp-content\/uploads\/2023\/11\/chateau-beaumarche-bretignolless-sur-mer.jpg\" alt=\"Beaumarchais Castle\" class=\"wp-image-22646 size-full\" style=\"object-position:50% 50%\" srcset=\"https:\/\/www.campingvaldevie.fr\/wp-content\/uploads\/2023\/11\/chateau-beaumarche-bretignolless-sur-mer.jpg 600w, https:\/\/www.campingvaldevie.fr\/wp-content\/uploads\/2023\/11\/chateau-beaumarche-bretignolless-sur-mer-300x225.jpg 300w\" sizes=\"auto, (max-width: 600px) 100vw, 600px\" \/><\/figure><\/div>\n\n\n\n<div style=\"height:100px\" aria-hidden=\"true\" class=\"wp-block-spacer\"><\/div>\n\n\n\n<div class=\"wp-block-media-text is-stacked-on-mobile is-image-fill-element\"><figure class=\"wp-block-media-text__media\"><img loading=\"lazy\" decoding=\"async\" width=\"600\" height=\"450\" src=\"https:\/\/www.campingvaldevie.fr\/wp-content\/uploads\/2023\/11\/village-miniature.jpg\" alt=\"miniature village\" class=\"wp-image-22650 size-full\" style=\"object-position:50% 50%\" srcset=\"https:\/\/www.campingvaldevie.fr\/wp-content\/uploads\/2023\/11\/village-miniature.jpg 600w, https:\/\/www.campingvaldevie.fr\/wp-content\/uploads\/2023\/11\/village-miniature-300x225.jpg 300w\" sizes=\"auto, (max-width: 600px) 100vw, 600px\" \/><\/figure><div class=\"wp-block-media-text__content\">\n<h2 class=\"wp-block-heading has-text-align-left\">The Miniature Village<\/h2>\n\n\n\n<p>Whether you're going on a camping holiday with your children or with a group of adults, you can't afford to miss the <strong>Miniature Village<\/strong>. This iconic Vend\u00e9e leisure park takes you back in time. Take a trip back to the beginning of 1900 and discover what life was like in the Vend\u00e9e at the time - buildings and trades, for example - thanks to a 1\/10th scale reproduction. The level of detail in this <strong>Miniature Village at Br\u00e9tignolles-sur-Mer <\/strong>is impressive and brings the whole thing to life. You'll love this visit during your stay in the Vend\u00e9e.<\/p>\n\n\n\n<h2 class=\"wp-block-heading has-text-align-left\">The rock of Sainte V\u00e9ronique<\/h2>\n\n\n\n<p>Le <strong>Rocher Sainte V\u00e9ronique<\/strong> is a remarkable natural site located in Br\u00e9tignolles-sur-Mer, in the Vend\u00e9e. This rock formation rises majestically from the coastline, offering an impressive spectacle, especially at high tide. The site is appreciated not only for its natural beauty but also for the legends that surround it, adding a mystical and historical dimension to its discovery.<\/p>\n<\/div><\/div>\n\n\n\n<div style=\"height:100px\" aria-hidden=\"true\" class=\"wp-block-spacer\"><\/div>\n\n\n\n<div class=\"wp-block-media-text has-media-on-the-right is-stacked-on-mobile is-image-fill-element\"><div class=\"wp-block-media-text__content\">\n<h2 class=\"wp-block-heading has-text-align-left\">The Sauzay and Jaunay dunes<\/h2>\n\n\n\n<p>The <strong>Sauzay and Jaunay dunes<\/strong> are extremely beautiful coastal ecosystems located near the town of <strong>Br\u00e9tignolles-sur-Mer<\/strong>. These dunes, formed by the action of the winds and tides, offer a changing and lively landscape, characterised by a diverse range of flora and fauna. They are a great place for nature lovers to take a walk, and play a crucial role in protecting the coastline from erosion.<\/p>\n\n\n\n<h2 class=\"wp-block-heading has-text-align-left\">The Pierre Lev\u00e9e de Soubise<\/h2>\n\n\n\n<p>La <strong>Pierre Lev\u00e9e de Soubise<\/strong> is a megalithic monument located in <strong>Br\u00e9tignolles-sur-Mer<\/strong>in the west of France. This standing stone, evidence of prehistoric human occupation, is intriguing for its history and origin. It symbolises the region's rich historical heritage and invites curiosity and exploration. A visit to this site in the Vend\u00e9e is a plunge into the past, offering a window onto the traditions and beliefs of the region's ancient peoples.<\/p>\n<\/div><figure class=\"wp-block-media-text__media\"><img loading=\"lazy\" decoding=\"async\" width=\"600\" height=\"450\" src=\"https:\/\/www.campingvaldevie.fr\/wp-content\/uploads\/2023\/11\/pierre-levee-de-soubise.jpg\" alt=\"Raised stone of Soubise\" class=\"wp-image-22654 size-full\" style=\"object-position:50% 50%\" srcset=\"https:\/\/www.campingvaldevie.fr\/wp-content\/uploads\/2023\/11\/pierre-levee-de-soubise.jpg 600w, https:\/\/www.campingvaldevie.fr\/wp-content\/uploads\/2023\/11\/pierre-levee-de-soubise-300x225.jpg 300w\" sizes=\"auto, (max-width: 600px) 100vw, 600px\" \/><\/figure><\/div>\n\n\n\n<div style=\"height:100px\" aria-hidden=\"true\" class=\"wp-block-spacer\"><\/div>\n\n\n\n<div class=\"wp-block-media-text is-stacked-on-mobile is-image-fill-element\"><figure class=\"wp-block-media-text__media\"><img loading=\"lazy\" decoding=\"async\" width=\"1024\" height=\"683\" src=\"https:\/\/www.campingvaldevie.fr\/wp-content\/uploads\/2022\/12\/plage-paree-du-jonc-1024x683.jpg\" alt=\"\" class=\"wp-image-20305 size-full\" style=\"object-position:50% 50%\" srcset=\"https:\/\/www.campingvaldevie.fr\/wp-content\/uploads\/2022\/12\/plage-paree-du-jonc-1024x683.jpg 1024w, https:\/\/www.campingvaldevie.fr\/wp-content\/uploads\/2022\/12\/plage-paree-du-jonc-300x200.jpg 300w, https:\/\/www.campingvaldevie.fr\/wp-content\/uploads\/2022\/12\/plage-paree-du-jonc-768x512.jpg 768w, https:\/\/www.campingvaldevie.fr\/wp-content\/uploads\/2022\/12\/plage-paree-du-jonc.jpg 1200w\" sizes=\"auto, (max-width: 1024px) 100vw, 1024px\" \/><\/figure><div class=\"wp-block-media-text__content\">\n<h2 class=\"wp-block-heading has-text-align-left\">The beaches of Br\u00e9tignolles-sur-Mer<\/h2>\n\n\n\n<p>If the <strong>commune of Br\u00e9tignolles-sur-Mer<\/strong> has an impressive historical heritage, so take the time to recharge your batteries on one of its many beaches. <a href=\"https:\/\/www.campingvaldevie.fr\/en\/tourism-vendee\/bretignolles-sur-mer-beaches\/\">beaches<\/a> :<\/p>\n\n\n\n<ul class=\"wp-block-list\">\n<li>Sauzaie beach<\/li>\n\n\n\n<li>La Par\u00e9e beach<\/li>\n\n\n\n<li>La Normandeli\u00e8re beach<\/li>\n\n\n\n<li>Plage des Dunes&nbsp;<\/li>\n<\/ul>\n\n\n\n<p>Le<strong> coast<\/strong> reveals its beauty on a sunny day. You can relax on a wild beach or a more touristy one, make sandcastles with the children or go for a swim.<\/p>\n\n\n\n<h2 class=\"wp-block-heading has-text-align-left\">Sports activities in Br\u00e9tignolles-sur-Mer<\/h2>\n\n\n\n<p>Thanks to the varied landscapes of<strong> Br\u00e9tignolles-sur-Mer<\/strong> - from a beach to a green setting - you can enjoy a wide range of sporting activities. On the beach, try your hand at surfing, paddle boarding or jet-skiing. There are numerous surf schools along the coast to teach you the sport of your choice and provide you with the necessary equipment. You can also organise walks along the beach or in the forest. Trails and cycle paths are available throughout the Vend\u00e9e for this purpose.&nbsp;<\/p>\n<\/div><\/div>\n\n\n\n<div style=\"height:100px\" aria-hidden=\"true\" class=\"wp-block-spacer\"><\/div>\n\n\n\n<div class=\"wp-block-media-text has-media-on-the-right is-stacked-on-mobile is-image-fill-element\"><div class=\"wp-block-media-text__content\">\n<h2 class=\"wp-block-heading has-text-align-left\">The area around Br\u00e9tignolles-sur-Mer<\/h2>\n\n\n\n<p>If<strong> Br\u00e9tignolles-sur-Mer <\/strong>We promise you an unforgettable holiday in Vend\u00e9e, make the most of this pied-\u00e0-terre to discover the surrounding area. Saint-Gilles-Croix-de-Vie, Brem-sur-Mer, Les Sables d\u2019Olonne, Saint-Jean-de-Monts and Saint-Hilaire-de-Riez are must-visit seaside resorts. Their beaches are perfect for swimming, while their town centres are ideal for shopping and enjoying a good meal. You'll find something for every taste in our guide to <a href=\"https:\/\/www.campingvaldevie.fr\/en\/blog\/restaurants-bretignolles\/\">Restaurants Br\u00e9tignolles<\/a>.<\/p>\n\n\n\n<p><strong>Staying in Br\u00e9tignolles-sur-Mer <\/strong>is an opportunity to spend a week in an exceptional commune on the Vend\u00e9e coast. It also gives you the chance to visit the region's emblematic towns, such as Saint-Gilles-Croix-de-Vie and Saint-Hilaire-de-Riez. To help you make the most of your stay, our <a href=\"\/en\/\">camping in Vend\u00e9e<\/a> welcomes you to its star-studded domain. Not only do we offer you comfortable accommodation or spacious pitches, but our team is also on hand to listen to your needs and act as your guide so that you don't miss out on any of the action.<strong> tourism in Br\u00e9tignolles-sur-Mer<\/strong>.&nbsp;<\/p>\n<\/div><figure class=\"wp-block-media-text__media\"><img loading=\"lazy\" decoding=\"async\" width=\"800\" height=\"533\" src=\"https:\/\/www.campingvaldevie.fr\/wp-content\/uploads\/2019\/06\/saint-gilles-croix-de-vie-IMG_5486.jpg\" alt=\"st gilles croix de vie marina\" class=\"wp-image-4727 size-full\" style=\"object-position:48% 51%\" srcset=\"https:\/\/www.campingvaldevie.fr\/wp-content\/uploads\/2019\/06\/saint-gilles-croix-de-vie-IMG_5486.jpg 800w, https:\/\/www.campingvaldevie.fr\/wp-content\/uploads\/2019\/06\/saint-gilles-croix-de-vie-IMG_5486-300x200.jpg 300w, https:\/\/www.campingvaldevie.fr\/wp-content\/uploads\/2019\/06\/saint-gilles-croix-de-vie-IMG_5486-768x512.jpg 768w\" sizes=\"auto, (max-width: 800px) 100vw, 800px\" \/><\/figure><\/div>","protected":false},"excerpt":{"rendered":"<p>Br\u00e9tignolles-sur-Mer est une station baln\u00e9aire qui dispose d\u2019une longue bande c\u00f4ti\u00e8re de pr\u00e8s de 12 km. Vous souhaitez prendre des vacances dans ce joli coin de France ? S\u00e9journer dans un camping est l&rsquo;id\u00e9al pour profiter pleinement de votre s\u00e9jour en Vend\u00e9e. En effet, un camping vous permet de disposer d&rsquo;un pied-\u00e0-terre confortable offrant des [&hellip;]<\/p>\n","protected":false},"author":4,"featured_media":0,"parent":20275,"menu_order":0,"comment_status":"closed","ping_status":"closed","template":"","meta":{"_seopress_robots_primary_cat":"","_seopress_titles_title":"","_seopress_titles_desc":"","_seopress_robots_index":"","footnotes":""},"class_list":["post-22638","page","type-page","status-publish","hentry"],"_links":{"self":[{"href":"https:\/\/www.campingvaldevie.fr\/en\/wp-json\/wp\/v2\/pages\/22638","targetHints":{"allow":["GET"]}}],"collection":[{"href":"https:\/\/www.campingvaldevie.fr\/en\/wp-json\/wp\/v2\/pages"}],"about":[{"href":"https:\/\/www.campingvaldevie.fr\/en\/wp-json\/wp\/v2\/types\/page"}],"author":[{"embeddable":true,"href":"https:\/\/www.campingvaldevie.fr\/en\/wp-json\/wp\/v2\/users\/4"}],"replies":[{"embeddable":true,"href":"https:\/\/www.campingvaldevie.fr\/en\/wp-json\/wp\/v2\/comments?post=22638"}],"version-history":[{"count":6,"href":"https:\/\/www.campingvaldevie.fr\/en\/wp-json\/wp\/v2\/pages\/22638\/revisions"}],"predecessor-version":[{"id":26758,"href":"https:\/\/www.campingvaldevie.fr\/en\/wp-json\/wp\/v2\/pages\/22638\/revisions\/26758"}],"up":[{"embeddable":true,"href":"https:\/\/www.campingvaldevie.fr\/en\/wp-json\/wp\/v2\/pages\/20275"}],"wp:attachment":[{"href":"https:\/\/www.campingvaldevie.fr\/en\/wp-json\/wp\/v2\/media?parent=22638"}],"curies":[{"name":"wp","href":"https:\/\/api.w.org\/{rel}","templated":true}]}}