{"id":23903,"date":"2024-02-15T16:18:47","date_gmt":"2024-02-15T15:18:47","guid":{"rendered":"https:\/\/www.campingvaldevie.fr\/?page_id=23903"},"modified":"2024-07-24T10:16:30","modified_gmt":"2024-07-24T08:16:30","slug":"months-rental-out-of-season","status":"publish","type":"page","link":"https:\/\/www.campingvaldevie.fr\/en\/location-mois-hors-saison\/","title":{"rendered":"Off-season month rental"},"content":{"rendered":"","protected":false},"excerpt":{"rendered":"","protected":false},"author":1,"featured_media":0,"parent":0,"menu_order":0,"comment_status":"closed","ping_status":"closed","template":"","meta":{"_seopress_robots_primary_cat":"","_seopress_titles_title":"Location mois hors saison - Camping le Val de Vie en V\u00e9nd\u00e9e","_seopress_titles_desc":"Louez un mobil-home hors saison au Camping le Val de Vie en Vend\u00e9e. Profitez de tarifs avantageux et de la tranquillit\u00e9 pour un s\u00e9jour relaxant en pleine nature.","_seopress_robots_index":"","footnotes":""},"class_list":["post-23903","page","type-page","status-publish","hentry"],"_links":{"self":[{"href":"https:\/\/www.campingvaldevie.fr\/en\/wp-json\/wp\/v2\/pages\/23903","targetHints":{"allow":["GET"]}}],"collection":[{"href":"https:\/\/www.campingvaldevie.fr\/en\/wp-json\/wp\/v2\/pages"}],"about":[{"href":"https:\/\/www.campingvaldevie.fr\/en\/wp-json\/wp\/v2\/types\/page"}],"author":[{"embeddable":true,"href":"https:\/\/www.campingvaldevie.fr\/en\/wp-json\/wp\/v2\/users\/1"}],"replies":[{"embeddable":true,"href":"https:\/\/www.campingvaldevie.fr\/en\/wp-json\/wp\/v2\/comments?post=23903"}],"version-history":[{"count":2,"href":"https:\/\/www.campingvaldevie.fr\/en\/wp-json\/wp\/v2\/pages\/23903\/revisions"}],"predecessor-version":[{"id":25749,"href":"https:\/\/www.campingvaldevie.fr\/en\/wp-json\/wp\/v2\/pages\/23903\/revisions\/25749"}],"wp:attachment":[{"href":"https:\/\/www.campingvaldevie.fr\/en\/wp-json\/wp\/v2\/media?parent=23903"}],"curies":[{"name":"wp","href":"https:\/\/api.w.org\/{rel}","templated":true}]}}