{"id":25071,"date":"2024-06-17T11:53:07","date_gmt":"2024-06-17T09:53:07","guid":{"rendered":"https:\/\/www.campingvaldevie.fr\/?page_id=25071"},"modified":"2024-07-24T10:46:02","modified_gmt":"2024-07-24T08:46:02","slug":"lake-apremont","status":"publish","type":"page","link":"https:\/\/www.campingvaldevie.fr\/en\/tourisme-vendee\/lac-apremont\/","title":{"rendered":"Discover Lake Apremont in the Vend\u00e9e"},"content":{"rendered":"<p>The Vend\u00e9e, renowned for its magnificent landscapes and rich heritage, is home to a natural gem: the <strong>Lake Apremont<\/strong>. Nestling in the heart of the region, this lake offers a multitude of activities for all ages. <strong>nature lovers <\/strong>and families looking for relaxation during their holidays in <a href=\"\/en\/\">4-star campsite in Vend\u00e9e<\/a>. In this article, we invite you to discover the wonders of the <strong>Lac d'Apremont<\/strong> !<\/p>\n\n\n\n<div class=\"wp-block-media-text alignfull has-media-on-the-right is-stacked-on-mobile is-vertically-aligned-center is-style-default\" style=\"grid-template-columns:auto 40%\"><div class=\"wp-block-media-text__content\">\n<h2 class=\"wp-block-heading has-text-align-left\">An exceptional natural site<\/h2>\n\n\n\n<p>Le <strong>Lac d'Apremont<\/strong>created by a dam on the River Vie, covers 177 hectares. It's a great place for outdoor enthusiasts. You can enjoy a variety of activities <strong>water activities<\/strong> such as canoeing, paddle-boarding and swimming. The banks of the <strong>Lac d'Apremont<\/strong> are also ideal for family walks, picnics or simply enjoying the serenity of the surroundings.<\/p>\n<\/div><figure class=\"wp-block-media-text__media\"><img loading=\"lazy\" decoding=\"async\" width=\"640\" height=\"424\" src=\"https:\/\/www.campingvaldevie.fr\/wp-content\/uploads\/2024\/06\/lac-apremont.jpg\" alt=\"lake apremont\" class=\"wp-image-25075 size-large\" srcset=\"https:\/\/www.campingvaldevie.fr\/wp-content\/uploads\/2024\/06\/lac-apremont.jpg 640w, https:\/\/www.campingvaldevie.fr\/wp-content\/uploads\/2024\/06\/lac-apremont-300x199.jpg 300w\" sizes=\"auto, (max-width: 640px) 100vw, 640px\" \/><\/figure><\/div>\n\n\n\n<div style=\"height:30px\" aria-hidden=\"true\" class=\"wp-block-spacer\"><\/div>\n\n\n\n<div class=\"wp-block-media-text alignfull is-stacked-on-mobile is-vertically-aligned-center is-style-default\" style=\"grid-template-columns:40% auto\"><figure class=\"wp-block-media-text__media\"><img loading=\"lazy\" decoding=\"async\" width=\"640\" height=\"424\" src=\"https:\/\/www.campingvaldevie.fr\/wp-content\/uploads\/2024\/06\/peche-lac-apremont.jpg\" alt=\"fishing lake apremont\" class=\"wp-image-25080 size-full\" srcset=\"https:\/\/www.campingvaldevie.fr\/wp-content\/uploads\/2024\/06\/peche-lac-apremont.jpg 640w, https:\/\/www.campingvaldevie.fr\/wp-content\/uploads\/2024\/06\/peche-lac-apremont-300x199.jpg 300w\" sizes=\"auto, (max-width: 640px) 100vw, 640px\" \/><\/figure><div class=\"wp-block-media-text__content\">\n<h2 class=\"wp-block-heading has-text-align-left\">Activities on the shores of Lake Apremont<\/h2>\n\n\n\n<p>For fishing enthusiasts, the<strong> Lac d'Apremont <\/strong>is a veritable paradise, particularly renowned for the <strong>fishing<\/strong> carp fishing. With a wide variety of fish, this site is perfect for spending peaceful days by the water. If you're looking for a <a href=\"\/en\/camping-peche-vendee\/\">campsite with fishing pond in the Vend\u00e9e<\/a>Our open-air hotel is the ideal place to combine fishing pleasure with comfort.<\/p>\n<\/div><\/div>\n\n\n\n<div style=\"height:30px\" aria-hidden=\"true\" class=\"wp-block-spacer\"><\/div>\n\n\n\n<div class=\"wp-block-media-text alignfull has-media-on-the-right is-stacked-on-mobile is-vertically-aligned-center is-style-default\" style=\"grid-template-columns:auto 40%\"><div class=\"wp-block-media-text__content\">\n<h2 class=\"wp-block-heading\">Cycling and hiking<\/h2>\n\n\n\n<p>The region around <strong>Lac d'Apremont<\/strong> is ideal for fans of <strong>bike<\/strong> and <strong>walks<\/strong>. There are numerous trails and loops to help you discover the varied landscapes of the Vend\u00e9e. A popular route is the Saint-Palluau to Aizenay loop, which passes through villages and pastoral landscapes. These routes offer magnificent views of the Vend\u00e9e countryside, and are perfect for a day's exploration during your holiday in the Vend\u00e9e. <a href=\"\/en\/camping-lac-vendee\/\">campsite with lake in Vend\u00e9e<\/a>.<\/p>\n<\/div><figure class=\"wp-block-media-text__media\"><img loading=\"lazy\" decoding=\"async\" width=\"640\" height=\"424\" src=\"https:\/\/www.campingvaldevie.fr\/wp-content\/uploads\/2024\/06\/randonnee-lac-apremont.jpg\" alt=\"lake apremont hike\" class=\"wp-image-25084 size-full\" srcset=\"https:\/\/www.campingvaldevie.fr\/wp-content\/uploads\/2024\/06\/randonnee-lac-apremont.jpg 640w, https:\/\/www.campingvaldevie.fr\/wp-content\/uploads\/2024\/06\/randonnee-lac-apremont-300x199.jpg 300w\" sizes=\"auto, (max-width: 640px) 100vw, 640px\" \/><\/figure><\/div>\n\n\n\n<div style=\"height:30px\" aria-hidden=\"true\" class=\"wp-block-spacer\"><\/div>\n\n\n\n<div class=\"wp-block-media-text alignfull is-stacked-on-mobile is-vertically-aligned-center is-style-default\" style=\"grid-template-columns:40% auto\"><figure class=\"wp-block-media-text__media\"><img loading=\"lazy\" decoding=\"async\" width=\"1024\" height=\"682\" src=\"https:\/\/www.campingvaldevie.fr\/wp-content\/uploads\/2018\/02\/dunes-saint-jean-de-monts-IMG_4427-1024x682.jpg\" alt=\"Saint jean de monts\" class=\"wp-image-1902 size-full\" srcset=\"https:\/\/www.campingvaldevie.fr\/wp-content\/uploads\/2018\/02\/dunes-saint-jean-de-monts-IMG_4427-1024x682.jpg 1024w, https:\/\/www.campingvaldevie.fr\/wp-content\/uploads\/2018\/02\/dunes-saint-jean-de-monts-IMG_4427-300x200.jpg 300w, https:\/\/www.campingvaldevie.fr\/wp-content\/uploads\/2018\/02\/dunes-saint-jean-de-monts-IMG_4427-768x512.jpg 768w, https:\/\/www.campingvaldevie.fr\/wp-content\/uploads\/2018\/02\/dunes-saint-jean-de-monts-IMG_4427.jpg 1100w\" sizes=\"auto, (max-width: 1024px) 100vw, 1024px\" \/><\/figure><div class=\"wp-block-media-text__content\">\n<h2 class=\"wp-block-heading\">Explore the area around Lac d'Apremont<\/h2>\n\n\n\n<p>In addition to the <strong>Lac d'Apremont<\/strong>The region is full of places of interest to discover around our <a href=\"\/en\/family-campsite-vendee\/\">family campsite in the Vend\u00e9e<\/a>. Don't miss a visit to the <strong>Apremont castle<\/strong>a historic monument overlooking the lake. La <strong>Palluau chapel<\/strong> and the charming hiking trails around the Vie and Loire rivers are also not to be missed. Make the most of your stay to explore the <strong>villages<\/strong> of Saint-Gervais and Saint-Jean-de-Monts, or the<strong> beaches of the Vend\u00e9e coast<\/strong>like Les Sables d'Olonne. Our <a href=\"\/en\/the-pool\/\">campsite in Vend\u00e9e with swimming pool<\/a> will also give you an aquatic break after your days of exploration.<\/p>\n<\/div><\/div>\n\n\n\n<div style=\"height:30px\" aria-hidden=\"true\" class=\"wp-block-spacer\"><\/div>\n\n\n\n<div class=\"wp-block-media-text alignfull has-media-on-the-right is-stacked-on-mobile is-vertically-aligned-center is-style-default\" style=\"grid-template-columns:auto 40%\"><div class=\"wp-block-media-text__content\">\n<h2 class=\"wp-block-heading\">Heritage and local traditions<\/h2>\n\n\n\n<p>After a day at the <strong>Lac d'Apremont<\/strong>continue to explore the <strong>Vend\u00e9e,<\/strong> a country rich in history and tradition. The construction of the dam and the management of the lake's water are testimony to local ingenuity. The ford de la Vie and the ancient cobbled roads are symbols of this rich heritage. As you explore the trails and roads during your holiday in our <a href=\"\/en\/\">campsite in Mach\u00e9<\/a>You'll discover a region where every stone tells a story.<br>Le <strong>Lac d'Apremont<\/strong> is a must for those looking to recharge their batteries in the heart of the Vend\u00e9e countryside. By opting for a <a href=\"\/en\/accommodation\/\">mobile home rental in Vend\u00e9e <\/a>at our campsite, you'll be sure of a pleasant <strong>quality accommodation<\/strong> and easy access to all the activities this magnificent region has to offer. <strong>Lac d'Apremont<\/strong> !<\/p>\n<\/div><figure class=\"wp-block-media-text__media\"><img loading=\"lazy\" decoding=\"async\" width=\"768\" height=\"768\" src=\"https:\/\/www.campingvaldevie.fr\/wp-content\/uploads\/2024\/01\/20190616-174840-resized-Verre-Curieux.jpg\" alt=\"CC Vend\u00e9e Tourisme\" class=\"wp-image-23523 size-full\" srcset=\"https:\/\/www.campingvaldevie.fr\/wp-content\/uploads\/2024\/01\/20190616-174840-resized-Verre-Curieux.jpg 768w, https:\/\/www.campingvaldevie.fr\/wp-content\/uploads\/2024\/01\/20190616-174840-resized-Verre-Curieux-300x300.jpg 300w, https:\/\/www.campingvaldevie.fr\/wp-content\/uploads\/2024\/01\/20190616-174840-resized-Verre-Curieux-150x150.jpg 150w\" sizes=\"auto, (max-width: 768px) 100vw, 768px\" \/><\/figure><\/div>\n\n\n\n<div style=\"height:30px\" aria-hidden=\"true\" class=\"wp-block-spacer\"><\/div>\n\n\n\n<div class=\"wp-block-group\"><div class=\"wp-block-group__inner-container is-layout-constrained wp-block-group-is-layout-constrained\">\n<h2 class=\"wp-block-heading has-text-align-center\">Discover also<\/h2>\n\n\n\n<div class=\"wp-block-columns is-layout-flex wp-container-core-columns-is-layout-9d6595d7 wp-block-columns-is-layout-flex\">\n<div class=\"wp-block-column is-layout-flow wp-block-column-is-layout-flow\">\n<div class=\"wp-block-cover has-small-font-size\" style=\"min-height:350px;aspect-ratio:unset;\"><span aria-hidden=\"true\" class=\"wp-block-cover__background has-background-dim\"><\/span><img loading=\"lazy\" decoding=\"async\" width=\"700\" height=\"466\" class=\"wp-block-cover__image-background wp-image-18902\" alt=\"holiday Small campsite near Br\u00e9tignolles sur Mer\" src=\"https:\/\/www.campingvaldevie.fr\/wp-content\/uploads\/2022\/09\/vacances-petit-camping-proche-bretignolles-sur-mer.jpg\" data-object-fit=\"cover\" srcset=\"https:\/\/www.campingvaldevie.fr\/wp-content\/uploads\/2022\/09\/vacances-petit-camping-proche-bretignolles-sur-mer.jpg 700w, https:\/\/www.campingvaldevie.fr\/wp-content\/uploads\/2022\/09\/vacances-petit-camping-proche-bretignolles-sur-mer-300x200.jpg 300w\" sizes=\"auto, (max-width: 700px) 100vw, 700px\" \/><div class=\"wp-block-cover__inner-container is-layout-flow wp-block-cover-is-layout-flow\">\n<p class=\"has-text-align-center has-large-font-size\"><a href=\"\/en\/tourism-vendee\/bretignolles-sur-mer\/\">Bretignolles sur mer<\/a><\/p>\n<\/div><\/div>\n<\/div>\n\n\n\n<div class=\"wp-block-column is-layout-flow wp-block-column-is-layout-flow\">\n<div class=\"wp-block-cover has-small-font-size\" style=\"min-height:350px;aspect-ratio:unset;\"><span aria-hidden=\"true\" class=\"wp-block-cover__background has-background-dim\"><\/span><img loading=\"lazy\" decoding=\"async\" width=\"1200\" height=\"800\" class=\"wp-block-cover__image-background wp-image-11804\" alt=\"the animals in the square\" src=\"https:\/\/www.campingvaldevie.fr\/wp-content\/uploads\/2022\/02\/Bestiaire-la-roche-sur-yon-IMG_1826-1.jpg\" data-object-fit=\"cover\" srcset=\"https:\/\/www.campingvaldevie.fr\/wp-content\/uploads\/2022\/02\/Bestiaire-la-roche-sur-yon-IMG_1826-1.jpg 1200w, https:\/\/www.campingvaldevie.fr\/wp-content\/uploads\/2022\/02\/Bestiaire-la-roche-sur-yon-IMG_1826-1-300x200.jpg 300w, https:\/\/www.campingvaldevie.fr\/wp-content\/uploads\/2022\/02\/Bestiaire-la-roche-sur-yon-IMG_1826-1-1024x683.jpg 1024w, https:\/\/www.campingvaldevie.fr\/wp-content\/uploads\/2022\/02\/Bestiaire-la-roche-sur-yon-IMG_1826-1-768x512.jpg 768w\" sizes=\"auto, (max-width: 1200px) 100vw, 1200px\" \/><div class=\"wp-block-cover__inner-container is-layout-flow wp-block-cover-is-layout-flow\">\n<p class=\"has-text-align-center has-large-font-size\"><a href=\"https:\/\/www.campingvaldevie.fr\/en\/tourism-vendee\/la-roche-sur-yon\/\" data-type=\"page\" data-id=\"1382\">La Roche-sur-Yon<\/a><\/p>\n<\/div><\/div>\n<\/div>\n\n\n\n<div class=\"wp-block-column is-layout-flow wp-block-column-is-layout-flow\">\n<div class=\"wp-block-cover is-light has-small-font-size\" style=\"min-height:350px;aspect-ratio:unset;\"><span aria-hidden=\"true\" class=\"wp-block-cover__background has-background-dim\"><\/span><img loading=\"lazy\" decoding=\"async\" width=\"1200\" height=\"800\" class=\"wp-block-cover__image-background wp-image-20298\" alt=\"aizenay tourism\" src=\"https:\/\/www.campingvaldevie.fr\/wp-content\/uploads\/2022\/12\/tourisme-aizenay.jpg\" data-object-fit=\"cover\" srcset=\"https:\/\/www.campingvaldevie.fr\/wp-content\/uploads\/2022\/12\/tourisme-aizenay.jpg 1200w, https:\/\/www.campingvaldevie.fr\/wp-content\/uploads\/2022\/12\/tourisme-aizenay-300x200.jpg 300w, https:\/\/www.campingvaldevie.fr\/wp-content\/uploads\/2022\/12\/tourisme-aizenay-1024x683.jpg 1024w, https:\/\/www.campingvaldevie.fr\/wp-content\/uploads\/2022\/12\/tourisme-aizenay-768x512.jpg 768w\" sizes=\"auto, (max-width: 1200px) 100vw, 1200px\" \/><div class=\"wp-block-cover__inner-container is-layout-flow wp-block-cover-is-layout-flow\">\n<p class=\"has-text-align-center has-large-font-size\"><a href=\"\/en\/tourism-vendee\/aizenay-tourism\/\">Aizenay<\/a><\/p>\n<\/div><\/div>\n<\/div>\n<\/div>\n<\/div><\/div>","protected":false},"excerpt":{"rendered":"<p>La Vend\u00e9e, r\u00e9put\u00e9e pour ses magnifiques paysages et son riche patrimoine, abrite un joyau naturel : le Lac d&rsquo;Apremont. Nich\u00e9 au c\u0153ur de la r\u00e9gion, ce lac offre une multitude d&rsquo;activit\u00e9s pour les amoureux de la nature et les familles en qu\u00eate de d\u00e9tente pendant leurs vacances en camping 4 \u00e9toiles en Vend\u00e9e. Dans cet [&hellip;]<\/p>\n","protected":false},"author":4,"featured_media":0,"parent":20275,"menu_order":0,"comment_status":"closed","ping_status":"closed","template":"","meta":{"_seopress_robots_primary_cat":"","_seopress_titles_title":"","_seopress_titles_desc":"Le Lac d'Apremont, joyau naturel de la Vend\u00e9e, propose diverses activit\u00e9s pour les amoureux de nature et les familles en qu\u00eate de d\u00e9tente pendant leurs vacances camping.","_seopress_robots_index":"","footnotes":""},"class_list":["post-25071","page","type-page","status-publish","hentry"],"_links":{"self":[{"href":"https:\/\/www.campingvaldevie.fr\/en\/wp-json\/wp\/v2\/pages\/25071","targetHints":{"allow":["GET"]}}],"collection":[{"href":"https:\/\/www.campingvaldevie.fr\/en\/wp-json\/wp\/v2\/pages"}],"about":[{"href":"https:\/\/www.campingvaldevie.fr\/en\/wp-json\/wp\/v2\/types\/page"}],"author":[{"embeddable":true,"href":"https:\/\/www.campingvaldevie.fr\/en\/wp-json\/wp\/v2\/users\/4"}],"replies":[{"embeddable":true,"href":"https:\/\/www.campingvaldevie.fr\/en\/wp-json\/wp\/v2\/comments?post=25071"}],"version-history":[{"count":3,"href":"https:\/\/www.campingvaldevie.fr\/en\/wp-json\/wp\/v2\/pages\/25071\/revisions"}],"predecessor-version":[{"id":25757,"href":"https:\/\/www.campingvaldevie.fr\/en\/wp-json\/wp\/v2\/pages\/25071\/revisions\/25757"}],"up":[{"embeddable":true,"href":"https:\/\/www.campingvaldevie.fr\/en\/wp-json\/wp\/v2\/pages\/20275"}],"wp:attachment":[{"href":"https:\/\/www.campingvaldevie.fr\/en\/wp-json\/wp\/v2\/media?parent=25071"}],"curies":[{"name":"wp","href":"https:\/\/api.w.org\/{rel}","templated":true}]}}