{"id":26524,"date":"2025-07-16T07:44:20","date_gmt":"2025-07-16T05:44:20","guid":{"rendered":"https:\/\/www.campingvaldevie.fr\/?page_id=26524"},"modified":"2025-07-21T11:48:03","modified_gmt":"2025-07-21T09:48:03","slug":"camping-soullans","status":"publish","type":"page","link":"https:\/\/www.campingvaldevie.fr\/en\/camping-soullans\/","title":{"rendered":"Le Val de Vie : your campsite near Soullans"},"content":{"rendered":"<p class=\"has-text-align-center\">Are you looking for a great holiday in the Vend\u00e9e, combining nature and coastal discoveries? <strong>Soullans<\/strong>This village in the Saint Jean de Monts region, on the edge of the Marais Breton Vend\u00e9en, invites you to get back to basics. Although it is set back a little from the ocean, it offers a peacefulness that is much sought-after by regular campers. For a successful family holiday in this commune of the Pays de la Loire, <strong>our 4-star establishment Le Val De Vie <\/strong>is your ally. Located just 23 km from Soullans, our <a href=\"https:\/\/www.campingvaldevie.fr\/en\/family-campsite-vendee\/\">family campsite in the Vend\u00e9e<\/a> is the right address for a great holiday! Book your stay now!<\/p>\n\n\n\n<div style=\"height:30px\" aria-hidden=\"true\" class=\"wp-block-spacer\"><\/div>\n\n\n\n<div class=\"wp-block-columns is-layout-flex wp-container-core-columns-is-layout-9d6595d7 wp-block-columns-is-layout-flex\">\n<div class=\"wp-block-column is-layout-flow wp-block-column-is-layout-flow\">\n<h2 class=\"wp-block-heading has-text-align-center\"><strong><strong>Cosy accommodation for your nights in the Vend\u00e9e<\/strong><\/strong><\/h2>\n\n\n\n<p>Our 4-star Le Val De Vie campsite is one of the Vend\u00e9e campsites that puts your comfort at the heart of its approach. Our <strong>campsite near Soullans<\/strong> proposes <strong>a wide range of accommodation<\/strong> to satisfy every holiday craving. <\/p>\n\n\n\n<details>\n<summary>Read more<\/summary>\n<p>You can opt for :\n<ul><li><strong>Mobile home rentals :<\/strong> modern and cosy, with 2 or 3 bedrooms, perfect for 4 to 8 people. Each mobile home in the Vend\u00e9e is designed for a hassle-free holiday, with everything you need for your family: a fully-equipped kitchen, a private terrace, and in some cases a private spa.<\/li>\n<li><strong>Pitches for hire : <\/strong> Are you coming to our 4-star campsite in the Vend\u00e9e in a tent, caravan or motorhome? Opt to rent pitches and enjoy the fresh air throughout your camping holiday near Soullans.<\/li>\n<li><strong>G\u00eete rental : <\/strong>For groups or large families, rent our g\u00eete, which can accommodate up to 20 people.<\/li><\/ul>\n<\/p>\n<\/details>\n\n\n\n<div class=\"wp-block-columns is-layout-flex wp-container-core-columns-is-layout-9d6595d7 wp-block-columns-is-layout-flex\">\n<div class=\"wp-block-column is-layout-flow wp-block-column-is-layout-flow\" style=\"flex-basis:33.33%\">\n<div class=\"wp-block-create-block-sev-encartsimplebg aligncenter\"><aside class=\"encart-simplebg-sev small\"><a href=\"\/en\/accommodation\/#sev-gamme-standard\" class=\"d-flex flex-column align-items-center\"><div class=\"encart-title\"><span>Standard range from \u20ac199 per week<\/span><\/div><img decoding=\"async\" src=\"https:\/\/www.campingvaldevie.fr\/wp-content\/uploads\/2022\/03\/standard.jpg\" alt=\"standard range mobile home\"\/><button class=\"btn\"><\/button><\/a><\/aside><\/div>\n<\/div>\n\n\n\n<div class=\"wp-block-column is-layout-flow wp-block-column-is-layout-flow\" style=\"flex-basis:66.66%\">\n<div class=\"wp-block-create-block-sev-encartsimplebg\"><aside class=\"encart-simplebg-sev small\"><a href=\"\/en\/accommodation\/#sev-gamme-confort\" class=\"d-flex flex-column align-items-center\"><div class=\"encart-title\"><span>Comfort range from \u20ac269 per week<\/span><\/div><img decoding=\"async\" src=\"https:\/\/www.campingvaldevie.fr\/wp-content\/uploads\/2020\/12\/IMG_2469.jpg\" alt=\"exhibition\"\/><button class=\"btn\"><\/button><\/a><\/aside><\/div>\n<\/div>\n<\/div>\n\n\n\n<div class=\"wp-block-columns is-layout-flex wp-container-core-columns-is-layout-9d6595d7 wp-block-columns-is-layout-flex\">\n<div class=\"wp-block-column is-layout-flow wp-block-column-is-layout-flow\" style=\"flex-basis:66.66%\">\n<div class=\"wp-block-create-block-sev-encartsimplebg\"><aside class=\"encart-simplebg-sev small\"><a href=\"\/en\/accommodation\/#sev-gamme-premium\" class=\"d-flex flex-column align-items-center\"><div class=\"encart-title\"><span>Premium range from \u20ac379 per week<\/span><\/div><img decoding=\"async\" src=\"https:\/\/www.campingvaldevie.fr\/wp-content\/uploads\/2022\/07\/meilleur-petit-camping-saint-gilles-croix-de-vie.png\" alt=\"Best small campsite Saint Gilles croix de Vie\"\/><button class=\"btn\"><\/button><\/a><\/aside><\/div>\n<\/div>\n\n\n\n<div class=\"wp-block-column is-layout-flow wp-block-column-is-layout-flow\" style=\"flex-basis:33.33%\">\n<div class=\"wp-block-create-block-sev-encartsimplebg\"><aside class=\"encart-simplebg-sev small\"><a href=\"\/en\/location\/\" class=\"d-flex flex-column align-items-center\"><div class=\"encart-title\"><span>Pitches from \u20ac100 per week<\/span><\/div><img decoding=\"async\" src=\"https:\/\/www.campingvaldevie.fr\/wp-content\/uploads\/2019\/11\/emplacement-camping-taille-humaine-vendee.jpg\" alt=\"campsite on a human scale in the Vend\u00e9e\"\/><button class=\"btn\"><\/button><\/a><\/aside><\/div>\n<\/div>\n<\/div>\n\n\n\n<div class=\"wp-block-buttons alignwide is-layout-flex wp-block-buttons-is-layout-flex\">\n<div class=\"wp-block-button aligncenter\"><a class=\"wp-block-button__link wp-element-button\" href=\"\/en\/accommodation\/\">Discover the accommodation<\/a><\/div>\n<\/div>\n<\/div>\n<\/div>\n\n\n\n<div style=\"height:50px\" aria-hidden=\"true\" class=\"wp-block-spacer\"><\/div>\n\n\n\n<div class=\"wp-block-media-text alignfull has-media-on-the-right is-stacked-on-mobile is-vertically-aligned-center is-style-default\" style=\"grid-template-columns:auto 56%\"><div class=\"wp-block-media-text__content\">\n<h2 class=\"wp-block-heading has-text-align-left has-text-color\" style=\"color:#000000\"><strong><strong>Our indoor heated swimming pool: water fun for everyone<\/strong><\/strong><\/h2>\n\n\n\n<p>Fancy taking a dip, even if the weather is temperamental? Our campsite with swimming pool near Soullans has an aquatic area that everyone can enjoy! <strong>Heated indoor swimming pool <\/strong>is an undeniable asset, making for pleasant swimming whatever the weather. <strong>Deckchairs around the pool<\/strong> You can read in peace and quiet, while the children enjoy their time in the water. The chance to swim and have fun in the water, just a stone's throw from your home. <a href=\"https:\/\/www.campingvaldevie.fr\/en\/accommodation\/\">mobile home in Vend\u00e9e<\/a>This means you can make the most of your time in the water, whatever the conditions outside.<\/p>\n\n\n\n<div class=\"wp-block-buttons is-layout-flex wp-block-buttons-is-layout-flex\">\n<div class=\"wp-block-button\"><a class=\"wp-block-button__link wp-element-button\" href=\"\/en\/the-pool\/\">Discover the pool<\/a><\/div>\n<\/div>\n<\/div><figure class=\"wp-block-media-text__media\"><img loading=\"lazy\" decoding=\"async\" width=\"1024\" height=\"768\" src=\"https:\/\/www.campingvaldevie.fr\/wp-content\/uploads\/2022\/11\/piscine-couverte-et-chauffee-4.jpg\" alt=\"indoor heated swimming pool \" class=\"wp-image-20113 size-full\" srcset=\"https:\/\/www.campingvaldevie.fr\/wp-content\/uploads\/2022\/11\/piscine-couverte-et-chauffee-4.jpg 1024w, https:\/\/www.campingvaldevie.fr\/wp-content\/uploads\/2022\/11\/piscine-couverte-et-chauffee-4-300x225.jpg 300w, https:\/\/www.campingvaldevie.fr\/wp-content\/uploads\/2022\/11\/piscine-couverte-et-chauffee-4-768x576.jpg 768w\" sizes=\"auto, (max-width: 1024px) 100vw, 1024px\" \/><\/figure><\/div>\n\n\n\n<div style=\"height:50px\" aria-hidden=\"true\" class=\"wp-block-spacer\"><\/div>\n\n\n\n<figure class=\"wp-block-gallery alignwide has-nested-images columns-default is-cropped wp-block-gallery-1 is-layout-flex wp-block-gallery-is-layout-flex\">\n<figure class=\"wp-block-image size-full\"><img loading=\"lazy\" decoding=\"async\" width=\"800\" height=\"534\" data-id=\"25809\" src=\"https:\/\/www.campingvaldevie.fr\/wp-content\/uploads\/2024\/08\/velo-en-vendee-1.jpg\" alt=\"Activities for fun-filled days\" class=\"wp-image-25809\" srcset=\"https:\/\/www.campingvaldevie.fr\/wp-content\/uploads\/2024\/08\/velo-en-vendee-1.jpg 800w, https:\/\/www.campingvaldevie.fr\/wp-content\/uploads\/2024\/08\/velo-en-vendee-1-300x200.jpg 300w, https:\/\/www.campingvaldevie.fr\/wp-content\/uploads\/2024\/08\/velo-en-vendee-1-768x513.jpg 768w\" sizes=\"auto, (max-width: 800px) 100vw, 800px\" \/><\/figure>\n\n\n\n<figure class=\"wp-block-image size-large\"><img loading=\"lazy\" decoding=\"async\" width=\"1024\" height=\"576\" data-id=\"7543\" src=\"https:\/\/www.campingvaldevie.fr\/wp-content\/uploads\/2020\/12\/tente-lodge-COTTON-1024x576.jpg\" alt=\"activities for fun-filled days 1\" class=\"wp-image-7543\" srcset=\"https:\/\/www.campingvaldevie.fr\/wp-content\/uploads\/2020\/12\/tente-lodge-COTTON-1024x576.jpg 1024w, https:\/\/www.campingvaldevie.fr\/wp-content\/uploads\/2020\/12\/tente-lodge-COTTON-300x169.jpg 300w, https:\/\/www.campingvaldevie.fr\/wp-content\/uploads\/2020\/12\/tente-lodge-COTTON-768x432.jpg 768w, https:\/\/www.campingvaldevie.fr\/wp-content\/uploads\/2020\/12\/tente-lodge-COTTON-1536x864.jpg 1536w, https:\/\/www.campingvaldevie.fr\/wp-content\/uploads\/2020\/12\/tente-lodge-COTTON.jpg 1920w\" sizes=\"auto, (max-width: 1024px) 100vw, 1024px\" \/><\/figure>\n<\/figure>\n\n\n\n<div style=\"height:50px\" aria-hidden=\"true\" class=\"wp-block-spacer\"><\/div>\n\n\n\n<div class=\"wp-block-media-text alignfull is-stacked-on-mobile is-vertically-aligned-center is-image-fill-element is-style-default\" style=\"grid-template-columns:56% auto\"><figure class=\"wp-block-media-text__media\"><img loading=\"lazy\" decoding=\"async\" width=\"1024\" height=\"768\" src=\"https:\/\/www.campingvaldevie.fr\/wp-content\/uploads\/2022\/11\/116126317_293508091899316_6098317041213719654_n-1024x768.jpg\" alt=\"groups at the campsite\" class=\"wp-image-20181 size-full\" style=\"object-position:50% 50%\" srcset=\"https:\/\/www.campingvaldevie.fr\/wp-content\/uploads\/2022\/11\/116126317_293508091899316_6098317041213719654_n-1024x768.jpg 1024w, https:\/\/www.campingvaldevie.fr\/wp-content\/uploads\/2022\/11\/116126317_293508091899316_6098317041213719654_n-300x225.jpg 300w, https:\/\/www.campingvaldevie.fr\/wp-content\/uploads\/2022\/11\/116126317_293508091899316_6098317041213719654_n-768x576.jpg 768w, https:\/\/www.campingvaldevie.fr\/wp-content\/uploads\/2022\/11\/116126317_293508091899316_6098317041213719654_n.jpg 1125w\" sizes=\"auto, (max-width: 1024px) 100vw, 1024px\" \/><\/figure><div class=\"wp-block-media-text__content\">\n<h2 class=\"wp-block-heading has-text-align-left has-text-color\" style=\"color:#000000\"><strong><strong><strong>A wide range of activities for fun-filled days<\/strong><\/strong><\/strong><\/h2>\n\n\n\n<p>In our<strong> campsite near Soullans<\/strong>There's plenty to keep you entertained throughout the day and evening. Children are king with <strong>activities designed just for them<\/strong>for a memorable holiday in the Vend\u00e9e. <strong>A play area<\/strong> <strong>secure <\/strong>is also waiting for them to let off steam.<strong> Theme evenings<\/strong> are on the programme, promising a festive atmosphere for all the family.<\/p>\n\n\n\n<p>For the more sporty, <strong>a tennis court<\/strong> is at your disposal. Challenge your friends and family to a game of friendly competition. You can also enjoy<strong> aquagym sessions<\/strong> by the pool, <strong>p\u00e9tanque competitions and tastings<\/strong>. You're sure to enjoy your holiday at our 4-star campsite.<\/p>\n<\/div><\/div>\n\n\n\n<div style=\"height:50px\" aria-hidden=\"true\" class=\"wp-block-spacer\"><\/div>\n\n\n\n<div class=\"wp-block-media-text alignfull has-media-on-the-right is-stacked-on-mobile is-vertically-aligned-center is-style-default\" style=\"grid-template-columns:auto 56%\"><div class=\"wp-block-media-text__content\">\n<h2 class=\"wp-block-heading has-text-align-left has-text-color\" style=\"color:#000000\"><strong><strong><strong><strong><strong><strong>Practical services for your comfort<\/strong><\/strong><\/strong><\/strong><\/strong><\/strong><\/h2>\n\n\n\n<p>In our <strong>campsite near Soullans<\/strong>Everything is designed to make your day-to-day life easier. <strong>Reception desk<\/strong> offers all the information you need about the region. <strong>A snack bar<\/strong> allows you to snack on site, just a stone's throw from your mobile home. So you don't have to take the car for a snack! Our family campsite in the Vend\u00e9e also offers :<\/p>\n\n\n\n<ul class=\"wp-block-list\">\n<li>a convenience store<\/li>\n\n\n\n<li>bicycle hire (our campsite has the \"Accueil v\u00e9lo\" label)<\/li>\n\n\n\n<li>a laundry area<\/li>\n\n\n\n<li>a wifi connection<\/li>\n<\/ul>\n<\/div><figure class=\"wp-block-media-text__media\"><img loading=\"lazy\" decoding=\"async\" width=\"1024\" height=\"683\" src=\"https:\/\/www.campingvaldevie.fr\/wp-content\/uploads\/2022\/02\/Apremont2-1024x683.jpg\" alt=\"apremont\" class=\"wp-image-12088 size-full\" srcset=\"https:\/\/www.campingvaldevie.fr\/wp-content\/uploads\/2022\/02\/Apremont2-1024x683.jpg 1024w, https:\/\/www.campingvaldevie.fr\/wp-content\/uploads\/2022\/02\/Apremont2-300x200.jpg 300w, https:\/\/www.campingvaldevie.fr\/wp-content\/uploads\/2022\/02\/Apremont2-768x512.jpg 768w, https:\/\/www.campingvaldevie.fr\/wp-content\/uploads\/2022\/02\/Apremont2.jpg 1200w\" sizes=\"auto, (max-width: 1024px) 100vw, 1024px\" \/><\/figure><\/div>\n\n\n\n<div style=\"height:50px\" aria-hidden=\"true\" class=\"wp-block-spacer\"><\/div>\n\n\n\n<div class=\"wp-block-media-text alignfull is-stacked-on-mobile is-vertically-aligned-center is-style-default\" style=\"grid-template-columns:56% auto\"><figure class=\"wp-block-media-text__media\"><img loading=\"lazy\" decoding=\"async\" width=\"1024\" height=\"683\" src=\"https:\/\/www.campingvaldevie.fr\/wp-content\/uploads\/2025\/07\/sejour-en-camping-1024x683.webp\" alt=\"camping holiday near Soullans\" class=\"wp-image-26531 size-full\" srcset=\"https:\/\/www.campingvaldevie.fr\/wp-content\/uploads\/2025\/07\/sejour-en-camping-1024x683.webp 1024w, https:\/\/www.campingvaldevie.fr\/wp-content\/uploads\/2025\/07\/sejour-en-camping-300x200.webp 300w, https:\/\/www.campingvaldevie.fr\/wp-content\/uploads\/2025\/07\/sejour-en-camping-768x512.webp 768w, https:\/\/www.campingvaldevie.fr\/wp-content\/uploads\/2025\/07\/sejour-en-camping-18x12.webp 18w, https:\/\/www.campingvaldevie.fr\/wp-content\/uploads\/2025\/07\/sejour-en-camping.webp 1200w\" sizes=\"auto, (max-width: 1024px) 100vw, 1024px\" \/><\/figure><div class=\"wp-block-media-text__content\">\n<h2 class=\"wp-block-heading has-text-align-left has-text-color\" style=\"color:#000000\"><strong><strong><strong><strong><strong><strong><strong>What can you do on a camping holiday near Soullans?<\/strong><\/strong><\/strong><\/strong><\/strong><\/strong><\/strong><\/h2>\n\n\n\n<p>Our <strong>campsite near Soullans <\/strong>is the perfect base for exploring the Vend\u00e9e and Loire Atlantique!<\/p>\n\n\n\n<ul class=\"wp-block-list\">\n<li><strong>Lake Apremont<\/strong> (6.5 km from the campsite): supervised swimming, fishing, pedalos, mini-golf and electric boats await you.<\/li>\n\n\n\n<li><strong>The beaches of Saint-Gilles-Croix-de-Vie and Br\u00e9tignolles-sur-Mer <\/strong>(around 30 km from the campsite) are ideal for enjoying the fine sand and waves of the Atlantic Ocean.<\/li>\n\n\n\n<li><strong>Challans<\/strong> (23 km from the campsite): this town is famous for <strong>its traditional market<\/strong>. It's a great opportunity to taste products from the Pays de la Loire!<\/li>\n\n\n\n<li><strong>Saint-Hilaire-de-Riez<\/strong> (28 km from the campsite): a refreshing walk, ideal for discovering <strong>the Vend\u00e9e coastline and its creeks&nbsp;<\/strong>!<\/li>\n\n\n\n<li><strong>Saint-Jean-de-Monts<\/strong> (40 km from the campsite): a lively seaside resort with large beaches, cycle paths and plenty of activities for all the family.<\/li>\n<\/ul>\n\n\n\n<p>These destinations are perfect for enhancing your stay in our <strong>campsite at the gates of Soullans<\/strong> and help you discover the riches of the Vend\u00e9e!<\/p>\n<\/div><\/div>\n\n\n\n<div style=\"height:50px\" aria-hidden=\"true\" class=\"wp-block-spacer\"><\/div>\n\n\n\n<div class=\"wp-block-columns is-layout-flex wp-container-core-columns-is-layout-9d6595d7 wp-block-columns-is-layout-flex\">\n<div class=\"wp-block-column is-layout-flow wp-block-column-is-layout-flow\">\n<div class=\"wp-block-buttons is-layout-flex wp-block-buttons-is-layout-flex\">\n<div class=\"wp-block-button aligncenter\"><a class=\"wp-block-button__link wp-element-button\" href=\"https:\/\/bookingpremium.secureholiday.net\/fr\/10284\/\" target=\"_blank\" rel=\"noreferrer noopener\">Book<\/a><\/div>\n<\/div>\n<\/div>\n\n\n\n<div class=\"wp-block-column is-layout-flow wp-block-column-is-layout-flow\">\n<div class=\"wp-block-buttons is-layout-flex wp-block-buttons-is-layout-flex\">\n<div class=\"wp-block-button aligncenter\"><a class=\"wp-block-button__link wp-element-button\" href=\"\/en\/contact\/\">Contact us<\/a><\/div>\n<\/div>\n<\/div>\n<\/div>\n\n\n\n<div class=\"wp-block-group\"><div class=\"wp-block-group__inner-container is-layout-constrained wp-block-group-is-layout-constrained\">\n<h2 class=\"wp-block-heading has-text-align-center\">Discover also<\/h2>\n\n\n\n<div class=\"wp-block-columns is-layout-flex wp-container-core-columns-is-layout-9d6595d7 wp-block-columns-is-layout-flex\">\n<div class=\"wp-block-column is-layout-flow wp-block-column-is-layout-flow\">\n<div class=\"wp-block-cover is-light has-small-font-size\" style=\"min-height:350px;aspect-ratio:unset;\"><img loading=\"lazy\" decoding=\"async\" width=\"1200\" height=\"800\" class=\"wp-block-cover__image-background wp-image-20331\" alt=\"Lake Apremont\" src=\"https:\/\/www.campingvaldevie.fr\/wp-content\/uploads\/2022\/12\/lac-apremont.jpg\" data-object-fit=\"cover\" srcset=\"https:\/\/www.campingvaldevie.fr\/wp-content\/uploads\/2022\/12\/lac-apremont.jpg 1200w, https:\/\/www.campingvaldevie.fr\/wp-content\/uploads\/2022\/12\/lac-apremont-300x200.jpg 300w, https:\/\/www.campingvaldevie.fr\/wp-content\/uploads\/2022\/12\/lac-apremont-1024x683.jpg 1024w, https:\/\/www.campingvaldevie.fr\/wp-content\/uploads\/2022\/12\/lac-apremont-768x512.jpg 768w\" sizes=\"auto, (max-width: 1200px) 100vw, 1200px\" \/><span aria-hidden=\"true\" class=\"wp-block-cover__background has-background-dim\"><\/span><div class=\"wp-block-cover__inner-container is-layout-flow wp-block-cover-is-layout-flow\">\n<p class=\"has-text-align-center has-large-font-size\"><a href=\"https:\/\/www.campingvaldevie.fr\/en\/campsite-near-commequiers\/\">Campsite Commequiers<\/a><\/p>\n<\/div><\/div>\n<\/div>\n\n\n\n<div class=\"wp-block-column is-layout-flow wp-block-column-is-layout-flow\">\n<div class=\"wp-block-cover is-light has-small-font-size\" style=\"min-height:350px;aspect-ratio:unset;\"><img loading=\"lazy\" decoding=\"async\" width=\"1200\" height=\"800\" class=\"wp-block-cover__image-background wp-image-20298\" alt=\"aizenay tourism\" src=\"https:\/\/www.campingvaldevie.fr\/wp-content\/uploads\/2022\/12\/tourisme-aizenay.jpg\" data-object-fit=\"cover\" srcset=\"https:\/\/www.campingvaldevie.fr\/wp-content\/uploads\/2022\/12\/tourisme-aizenay.jpg 1200w, https:\/\/www.campingvaldevie.fr\/wp-content\/uploads\/2022\/12\/tourisme-aizenay-300x200.jpg 300w, https:\/\/www.campingvaldevie.fr\/wp-content\/uploads\/2022\/12\/tourisme-aizenay-1024x683.jpg 1024w, https:\/\/www.campingvaldevie.fr\/wp-content\/uploads\/2022\/12\/tourisme-aizenay-768x512.jpg 768w\" sizes=\"auto, (max-width: 1200px) 100vw, 1200px\" \/><span aria-hidden=\"true\" class=\"wp-block-cover__background has-background-dim\"><\/span><div class=\"wp-block-cover__inner-container is-layout-flow wp-block-cover-is-layout-flow\">\n<p class=\"has-text-align-center has-large-font-size\"><a href=\"\/en\/camping-la-roche-sur-yon\/\">Campsite La Roche-sur-Yon<\/a><\/p>\n<\/div><\/div>\n<\/div>\n\n\n\n<div class=\"wp-block-column is-layout-flow wp-block-column-is-layout-flow\">\n<div class=\"wp-block-cover has-small-font-size\" style=\"min-height:350px;aspect-ratio:unset;\"><img loading=\"lazy\" decoding=\"async\" width=\"700\" height=\"466\" class=\"wp-block-cover__image-background wp-image-18902\" alt=\"holiday Small campsite near Br\u00e9tignolles sur Mer\" src=\"https:\/\/www.campingvaldevie.fr\/wp-content\/uploads\/2022\/09\/vacances-petit-camping-proche-bretignolles-sur-mer.jpg\" data-object-fit=\"cover\" srcset=\"https:\/\/www.campingvaldevie.fr\/wp-content\/uploads\/2022\/09\/vacances-petit-camping-proche-bretignolles-sur-mer.jpg 700w, https:\/\/www.campingvaldevie.fr\/wp-content\/uploads\/2022\/09\/vacances-petit-camping-proche-bretignolles-sur-mer-300x200.jpg 300w\" sizes=\"auto, (max-width: 700px) 100vw, 700px\" \/><span aria-hidden=\"true\" class=\"wp-block-cover__background has-background-dim\"><\/span><div class=\"wp-block-cover__inner-container is-layout-flow wp-block-cover-is-layout-flow\">\n<p class=\"has-text-align-center has-large-font-size\"><a href=\"\/en\/camping-bretignolles-sur-mer\/\">Campsite Bretignolles<\/a><\/p>\n<\/div><\/div>\n<\/div>\n<\/div>\n<\/div><\/div>\n\n\n\n<p><\/p>","protected":false},"excerpt":{"rendered":"<p>Vous \u00eates \u00e0 la recherche d&rsquo;un bon plan de vacances en Vend\u00e9e, entre nature et d\u00e9couvertes c\u00f4ti\u00e8res ? Soullans, cette commune du Pays de Saint Jean de Monts, en bordure du Marais Breton Vend\u00e9en vous invite \u00e0 un retour \u00e0 l&rsquo;essentiel. Bien qu&rsquo;elle soit un peu en retrait de l&rsquo;oc\u00e9an, elle propose une qui\u00e9tude recherch\u00e9e [&hellip;]<\/p>\n","protected":false},"author":2,"featured_media":0,"parent":0,"menu_order":0,"comment_status":"closed","ping_status":"closed","template":"","meta":{"_seopress_robots_primary_cat":"","_seopress_titles_title":"Camping proche de Soullans 4 \u00e9toiles en Vend\u00e9e - Val de vie","_seopress_titles_desc":"S\u00e9journez au camping 4 \u00e9toiles Le Val de Vie, pr\u00e8s de Soullans en Vend\u00e9e ! Mobil-homes, emplacements, piscine couverte et activit\u00e9s pour des vacances r\u00e9ussies.","_seopress_robots_index":"","footnotes":""},"class_list":["post-26524","page","type-page","status-publish","hentry"],"_links":{"self":[{"href":"https:\/\/www.campingvaldevie.fr\/en\/wp-json\/wp\/v2\/pages\/26524","targetHints":{"allow":["GET"]}}],"collection":[{"href":"https:\/\/www.campingvaldevie.fr\/en\/wp-json\/wp\/v2\/pages"}],"about":[{"href":"https:\/\/www.campingvaldevie.fr\/en\/wp-json\/wp\/v2\/types\/page"}],"author":[{"embeddable":true,"href":"https:\/\/www.campingvaldevie.fr\/en\/wp-json\/wp\/v2\/users\/2"}],"replies":[{"embeddable":true,"href":"https:\/\/www.campingvaldevie.fr\/en\/wp-json\/wp\/v2\/comments?post=26524"}],"version-history":[{"count":10,"href":"https:\/\/www.campingvaldevie.fr\/en\/wp-json\/wp\/v2\/pages\/26524\/revisions"}],"predecessor-version":[{"id":26536,"href":"https:\/\/www.campingvaldevie.fr\/en\/wp-json\/wp\/v2\/pages\/26524\/revisions\/26536"}],"wp:attachment":[{"href":"https:\/\/www.campingvaldevie.fr\/en\/wp-json\/wp\/v2\/media?parent=26524"}],"curies":[{"name":"wp","href":"https:\/\/api.w.org\/{rel}","templated":true}]}}