{"id":26571,"date":"2025-09-22T11:44:47","date_gmt":"2025-09-22T09:44:47","guid":{"rendered":"https:\/\/www.campingvaldevie.fr\/?page_id=26571"},"modified":"2026-02-25T11:38:02","modified_gmt":"2026-02-25T10:38:02","slug":"bretignolles-sur-mer-beaches","status":"publish","type":"page","link":"https:\/\/www.campingvaldevie.fr\/en\/tourisme-vendee\/plages-bretignolles-sur-mer\/","title":{"rendered":"All you need to know about the beaches of Br\u00e9tignolles-sur-Mer"},"content":{"rendered":"<p class=\"has-text-align-center\"><strong>Br\u00e9tignolles-sur-Mer<\/strong>with its varied coastline of <strong>13 km<\/strong>is a destination of choice on the <strong>Vend\u00e9e coast<\/strong>. With its vast expanses, unspoilt dunes and rocky coves, there's something for everyone. For a successful holiday, imagine your days on a <strong>Br\u00e9tignolles-sur-Mer beach<\/strong>complemented by the tranquillity of our<a href=\"https:\/\/www.campingvaldevie.fr\/en\/\"> 4-star campsite in Vend\u00e9e<\/a>. It's the promise of a holiday balanced between the energy of the Atlantic Ocean and the serenity of the hinterland.<\/p>\n\n\n\n<h2 class=\"wp-block-heading\"><strong>Br\u00e9tignolles-sur-Mer beaches at a glance<\/strong><\/h2>\n\n\n\n<p>To help you choose, here's a quick overview of the jewels of the Bretignoll coast.<\/p>\n\n\n\n<table style=\"border-collapse: collapse; width: 100%; text-align: left;\">\n  <thead>\n    <tr>\n      <th style=\"border: 1px solid #000; padding: 8px;\">Beach<\/th>\n      <th style=\"border: 1px solid #000; padding: 8px;\">Ideal for...<\/th>\n      <th style=\"border: 1px solid #000; padding: 8px;\">First aid post<\/th>\n      <th style=\"border: 1px solid #000; padding: 8px;\">PRM access<\/th>\n      <th style=\"border: 1px solid #000; padding: 8px;\">Dogs allowed (conditions)<\/th>\n    <\/tr>\n  <\/thead>\n  <tbody>\n    <tr>\n      <td style=\"border: 1px solid #000; padding: 8px;\">La Normandeli\u00e8re<\/td>\n      <td style=\"border: 1px solid #000; padding: 8px;\">Families, water sports<\/td>\n      <td style=\"border: 1px solid #000; padding: 8px;\">Yes (mid-June to mid-September)<\/td>\n      <td style=\"border: 1px solid #000; padding: 8px;\">Yes (Tiralo)<\/td>\n      <td style=\"border: 1px solid #000; padding: 8px;\">Yes (8pm-10am, 1\/06-30\/09)<\/td>\n    <\/tr>\n    <tr>\n      <td style=\"border: 1px solid #000; padding: 8px;\">Les Dunes<\/td>\n      <td style=\"border: 1px solid #000; padding: 8px;\">Nature, surfing, kitesurfing<\/td>\n      <td style=\"border: 1px solid #000; padding: 8px;\">Yes (July-August)<\/td>\n      <td style=\"border: 1px solid #000; padding: 8px;\">Yes (decking)<\/td>\n      <td style=\"border: 1px solid #000; padding: 8px;\">Yes (leashed all day)<\/td>\n    <\/tr>\n    <tr>\n      <td style=\"border: 1px solid #000; padding: 8px;\">La Sauzaie<\/td>\n      <td style=\"border: 1px solid #000; padding: 8px;\">Experienced surfers, creeks<\/td>\n      <td style=\"border: 1px solid #000; padding: 8px;\">Yes (July-August)<\/td>\n      <td style=\"border: 1px solid #000; padding: 8px;\">Yes (hold)<\/td>\n      <td style=\"border: 1px solid #000; padding: 8px;\">Yes (8pm-10am, 1\/06-30\/09)<\/td>\n    <\/tr>\n    <tr>\n      <td style=\"border: 1px solid #000; padding: 8px;\">La Par\u00e9e<\/td>\n      <td style=\"border: 1px solid #000; padding: 8px;\">Foreshore fishing, village atmosphere<\/td>\n      <td style=\"border: 1px solid #000; padding: 8px;\">Yes<\/td>\n      <td style=\"border: 1px solid #000; padding: 8px;\">Yes (hold)<\/td>\n      <td style=\"border: 1px solid #000; padding: 8px;\">Yes (8pm-10am, 1\/06-30\/09)<\/td>\n    <\/tr>\n    <tr>\n      <td style=\"border: 1px solid #000; padding: 8px;\">Le Marais Girard<\/td>\n      <td style=\"border: 1px solid #000; padding: 8px;\">Families, peace of mind<\/td>\n      <td style=\"border: 1px solid #000; padding: 8px;\">No<\/td>\n      <td style=\"border: 1px solid #000; padding: 8px;\">Yes (hold)<\/td>\n      <td style=\"border: 1px solid #000; padding: 8px;\">Yes (8pm-10am, 1\/06-30\/09)<\/td>\n    <\/tr>\n  <\/tbody>\n<\/table>\n\n\n\n<div style=\"height:30px\" aria-hidden=\"true\" class=\"wp-block-spacer\"><\/div>\n\n\n\n<div class=\"wp-block-media-text alignfull has-media-on-the-right is-stacked-on-mobile is-vertically-aligned-center is-style-default\" style=\"grid-template-columns:auto 40%\"><div class=\"wp-block-media-text__content\">\n<h2 class=\"wp-block-heading has-text-align-left\">La Normandeli\u00e8re beach: the place to be for families<\/h2>\n\n\n\n<p>Located rue de <strong>la Normandeli\u00e8re<\/strong>This beach is often cited as <strong>\"THE great family beach <\/strong>of the resort. Its gentle slope is reassuring for parents.<\/p>\n\n\n\n<ul class=\"wp-block-list\">\n<li><strong>Our advice:<\/strong> A first-aid post is open from mid-June to mid-September. A Tiralo is available for people with reduced mobility. Parking is available nearby.<\/li>\n\n\n\n<li><strong>Our favourite :<\/strong> its seawater pool, a fantastic and safe playground for the youngest visitors when the sea retreats.<\/li>\n\n\n\n<li><strong>Leisure activities :<\/strong> the municipal sailing school offers <strong>catamaran introductions<\/strong>at <strong>kayak<\/strong> or the <strong>windsurfing<\/strong>. The rocks are transformed into a natural aquarium for apprentice fishermen on the foreshore.<\/li>\n<\/ul>\n<\/div><figure class=\"wp-block-media-text__media\"><img loading=\"lazy\" decoding=\"async\" width=\"1024\" height=\"683\" src=\"https:\/\/www.campingvaldevie.fr\/wp-content\/uploads\/2022\/02\/ecole-de-voile-de-la-normandeliere-bretignolles-sur-mer-IMG_2182-1024x683.jpg\" alt=\"Normandeli\u00e8re beach\" class=\"wp-image-14450 size-large\" srcset=\"https:\/\/www.campingvaldevie.fr\/wp-content\/uploads\/2022\/02\/ecole-de-voile-de-la-normandeliere-bretignolles-sur-mer-IMG_2182-1024x683.jpg 1024w, https:\/\/www.campingvaldevie.fr\/wp-content\/uploads\/2022\/02\/ecole-de-voile-de-la-normandeliere-bretignolles-sur-mer-IMG_2182-300x200.jpg 300w, https:\/\/www.campingvaldevie.fr\/wp-content\/uploads\/2022\/02\/ecole-de-voile-de-la-normandeliere-bretignolles-sur-mer-IMG_2182-768x512.jpg 768w, https:\/\/www.campingvaldevie.fr\/wp-content\/uploads\/2022\/02\/ecole-de-voile-de-la-normandeliere-bretignolles-sur-mer-IMG_2182.jpg 1200w\" sizes=\"auto, (max-width: 1024px) 100vw, 1024px\" \/><\/figure><\/div>\n\n\n\n<div style=\"height:30px\" aria-hidden=\"true\" class=\"wp-block-spacer\"><\/div>\n\n\n\n<div class=\"wp-block-media-text alignfull is-stacked-on-mobile is-vertically-aligned-center is-style-default\" style=\"grid-template-columns:40% auto\"><figure class=\"wp-block-media-text__media\"><img loading=\"lazy\" decoding=\"async\" width=\"1024\" height=\"682\" src=\"https:\/\/www.campingvaldevie.fr\/wp-content\/uploads\/2018\/02\/dunes-saint-jean-de-monts-IMG_4427-1024x682.jpg\" alt=\"Dunes beach\" class=\"wp-image-12890 size-full\" srcset=\"https:\/\/www.campingvaldevie.fr\/wp-content\/uploads\/2018\/02\/dunes-saint-jean-de-monts-IMG_4427-1024x682.jpg 1024w, https:\/\/www.campingvaldevie.fr\/wp-content\/uploads\/2018\/02\/dunes-saint-jean-de-monts-IMG_4427-300x200.jpg 300w, https:\/\/www.campingvaldevie.fr\/wp-content\/uploads\/2018\/02\/dunes-saint-jean-de-monts-IMG_4427-768x512.jpg 768w, https:\/\/www.campingvaldevie.fr\/wp-content\/uploads\/2018\/02\/dunes-saint-jean-de-monts-IMG_4427.jpg 1100w\" sizes=\"auto, (max-width: 1024px) 100vw, 1024px\" \/><\/figure><div class=\"wp-block-media-text__content\">\n<h2 class=\"wp-block-heading has-text-align-left\">Dunes beach: the call of the open sea and surfing<\/h2>\n\n\n\n<p>To the south of<a href=\"https:\/\/www.campingvaldevie.fr\/en\/tourism-vendee\/bretignolles-sur-mer\/\"> Br\u00e9tignolles-sur-Mer<\/a>The Dunes beach stretches for several kilometres, a protected natural area listed as a World Heritage site.<strong> Natura 2000<\/strong>. This is a <strong>Br\u00e9tignolles-sur-Mer beach<\/strong> with its wild and authentic character.<\/p>\n\n\n\n<ul class=\"wp-block-list\">\n<li><strong>Our advice:<\/strong> Numerous car parks provide easy access. Safety is assured by two first-aid posts in July and August. Access from our <a href=\"https:\/\/www.campingvaldevie.fr\/en\/camping-pmr-vendee\/\">PRM campsite in Vend\u00e9e<\/a> is equipped with decking.<\/li>\n\n\n\n<li><strong>Our favourite :<\/strong> its immensity. Even in the height of summer, you'll always find a quiet spot to put your towel down, away from the crowds.<\/li>\n\n\n\n<li><strong>Sports on offer :<\/strong> is the place to be for the <strong>surf <\/strong>and the <strong>kitesurf<\/strong>Dunes, with dedicated areas (Dunes 1 and Dunes 2). Schools such as <strong>Breti SURFSCHOOL<\/strong> to get started.<\/li>\n<\/ul>\n<\/div><\/div>\n\n\n\n<div style=\"height:30px\" aria-hidden=\"true\" class=\"wp-block-spacer\"><\/div>\n\n\n\n<div class=\"wp-block-media-text alignfull has-media-on-the-right is-stacked-on-mobile is-vertically-aligned-center is-style-default\" style=\"grid-template-columns:auto 40%\"><div class=\"wp-block-media-text__content\">\n<h2 class=\"wp-block-heading has-text-align-left\">Sauzaie beach: the spot for experienced surfers<\/h2>\n\n\n\n<p>To the north, the corniche leads to the <strong>Sauzaie beach<\/strong>A surfing spot renowned far beyond the Vend\u00e9e.<\/p>\n\n\n\n<ul class=\"wp-block-list\">\n<li><strong>Our favourite :<\/strong> the show from the esplanade. Watch the seasoned surfers dance on the powerful waves, often compared to those of the Landes.<\/li>\n\n\n\n<li><strong>On site:<\/strong> surfing, of course, especially when the sea rises. When the ocean is low, the rocky cove reveals itself, ideal for a more leisurely cool-down.<\/li>\n\n\n\n<li><strong>Our advice:<\/strong> is the <strong>the best beach in Br\u00e9tignolles-sur-Mer<\/strong> for <strong>snow sports enthusiasts<\/strong>. A first-aid post is available in July and August. A slipway provides easy access for PRMs.<\/li>\n<\/ul>\n<\/div><figure class=\"wp-block-media-text__media\"><img loading=\"lazy\" decoding=\"async\" width=\"1024\" height=\"682\" src=\"https:\/\/www.campingvaldevie.fr\/wp-content\/uploads\/2018\/02\/ile-noirmoutier-bois-de-la-chaize-plage-crique-1024x682.jpg\" alt=\"\" class=\"wp-image-12853 size-full\" srcset=\"https:\/\/www.campingvaldevie.fr\/wp-content\/uploads\/2018\/02\/ile-noirmoutier-bois-de-la-chaize-plage-crique-1024x682.jpg 1024w, https:\/\/www.campingvaldevie.fr\/wp-content\/uploads\/2018\/02\/ile-noirmoutier-bois-de-la-chaize-plage-crique-300x200.jpg 300w, https:\/\/www.campingvaldevie.fr\/wp-content\/uploads\/2018\/02\/ile-noirmoutier-bois-de-la-chaize-plage-crique-768x512.jpg 768w, https:\/\/www.campingvaldevie.fr\/wp-content\/uploads\/2018\/02\/ile-noirmoutier-bois-de-la-chaize-plage-crique.jpg 1100w\" sizes=\"auto, (max-width: 1024px) 100vw, 1024px\" \/><\/figure><\/div>\n\n\n\n<div style=\"height:30px\" aria-hidden=\"true\" class=\"wp-block-spacer\"><\/div>\n\n\n\n<div class=\"wp-block-media-text alignfull is-stacked-on-mobile is-vertically-aligned-center is-style-default\" style=\"grid-template-columns:40% auto\"><figure class=\"wp-block-media-text__media\"><img loading=\"lazy\" decoding=\"async\" width=\"1024\" height=\"683\" src=\"https:\/\/www.campingvaldevie.fr\/wp-content\/uploads\/2022\/12\/plage-paree-du-jonc-1024x683.jpg\" alt=\"\" class=\"wp-image-20305 size-full\" srcset=\"https:\/\/www.campingvaldevie.fr\/wp-content\/uploads\/2022\/12\/plage-paree-du-jonc-1024x683.jpg 1024w, https:\/\/www.campingvaldevie.fr\/wp-content\/uploads\/2022\/12\/plage-paree-du-jonc-300x200.jpg 300w, https:\/\/www.campingvaldevie.fr\/wp-content\/uploads\/2022\/12\/plage-paree-du-jonc-768x512.jpg 768w, https:\/\/www.campingvaldevie.fr\/wp-content\/uploads\/2022\/12\/plage-paree-du-jonc.jpg 1200w\" sizes=\"auto, (max-width: 1024px) 100vw, 1024px\" \/><\/figure><div class=\"wp-block-media-text__content\">\n<h2 class=\"wp-block-heading has-text-align-left\">La Par\u00e9e beach: a village centre atmosphere<\/h2>\n\n\n\n<p>Nestled in the heart of the <strong>hamlet of la Par\u00e9e<\/strong>This beach is accessible via the <strong>place Joubert<\/strong>a lively place during the summer.<\/p>\n\n\n\n<ul class=\"wp-block-list\">\n<li><strong>Our favourite :<\/strong> the lively atmosphere of the area. After the beach, take advantage of the restaurants, bars and ice-cream parlours just a few steps away.<\/li>\n\n\n\n<li><strong>On site:<\/strong> when the sea retreats, its vast expanses of rocky outcrops are a delight for lovers of the great outdoors. <strong>foreshore fishing<\/strong>.<\/li>\n\n\n\n<li><strong>Our advice:<\/strong> check the timetable for ocean movements. The beach is very small or non-existent when the sea is high. There are several parking options, including the <strong>free parking on the Corniche<\/strong>.<\/li>\n<\/ul>\n<\/div><\/div>\n\n\n\n<div style=\"height:30px\" aria-hidden=\"true\" class=\"wp-block-spacer\"><\/div>\n\n\n\n<div class=\"wp-block-media-text alignfull has-media-on-the-right is-stacked-on-mobile is-vertically-aligned-center is-style-default\" style=\"grid-template-columns:auto 40%\"><div class=\"wp-block-media-text__content\">\n<h2 class=\"wp-block-heading has-text-align-left\">The Marais Girard beach: an intimate cove&nbsp;<\/h2>\n\n\n\n<p>At the entrance to the station, along the<strong>avenue de la Grande Roche<\/strong>is the <strong>Marais Girard beach<\/strong>. A place appreciated for its tranquillity.<\/p>\n\n\n\n<ul class=\"wp-block-list\">\n<li><strong>Our favourite :<\/strong> its more confidential atmosphere. It's the perfect place for a relaxing day away from the hustle and bustle of the big beaches.<\/li>\n\n\n\n<li><strong>On site:<\/strong> the <strong>Les Dauphins beach club<\/strong> welcomes children aged 4 to 14. The rocks to the right of the beach attract fishermen.<\/li>\n\n\n\n<li><strong>Our advice:<\/strong> Be vigilant, as this beach has no first-aid post. Free parking is available at the entrance. Reviews of the <strong>Br\u00e9tignolles-sur-Mer beach <\/strong>recommend it for its calm.<\/li>\n<\/ul>\n<\/div><figure class=\"wp-block-media-text__media\"><img loading=\"lazy\" decoding=\"async\" width=\"1024\" height=\"683\" src=\"https:\/\/www.campingvaldevie.fr\/wp-content\/uploads\/2019\/08\/plage-boisvinet-saint-gilles-croix-de-vie-IMG_9078-1024x683.jpg\" alt=\"\" class=\"wp-image-13265 size-full\" srcset=\"https:\/\/www.campingvaldevie.fr\/wp-content\/uploads\/2019\/08\/plage-boisvinet-saint-gilles-croix-de-vie-IMG_9078-1024x683.jpg 1024w, https:\/\/www.campingvaldevie.fr\/wp-content\/uploads\/2019\/08\/plage-boisvinet-saint-gilles-croix-de-vie-IMG_9078-300x200.jpg 300w, https:\/\/www.campingvaldevie.fr\/wp-content\/uploads\/2019\/08\/plage-boisvinet-saint-gilles-croix-de-vie-IMG_9078-768x512.jpg 768w, https:\/\/www.campingvaldevie.fr\/wp-content\/uploads\/2019\/08\/plage-boisvinet-saint-gilles-croix-de-vie-IMG_9078-1536x1024.jpg 1536w, https:\/\/www.campingvaldevie.fr\/wp-content\/uploads\/2019\/08\/plage-boisvinet-saint-gilles-croix-de-vie-IMG_9078-2048x1365.jpg 2048w\" sizes=\"auto, (max-width: 1024px) 100vw, 1024px\" \/><\/figure><\/div>\n\n\n\n<div style=\"height:30px\" aria-hidden=\"true\" class=\"wp-block-spacer\"><\/div>\n\n\n\n<h2 class=\"wp-block-heading has-text-align-left\">FAQ: everything you need to know about your day at the beach<\/h2>\n\n\n\n<section style=\"width: 70%;\">\n  <details style=\"border:1px solid #ccc; border-radius:8px; margin-bottom:10px; padding:10px; background:#f9f9f9;\">\n    <summary style=\"cursor:pointer; display:flex; justify-content:space-between; align-items:center; list-style:none;\">\n      <h3 style=\"color:#000; font-size:18px; margin:0;\">Which beach is right for my dog in Bretignolles-sur-Mer?<\/h3>\n      <span style=\"transition:transform 0.3s;\">\u27a4<\/span>\n    <\/summary>\n    <p style=\"margin-top:10px; color:#555; line-height:1.5;\">\n      Good news for pet owners! Most beaches allow dogs on leads between 8pm and 10am, from 1 June to 30 September. Les Dunes beach is particularly welcoming to our four-legged friends all day long, provided they are kept on a lead. This is a key piece of information when organising an outing on a beach. <strong>beach at Br\u00e9tignolles-sur-Mer<\/strong> with your dog.\n    <\/p>\n  <\/details>\n\n  <details style=\"border:1px solid #ccc; border-radius:8px; margin-bottom:10px; padding:10px; background:#f9f9f9;\">\n    <summary style=\"cursor:pointer; display:flex; justify-content:space-between; align-items:center; list-style:none;\">\n      <h3 style=\"color:#000; font-size:18px; margin:0;\">Where can I park easily?<\/h3>\n      <span style=\"transition:transform 0.3s;\">\u27a4<\/span>\n    <\/summary>\n    <p style=\"margin-top:10px; color:#555; line-height:1.5;\">\n      Each beach has its own parking facilities. The Dunes beach has the best facilities, with plenty of car parks. For La Par\u00e9e, the Corniche and Osselins car parks are free. The Marais Girard also has a free car park at its main entrance.\n\nThe Br\u00e9tignolles-sur-Mer coastline is a constant invitation to discover. Each cove and stretch tells a different story. After an invigorating day on the <strong>Bretignolles-sur-Mer beach<\/strong>enjoy the peace and comfort of our <strong>camping Val De Vie<\/strong>. Discover our<a href=\"https:\/\/www.campingvaldevie.fr\/en\/accommodation\/\"> mobile home in Vend\u00e9e<\/a> and plan <strong>unforgettable holidays in Bretignolles-sur-Mer<\/strong>.\n    <\/p>\n  <\/details>\n\n  <!-- petit script inline pour faire pivoter les chevrons -->\n  <script>\n    document.querySelectorAll(\"details\").forEach(det => {\n      const arrow = det.querySelector(\"summary span\");\n      det.addEventListener(\"toggle\", () => {\n        if (det.open) {\n          arrow.style.transform = \"rotate(90deg)\";\n        } else {\n          arrow.style.transform = \"rotate(0deg)\";\n        }\n      });\n    });\n  <\/script>\n<\/section>\n\n\n\n<div style=\"height:30px\" aria-hidden=\"true\" class=\"wp-block-spacer\"><\/div>\n\n\n\n<div class=\"wp-block-group\"><div class=\"wp-block-group__inner-container is-layout-constrained wp-block-group-is-layout-constrained\">\n<h2 class=\"wp-block-heading has-text-align-center\">Discover also<\/h2>\n\n\n\n<div class=\"wp-block-columns is-layout-flex wp-container-core-columns-is-layout-9d6595d7 wp-block-columns-is-layout-flex\">\n<div class=\"wp-block-column is-layout-flow wp-block-column-is-layout-flow\">\n<div class=\"wp-block-cover has-small-font-size\" style=\"min-height:350px;aspect-ratio:unset;\"><img loading=\"lazy\" decoding=\"async\" width=\"700\" height=\"466\" class=\"wp-block-cover__image-background wp-image-18875\" alt=\"holidays Best small campsite near Challans\" src=\"https:\/\/www.campingvaldevie.fr\/wp-content\/uploads\/2022\/09\/vacances-meilleur-petit-camping-proche-challans.jpg\" data-object-fit=\"cover\" srcset=\"https:\/\/www.campingvaldevie.fr\/wp-content\/uploads\/2022\/09\/vacances-meilleur-petit-camping-proche-challans.jpg 700w, https:\/\/www.campingvaldevie.fr\/wp-content\/uploads\/2022\/09\/vacances-meilleur-petit-camping-proche-challans-300x200.jpg 300w\" sizes=\"auto, (max-width: 700px) 100vw, 700px\" \/><span aria-hidden=\"true\" class=\"wp-block-cover__background has-black-background-color has-background-dim\"><\/span><div class=\"wp-block-cover__inner-container is-layout-flow wp-block-cover-is-layout-flow\">\n<p class=\"has-text-align-center has-large-font-size\"><a href=\"\/en\/tourism-vendee\/challans-tourism\/\">Challans<\/a><\/p>\n<\/div><\/div>\n<\/div>\n\n\n\n<div class=\"wp-block-column is-layout-flow wp-block-column-is-layout-flow\">\n<div class=\"wp-block-cover is-light has-small-font-size\" style=\"min-height:350px;aspect-ratio:unset;\"><img loading=\"lazy\" decoding=\"async\" width=\"1200\" height=\"800\" class=\"wp-block-cover__image-background wp-image-20298\" alt=\"aizenay tourism\" src=\"https:\/\/www.campingvaldevie.fr\/wp-content\/uploads\/2022\/12\/tourisme-aizenay.jpg\" data-object-fit=\"cover\" srcset=\"https:\/\/www.campingvaldevie.fr\/wp-content\/uploads\/2022\/12\/tourisme-aizenay.jpg 1200w, https:\/\/www.campingvaldevie.fr\/wp-content\/uploads\/2022\/12\/tourisme-aizenay-300x200.jpg 300w, https:\/\/www.campingvaldevie.fr\/wp-content\/uploads\/2022\/12\/tourisme-aizenay-1024x683.jpg 1024w, https:\/\/www.campingvaldevie.fr\/wp-content\/uploads\/2022\/12\/tourisme-aizenay-768x512.jpg 768w\" sizes=\"auto, (max-width: 1200px) 100vw, 1200px\" \/><span aria-hidden=\"true\" class=\"wp-block-cover__background has-background-dim\"><\/span><div class=\"wp-block-cover__inner-container is-layout-flow wp-block-cover-is-layout-flow\">\n<p class=\"has-text-align-center has-large-font-size\"><a href=\"\/en\/tourism-vendee\/la-roche-sur-yon\/\">La Roche-sur-Yon<\/a><\/p>\n<\/div><\/div>\n<\/div>\n\n\n\n<div class=\"wp-block-column is-layout-flow wp-block-column-is-layout-flow\">\n<div class=\"wp-block-cover has-small-font-size\" style=\"min-height:350px;aspect-ratio:unset;\"><img loading=\"lazy\" decoding=\"async\" width=\"600\" height=\"450\" class=\"wp-block-cover__image-background wp-image-22642\" alt=\"\" src=\"https:\/\/www.campingvaldevie.fr\/wp-content\/uploads\/2023\/11\/quartier-bretignolles-sur-mer.jpg\" data-object-fit=\"cover\" srcset=\"https:\/\/www.campingvaldevie.fr\/wp-content\/uploads\/2023\/11\/quartier-bretignolles-sur-mer.jpg 600w, https:\/\/www.campingvaldevie.fr\/wp-content\/uploads\/2023\/11\/quartier-bretignolles-sur-mer-300x225.jpg 300w\" sizes=\"auto, (max-width: 600px) 100vw, 600px\" \/><span aria-hidden=\"true\" class=\"wp-block-cover__background has-black-background-color has-background-dim\"><\/span><div class=\"wp-block-cover__inner-container is-layout-flow wp-block-cover-is-layout-flow\">\n<p class=\"has-text-align-center has-large-font-size\"><a href=\"\/en\/tourism-vendee\/bretignolles-sur-mer\/\" data-type=\"page\" data-id=\"25071\">Bretignolles-sur-Mer<\/a><\/p>\n<\/div><\/div>\n<\/div>\n<\/div>\n<\/div><\/div>","protected":false},"excerpt":{"rendered":"<p>Br\u00e9tignolles-sur-Mer, avec son littoral vari\u00e9 de 13 km, est une destination de choix sur la c\u00f4te vend\u00e9enne. Entre grandes \u00e9tendues, dunes pr\u00e9serv\u00e9es et criques rocheuses, chaque visiteur y trouve son compte. Pour un s\u00e9jour r\u00e9ussi, imaginez vos journ\u00e9es sur une plage de Br\u00e9tignolles-sur-Mer, compl\u00e9t\u00e9es par la qui\u00e9tude de notre camping 4 \u00e9toiles en Vend\u00e9e. C&rsquo;est [&hellip;]<\/p>\n","protected":false},"author":2,"featured_media":0,"parent":20275,"menu_order":0,"comment_status":"closed","ping_status":"closed","template":"","meta":{"_seopress_robots_primary_cat":"","_seopress_titles_title":"Les 5 plus belles plages de Br\u00e9tignolles-sur-Mer (Vend\u00e9e)","_seopress_titles_desc":"D\u00e9couvrez les plus belles plages de Br\u00e9tignolles-sur-Mer. De la familiale Normandeli\u00e8re au spot de surf de la Sauzaie, trouvez la plage id\u00e9ale pour vos vacances.","_seopress_robots_index":"","footnotes":""},"class_list":["post-26571","page","type-page","status-publish","hentry"],"_links":{"self":[{"href":"https:\/\/www.campingvaldevie.fr\/en\/wp-json\/wp\/v2\/pages\/26571","targetHints":{"allow":["GET"]}}],"collection":[{"href":"https:\/\/www.campingvaldevie.fr\/en\/wp-json\/wp\/v2\/pages"}],"about":[{"href":"https:\/\/www.campingvaldevie.fr\/en\/wp-json\/wp\/v2\/types\/page"}],"author":[{"embeddable":true,"href":"https:\/\/www.campingvaldevie.fr\/en\/wp-json\/wp\/v2\/users\/2"}],"replies":[{"embeddable":true,"href":"https:\/\/www.campingvaldevie.fr\/en\/wp-json\/wp\/v2\/comments?post=26571"}],"version-history":[{"count":7,"href":"https:\/\/www.campingvaldevie.fr\/en\/wp-json\/wp\/v2\/pages\/26571\/revisions"}],"predecessor-version":[{"id":26714,"href":"https:\/\/www.campingvaldevie.fr\/en\/wp-json\/wp\/v2\/pages\/26571\/revisions\/26714"}],"up":[{"embeddable":true,"href":"https:\/\/www.campingvaldevie.fr\/en\/wp-json\/wp\/v2\/pages\/20275"}],"wp:attachment":[{"href":"https:\/\/www.campingvaldevie.fr\/en\/wp-json\/wp\/v2\/media?parent=26571"}],"curies":[{"name":"wp","href":"https:\/\/api.w.org\/{rel}","templated":true}]}}