{"id":26591,"date":"2025-09-22T14:24:31","date_gmt":"2025-09-22T12:24:31","guid":{"rendered":"https:\/\/www.campingvaldevie.fr\/?page_id=26591"},"modified":"2025-09-22T14:38:02","modified_gmt":"2025-09-22T12:38:02","slug":"coex-vendee-activities","status":"publish","type":"page","link":"https:\/\/www.campingvaldevie.fr\/en\/activites-coex-vendee\/","title":{"rendered":"Top 4 activities in Co\u00ebx"},"content":{"rendered":"<p>Forget the crowds and the ultra-touristy destinations! Why not head for <strong>Co\u00ebx<\/strong> ? Nestled 12 km from our<a href=\"https:\/\/www.campingvaldevie.fr\/en\/\"> 4-star campsite in Vend\u00e9e<\/a>The Val de Vie, the lungs of the <strong>Saint-Gilles region<\/strong> promises a breath of fresh air. Even its name, derived from the Celtic\u00a0<em>co\u00ebt<\/em>\u00a0\"(wood), is an invitation to recharge your batteries in the heart of a <strong>unspoilt nature<\/strong>. Get ready to discover our selection of <strong>The best things to do in Co\u00ebx<\/strong> !<br><\/p>\n\n\n\n<div style=\"height:30px\" aria-hidden=\"true\" class=\"wp-block-spacer\"><\/div>\n\n\n\n<div class=\"wp-block-media-text is-stacked-on-mobile is-image-fill-element\"><figure class=\"wp-block-media-text__media\"><img loading=\"lazy\" decoding=\"async\" width=\"1024\" height=\"683\" src=\"https:\/\/www.campingvaldevie.fr\/wp-content\/uploads\/2024\/02\/Vendee_Velo_Apremont_036-1024x683.jpg\" alt=\"Hiking and cycling at Co\u00ebx in the Vend\u00e9e\" class=\"wp-image-23884 size-full\" style=\"object-position:50% 50%\" srcset=\"https:\/\/www.campingvaldevie.fr\/wp-content\/uploads\/2024\/02\/Vendee_Velo_Apremont_036-1024x683.jpg 1024w, https:\/\/www.campingvaldevie.fr\/wp-content\/uploads\/2024\/02\/Vendee_Velo_Apremont_036-300x200.jpg 300w, https:\/\/www.campingvaldevie.fr\/wp-content\/uploads\/2024\/02\/Vendee_Velo_Apremont_036-768x512.jpg 768w, https:\/\/www.campingvaldevie.fr\/wp-content\/uploads\/2024\/02\/Vendee_Velo_Apremont_036-1536x1025.jpg 1536w, https:\/\/www.campingvaldevie.fr\/wp-content\/uploads\/2024\/02\/Vendee_Velo_Apremont_036.jpg 1920w\" sizes=\"auto, (max-width: 1024px) 100vw, 1024px\" \/><\/figure><div class=\"wp-block-media-text__content\">\n<h2 class=\"wp-block-heading\"><strong>Summary of activities in Co\u00ebx in the Vend\u00e9e<\/strong><\/h2>\n\n\n\n<ul class=\"wp-block-list\">\n<li><strong>Nature &amp; relaxation<\/strong> Philippe Perrocheau Botanical Park, Ferme de la Boislivi\u00e8re, Jardin de Pauline, Lac du Gu\u00e9 Gorand.<\/li>\n\n\n\n<li><strong>Hiking &amp; cycling<\/strong> Marked trails such as Audardi\u00e8re and the Ligneron loop.<\/li>\n\n\n\n<li><strong>Heritage &amp; history<\/strong> Notre-Dame-de-l'Assomption church, Moulin des Gourmands (family visits and events).<\/li>\n\n\n\n<li><strong>Festive atmosphere<\/strong> Mi-Car\u00eame, children's treasure hunt, Pourquoi Pas Festival (trad'-electro dance).<\/li>\n<\/ul>\n\n\n\n<p>\ud83d\udc49 A concentration of nature, culture and leisure activities just a few kilometres from Le Val de Vie campsite.<\/p>\n<\/div><\/div>\n\n\n\n<div style=\"height:30px\" aria-hidden=\"true\" class=\"wp-block-spacer\"><\/div>\n\n\n\n<div class=\"wp-block-media-text has-media-on-the-right is-stacked-on-mobile is-image-fill-element\"><div class=\"wp-block-media-text__content\">\n<h2 class=\"wp-block-heading\"><strong>1. Green interludes and sensory discoveries<\/strong><\/h2>\n\n\n\n<p>Do you love outdoor walks and surprises? The green heart of the Vend\u00e9e has everything you need, and it's just a few steps from your home.<a href=\"https:\/\/www.campingvaldevie.fr\/en\/accommodation\/\"> mobile home in Vend\u00e9e<\/a> !<\/p>\n\n\n\n<h3 class=\"wp-block-heading\"><strong>Philippe Perrocheau Park<\/strong><\/h3>\n\n\n\n<p>Start your trip with a visit to the <strong>Philippe Perrocheau Park<\/strong>. This botanical garden, accessible <strong>free of charge<\/strong>It's the perfect place for a sensory walk. The little ones will love it <strong>the play area<\/strong>. A moment of pure happiness for the whole family, just 13 km from our campsite!<\/p>\n\n\n\n<h3 class=\"wp-block-heading\"><strong>Ferme de la Boislivi\u00e8re<\/strong><\/h3>\n\n\n\n<p>Want to meet <strong>local producers<\/strong> ? Head for the <strong>Ferme de la Boislivi\u00e8re<\/strong>9 km from Le Val de Vie campsite! This is your chance to discover <strong>life on the farm<\/strong>to buy <strong>artisan products<\/strong> and take part in <strong>entertainment<\/strong>such as <em>Gourmet walk<\/em> or <em>Summer Evenings<\/em>.<\/p>\n\n\n\n<details>\n<summary>Read more<\/summary>\n<h3 class=\"wp-block-heading\"><strong>Pauline's garden<\/strong><\/h3>\n<p>An hour of <strong>guided tour<\/strong>Let yourself be carried away by the bucolic charm of the <strong>Pauline's garden<\/strong>A place of calm and serenity. Just 13.5 km from the Val de Vie, you'll enjoy <strong>seasonal herbs <\/strong>and<strong> edible flowers<\/strong>. This is one of the <strong>activities in Co\u00ebx <\/strong>which we warmly recommend for a <strong>an unusual afternoon in the Vend\u00e9e<\/strong> !<\/p>\n<h3 class=\"wp-block-heading\"><strong>Lake Gu\u00e9 Gorand<\/strong><\/h3>\n<p>Le <strong>Lake Gu\u00e9 Gorand<\/strong> awaits you for a relaxing break, 14.8 km from our establishment. This <strong>fishing spot <\/strong>is a haven of peace. You might come across <strong>rabbits<\/strong>and <strong>coypu <\/strong>or even <strong>black-headed gulls<\/strong> !<\/p>\n<\/details>\n<\/div><figure class=\"wp-block-media-text__media\"><img loading=\"lazy\" decoding=\"async\" width=\"1024\" height=\"682\" src=\"https:\/\/www.campingvaldevie.fr\/wp-content\/uploads\/2019\/07\/promenade-dansle-parc-IMG_4399-1024x682.jpg\" alt=\"A haven of greenery\" class=\"wp-image-13254 size-full\" style=\"object-position:50% 50%\" srcset=\"https:\/\/www.campingvaldevie.fr\/wp-content\/uploads\/2019\/07\/promenade-dansle-parc-IMG_4399-1024x682.jpg 1024w, https:\/\/www.campingvaldevie.fr\/wp-content\/uploads\/2019\/07\/promenade-dansle-parc-IMG_4399-300x200.jpg 300w, https:\/\/www.campingvaldevie.fr\/wp-content\/uploads\/2019\/07\/promenade-dansle-parc-IMG_4399-768x512.jpg 768w, https:\/\/www.campingvaldevie.fr\/wp-content\/uploads\/2019\/07\/promenade-dansle-parc-IMG_4399.jpg 1100w\" sizes=\"auto, (max-width: 1024px) 100vw, 1024px\" \/><\/figure><\/div>\n\n\n\n<div style=\"height:30px\" aria-hidden=\"true\" class=\"wp-block-spacer\"><\/div>\n\n\n\n<div class=\"wp-block-media-text is-stacked-on-mobile is-image-fill-element\"><figure class=\"wp-block-media-text__media\"><img loading=\"lazy\" decoding=\"async\" width=\"800\" height=\"533\" src=\"https:\/\/www.campingvaldevie.fr\/wp-content\/uploads\/2024\/08\/balade-a-velo-1.jpg\" alt=\"cycling in vend\u00e9e\" class=\"wp-image-25813 size-full\" style=\"object-position:50% 50%\" srcset=\"https:\/\/www.campingvaldevie.fr\/wp-content\/uploads\/2024\/08\/balade-a-velo-1.jpg 800w, https:\/\/www.campingvaldevie.fr\/wp-content\/uploads\/2024\/08\/balade-a-velo-1-300x200.jpg 300w, https:\/\/www.campingvaldevie.fr\/wp-content\/uploads\/2024\/08\/balade-a-velo-1-768x512.jpg 768w\" sizes=\"auto, (max-width: 800px) 100vw, 800px\" \/><\/figure><div class=\"wp-block-media-text__content\">\n<h2 class=\"wp-block-heading\"><strong>2. Hiking and cycling tours: the Vend\u00e9e at your own pace!<\/strong><\/h2>\n\n\n\n<p>Put on some good shoes or get on your bike <strong>bike<\/strong>because <strong>Co\u00ebx<\/strong> is a paradise for walkers! The commune has several <strong>circuits<\/strong> <strong>signposted <\/strong>for total immersion. The choice is yours!<\/p>\n\n\n\n<p>Why not try the <strong>Audardi\u00e8re circuit<\/strong>an easy route lasting around 2h30? For the more athletic, the <strong>Ligneron loop <\/strong>promises 3h30 of adventure. Other trails are popular with physically fit holidaymakers, such as those of the <strong>Lakes of Gu\u00e9 Gorand <\/strong>or the <strong>Lac du Jaunay<\/strong>.<\/p>\n\n\n\n<p>All these routes are perfect for discovering the <strong>campaign<\/strong>the <strong>forests <\/strong>and <strong>ponds <\/strong>around. What better way to get away from it all and stay in shape on holiday than by taking part in these activities? <strong>activities in Co\u00ebx<\/strong> ?<\/p>\n\n\n\n<p><strong>Council<\/strong> don't forget your <strong>bottle <\/strong>and a <strong>card <\/strong>! Although the courses are magnificent, some are not very popular and a good day's outing is essential. <strong>guide<\/strong> can make all the difference.<\/p>\n<\/div><\/div>\n\n\n\n<div style=\"height:30px\" aria-hidden=\"true\" class=\"wp-block-spacer\"><\/div>\n\n\n\n<div class=\"wp-block-media-text has-media-on-the-right is-stacked-on-mobile is-image-fill-element\"><div class=\"wp-block-media-text__content\">\n<h2 class=\"wp-block-heading\"><strong>3. Time travel: heritage and local history<\/strong><\/h2>\n\n\n\n<p><strong>Co\u00ebx <\/strong>is more than just its landscapes, its <strong>heritage <\/strong>is well worth the diversions!<\/p>\n\n\n\n<p>Enter the<strong>Notre-Dame-de-l'Assomption church<\/strong>nestling in the village itself. This <strong>Gothic building<\/strong>The church, 12 km from the campsite, is well worth a visit. Admire its architecture and the stained glass windows by Louis Mazetier.<\/p>\n\n\n\n<p>For an outing that's sure to please <strong>children<\/strong>to the <strong>Moulin des Gourmands<\/strong> ! 19 km from our<a href=\"https:\/\/www.campingvaldevie.fr\/en\/camping-coex\/\"> campsite near Co\u00ebx<\/a>this <strong>mill still in operation <\/strong>offers <strong>fascinating guided tours<\/strong>. According to many <strong>opinion<\/strong>The explanations are clear and fun. You can even taste the flour at different stages of refining. This is a<strong> complete immersion in the rural and technical heritage of the Vend\u00e9e<\/strong>. A great <strong>park<\/strong> <strong>games,<\/strong> from <strong>picnic tables <\/strong>and a <strong>pizzeria <\/strong>complete the package. An excellent idea for an outing that won't hurt your wallet. This is one of our <strong>Favourite things to do in Co\u00ebx<\/strong> !<\/p>\n<\/div><figure class=\"wp-block-media-text__media\"><img loading=\"lazy\" decoding=\"async\" width=\"1024\" height=\"682\" src=\"https:\/\/www.campingvaldevie.fr\/wp-content\/uploads\/2018\/02\/eglise-notre-dame-de-bon-port-IMG_1948-1024x682.jpg\" alt=\"Notre-Dame-de-l&#039;Assomption church\" class=\"wp-image-1877 size-full\" style=\"object-position:50% 50%\" srcset=\"https:\/\/www.campingvaldevie.fr\/wp-content\/uploads\/2018\/02\/eglise-notre-dame-de-bon-port-IMG_1948-1024x682.jpg 1024w, https:\/\/www.campingvaldevie.fr\/wp-content\/uploads\/2018\/02\/eglise-notre-dame-de-bon-port-IMG_1948-300x200.jpg 300w, https:\/\/www.campingvaldevie.fr\/wp-content\/uploads\/2018\/02\/eglise-notre-dame-de-bon-port-IMG_1948-768x512.jpg 768w, https:\/\/www.campingvaldevie.fr\/wp-content\/uploads\/2018\/02\/eglise-notre-dame-de-bon-port-IMG_1948.jpg 1100w\" sizes=\"auto, (max-width: 1024px) 100vw, 1024px\" \/><\/figure><\/div>\n\n\n\n<div style=\"height:30px\" aria-hidden=\"true\" class=\"wp-block-spacer\"><\/div>\n\n\n\n<div class=\"wp-block-media-text is-stacked-on-mobile is-image-fill-element\"><figure class=\"wp-block-media-text__media\"><img loading=\"lazy\" decoding=\"async\" width=\"700\" height=\"700\" src=\"https:\/\/www.campingvaldevie.fr\/wp-content\/uploads\/2023\/01\/camping-ideal-famille-vendee.jpg\" alt=\"Ideal family campsite Vend\u00e9e\" class=\"wp-image-20621 size-full\" style=\"object-position:50% 50%\" srcset=\"https:\/\/www.campingvaldevie.fr\/wp-content\/uploads\/2023\/01\/camping-ideal-famille-vendee.jpg 700w, https:\/\/www.campingvaldevie.fr\/wp-content\/uploads\/2023\/01\/camping-ideal-famille-vendee-300x300.jpg 300w, https:\/\/www.campingvaldevie.fr\/wp-content\/uploads\/2023\/01\/camping-ideal-famille-vendee-150x150.jpg 150w\" sizes=\"auto, (max-width: 700px) 100vw, 700px\" \/><\/figure><div class=\"wp-block-media-text__content\">\n<h2 class=\"wp-block-heading\"><strong><strong>4. Fun and entertainment for all the family<\/strong><\/strong><\/h2>\n\n\n\n<p>The dynamism of <strong>Co\u00ebx <\/strong>is also reflected in its <strong>events <\/strong>and its <strong>entertainment <\/strong>! Here are some of our favourites, especially for families looking for leisure and adventure.<\/p>\n\n\n\n<h3 class=\"wp-block-heading\"><strong>Lent in Co\u00ebx<\/strong><\/h3>\n\n\n\n<p><strong>Lent in Co\u00ebx <\/strong>is a<strong> annual event <\/strong>in this town in the Vend\u00e9e! This<strong> popular festival<\/strong>born in <strong>1956<\/strong>attracts many visitors who come to admire the <strong>float parades<\/strong> and take advantage of <strong>entertainment<\/strong>.<\/p>\n\n\n\n<h3 class=\"wp-block-heading\"><strong>Trail games<\/strong><\/h3>\n\n\n\n<p>If you fancy a <strong>fun activities for children<\/strong>the \"<em>Louise and the witch of Gu\u00e9 Gorand treasure hunt<\/em>\"is for you! Organised by <strong>Tourist Office<\/strong>This discovery tour is aimed at families with young children.<strong> children aged 7 to 12<\/strong>. Find the game at <strong>Co\u00ebx town hall<\/strong> for \u20ac3 (guide price).<\/p>\n\n\n\n<details>\n<summary>Read more<\/summary>\n<h3 class=\"wp-block-heading\"><strong>The Pourquoi Pas Festival<\/strong><\/h3>\n<p>This <strong>festive event<\/strong> blends tradition and modernity <strong>Co\u00ebx <\/strong>! Let yourself be carried away by <strong>trad'-electro ball<\/strong>. You will discover <strong>dances from the Marais Breton and Poitou regions<\/strong>The show features a mix of traditional instruments and contemporary sounds. The \" <em>Big hoof<\/em> \"A poetic electronic touch. Please note that this event is open to <strong>from 7 years<\/strong>and<strong> reservation is required<\/strong>.<\/p>\n<p>To make sure you don't miss anything, visit the<a href=\"https:\/\/www.payssaintgilles-tourisme.fr\/preparer-son-sejour\/agenda-et-animations\/tout-lagenda\/\"> local calendar or the Tourist Office<\/a> to find out the exact dates of these <strong>activities in Co\u00ebx<\/strong>.<\/p>\n<p>You dream of <strong>holidays in Vend\u00e9e <\/strong>where nature, discovery and relaxation meet? Your <strong>your pitch or mobile home <\/strong>are waiting for you in our<strong> camping Le Val de Vie<\/strong>. <strong>Book your stay <\/strong>and enjoy a <strong>heated swimming pool <\/strong>and a setting that will make you want to discover <strong>Co\u00ebx <\/strong>and other surrounding towns.<\/p>\n<\/details>\n<\/div><\/div>\n\n\n\n<div style=\"height:30px\" aria-hidden=\"true\" class=\"wp-block-spacer\"><\/div>","protected":false},"excerpt":{"rendered":"<p>Oubliez la foule et les destinations ultra-touristiques ! Et si vous mettiez le cap sur Co\u00ebx ? Nich\u00e9 \u00e0 12 km de notre camping 4 \u00e9toiles en Vend\u00e9e, Le Val de Vie, ce poumon du Pays de Saint-Gilles vous promet une grande bouff\u00e9e d&rsquo;oxyg\u00e8ne. M\u00eame son nom, issu du celte \u00ab\u00a0co\u00ebt\u00a0\u00bb (le bois), est une [&hellip;]<\/p>\n","protected":false},"author":2,"featured_media":0,"parent":0,"menu_order":0,"comment_status":"closed","ping_status":"closed","template":"","meta":{"_seopress_robots_primary_cat":"","_seopress_titles_title":"Activit\u00e9s \u00e0 Co\u00ebx : top 4 \u00e0 faire pr\u00e8s du camping en Vend\u00e9e","_seopress_titles_desc":"D\u00e9couvrez les meilleures activit\u00e9s \u00e0 Co\u00ebx pr\u00e8s de notre camping 4\u2605 : nature, patrimoine, randonn\u00e9es et festivals. Id\u00e9al pour des vacances au calme en Vend\u00e9e !","_seopress_robots_index":"","footnotes":""},"class_list":["post-26591","page","type-page","status-publish","hentry"],"_links":{"self":[{"href":"https:\/\/www.campingvaldevie.fr\/en\/wp-json\/wp\/v2\/pages\/26591","targetHints":{"allow":["GET"]}}],"collection":[{"href":"https:\/\/www.campingvaldevie.fr\/en\/wp-json\/wp\/v2\/pages"}],"about":[{"href":"https:\/\/www.campingvaldevie.fr\/en\/wp-json\/wp\/v2\/types\/page"}],"author":[{"embeddable":true,"href":"https:\/\/www.campingvaldevie.fr\/en\/wp-json\/wp\/v2\/users\/2"}],"replies":[{"embeddable":true,"href":"https:\/\/www.campingvaldevie.fr\/en\/wp-json\/wp\/v2\/comments?post=26591"}],"version-history":[{"count":5,"href":"https:\/\/www.campingvaldevie.fr\/en\/wp-json\/wp\/v2\/pages\/26591\/revisions"}],"predecessor-version":[{"id":26619,"href":"https:\/\/www.campingvaldevie.fr\/en\/wp-json\/wp\/v2\/pages\/26591\/revisions\/26619"}],"wp:attachment":[{"href":"https:\/\/www.campingvaldevie.fr\/en\/wp-json\/wp\/v2\/media?parent=26591"}],"curies":[{"name":"wp","href":"https:\/\/api.w.org\/{rel}","templated":true}]}}