{"id":26606,"date":"2024-09-14T11:32:00","date_gmt":"2024-09-14T09:32:00","guid":{"rendered":"https:\/\/www.campingvaldevie.fr\/?page_id=26606"},"modified":"2025-09-22T14:52:30","modified_gmt":"2025-09-22T12:52:30","slug":"clisson","status":"publish","type":"page","link":"https:\/\/www.campingvaldevie.fr\/en\/clisson\/","title":{"rendered":"Clisson"},"content":{"rendered":"<p class=\"translation-block\"><strong>Clisson<\/strong>, located just a stone's throw from Nantes, is a must-see town in the region. Stretching along the S\u00e8vre nantaise, the town offers an enchanting setting for a visit to the heart of the valley. During your visit, you'll enjoy <strong>walks along the banks of the S\u00e8vre<\/strong>, breathtaking views of the <strong>medieval castle of Clisson<\/strong> and markets to discover. You can also stroll through Clisson's <strong>parks<\/strong>, such as Garenne Lemot, while admiring the surrounding valley and vineyards.<\/p>\n\n\n\n<p class=\"translation-block\">Fancy a <strong>camping holiday near Clisson<\/strong>? Discover our <a href=\"https:\/\/www.campingvaldevie.fr\/en\/\" target=\"_self\">4-star campsite in Vend\u00e9e<\/a> Le Val de Vie and book your accommodation less than an hour from the <strong>town of Clisson<\/strong>.<br><\/p>\n\n\n\n<div style=\"height:30px\" aria-hidden=\"true\" class=\"wp-block-spacer\"><\/div>\n\n\n\n<div class=\"wp-block-media-text is-stacked-on-mobile is-image-fill-element\"><figure class=\"wp-block-media-text__media\"><img loading=\"lazy\" decoding=\"async\" width=\"700\" height=\"500\" src=\"https:\/\/www.campingvaldevie.fr\/wp-content\/uploads\/2024\/09\/chateau-clisson.jpg\" alt=\"\" class=\"wp-image-25923 size-full\" style=\"object-position:50% 50%\" srcset=\"https:\/\/www.campingvaldevie.fr\/wp-content\/uploads\/2024\/09\/chateau-clisson.jpg 700w, https:\/\/www.campingvaldevie.fr\/wp-content\/uploads\/2024\/09\/chateau-clisson-300x214.jpg 300w\" sizes=\"auto, (max-width: 700px) 100vw, 700px\" \/><\/figure><div class=\"wp-block-media-text__content\">\n<h2 class=\"wp-block-heading\">Flavours and gastronomy: the Clissonnais culinary experience meets Vend\u00e9e<\/h2>\n\n\n\n<p class=\"translation-block\"><strong>Clisson<\/strong> is not only famous for its natural setting, but also for its restaurants and specialities. In the shadow of its <strong>ch\u00e2teau and along the banks of the S\u00e8vre<\/strong>, Clisson's restaurants offer refined cuisine that pays tribute to local produce. From tasting the wines of the Nantes vineyards to discovering typical dishes in local restaurants, every <strong>visit to Clisson<\/strong> is an invitation to savour the region's culinary riches.<\/p>\n\n\n\n<p class=\"translation-block\">Make the most of your <strong>stay in Clisson<\/strong> for a Challans duck accompanied by Nantes lamb's lettuce. You'll also enjoy Muscadet and petit beurre, a Nantes speciality.<\/p>\n\n\n\n<p class=\"translation-block\">Looking for a <strong>restaurant in Clisson<\/strong>? Opt for the restaurant de la Call\u00e9e or La cascade.<\/p>\n<\/div><\/div>\n\n\n\n<div style=\"height:30px\" aria-hidden=\"true\" class=\"wp-block-spacer\"><\/div>\n\n\n\n<div class=\"wp-block-media-text has-media-on-the-right is-stacked-on-mobile is-image-fill-element\"><div class=\"wp-block-media-text__content\">\n<h2 class=\"wp-block-heading\">From Saint-Hilaire de Riez to Clisson: tourist itinerary for a memorable trip<\/h2>\n\n\n\n<p class=\"translation-block\">Starting from <a href=\"https:\/\/www.campingvaldevie.fr\/en\/saint-hilaire-de-riez\/\" target=\"_self\">Saint Hilaire de Riez<\/a><strong> <\/strong>to<strong> Clisson<\/strong>, this route offers a unique journey through one of France's most beautiful regions. Skirting the Vend\u00e9e coast and then heading inland, the route takes you from beaches to hills overlooking a Nantes vineyard. In Clisson, the ch\u00e2teau overlooking the S\u00e8vre valley welcomes visitors with its timeless charm.<\/p>\n\n\n\n<p class=\"translation-block\">Holidaymakers can explore iconic sites such as the <strong>point Saint-Antoine<\/strong> or the Templiers chapel. Enjoy a guided tour of a vineyard (the Cognettes estates, for example) and round off the day with dinner at one of the town's many restaurants, such as Villa Toto or La Courtine.<\/p>\n<\/div><figure class=\"wp-block-media-text__media\"><img loading=\"lazy\" decoding=\"async\" width=\"700\" height=\"500\" src=\"https:\/\/www.campingvaldevie.fr\/wp-content\/uploads\/2024\/09\/cote-vendee.jpg\" alt=\"\" class=\"wp-image-25914 size-full\" style=\"object-position:50% 50%\" srcset=\"https:\/\/www.campingvaldevie.fr\/wp-content\/uploads\/2024\/09\/cote-vendee.jpg 700w, https:\/\/www.campingvaldevie.fr\/wp-content\/uploads\/2024\/09\/cote-vendee-300x214.jpg 300w\" sizes=\"auto, (max-width: 700px) 100vw, 700px\" \/><\/figure><\/div>\n\n\n\n<div style=\"height:30px\" aria-hidden=\"true\" class=\"wp-block-spacer\"><\/div>\n\n\n\n<div class=\"wp-block-media-text is-stacked-on-mobile is-image-fill-element\"><figure class=\"wp-block-media-text__media\"><img loading=\"lazy\" decoding=\"async\" width=\"700\" height=\"300\" src=\"https:\/\/www.campingvaldevie.fr\/wp-content\/uploads\/2024\/09\/hellfest.jpg\" alt=\"hellfest\" class=\"wp-image-25901 size-full\" style=\"object-position:50% 50%\" srcset=\"https:\/\/www.campingvaldevie.fr\/wp-content\/uploads\/2024\/09\/hellfest.jpg 700w, https:\/\/www.campingvaldevie.fr\/wp-content\/uploads\/2024\/09\/hellfest-300x129.jpg 300w\" sizes=\"auto, (max-width: 700px) 100vw, 700px\" \/><\/figure><div class=\"wp-block-media-text__content\">\n<h2 class=\"wp-block-heading\">Events and cultural life in Clisson: a rich offering for fans of cultural tourism<\/h2>\n\n\n\n<p class=\"translation-block\"><strong>Clisson <\/strong>attracts with its rich culture and events that set the pace for local life throughout the year. Among the not-to-be-missed events, the <strong>Hellfest<\/strong> festival attracts visitors from all over France and beyond. But Clisson isn't just about this major music event: the town is also the scene of classical music festivals, craft markets, and numerous exhibitions.<\/p>\n\n\n\n<p>There are also many guided tours, including the church and bell tower of Notre-Dame de Clisson and the Nid D'oie mill. Check out the calendar of events to find out what's on when you're in Clisson.<\/p>\n<\/div><\/div>\n\n\n\n<div style=\"height:30px\" aria-hidden=\"true\" class=\"wp-block-spacer\"><\/div>\n\n\n\n<div class=\"wp-block-media-text has-media-on-the-right is-stacked-on-mobile is-image-fill-element\"><div class=\"wp-block-media-text__content\">\n<h2 class=\"wp-block-heading\">Clisson autrement: tips and tricks for original and authentic tourism<\/h2>\n\n\n\n<p class=\"translation-block\">For a <strong>unique stay in Clisson<\/strong>, organise your excursion so you don't miss a thing. It's possible to explore the town in a different way thanks to unusual activities and itineraries off the beaten track. The <strong>personalised guided tours<\/strong> allow you to discover the secrets of the <strong>ch\u00e2teau de Clisson<\/strong>, its historical anecdotes and its hidden gardens. What's more, a <strong>canoe trip<\/strong> on the S\u00e8vre offers a different perspective of the town.<\/p>\n\n\n\n<p class=\"translation-block\">You can also opt for a private tasting in the <strong>heart of a vineyard<\/strong> or a picnic in the countryside.<\/p>\n\n\n\n<p class=\"translation-block\"><strong>Clisson<\/strong> is establishing itself as a top tourist destination in France, combining history, nature, and gastronomy. Its landscapes, vineyards, and iconic <strong>ch\u00e2teau<\/strong> offer you a visit out of time.<\/p>\n\n\n\n<p class=\"translation-block\">Make the most of your stay at our Le Val de Vie campsite to <strong>discover Clisson<\/strong> and the surrounding area. Book your <a href=\"https:\/\/www.campingvaldevie.fr\/en\/accommodation\/\" target=\"_self\">mobile home rental in the Vend\u00e9e<\/a> without delay, you'll appreciate the comfort with our <a href=\"https:\/\/www.campingvaldevie.fr\/en\/the-pool\/\" target=\"_self\">covered swimming pool in the heart of the Vend\u00e9e<\/a> and the proximity to the region's most beautiful towns. <strong>Clisson<\/strong> has an unforgettable experience in store for its visitors in an enchanting setting in the <strong>heart of the S\u00e8vre Valley<\/strong>.<\/p>\n<\/div><figure class=\"wp-block-media-text__media\"><img loading=\"lazy\" decoding=\"async\" width=\"700\" height=\"500\" src=\"https:\/\/www.campingvaldevie.fr\/wp-content\/uploads\/2024\/09\/canoee-sevre.jpg\" alt=\"\" class=\"wp-image-25918 size-full\" style=\"object-position:50% 50%\" srcset=\"https:\/\/www.campingvaldevie.fr\/wp-content\/uploads\/2024\/09\/canoee-sevre.jpg 700w, https:\/\/www.campingvaldevie.fr\/wp-content\/uploads\/2024\/09\/canoee-sevre-300x214.jpg 300w\" sizes=\"auto, (max-width: 700px) 100vw, 700px\" \/><\/figure><\/div>\n\n\n\n<div style=\"height:30px\" aria-hidden=\"true\" class=\"wp-block-spacer\"><\/div>","protected":false},"excerpt":{"rendered":"<p>Clisson, situ\u00e9e \u00e0 quelques encablures de Nantes, est une ville incontournable de la r\u00e9gion. S&rsquo;\u00e9tirant le long de la S\u00e8vre nantaise, la ville offre un cadre enchanteur pour une visite au c\u0153ur de la vall\u00e9e. Pendant votre visite, vous appr\u00e9cierez les promenades au bord de la S\u00e8vre, les vues imprenables sur le ch\u00e2teau m\u00e9di\u00e9val de [&hellip;]<\/p>\n","protected":false},"author":4,"featured_media":0,"parent":0,"menu_order":0,"comment_status":"closed","ping_status":"closed","template":"","meta":{"_seopress_robots_primary_cat":"","_seopress_titles_title":"Clisson : Ville m\u00e9di\u00e9vale avec un peu d'Italie en Vend\u00e9e","_seopress_titles_desc":"Plongez dans l\u2019histoire de Clisson, une charmante ville au style italien nich\u00e9e en Loire-Atlantique. Explorez son ch\u00e2teau m\u00e9di\u00e9val, ses jardins pittoresques et vivez une exp\u00e9rience unique au c\u0153ur du vignoble nantais.","_seopress_robots_index":"","footnotes":""},"class_list":["post-26606","page","type-page","status-publish","hentry"],"_links":{"self":[{"href":"https:\/\/www.campingvaldevie.fr\/en\/wp-json\/wp\/v2\/pages\/26606","targetHints":{"allow":["GET"]}}],"collection":[{"href":"https:\/\/www.campingvaldevie.fr\/en\/wp-json\/wp\/v2\/pages"}],"about":[{"href":"https:\/\/www.campingvaldevie.fr\/en\/wp-json\/wp\/v2\/types\/page"}],"author":[{"embeddable":true,"href":"https:\/\/www.campingvaldevie.fr\/en\/wp-json\/wp\/v2\/users\/4"}],"replies":[{"embeddable":true,"href":"https:\/\/www.campingvaldevie.fr\/en\/wp-json\/wp\/v2\/comments?post=26606"}],"version-history":[{"count":1,"href":"https:\/\/www.campingvaldevie.fr\/en\/wp-json\/wp\/v2\/pages\/26606\/revisions"}],"predecessor-version":[{"id":26613,"href":"https:\/\/www.campingvaldevie.fr\/en\/wp-json\/wp\/v2\/pages\/26606\/revisions\/26613"}],"wp:attachment":[{"href":"https:\/\/www.campingvaldevie.fr\/en\/wp-json\/wp\/v2\/media?parent=26606"}],"curies":[{"name":"wp","href":"https:\/\/api.w.org\/{rel}","templated":true}]}}