{"id":1440,"date":"2018-01-10T14:02:58","date_gmt":"2018-01-10T13:02:58","guid":{"rendered":"https:\/\/www.campingvaldevie.fr\/?page_id=1440"},"modified":"2024-09-16T13:56:25","modified_gmt":"2024-09-16T11:56:25","slug":"stad-van-nantes","status":"publish","type":"page","link":"https:\/\/www.campingvaldevie.fr\/nl\/tourisme-vendee\/ville-de-nantes\/","title":{"rendered":"Nantes"},"content":{"rendered":"<p class=\"translation-block\">Droom je ervan om <strong>de Pays de la Loire<\/strong> te ontdekken? Bezoek dan zeker <strong>Nantes<\/strong> tijdens je verblijf. Deze stad in het westen van Frankrijk heeft een aantal prachtige verrassingen voor u in petto tijdens uw reis. Elke wijk onthult zijn wonderen en biedt je een uitzonderlijke week. Om niets te missen van deze stad aan de oevers van de Loire, onthult onze<a href=\"\/nl\/\" target=\"_self\"> 4-sterrencamping in de Vend\u00e9e<\/a> de bezienswaardigheden die je moet bezoeken met je gezin en kinderen, je vrienden of je geliefden!<\/p>\n\n\n\n<div style=\"height:30px\" aria-hidden=\"true\" class=\"wp-block-spacer\"><\/div>\n\n\n\n<div class=\"wp-block-media-text is-stacked-on-mobile is-image-fill\"><figure class=\"wp-block-media-text__media\" style=\"background-image:url(https:\/\/www.campingvaldevie.fr\/wp-content\/uploads\/2023\/11\/chateau-des-ducs-nantes.jpg);background-position:50% 50%\"><img loading=\"lazy\" decoding=\"async\" width=\"1024\" height=\"683\" src=\"https:\/\/www.campingvaldevie.fr\/wp-content\/uploads\/2023\/11\/chateau-des-ducs-nantes.jpg\" alt=\"kasteel van hertogen van nantes\" class=\"wp-image-22681 size-full\" srcset=\"https:\/\/www.campingvaldevie.fr\/wp-content\/uploads\/2023\/11\/chateau-des-ducs-nantes.jpg 1024w, https:\/\/www.campingvaldevie.fr\/wp-content\/uploads\/2023\/11\/chateau-des-ducs-nantes-300x200.jpg 300w, https:\/\/www.campingvaldevie.fr\/wp-content\/uploads\/2023\/11\/chateau-des-ducs-nantes-768x512.jpg 768w\" sizes=\"auto, (max-width: 1024px) 100vw, 1024px\" \/><\/figure><div class=\"wp-block-media-text__content\">\n<h2 class=\"wp-block-heading\">Het kasteel van de hertogen<\/h2>\n\n\n\n<p class=\"translation-block\">Het <strong>Ch\u00e2teau des Ducs de Bretagne <\/strong> is een emblematisch monument in Nantes dat getuigt van de Franse en Bretonse geschiedenis. Dit majestueuze bouwwerk was de belangrijkste residentie van de hertogen van Bretagne tussen de 13e en 16e eeuw. Vandaag de dag herbergt dit versterkte kasteel met zijn imposante muren en robuuste torens het <strong>Mus\u00e9e d'histoire de Nantes<\/strong>. Dit museum vertelt de geschiedenis van de stad aan de hand van boeiende tentoonstellingen, van de middeleeuwen tot nu. Bezoekers kunnen de vestingmuren verkennen om het panoramische uitzicht over de stad te bewonderen en een reis door de tijd te maken.<\/p>\n\n\n\n<h2 class=\"wp-block-heading\">De Lu-toren<\/h2>\n\n\n\n<p class=\"translation-block\">De <strong>Tour Lu <\/strong> is een symbool van industri\u00eble en culturele innovatie in <strong>Nantes <\/strong> dat je absoluut moet ontdekken tijdens je verblijf in het westen van Frankrijk. Het werd gebouwd in het begin van de 20e eeuw en maakte oorspronkelijk deel uit van de fabriek waar de beroemde Lu-koekjes werden gemaakt. Vandaag de dag dient het als een cultureel baken voor de stad, waar kunsttentoonstellingen, optredens en gemeenschapsevenementen plaatsvinden. Het symboliseert de transformatie van Nantes van een industrieel centrum naar een broeinest van creativiteit en innovatie.<\/p>\n<\/div><\/div>\n\n\n\n<div style=\"height:30px\" aria-hidden=\"true\" class=\"wp-block-spacer\"><\/div>\n\n\n\n<div class=\"wp-block-media-text has-media-on-the-right is-stacked-on-mobile is-image-fill\"><div class=\"wp-block-media-text__content\">\n<h2 class=\"wp-block-heading\">Sint-Pieter en Sint-Pauluskathedraal<\/h2>\n\n\n\n<p class=\"translation-block\">De <strong>Cath\u00e9drale Saint-Pierre-et-Saint-Paul de Nantes<\/strong> is een meesterwerk van gotische architectuur. Begonnen in de 15e eeuw, werd de bouw voltooid in de 19e eeuw. De imposante torens, hoge gewelven en prachtige gebrandschilderde ramen vertellen passages uit de bijbelse en regionale geschiedenis. Het interieur van de kathedraal, met zijn grandioze altaar, gedetailleerde beeldhouwwerken en monumentale orgel, biedt een ruimte voor contemplatie en verwondering die een must is tijdens je weekend in <strong>Nantes<\/strong>.<\/p>\n\n\n\n<h2 class=\"wp-block-heading\">De Jardin des Plantes<\/h2>\n\n\n\n<p>Le <strong>Botanische tuinen van Nantes <\/strong>is een groene omgeving in het hart van de stad die dienst doet als botanisch onderzoekscentrum. Met een oppervlakte van meer dan zeven hectare is deze historische tuin, aangelegd in de 19e eeuw, een viering van plantendiversiteit en landschapskunst. Met zijn kronkelende paden, kleurrijke bloemperken, exotische kassen en plantensculpturen biedt de tuin een meeslepende ervaring voor natuurliefhebbers. De Jardin des Plantes speelt ook een belangrijke educatieve rol door het publiek bewust te maken van biodiversiteit en milieukwesties.<\/p>\n<\/div><figure class=\"wp-block-media-text__media\" style=\"background-image:url(https:\/\/www.campingvaldevie.fr\/wp-content\/uploads\/2023\/11\/jardin-des-plantes-nantes.jpg);background-position:50% 50%\"><img loading=\"lazy\" decoding=\"async\" width=\"1024\" height=\"683\" src=\"https:\/\/www.campingvaldevie.fr\/wp-content\/uploads\/2023\/11\/jardin-des-plantes-nantes.jpg\" alt=\"jardin des plantes nantes\" class=\"wp-image-22685 size-full\" srcset=\"https:\/\/www.campingvaldevie.fr\/wp-content\/uploads\/2023\/11\/jardin-des-plantes-nantes.jpg 1024w, https:\/\/www.campingvaldevie.fr\/wp-content\/uploads\/2023\/11\/jardin-des-plantes-nantes-300x200.jpg 300w, https:\/\/www.campingvaldevie.fr\/wp-content\/uploads\/2023\/11\/jardin-des-plantes-nantes-768x512.jpg 768w\" sizes=\"auto, (max-width: 1024px) 100vw, 1024px\" \/><\/figure><\/div>\n\n\n\n<div style=\"height:30px\" aria-hidden=\"true\" class=\"wp-block-spacer\"><\/div>\n\n\n\n<div class=\"wp-block-media-text is-stacked-on-mobile is-image-fill\"><figure class=\"wp-block-media-text__media\" style=\"background-image:url(https:\/\/www.campingvaldevie.fr\/wp-content\/uploads\/2023\/11\/machines-de-ile-nantes.jpg);background-position:50% 50%\"><img loading=\"lazy\" decoding=\"async\" width=\"1024\" height=\"683\" src=\"https:\/\/www.campingvaldevie.fr\/wp-content\/uploads\/2023\/11\/machines-de-ile-nantes.jpg\" alt=\"machine de l&#039;ile nantes\" class=\"wp-image-22689 size-full\" srcset=\"https:\/\/www.campingvaldevie.fr\/wp-content\/uploads\/2023\/11\/machines-de-ile-nantes.jpg 1024w, https:\/\/www.campingvaldevie.fr\/wp-content\/uploads\/2023\/11\/machines-de-ile-nantes-300x200.jpg 300w, https:\/\/www.campingvaldevie.fr\/wp-content\/uploads\/2023\/11\/machines-de-ile-nantes-768x512.jpg 768w\" sizes=\"auto, (max-width: 1024px) 100vw, 1024px\" \/><\/figure><div class=\"wp-block-media-text__content\">\n<h2 class=\"wp-block-heading\">Machines van het eiland<\/h2>\n\n\n\n<p class=\"translation-block\">De <strong>Machines de l'\u00cele <\/strong> zijn een van de must-see attracties van Nantes. Gelegen op de voormalige scheepswerven, versmelten deze gigantische creaties, ge\u00efnspireerd door de wereld van Jules Verne en de techniek van Leonardo da Vinci, kunst, technologie en dromen. De 12 meter hoge Grote Olifant is het meest emblematische voorbeeld en biedt bezoekers een onvergetelijke rit. Het project, dat ook de <strong>Carrousel des Mondes Marins<\/strong> en de <strong>Arbre aux H\u00e9rons<\/strong> omvat, belichaamt de geest van innovatie en creativiteit die kenmerkend is voor Nantes en brengt tegelijkertijd hulde aan haar industri\u00eble en literaire verleden.<\/p>\n\n\n\n<h2 class=\"wp-block-heading\">Het eiland van Versailles<\/h2>\n\n\n\n<p>L'<strong>Versailles eiland<\/strong>gelegen aan de rivier de Erdre in het westen van Frankrijk, is een stedelijke oase ge\u00efnspireerd door de sereniteit van Japanse tuinen. Het eiland werd in de 19e eeuw kunstmatig aangelegd en is uitgegroeid tot een favoriete plek van ontspanning voor zowel inwoners als bezoekers van Nantes. De tuin, met zijn vijvers, bruggen, rotsen en zorgvuldig onderhouden vegetatie, biedt een vredige, meditatieve omgeving. Het eiland is ook de thuisbasis van de<strong> Maison de l'Erdre<\/strong>Een centrum voor informatie over het ecosysteem van de rivier en een tentoonstellingsruimte, die de link tussen natuur, cultuur en educatie versterkt.<\/p>\n<\/div><\/div>\n\n\n\n<div style=\"height:30px\" aria-hidden=\"true\" class=\"wp-block-spacer\"><\/div>\n\n\n\n<div class=\"wp-block-media-text has-media-on-the-right is-stacked-on-mobile is-image-fill\"><div class=\"wp-block-media-text__content\">\n<h2 class=\"wp-block-heading\">Musea in de stad Nantes<\/h2>\n\n\n\n<p class=\"translation-block\"><strong>Nantes<\/strong> is de thuisbasis van verschillende musea die de rijke cultuur en geschiedenis van de stad weerspiegelen. Het <strong>Mus\u00e9e Jules Verne<\/strong>, gelegen op de hoogten van de stad, is gewijd aan de schrijver die beroemd is om zijn sciencefictionromans. Het beschikt over manuscripten, persoonlijke voorwerpen en illustraties die bezoekers onderdompelen in zijn denkbeeldige wereld. Het <strong>Mus\u00e9e d'Histoire Naturelle de Nantes<\/strong>, met zijn eclectische collecties, biedt een reis door de natuur, terwijl het <strong>Mus\u00e9e de Nantes<\/strong>, gelegen in het Ch\u00e2teau des Ducs de Bretagne, de geschiedenis van de stad presenteert, van de middeleeuwen tot de hedendaagse periode.<\/p>\n\n\n\n<h2 class=\"wp-block-heading\">De wijk Bouffay<\/h2>\n\n\n\n<p>Le <strong>Bouffay wijk <\/strong>is het historische en middeleeuwse hart van Nantes. De smalle straatjes en oude gebouwen bruisen van geschiedenis en leven. Met zijn onafhankelijke boetiekjes, restaurants en caf\u00e9s is dit <strong>Wijk Nantes <\/strong>is een ware culturele en gastronomische smeltkroes. Bouffay staat ook bekend om het bruisende nachtleven, met talloze bars en clubs.&nbsp;<\/p>\n<\/div><figure class=\"wp-block-media-text__media\" style=\"background-image:url(https:\/\/www.campingvaldevie.fr\/wp-content\/uploads\/2023\/11\/place-bouffay-nantes.jpg);background-position:50% 50%\"><img loading=\"lazy\" decoding=\"async\" width=\"1024\" height=\"683\" src=\"https:\/\/www.campingvaldevie.fr\/wp-content\/uploads\/2023\/11\/place-bouffay-nantes.jpg\" alt=\"bouffay wijk nantes\" class=\"wp-image-22693 size-full\" srcset=\"https:\/\/www.campingvaldevie.fr\/wp-content\/uploads\/2023\/11\/place-bouffay-nantes.jpg 1024w, https:\/\/www.campingvaldevie.fr\/wp-content\/uploads\/2023\/11\/place-bouffay-nantes-300x200.jpg 300w, https:\/\/www.campingvaldevie.fr\/wp-content\/uploads\/2023\/11\/place-bouffay-nantes-768x512.jpg 768w\" sizes=\"auto, (max-width: 1024px) 100vw, 1024px\" \/><\/figure><\/div>\n\n\n\n<div style=\"height:30px\" aria-hidden=\"true\" class=\"wp-block-spacer\"><\/div>\n\n\n\n<div class=\"wp-block-media-text is-stacked-on-mobile is-image-fill\"><figure class=\"wp-block-media-text__media\" style=\"background-image:url(https:\/\/www.campingvaldevie.fr\/wp-content\/uploads\/2023\/11\/passage-pommeraye-nantes-1.jpg);background-position:50% 50%\"><img loading=\"lazy\" decoding=\"async\" width=\"1024\" height=\"683\" src=\"https:\/\/www.campingvaldevie.fr\/wp-content\/uploads\/2023\/11\/passage-pommeraye-nantes-1.jpg\" alt=\"doorgang pommeraye\" class=\"wp-image-22701 size-full\" srcset=\"https:\/\/www.campingvaldevie.fr\/wp-content\/uploads\/2023\/11\/passage-pommeraye-nantes-1.jpg 1024w, https:\/\/www.campingvaldevie.fr\/wp-content\/uploads\/2023\/11\/passage-pommeraye-nantes-1-300x200.jpg 300w, https:\/\/www.campingvaldevie.fr\/wp-content\/uploads\/2023\/11\/passage-pommeraye-nantes-1-768x512.jpg 768w\" sizes=\"auto, (max-width: 1024px) 100vw, 1024px\" \/><\/figure><div class=\"wp-block-media-text__content\">\n<h2 class=\"wp-block-heading\">Passage Pommeraye<\/h2>\n\n\n\n<p class=\"translation-block\">De <strong>Passage Pommeraye<\/strong> is een 19e-eeuwse winkelpassage in het hart van Nantes. Met zijn uitgebreide trappen, beeldhouwwerken, smeedijzeren balustrades en glazen dak is de passage meer dan alleen een plek om te winkelen: het is een kunstwerk. De winkels in de Passage bieden een verscheidenheid aan goederen, van designerkleding tot lokale souvenirs. De Passage Pommeraye getuigt van de elegantie en verfijning van de 19e eeuw en biedt een unieke winkelervaring in een historische en esthetische omgeving in Nantes.<\/p>\n\n\n\n<p class=\"translation-block\">Geniet van een unieke ervaring in de<strong>stad Nantes<\/strong> dankzij het rijke historische en culturele erfgoed. En om optimaal van deze reis te genieten, ontdek onze huuraanbiedingen in het westen van Frankrijk. Onze camping in de Vend\u00e9e verwelkomt je op zijn terrein en biedt je zowel rustgevende nachten als levendige dagen. U profiteert ook van een ideale geografische ligging, op slechts enkele kilometers van emblematische steden van Pays de la Loire zoals <a href=\"https:\/\/www.campingvaldevie.fr\/nl\/clisson\/\" target=\"_self\">Clisson<\/a>.<\/p>\n<\/div><\/div>","protected":false},"excerpt":{"rendered":"<p>Vous r\u00eavez de d\u00e9couvrir les Pays de la Loire ? Ne manquez pas de visiter Nantes lors de votre s\u00e9jour. Cette ville de l&rsquo;ouest de la France vous r\u00e9serve de belles surprises lors de votre voyage. Chaque quartier vous d\u00e9voile ses merveilles et vous offre une semaine d&rsquo;exception. Pour ne rien rater de cette commune [&hellip;]<\/p>\n","protected":false},"author":1,"featured_media":0,"parent":20275,"menu_order":0,"comment_status":"closed","ping_status":"closed","template":"","meta":{"_seopress_robots_primary_cat":"","_seopress_titles_title":"Visitez la ville de Nantes - Camping Vend\u00e9e","_seopress_titles_desc":"Lors de votre s\u00e9jour au camping du Val de Vie, profitez en pour visiter la ville de Nantes gr\u00e2ce \u00e0 la ligne verte","_seopress_robots_index":"","footnotes":""},"class_list":["post-1440","page","type-page","status-publish","hentry"],"_links":{"self":[{"href":"https:\/\/www.campingvaldevie.fr\/nl\/wp-json\/wp\/v2\/pages\/1440","targetHints":{"allow":["GET"]}}],"collection":[{"href":"https:\/\/www.campingvaldevie.fr\/nl\/wp-json\/wp\/v2\/pages"}],"about":[{"href":"https:\/\/www.campingvaldevie.fr\/nl\/wp-json\/wp\/v2\/types\/page"}],"author":[{"embeddable":true,"href":"https:\/\/www.campingvaldevie.fr\/nl\/wp-json\/wp\/v2\/users\/1"}],"replies":[{"embeddable":true,"href":"https:\/\/www.campingvaldevie.fr\/nl\/wp-json\/wp\/v2\/comments?post=1440"}],"version-history":[{"count":7,"href":"https:\/\/www.campingvaldevie.fr\/nl\/wp-json\/wp\/v2\/pages\/1440\/revisions"}],"predecessor-version":[{"id":25945,"href":"https:\/\/www.campingvaldevie.fr\/nl\/wp-json\/wp\/v2\/pages\/1440\/revisions\/25945"}],"up":[{"embeddable":true,"href":"https:\/\/www.campingvaldevie.fr\/nl\/wp-json\/wp\/v2\/pages\/20275"}],"wp:attachment":[{"href":"https:\/\/www.campingvaldevie.fr\/nl\/wp-json\/wp\/v2\/media?parent=1440"}],"curies":[{"name":"wp","href":"https:\/\/api.w.org\/{rel}","templated":true}]}}