{"id":1541,"date":"2018-01-15T16:09:23","date_gmt":"2018-01-15T15:09:23","guid":{"rendered":"https:\/\/www.campingvaldevie.fr\/?page_id=1541"},"modified":"2024-02-15T09:21:15","modified_gmt":"2024-02-15T08:21:15","slug":"de-grote-uitdaging","status":"publish","type":"page","link":"https:\/\/www.campingvaldevie.fr\/nl\/le-grand-defi\/","title":{"rendered":"De grote uitdaging"},"content":{"rendered":"<div class=\"wp-block-media-text alignwide is-stacked-on-mobile\"><figure class=\"wp-block-media-text__media\"><img loading=\"lazy\" decoding=\"async\" width=\"960\" height=\"640\" src=\"https:\/\/www.campingvaldevie.fr\/wp-content\/uploads\/2024\/02\/96.jpg\" alt=\"\" class=\"wp-image-23810 size-full\" srcset=\"https:\/\/www.campingvaldevie.fr\/wp-content\/uploads\/2024\/02\/96.jpg 960w, https:\/\/www.campingvaldevie.fr\/wp-content\/uploads\/2024\/02\/96-300x200.jpg 300w, https:\/\/www.campingvaldevie.fr\/wp-content\/uploads\/2024\/02\/96-768x512.jpg 768w\" sizes=\"auto, (max-width: 960px) 100vw, 960px\" \/><\/figure><div class=\"wp-block-media-text__content\">\n<h2 class=\"wp-block-heading\" id=\"parc-de-loisirs-proche-du-camping-en-vendee\">Recreatiepark in de buurt van de camping <\/h2>\n\n\n\n<p>Gelegen op 15 km van onze <a href=\"\/nl\/\">camping in Mach\u00e9<\/a>Dit natuurpark voor het hele gezin biedt een heleboel paden voor kinderen vanaf 2 jaar.<\/p>\n\n\n\n<p>Accrobranches met lange tokkelbanen over vijvers, paintball, discgolf, galactische laser, ori\u00ebntatieloop, ponyritjes en een sprong van de 18 meter hoge toren maken allemaal deel uit van een buitengewone ervaring. <\/p>\n\n\n\n<p>Op vertoon van ons polsbandje wordt korting gegeven. <\/p>\n\n\n\n<p>Ga voor meer informatie naar de volgende website: <a href=\"https:\/\/www.grand-defi.com\/\" data-type=\"link\" data-id=\"https:\/\/www.grand-defi.com\/\">https:\/\/www.grand-defi.com\/<\/a><\/p>\n<\/div><\/div>","protected":false},"excerpt":{"rendered":"<p>Parc de loisirs proche du camping Situ\u00e9e \u00e0 15 km de notre camping \u00e0 Mach\u00e9, ce parc de loisirs nature pour toute la famille vous propose une multitude de parcours \u00e0 partir de 2 ans. Accrobranches avec de grandes tyroliennes passant par-dessus des \u00e9tangs, paintball, disc golf, galactic laser, orientation, balade \u00e0 poney ainsi qu\u2019un [&hellip;]<\/p>\n","protected":false},"author":1,"featured_media":0,"parent":0,"menu_order":0,"comment_status":"closed","ping_status":"closed","template":"","meta":{"_seopress_robots_primary_cat":"","_seopress_titles_title":"Parc de loisirs proche du camping en Vend\u00e9e","_seopress_titles_desc":"Situ\u00e9e \u00e0 15 km de notre camping, ce parc de loisirs nature pour toute la famille vous propose une multitude de parcours \u00e0 partir de 2 ans.","_seopress_robots_index":"","footnotes":""},"class_list":["post-1541","page","type-page","status-publish","hentry"],"_links":{"self":[{"href":"https:\/\/www.campingvaldevie.fr\/nl\/wp-json\/wp\/v2\/pages\/1541","targetHints":{"allow":["GET"]}}],"collection":[{"href":"https:\/\/www.campingvaldevie.fr\/nl\/wp-json\/wp\/v2\/pages"}],"about":[{"href":"https:\/\/www.campingvaldevie.fr\/nl\/wp-json\/wp\/v2\/types\/page"}],"author":[{"embeddable":true,"href":"https:\/\/www.campingvaldevie.fr\/nl\/wp-json\/wp\/v2\/users\/1"}],"replies":[{"embeddable":true,"href":"https:\/\/www.campingvaldevie.fr\/nl\/wp-json\/wp\/v2\/comments?post=1541"}],"version-history":[{"count":7,"href":"https:\/\/www.campingvaldevie.fr\/nl\/wp-json\/wp\/v2\/pages\/1541\/revisions"}],"predecessor-version":[{"id":23840,"href":"https:\/\/www.campingvaldevie.fr\/nl\/wp-json\/wp\/v2\/pages\/1541\/revisions\/23840"}],"wp:attachment":[{"href":"https:\/\/www.campingvaldevie.fr\/nl\/wp-json\/wp\/v2\/media?parent=1541"}],"curies":[{"name":"wp","href":"https:\/\/api.w.org\/{rel}","templated":true}]}}