{"id":15866,"date":"2022-05-09T09:58:15","date_gmt":"2022-05-09T07:58:15","guid":{"rendered":"https:\/\/www.campingvaldevie.fr\/golf-des-fontenelles\/"},"modified":"2022-05-09T09:58:16","modified_gmt":"2022-05-09T07:58:16","slug":"golfbaan-van-fontenelles-2","status":"publish","type":"page","link":"https:\/\/www.campingvaldevie.fr\/nl\/golf-des-fontenelles\/","title":{"rendered":"Golf van Fontenelles"},"content":{"rendered":"<p>Op 10 km van de camping ligt de golfbaan Les Fontenelles. Tijdens uw verblijf kunt u gebruikmaken van deze locatie met een <strong>18-Loch-Golfplatz<\/strong> mit Heckencharakter zu entdecken, der Ihnen eine angenehme Abfolge von Wasserhindernissen, Strandkiefern und Eichen auf mehr als 6 Kilometer bietet.<\/p>\n\n<p>Je zult in staat zijn om wat quality time door te brengen met je familie of vrienden in een verscheidenheid aan activiteiten:<\/p>\n\n<ul class=\"wp-block-list\"><li>Minigolf<\/li><li>9-Loch- en 18-Loch-Platen<\/li><li>Introductie in de golfsport (Grundlagen und Regeln des Golfsports, Workshop \"B\u00e4lle und Materialien inklusive\") voor 1,5 uur<\/li><li>1 synthetische Trainingszone<\/li><\/ul>\n<p>Dankzij de partnerschaft tussen de Golfplatz Les Fontenelles en onze Campingplatz profiteert u van voordelige prijzen voor de Golfpl\u00e4tze en Entdeckungsangebote.<\/p>\n\n<p>Aarzel niet om contact met ons op te nemen voor meer informatie.<\/p>\n\n<h2 class=\"wp-block-heading\">Fotogalerie<\/h2>\n\t\t\t<div id=\"sevgallery-1006076890\" class=\"sev-diaporama sev-diaporama-portfolio\">\n\t\t\t<div class=\"row\">\n\n\t\t\t\n\t\t\t\t\n\t\t\t\t<div class=\"sev-diaporama-portfolio-item col-12 col-sm\">\n\t\t\t\t\t<a href=\"https:\/\/www.campingvaldevie.fr\/wp-content\/uploads\/2019\/05\/golf-green.jpg\" data-lightbox=\"sevgallery-1006076890\" style=\"background-image: url(https:\/\/www.campingvaldevie.fr\/wp-content\/uploads\/2019\/05\/golf-green.jpg)\">\n\t\t\t\t\t\t<img decoding=\"async\" src=\"https:\/\/www.campingvaldevie.fr\/wp-content\/uploads\/2019\/05\/golf-green.jpg\" alt=\"\" loading=\"lazy\">\n\t\t\t\t\t<\/a>\n\t\t\t\t<\/div>\n\n\t\t\t\t\n\t\t\t\t\t\t\t\t\t\t\t\n\t\t\t\t\n\t\t\t\t<div class=\"sev-diaporama-portfolio-item col-12 col-sm  col-grow\">\n\t\t\t\t\t<a href=\"https:\/\/www.campingvaldevie.fr\/wp-content\/uploads\/2019\/05\/golf-mozaic.jpg\" data-lightbox=\"sevgallery-1006076890\" style=\"background-image: url(https:\/\/www.campingvaldevie.fr\/wp-content\/uploads\/2019\/05\/golf-mozaic.jpg)\">\n\t\t\t\t\t\t<img decoding=\"async\" src=\"https:\/\/www.campingvaldevie.fr\/wp-content\/uploads\/2019\/05\/golf-mozaic.jpg\" alt=\"\" loading=\"lazy\">\n\t\t\t\t\t<\/a>\n\t\t\t\t<\/div>\n\n\t\t\t\t\n\t\t\t\t\t\t\t\t\t\t\t\n\t\t\t\t\n\t\t\t\t<div class=\"sev-diaporama-portfolio-item col-12 col-sm  col-grow\">\n\t\t\t\t\t<a href=\"https:\/\/www.campingvaldevie.fr\/wp-content\/uploads\/2019\/05\/golf.jpg\" data-lightbox=\"sevgallery-1006076890\" style=\"background-image: url(https:\/\/www.campingvaldevie.fr\/wp-content\/uploads\/2019\/05\/golf.jpg)\">\n\t\t\t\t\t\t<img decoding=\"async\" src=\"https:\/\/www.campingvaldevie.fr\/wp-content\/uploads\/2019\/05\/golf.jpg\" alt=\"\" loading=\"lazy\">\n\t\t\t\t\t<\/a>\n\t\t\t\t<\/div>\n\n\t\t\t\t\t\t\t\t\t<div class=\"w-100\"><\/div>\n\t\t\t\t\t\t\t\t\t\n\t\t\t\t\t\t\t\t\t\t\t\t\t\t<\/div>\n\t\t\t<\/div>\n\n\t\t\t<script>\n\t\t\tjQuery(function($) {\n\n\t\t\t\tvar marginPortfolio = function() {\n\n\t\t\t\t\tvar $diapo          = $('#sevgallery-1006076890');\n\t\t\t\t\tvar container_width = $diapo.parent().outerWidth();\n\t\t\t\t\tvar side            = ( $(window).innerWidth() - container_width ) \/ 2;\n\n\t\t\t\t\t$diapo.css( {\n\t\t\t\t\t\t'margin-left': '-' + side + 'px',\n\t\t\t\t\t\t'margin-right': '-' + side + 'px',\n\t\t\t\t\t} );\n\t\t\t\t};\n\n\t\t\t\t$( window ).resize( function() {\n\t\t\t\t\tmarginPortfolio();\n\t\t\t\t} );\n\t\t\t\tmarginPortfolio();\n\t\t\t});\n\t\t\t<\/script>","protected":false},"excerpt":{"rendered":"<p>10 km vom Campingplatz entfernt befindet sich der Golfplatz Les Fontenelles. Wir laden Sie w\u00e4hrend Ihres Aufenthalts ein, diesen Ort mit einem 18-Loch-Golfplatz mit Heckencharakter zu entdecken, der Ihnen eine angenehme Abfolge von Wasserhindernissen, Strandkiefern und Eichen auf mehr als 6 Kilometern bietet. Sie werden bei verschiedenen Aktivit\u00e4ten mit der Familie oder mit Freunden eine [&hellip;]<\/p>\n","protected":false},"author":1,"featured_media":0,"parent":0,"menu_order":0,"comment_status":"closed","ping_status":"closed","template":"","meta":{"_seopress_robots_primary_cat":"","_seopress_titles_title":"Golf in der N\u00e4he des Campingplatzes - Val de Vie Vend\u00e9e","_seopress_titles_desc":"10 km vom Campingplatz entfernt befindet sich der Golfplatz Les Fontenelles. Wir laden Sie w\u00e4hrend Ihres Aufenthalts ein, diesen Ort zu entdecken.  ","_seopress_robots_index":"","footnotes":""},"class_list":["post-15866","page","type-page","status-publish","hentry"],"_links":{"self":[{"href":"https:\/\/www.campingvaldevie.fr\/nl\/wp-json\/wp\/v2\/pages\/15866","targetHints":{"allow":["GET"]}}],"collection":[{"href":"https:\/\/www.campingvaldevie.fr\/nl\/wp-json\/wp\/v2\/pages"}],"about":[{"href":"https:\/\/www.campingvaldevie.fr\/nl\/wp-json\/wp\/v2\/types\/page"}],"author":[{"embeddable":true,"href":"https:\/\/www.campingvaldevie.fr\/nl\/wp-json\/wp\/v2\/users\/1"}],"replies":[{"embeddable":true,"href":"https:\/\/www.campingvaldevie.fr\/nl\/wp-json\/wp\/v2\/comments?post=15866"}],"version-history":[{"count":1,"href":"https:\/\/www.campingvaldevie.fr\/nl\/wp-json\/wp\/v2\/pages\/15866\/revisions"}],"predecessor-version":[{"id":15874,"href":"https:\/\/www.campingvaldevie.fr\/nl\/wp-json\/wp\/v2\/pages\/15866\/revisions\/15874"}],"wp:attachment":[{"href":"https:\/\/www.campingvaldevie.fr\/nl\/wp-json\/wp\/v2\/media?parent=15866"}],"curies":[{"name":"wp","href":"https:\/\/api.w.org\/{rel}","templated":true}]}}