{"id":16048,"date":"2022-05-09T10:00:39","date_gmt":"2022-05-09T08:00:39","guid":{"rendered":"https:\/\/www.campingvaldevie.fr\/wilder-planet\/"},"modified":"2022-05-09T10:00:41","modified_gmt":"2022-05-09T08:00:41","slug":"wildere-planeet","status":"publish","type":"page","link":"https:\/\/www.campingvaldevie.fr\/nl\/wilder-planet\/","title":{"rendered":"Wildere planeet"},"content":{"rendered":"<h2 class=\"wp-block-heading\" id=\"bienvenue-dans-l-univers-magique-des-dauphins-et-de-la-faune-sauvage\">Willkommen in der magischen Welt der Delfine und der Wildtiere!<\/h2>\n\n<div class=\"wp-block-columns is-layout-flex wp-container-core-columns-is-layout-9d6595d7 wp-block-columns-is-layout-flex\">\n<div class=\"wp-block-column is-layout-flow wp-block-column-is-layout-flow\">\n<p>In Plan\u00e8te Sauvage erwartet Sie ein <strong>schitterend<\/strong> Erlebnis - eine Mischung aus der Entdeckung des faszinierendsten aller Meeress\u00e4ugetiere und der Reise durch die Wildnis mit ihren emblematischen Tierarten.<\/p>\n\n\n\n<p>Begeben Sie sich auf eine Weltreise und entdecken Sie \u00fcber <strong>1.000 Tiere<\/strong> inmitten eines gesch\u00fctzten Naturgebiets.<\/p>\n<\/div>\n\n\n\n<div class=\"wp-block-column is-layout-flow wp-block-column-is-layout-flow\">\n<p>Plan\u00e8te Sauvage, dat zijn 250 soorten, die men op <strong>weiten Ebenen<\/strong>Dit is de perfecte manier om de dieren die je ziet te leren kennen, net als op een safari. Van de emblematische S\u00e4ugetieren Afrikas (L\u00f6wen, Elefanten, Giraffen, ...), den Yaks aus der Mongolei of den Baribal-B\u00e4ren aus Amerika bis tot aan den au\u00dfergew\u00f6hnlichen Delfinen in der Cit\u00e9 Marine - Plan\u00e8te Sauvage l\u00e4sst Sie in ein au\u00dfergew\u00f6hnliches Abenteuer eintauchen!<\/p>\n\n\n\n<p>In der <strong>Fu\u00dfg\u00e4ngerzone<\/strong> Ga op een ontdekkingsreis naar \u00fcberraschenden Kleintieren en wees Gast bij een Makakenstamm in Herzen seines Waldes!<\/p>\n<\/div>\n<\/div>\n\n<h2 class=\"wp-block-heading\">Fotogalerie<\/h2>\n\t\t\t<div id=\"sevgallery-1655185094\" class=\"sev-diaporama sev-diaporama-portfolio\">\n\t\t\t<div class=\"row\">\n\n\t\t\t\n\t\t\t\t\n\t\t\t\t<div class=\"sev-diaporama-portfolio-item col-12 col-sm\">\n\t\t\t\t\t<a href=\"https:\/\/www.campingvaldevie.fr\/wp-content\/uploads\/2018\/01\/planete-sauvage.jpg\" data-lightbox=\"sevgallery-1655185094\" style=\"background-image: url(https:\/\/www.campingvaldevie.fr\/wp-content\/uploads\/2018\/01\/planete-sauvage.jpg)\">\n\t\t\t\t\t\t<img decoding=\"async\" src=\"https:\/\/www.campingvaldevie.fr\/wp-content\/uploads\/2018\/01\/planete-sauvage.jpg\" alt=\"Planete sauvage\" loading=\"lazy\">\n\t\t\t\t\t<\/a>\n\t\t\t\t<\/div>\n\n\t\t\t\t\n\t\t\t\t\t\t\t\t\t\t\t\n\t\t\t\t\n\t\t\t\t<div class=\"sev-diaporama-portfolio-item col-12 col-sm  col-shrink\">\n\t\t\t\t\t<a href=\"https:\/\/www.campingvaldevie.fr\/wp-content\/uploads\/2018\/02\/planete-sauvage-port-saint-pere-IMG_7665.jpg\" data-lightbox=\"sevgallery-1655185094\" style=\"background-image: url(https:\/\/www.campingvaldevie.fr\/wp-content\/uploads\/2018\/02\/planete-sauvage-port-saint-pere-IMG_7665.jpg)\">\n\t\t\t\t\t\t<img decoding=\"async\" src=\"https:\/\/www.campingvaldevie.fr\/wp-content\/uploads\/2018\/02\/planete-sauvage-port-saint-pere-IMG_7665.jpg\" alt=\"Plan\u00e8te sauvage in de buurt van de camping\" loading=\"lazy\">\n\t\t\t\t\t<\/a>\n\t\t\t\t<\/div>\n\n\t\t\t\t\n\t\t\t\t\t\t\t\t\t\t\t\n\t\t\t\t\n\t\t\t\t<div class=\"sev-diaporama-portfolio-item col-12 col-sm  col-grow\">\n\t\t\t\t\t<a href=\"https:\/\/www.campingvaldevie.fr\/wp-content\/uploads\/2018\/02\/planete-sauvage-port-saint-pere-IMG_7784.jpg\" data-lightbox=\"sevgallery-1655185094\" style=\"background-image: url(https:\/\/www.campingvaldevie.fr\/wp-content\/uploads\/2018\/02\/planete-sauvage-port-saint-pere-IMG_7784.jpg)\">\n\t\t\t\t\t\t<img decoding=\"async\" src=\"https:\/\/www.campingvaldevie.fr\/wp-content\/uploads\/2018\/02\/planete-sauvage-port-saint-pere-IMG_7784.jpg\" alt=\"Wilde planeet\" loading=\"lazy\">\n\t\t\t\t\t<\/a>\n\t\t\t\t<\/div>\n\n\t\t\t\t\n\t\t\t\t\t\t\t\t\t\t\t\n\t\t\t\t\n\t\t\t\t<div class=\"sev-diaporama-portfolio-item col-12 col-sm  col-shrink\">\n\t\t\t\t\t<a href=\"https:\/\/www.campingvaldevie.fr\/wp-content\/uploads\/2018\/02\/planete-sauvage-port-saint-pere-IMG_7895.jpg\" data-lightbox=\"sevgallery-1655185094\" style=\"background-image: url(https:\/\/www.campingvaldevie.fr\/wp-content\/uploads\/2018\/02\/planete-sauvage-port-saint-pere-IMG_7895.jpg)\">\n\t\t\t\t\t\t<img decoding=\"async\" src=\"https:\/\/www.campingvaldevie.fr\/wp-content\/uploads\/2018\/02\/planete-sauvage-port-saint-pere-IMG_7895.jpg\" alt=\"Wilde planeet\" loading=\"lazy\">\n\t\t\t\t\t<\/a>\n\t\t\t\t<\/div>\n\n\t\t\t\t\t\t\t\t\t<div class=\"w-100\"><\/div>\n\t\t\t\t\t\t\t\t\t\n\t\t\t\t\t\t\t\t\t\t\t\n\t\t\t\t\n\t\t\t\t<div class=\"sev-diaporama-portfolio-item col-12 col-sm\">\n\t\t\t\t\t<a href=\"https:\/\/www.campingvaldevie.fr\/wp-content\/uploads\/2018\/02\/planete-sauvage-port-saint-pere-IMG_8174.jpg\" data-lightbox=\"sevgallery-1655185094\" style=\"background-image: url(https:\/\/www.campingvaldevie.fr\/wp-content\/uploads\/2018\/02\/planete-sauvage-port-saint-pere-IMG_8174.jpg)\">\n\t\t\t\t\t\t<img decoding=\"async\" src=\"https:\/\/www.campingvaldevie.fr\/wp-content\/uploads\/2018\/02\/planete-sauvage-port-saint-pere-IMG_8174.jpg\" alt=\"Dolfijnen\" loading=\"lazy\">\n\t\t\t\t\t<\/a>\n\t\t\t\t<\/div>\n\n\t\t\t\t\n\t\t\t\t\t\t\t\t\t\t\t\n\t\t\t\t\n\t\t\t\t<div class=\"sev-diaporama-portfolio-item col-12 col-sm  col-shrink\">\n\t\t\t\t\t<a href=\"https:\/\/www.campingvaldevie.fr\/wp-content\/uploads\/2018\/02\/planete-sauvage-port-saint-pere-IMG_8288.jpg\" data-lightbox=\"sevgallery-1655185094\" style=\"background-image: url(https:\/\/www.campingvaldevie.fr\/wp-content\/uploads\/2018\/02\/planete-sauvage-port-saint-pere-IMG_8288.jpg)\">\n\t\t\t\t\t\t<img decoding=\"async\" src=\"https:\/\/www.campingvaldevie.fr\/wp-content\/uploads\/2018\/02\/planete-sauvage-port-saint-pere-IMG_8288.jpg\" alt=\"Wilde planeet\" loading=\"lazy\">\n\t\t\t\t\t<\/a>\n\t\t\t\t<\/div>\n\n\t\t\t\t\n\t\t\t\t\t\t\t\t\t\t\t\n\t\t\t\t\n\t\t\t\t<div class=\"sev-diaporama-portfolio-item col-12 col-sm  col-shrink\">\n\t\t\t\t\t<a href=\"https:\/\/www.campingvaldevie.fr\/wp-content\/uploads\/2018\/02\/planete-sauvage-port-saint-pere-IMG_8634.jpg\" data-lightbox=\"sevgallery-1655185094\" style=\"background-image: url(https:\/\/www.campingvaldevie.fr\/wp-content\/uploads\/2018\/02\/planete-sauvage-port-saint-pere-IMG_8634.jpg)\">\n\t\t\t\t\t\t<img decoding=\"async\" src=\"https:\/\/www.campingvaldevie.fr\/wp-content\/uploads\/2018\/02\/planete-sauvage-port-saint-pere-IMG_8634.jpg\" alt=\"Wilde planeet\" loading=\"lazy\">\n\t\t\t\t\t<\/a>\n\t\t\t\t<\/div>\n\n\t\t\t\t\n\t\t\t\t\t\t\t\t\t\t\t\t\t\t<\/div>\n\t\t\t<\/div>\n\n\t\t\t<script>\n\t\t\tjQuery(function($) {\n\n\t\t\t\tvar marginPortfolio = function() {\n\n\t\t\t\t\tvar $diapo          = $('#sevgallery-1655185094');\n\t\t\t\t\tvar container_width = $diapo.parent().outerWidth();\n\t\t\t\t\tvar side            = ( $(window).innerWidth() - container_width ) \/ 2;\n\n\t\t\t\t\t$diapo.css( {\n\t\t\t\t\t\t'margin-left': '-' + side + 'px',\n\t\t\t\t\t\t'margin-right': '-' + side + 'px',\n\t\t\t\t\t} );\n\t\t\t\t};\n\n\t\t\t\t$( window ).resize( function() {\n\t\t\t\t\tmarginPortfolio();\n\t\t\t\t} );\n\t\t\t\tmarginPortfolio();\n\t\t\t});\n\t\t\t<\/script>","protected":false},"excerpt":{"rendered":"<p>Willkommen in der magischen Welt der Delfine und der Wildtiere! In Plan\u00e8te Sauvage erwartet Sie ein einzigartiges Erlebnis &#8211; eine Mischung aus der Entdeckung des faszinierendsten aller Meeress\u00e4ugetiere und der Reise durch die Wildnis mit ihren emblematischsten Tierarten. Begeben Sie sich auf eine Weltreise und entdecken Sie \u00fcber 1 000 Tiere inmitten eines gesch\u00fctzten Naturgebiets. [&hellip;]<\/p>\n","protected":false},"author":1,"featured_media":0,"parent":0,"menu_order":0,"comment_status":"closed","ping_status":"closed","template":"","meta":{"_seopress_robots_primary_cat":"","_seopress_titles_title":"Erleben Sie eine einzigartige Erfahrung im Herzen des Parks Plan\u00e8te Sauvage","_seopress_titles_desc":"Willkommen in der magischen Welt der Delfine und der Wildtiere!","_seopress_robots_index":"","footnotes":""},"class_list":["post-16048","page","type-page","status-publish","hentry"],"_links":{"self":[{"href":"https:\/\/www.campingvaldevie.fr\/nl\/wp-json\/wp\/v2\/pages\/16048","targetHints":{"allow":["GET"]}}],"collection":[{"href":"https:\/\/www.campingvaldevie.fr\/nl\/wp-json\/wp\/v2\/pages"}],"about":[{"href":"https:\/\/www.campingvaldevie.fr\/nl\/wp-json\/wp\/v2\/types\/page"}],"author":[{"embeddable":true,"href":"https:\/\/www.campingvaldevie.fr\/nl\/wp-json\/wp\/v2\/users\/1"}],"replies":[{"embeddable":true,"href":"https:\/\/www.campingvaldevie.fr\/nl\/wp-json\/wp\/v2\/comments?post=16048"}],"version-history":[{"count":1,"href":"https:\/\/www.campingvaldevie.fr\/nl\/wp-json\/wp\/v2\/pages\/16048\/revisions"}],"predecessor-version":[{"id":16052,"href":"https:\/\/www.campingvaldevie.fr\/nl\/wp-json\/wp\/v2\/pages\/16048\/revisions\/16052"}],"wp:attachment":[{"href":"https:\/\/www.campingvaldevie.fr\/nl\/wp-json\/wp\/v2\/media?parent=16048"}],"curies":[{"name":"wp","href":"https:\/\/api.w.org\/{rel}","templated":true}]}}