{"id":20276,"date":"2022-12-06T19:44:45","date_gmt":"2022-12-06T18:44:45","guid":{"rendered":"https:\/\/www.campingvaldevie.fr\/?page_id=20276"},"modified":"2024-06-17T11:57:21","modified_gmt":"2024-06-17T09:57:21","slug":"toerisme-apremont","status":"publish","type":"page","link":"https:\/\/www.campingvaldevie.fr\/nl\/tourisme-vendee\/tourisme-apremont\/","title":{"rendered":"5 dingen om te doen en te zien in Apremont"},"content":{"rendered":"<p><strong>Apremont <\/strong>bevindt zich in het departement van<strong> Vend\u00e9e in de regio Pays de la Loire<\/strong>. Dit is een Franse gemeente met de <em>kleine stad met karakter<\/em>. Het staat bekend om zijn <strong>historische monumenten<\/strong>. Als u op zoek bent naar een plek om uw <strong>vakantie<\/strong>te maken <a rel=\"noreferrer noopener\" href=\"https:\/\/www.vendee-tourisme.com\/\" target=\"_blank\"><strong>toerisme in de Vend\u00e9e<\/strong><\/a><strong> <\/strong>of even weg van de dagelijkse sleur, dan is dit een uitstekende bestemming. Om je de weg te wijzen, zijn hier de 5 dingen die je niet mag missen als je op reis bent.<strong> bezoeken aan Apremont<\/strong>Als je ervoor kiest om je vakantie te boeken in een <a href=\"\/nl\/camping-apremont\/\">camping in de buurt van Apremont<\/a>.<\/p>\n\n\n\n<div class=\"wp-block-media-text alignfull has-media-on-the-right is-stacked-on-mobile is-vertically-aligned-center is-style-default\" style=\"grid-template-columns:auto 40%\"><div class=\"wp-block-media-text__content\">\n<h2 class=\"wp-block-heading has-text-align-left\">Musea en kastelen<\/h2>\n\n\n\n<p>Een bezoek aan een kasteel of museum is een geweldige manier om meer te weten te komen over de geschiedenis van de regio. Het geeft je ook de kans om de geheimen van hun architectuur en tradities te ontdekken. Je kunt een bezoek brengen aan :<\/p>\n\n\n\n<ul class=\"wp-block-list\">\n<li class=\"translation-block\"><strong>Het kasteel van Apremont<\/strong>. Dit is een historisch monument, een renaissancekasteel, een middeleeuwse vesting die in de Vall\u00e9e de Vie staat. Dit beroemde kasteel trekt veel toeristen vanwege de geschiedenis en de architectuur, met een uniek cavaliergewelf in Frankrijk. Het is een van de belangrijkste plaatsen om <strong>Apremont<\/strong> te identificeren, een plek die je niet mag missen;<\/li>\n\n\n\n<li class=\"translation-block\"><strong>Le manoir de la Tuderri\u00e8re<\/strong>. Dit kleine historische kasteel ligt in het kanton <strong>Challans in de Vend\u00e9e<\/strong>. Het beschikt over middeleeuwse burgerlijke architectuur. Ideaal om de cultuur te verbreden;<\/li>\n\n\n\n<li class=\"translation-block\"><strong>Le ch\u00e2teau de l'Audardi\u00e8re<\/strong>. Dit is een goed bewaard historisch monument. Je kunt de sporen van de oude ophaalbrug en de slotgracht nog zien;<\/li>\n<\/ul>\n\n\n\n<p class=\"translation-block\">Als je al deze monumenten op je gemak wilt bezoeken, kun je je <strong>verblijf<\/strong> verlengen door een <a href=\"\/nl\/\" target=\"_self\"><strong>camping in Vend\u00e9e<\/strong><\/a> in de buurt te boeken.<\/p>\n\n\n\n<p><em>CC : <a href=\"https:\/\/commons.wikimedia.org\/wiki\/User:Selbymay\" target=\"_blank\" rel=\"noreferrer noopener nofollow\">Selbymay<\/a><\/em><\/p>\n<\/div><figure class=\"wp-block-media-text__media\"><img loading=\"lazy\" decoding=\"async\" width=\"640\" height=\"424\" src=\"https:\/\/www.campingvaldevie.fr\/wp-content\/uploads\/2024\/01\/640px-Chateau_dApremont_Vendee_-_Vue_depuis_le_parc_en_contrebas_2.jpg\" alt=\"kasteel apremont\" class=\"wp-image-23516 size-large\" srcset=\"https:\/\/www.campingvaldevie.fr\/wp-content\/uploads\/2024\/01\/640px-Chateau_dApremont_Vendee_-_Vue_depuis_le_parc_en_contrebas_2.jpg 640w, https:\/\/www.campingvaldevie.fr\/wp-content\/uploads\/2024\/01\/640px-Chateau_dApremont_Vendee_-_Vue_depuis_le_parc_en_contrebas_2-300x199.jpg 300w\" sizes=\"auto, (max-width: 640px) 100vw, 640px\" \/><\/figure><\/div>\n\n\n\n<div style=\"height:30px\" aria-hidden=\"true\" class=\"wp-block-spacer\"><\/div>\n\n\n\n<div class=\"wp-block-media-text alignfull is-stacked-on-mobile is-vertically-aligned-center is-style-default\" style=\"grid-template-columns:40% auto\"><figure class=\"wp-block-media-text__media\"><img loading=\"lazy\" decoding=\"async\" width=\"1024\" height=\"512\" src=\"https:\/\/www.campingvaldevie.fr\/wp-content\/uploads\/2024\/02\/100-1024x512.jpg\" alt=\"\" class=\"wp-image-23844 size-full\" srcset=\"https:\/\/www.campingvaldevie.fr\/wp-content\/uploads\/2024\/02\/100-1024x512.jpg 1024w, https:\/\/www.campingvaldevie.fr\/wp-content\/uploads\/2024\/02\/100-300x150.jpg 300w, https:\/\/www.campingvaldevie.fr\/wp-content\/uploads\/2024\/02\/100-768x384.jpg 768w, https:\/\/www.campingvaldevie.fr\/wp-content\/uploads\/2024\/02\/100-1536x768.jpg 1536w, https:\/\/www.campingvaldevie.fr\/wp-content\/uploads\/2024\/02\/100.jpg 2048w\" sizes=\"auto, (max-width: 1024px) 100vw, 1024px\" \/><\/figure><div class=\"wp-block-media-text__content\">\n<h2 class=\"wp-block-heading has-text-align-left\">Vrije tijd<\/h2>\n\n\n\n<p class=\"translation-block\">Het is de <strong>perfecte<\/strong>bestemming<\/strong> om te ontspannen en plezier te hebben met <strong>familie<\/strong> of vrienden, compleet met picknickplaats. Je kunt kiezen uit:<\/p>\n\n\n\n<ul class=\"wp-block-list\">\n<li class=\"translation-block\"><strong>Meer Apremont<\/strong>. Het werd gevormd door een zogenaamde zwaartekrachtdam bij de stad Apremont. Dit meer heeft de grootste stuwdam van het departement en is de langste van alle <strong>lacs Vend\u00e9ens<\/strong>. In het strand- en recreatiegebied op het meer heb je een ruime keuze aan activiteiten, waarbij je alleen kunt denken aan kinderspelen, zwemmen, Wake park, minigolf, enz. Het meer beschikt over picknicktafels en een <strong>strand<\/strong> dat gedeeltelijk in de schaduw ligt. Een ander voordeel van een bezoek aan het <a href=\"\/nl\/toerisme-vendee\/meer-apremont\/\" target=\"_self\">lac d'Apremont<\/a> is dat je er rustig en met <strong>familie<\/strong> kunt vissen in een boot of alleen in een drijfbuis;<\/li>\n\n\n\n<li class=\"translation-block\"><strong>De rivier La Vie<\/strong>.<strong> <\/strong>La Vie, een lange rivier die door <strong>Apremont<\/strong> stroomt, is een toeristische trekpleister die net als het kasteel de identiteit van de gemeente vertegenwoordigt. Hier kunt u genieten van <strong>wateractiviteiten<\/strong> zoals zwemmen of kano\u00ebn, terwijl u de schoonheid van de natuur bewondert.<\/li>\n<\/ul>\n\n\n\n<p class=\"translation-block\">Vlakbij het Lac d'Apremont vind je een <strong>camping<\/strong> met verschillende voorzieningen, waar je kunt verblijven om van deze vrijetijdsactiviteiten te genieten. Vooraf reserveren wordt aanbevolen.<\/p>\n<\/div><\/div>\n\n\n\n<div style=\"height:30px\" aria-hidden=\"true\" class=\"wp-block-spacer\"><\/div>\n\n\n\n<div class=\"wp-block-media-text alignfull has-media-on-the-right is-stacked-on-mobile is-vertically-aligned-center is-style-default\" style=\"grid-template-columns:auto 40%\"><div class=\"wp-block-media-text__content\">\n<h2 class=\"wp-block-heading\">De workshop Nieuwsgierig glas&nbsp;<\/h2>\n\n\n\n<p class=\"translation-block\">In deze kunstgalerie, die voor iedereen toegankelijk is, kun je glas-in-lood ontdekken in verschillende vormen, in een prachtig kleurenfestival. In deze workshop word je ontvangen en begeleid door gepassioneerde kunstenaars die je gedetailleerd uitleggen hoe ze hun werk maken. Je kunt ook de tentoonstelling en verkoop van vele prachtige werken bijwonen. Het is een kans om de verscheidenheid en schoonheid van glas te ontdekken, dat als een waar kunstwerk wordt beschouwd. Een interessante afwisseling bij een <strong>bezoek aan Apremont<\/strong>.<\/p>\n\n\n\n<h2 class=\"wp-block-heading\">Het circuit van de 3 kastelen&nbsp;<\/h2>\n\n\n\n<p class=\"translation-block\">Dit is een wandeling, een <strong>wandelroute in Apremont<\/strong>. Het circuit van de 3 kastelen is een van de circuits waarin vakantiegangers het meest ge\u00efnteresseerd zijn. Deze route geeft je de kans om rond te wandelen en de stad en het glooiende landschap te observeren.  Je kunt genieten van het uitzicht en de plaatselijke schatten ontdekken. Deze rondleiding met gids is een zeer lonende activiteit, waar je prachtige herinneringen aan overhoudt. Profiteer van de wandeling om de beekjes te fotograferen die je langs de route begeleiden, evenals de andere charmes van de stad.<\/p>\n\n\n\n<p><a href=\"https:\/\/www.vendee-tourisme.com\/verre-curieux-vitraux-dans-toutes-leurs-formes\/apremont\/degpdl085v50nm6l\" target=\"_blank\" rel=\"noreferrer noopener nofollow\">CC : Vend\u00e9e Tourisme <\/a><\/p>\n<\/div><figure class=\"wp-block-media-text__media\"><img loading=\"lazy\" decoding=\"async\" width=\"768\" height=\"768\" src=\"https:\/\/www.campingvaldevie.fr\/wp-content\/uploads\/2024\/01\/20190616-174840-resized-Verre-Curieux.jpg\" alt=\"CC Vend\u00e9e Toerisme\" class=\"wp-image-23523 size-full\" srcset=\"https:\/\/www.campingvaldevie.fr\/wp-content\/uploads\/2024\/01\/20190616-174840-resized-Verre-Curieux.jpg 768w, https:\/\/www.campingvaldevie.fr\/wp-content\/uploads\/2024\/01\/20190616-174840-resized-Verre-Curieux-300x300.jpg 300w, https:\/\/www.campingvaldevie.fr\/wp-content\/uploads\/2024\/01\/20190616-174840-resized-Verre-Curieux-150x150.jpg 150w\" sizes=\"auto, (max-width: 768px) 100vw, 768px\" \/><\/figure><\/div>\n\n\n\n<div class=\"wp-block-group\"><div class=\"wp-block-group__inner-container is-layout-constrained wp-block-group-is-layout-constrained\">\n<h2 class=\"wp-block-heading has-text-align-center\">Ontdek ook<\/h2>\n\n\n\n<div class=\"wp-block-columns is-layout-flex wp-container-core-columns-is-layout-9d6595d7 wp-block-columns-is-layout-flex\">\n<div class=\"wp-block-column is-layout-flow wp-block-column-is-layout-flow\">\n<div class=\"wp-block-cover has-small-font-size\" style=\"min-height:350px;aspect-ratio:unset;\"><span aria-hidden=\"true\" class=\"wp-block-cover__background has-background-dim\"><\/span><img loading=\"lazy\" decoding=\"async\" width=\"700\" height=\"466\" class=\"wp-block-cover__image-background wp-image-18902\" alt=\"vakantie Kleine camping bij Br\u00e9tignolles sur Mer\" src=\"https:\/\/www.campingvaldevie.fr\/wp-content\/uploads\/2022\/09\/vacances-petit-camping-proche-bretignolles-sur-mer.jpg\" data-object-fit=\"cover\" srcset=\"https:\/\/www.campingvaldevie.fr\/wp-content\/uploads\/2022\/09\/vacances-petit-camping-proche-bretignolles-sur-mer.jpg 700w, https:\/\/www.campingvaldevie.fr\/wp-content\/uploads\/2022\/09\/vacances-petit-camping-proche-bretignolles-sur-mer-300x200.jpg 300w\" sizes=\"auto, (max-width: 700px) 100vw, 700px\" \/><div class=\"wp-block-cover__inner-container is-layout-flow wp-block-cover-is-layout-flow\">\n<p class=\"has-text-align-center has-large-font-size\"><a href=\"\/nl\/toerisme-vendee\/bretignolles-sur-mer\/\">Bretignolles aan zee<\/a><\/p>\n<\/div><\/div>\n<\/div>\n\n\n\n<div class=\"wp-block-column is-layout-flow wp-block-column-is-layout-flow\">\n<div class=\"wp-block-cover has-small-font-size\" style=\"min-height:350px;aspect-ratio:unset;\"><span aria-hidden=\"true\" class=\"wp-block-cover__background has-background-dim\"><\/span><img loading=\"lazy\" decoding=\"async\" width=\"1200\" height=\"800\" class=\"wp-block-cover__image-background wp-image-11804\" alt=\"de dieren op het plein\" src=\"https:\/\/www.campingvaldevie.fr\/wp-content\/uploads\/2022\/02\/Bestiaire-la-roche-sur-yon-IMG_1826-1.jpg\" data-object-fit=\"cover\" srcset=\"https:\/\/www.campingvaldevie.fr\/wp-content\/uploads\/2022\/02\/Bestiaire-la-roche-sur-yon-IMG_1826-1.jpg 1200w, https:\/\/www.campingvaldevie.fr\/wp-content\/uploads\/2022\/02\/Bestiaire-la-roche-sur-yon-IMG_1826-1-300x200.jpg 300w, https:\/\/www.campingvaldevie.fr\/wp-content\/uploads\/2022\/02\/Bestiaire-la-roche-sur-yon-IMG_1826-1-1024x683.jpg 1024w, https:\/\/www.campingvaldevie.fr\/wp-content\/uploads\/2022\/02\/Bestiaire-la-roche-sur-yon-IMG_1826-1-768x512.jpg 768w\" sizes=\"auto, (max-width: 1200px) 100vw, 1200px\" \/><div class=\"wp-block-cover__inner-container is-layout-flow wp-block-cover-is-layout-flow\">\n<p class=\"has-text-align-center has-large-font-size\"><a href=\"https:\/\/www.campingvaldevie.fr\/nl\/toerisme-vendee\/la-roche-sur-yon\/\" data-type=\"page\" data-id=\"1382\">La Roche-sur-Yon<\/a><\/p>\n<\/div><\/div>\n<\/div>\n\n\n\n<div class=\"wp-block-column is-layout-flow wp-block-column-is-layout-flow\">\n<div class=\"wp-block-cover is-light has-small-font-size\" style=\"min-height:350px;aspect-ratio:unset;\"><span aria-hidden=\"true\" class=\"wp-block-cover__background has-background-dim\"><\/span><img loading=\"lazy\" decoding=\"async\" width=\"1200\" height=\"800\" class=\"wp-block-cover__image-background wp-image-20298\" alt=\"toerisme aizenay\" src=\"https:\/\/www.campingvaldevie.fr\/wp-content\/uploads\/2022\/12\/tourisme-aizenay.jpg\" data-object-fit=\"cover\" srcset=\"https:\/\/www.campingvaldevie.fr\/wp-content\/uploads\/2022\/12\/tourisme-aizenay.jpg 1200w, https:\/\/www.campingvaldevie.fr\/wp-content\/uploads\/2022\/12\/tourisme-aizenay-300x200.jpg 300w, https:\/\/www.campingvaldevie.fr\/wp-content\/uploads\/2022\/12\/tourisme-aizenay-1024x683.jpg 1024w, https:\/\/www.campingvaldevie.fr\/wp-content\/uploads\/2022\/12\/tourisme-aizenay-768x512.jpg 768w\" sizes=\"auto, (max-width: 1200px) 100vw, 1200px\" \/><div class=\"wp-block-cover__inner-container is-layout-flow wp-block-cover-is-layout-flow\">\n<p class=\"has-text-align-center has-large-font-size\"><a href=\"\/nl\/toerisme-vendee\/toerisme-aizenay\/\">Aizenay<\/a><\/p>\n<\/div><\/div>\n<\/div>\n<\/div>\n<\/div><\/div>","protected":false},"excerpt":{"rendered":"<p>Apremont se situe dans le d\u00e9partement de la Vend\u00e9e en r\u00e9gion Pays de la Loire. Il s\u2019agit d\u2019une commune fran\u00e7aise labellis\u00e9e petite cit\u00e9 de caract\u00e8re. Elle est connue pour ses monuments historiques. Si vous cherchez un endroit pour passer vos vacances, faire du tourisme en Vend\u00e9e ou s\u2019\u00e9loigner de la routine quotidienne, c\u2019est une excellente [&hellip;]<\/p>\n","protected":false},"author":4,"featured_media":0,"parent":20275,"menu_order":0,"comment_status":"closed","ping_status":"closed","template":"","meta":{"_seopress_robots_primary_cat":"","_seopress_titles_title":"Tourisme \u00e0 Apremont : Guide de Vacances","_seopress_titles_desc":"Partez \u00e0 la d\u00e9couverte des plus beaux sites touristiques d\u2019Apremont. Nous vous donnons toutes les informations pratiques pour pr\u00e9parer vos vacances sereinement !","_seopress_robots_index":"","footnotes":""},"class_list":["post-20276","page","type-page","status-publish","hentry"],"_links":{"self":[{"href":"https:\/\/www.campingvaldevie.fr\/nl\/wp-json\/wp\/v2\/pages\/20276","targetHints":{"allow":["GET"]}}],"collection":[{"href":"https:\/\/www.campingvaldevie.fr\/nl\/wp-json\/wp\/v2\/pages"}],"about":[{"href":"https:\/\/www.campingvaldevie.fr\/nl\/wp-json\/wp\/v2\/types\/page"}],"author":[{"embeddable":true,"href":"https:\/\/www.campingvaldevie.fr\/nl\/wp-json\/wp\/v2\/users\/4"}],"replies":[{"embeddable":true,"href":"https:\/\/www.campingvaldevie.fr\/nl\/wp-json\/wp\/v2\/comments?post=20276"}],"version-history":[{"count":13,"href":"https:\/\/www.campingvaldevie.fr\/nl\/wp-json\/wp\/v2\/pages\/20276\/revisions"}],"predecessor-version":[{"id":25089,"href":"https:\/\/www.campingvaldevie.fr\/nl\/wp-json\/wp\/v2\/pages\/20276\/revisions\/25089"}],"up":[{"embeddable":true,"href":"https:\/\/www.campingvaldevie.fr\/nl\/wp-json\/wp\/v2\/pages\/20275"}],"wp:attachment":[{"href":"https:\/\/www.campingvaldevie.fr\/nl\/wp-json\/wp\/v2\/media?parent=20276"}],"curies":[{"name":"wp","href":"https:\/\/api.w.org\/{rel}","templated":true}]}}