{"id":20277,"date":"2022-12-06T20:02:12","date_gmt":"2022-12-06T19:02:12","guid":{"rendered":"https:\/\/www.campingvaldevie.fr\/?page_id=20277"},"modified":"2024-07-24T11:09:34","modified_gmt":"2024-07-24T09:09:34","slug":"challans-toerisme","status":"publish","type":"page","link":"https:\/\/www.campingvaldevie.fr\/nl\/tourisme-vendee\/tourisme-challans\/","title":{"rendered":"Top 10 dingen om te zien tijdens een bezoek aan Challans"},"content":{"rendered":"<p><strong>Aansprakelijkheid<\/strong> is een kleine <strong>Vend\u00e9e<\/strong>op <strong>Loire<\/strong>. Dichtbij zee en met veel toeristische attracties is het de ideale plek om uw vakantie door te brengen op een camping bij Challans. Bovendien is er hier genoeg te doen. Hier vindt u een selectie van plaatsen die u niet mag missen op <strong>Aansprakelijkheid<\/strong>.\u00a0<\/p>\n\n\n\n<div class=\"wp-block-media-text alignfull has-media-on-the-right is-stacked-on-mobile is-vertically-aligned-center is-style-default\" style=\"grid-template-columns:auto 40%\"><div class=\"wp-block-media-text__content\">\n<h2 class=\"wp-block-heading\">Historische plaatsen en monumenten<\/h2>\n\n\n\n<p>Challans heeft een rijk cultureel erfgoed. Beroemde plaatsen om te bezoeken zijn onder andere:<\/p>\n\n\n\n<ol class=\"wp-block-list\">\n<li><strong>Kasteel de la V\u00e9rie<\/strong><\/li>\n<\/ol>\n\n\n\n<p>Dit kasteel dateert uit de 9e eeuw. De prachtige residentie werd in 1886 gerestaureerd in renaissancestijl. In 1990 werd Ch\u00e2teau de la V\u00e9rie omgebouwd tot hotel. De gevels en daken staan op de monumentenlijst.&nbsp;<\/p>\n\n\n\n<ol class=\"wp-block-list\" start=\"2\">\n<li><strong>Het oorlogsmonument<\/strong><\/li>\n<\/ol>\n\n\n\n<p>In dit monument staan de namen van de gevallen helden gegraveerd. Het werd in 1992 ge\u00efnstalleerd. Mis dit monument, dat voor het toeristenbureau van Challans staat, niet tijdens je vakantie.&nbsp;<\/p>\n\n\n\n<ol class=\"wp-block-list\" start=\"3\">\n<li><strong>Schoonmaak<\/strong><\/li>\n<\/ol>\n\n\n\n<p>De Commanderie de Coudrie staat op de lijst van populaire historische monumenten en ligt niet ver van het dorp La Flocelli\u00e8re in Challans. Het is een tempeliersite die de geschiedenis vertelt van de voorouders van Challans en de religieuze ordes uit de Middeleeuwen. Een bezoek aan deze site neemt je mee terug naar de middeleeuwen en is tegelijkertijd een leuke manier om meer te leren over de verschillende activiteiten die worden aangeboden.&nbsp;<\/p>\n\n\n\n<ol class=\"wp-block-list\" start=\"4\">\n<li><strong>Bailly ijzerwaren<\/strong><\/li>\n<\/ol>\n\n\n\n<p>Dit oude gebouw is een opmerkelijk onderdeel van het erfgoed van Challand. Het werd opgericht in 1892 en sindsdien hebben opeenvolgende beheerders de gevel bewaard.<\/p>\n<\/div><figure class=\"wp-block-media-text__media\"><img loading=\"lazy\" decoding=\"async\" width=\"1024\" height=\"683\" src=\"https:\/\/www.campingvaldevie.fr\/wp-content\/uploads\/2022\/12\/chateau-challans-1024x683.jpg\" alt=\"kasteel van challans\" class=\"wp-image-20344 size-large\" srcset=\"https:\/\/www.campingvaldevie.fr\/wp-content\/uploads\/2022\/12\/chateau-challans-1024x683.jpg 1024w, https:\/\/www.campingvaldevie.fr\/wp-content\/uploads\/2022\/12\/chateau-challans-300x200.jpg 300w, https:\/\/www.campingvaldevie.fr\/wp-content\/uploads\/2022\/12\/chateau-challans-768x512.jpg 768w, https:\/\/www.campingvaldevie.fr\/wp-content\/uploads\/2022\/12\/chateau-challans.jpg 1200w\" sizes=\"auto, (max-width: 1024px) 100vw, 1024px\" \/><\/figure><\/div>\n\n\n\n<div style=\"height:30px\" aria-hidden=\"true\" class=\"wp-block-spacer\"><\/div>\n\n\n\n<div class=\"wp-block-media-text alignfull is-stacked-on-mobile is-vertically-aligned-center is-style-default\" style=\"grid-template-columns:40% auto\"><figure class=\"wp-block-media-text__media\"><img loading=\"lazy\" decoding=\"async\" width=\"1024\" height=\"683\" src=\"https:\/\/www.campingvaldevie.fr\/wp-content\/uploads\/2022\/12\/bowling-challans-1024x683.jpg\" alt=\"challans activiteiten\" class=\"wp-image-20348 size-full\" srcset=\"https:\/\/www.campingvaldevie.fr\/wp-content\/uploads\/2022\/12\/bowling-challans-1024x683.jpg 1024w, https:\/\/www.campingvaldevie.fr\/wp-content\/uploads\/2022\/12\/bowling-challans-300x200.jpg 300w, https:\/\/www.campingvaldevie.fr\/wp-content\/uploads\/2022\/12\/bowling-challans-768x512.jpg 768w, https:\/\/www.campingvaldevie.fr\/wp-content\/uploads\/2022\/12\/bowling-challans.jpg 1200w\" sizes=\"auto, (max-width: 1024px) 100vw, 1024px\" \/><\/figure><div class=\"wp-block-media-text__content\">\n<h2 class=\"wp-block-heading\">Speelterreinen<\/h2>\n\n\n\n<p>Challans heeft geen tekort aan vrijetijdsvoorzieningen van allerlei aard. Je hebt een ruime keuze aan activiteiten op plaatsen zoals :<\/p>\n\n\n\n<ol class=\"wp-block-list\" start=\"5\">\n<li><strong>Martini racekart<\/strong><\/li>\n<\/ol>\n\n\n\n<p>Dit kartcircuit van 700 meter is een echte sensatie. Of je nu met je gezin of met vrienden bent, je kunt hier heerlijk komen rijden op het circuit. Het bijzondere aan deze plek is dat de nadruk ligt op gezelligheid, ontspanning en veiligheid. Je kunt dus wat quality time doorbrengen met je geliefden.&nbsp;<\/p>\n\n\n\n<ol class=\"wp-block-list\" start=\"6\">\n<li><strong>Bowling Le Nagada<\/strong><\/li>\n<\/ol>\n\n\n\n<p>Het is een speeltuin met :<\/p>\n\n\n\n<ul class=\"wp-block-list\">\n<li>8 bowlingbanen,<\/li>\n\n\n\n<li>pooltafels,<\/li>\n\n\n\n<li>een bar,&nbsp;<\/li>\n\n\n\n<li>een speelhal,&nbsp;<\/li>\n\n\n\n<li>enz.&nbsp;<\/li>\n<\/ul>\n\n\n\n<p>Het is een gezinsvriendelijke plek waar je je met je kinderen kunt vermaken, midden in het hart van de Vend\u00e9e.&nbsp;<\/p>\n<\/div><\/div>\n\n\n\n<div style=\"height:30px\" aria-hidden=\"true\" class=\"wp-block-spacer\"><\/div>\n\n\n\n<div class=\"wp-block-media-text alignfull has-media-on-the-right is-stacked-on-mobile is-vertically-aligned-center is-style-default\" style=\"grid-template-columns:auto 40%\"><div class=\"wp-block-media-text__content\">\n<ol class=\"wp-block-list\" start=\"7\">\n<li><strong>L'\u00eele aux jeux Challans&nbsp;<\/strong><\/li>\n<\/ol>\n\n\n\n<p>L'\u00eele aux jeux is een recreatiepark voor het hele gezin met een speeltuin. Er zijn tal van spelletjes voor alle leeftijden om van te genieten:<\/p>\n\n\n\n<ul class=\"wp-block-list\">\n<li>Opblaasbare spelletjes,&nbsp;<\/li>\n\n\n\n<li>het ballenbad,&nbsp;<\/li>\n\n\n\n<li>bordspellen,&nbsp;<\/li>\n\n\n\n<li>driewielers,<\/li>\n\n\n\n<li>tafelvoetbal,<\/li>\n\n\n\n<li>trampoline,<\/li>\n\n\n\n<li>enz.&nbsp;<\/li>\n<\/ul>\n\n\n\n<p>De speeltuin beslaat 800 m<sup>2<\/sup>. Je kunt ook gebruikmaken van gratis WiFi. Er is ook een bar waar je je dorst kunt lessen.&nbsp;<\/p>\n\n\n\n<ol class=\"wp-block-list\" start=\"8\">\n<li><strong>Sov Ki Peu<\/strong><\/li>\n<\/ol>\n\n\n\n<p>Dit ontsnappingsspelcentrum biedt je een echt moment van avontuur en goede humor. Het doel van het ontsnappingsspel is om binnen 60 minuten uit een afgesloten kamer te ontsnappen. Het spel wordt gespeeld in teams van 2 tot 6 spelers. Je hebt logica, samenwerking, observatie en deductie nodig om te slagen. Sov Ki Peu biedt ook een <em>Stadsonderzoek<\/em>Het doel van het spel is om op een leuke manier de straten van de stad te verkennen en verschillende buurten te ontdekken. Je team bestaat uit 3 tot 6 spelers, met wie je puzzels moet oplossen om de weg te vinden en de missie te voltooien.&nbsp;<\/p>\n\n\n\n<ol class=\"wp-block-list\" start=\"9\">\n<li><strong>Planete Racing<\/strong><\/li>\n<\/ol>\n\n\n\n<p>Ben je een fan van watersporten? Ontdek het plezier van jetski\u00ebn bij Planete racing. Deze vriendelijke locatie ligt in een uitzonderlijk landschap van 33 hectare. Het ligt aan een zoetwatermeer met een zandstrand en een eilandachtige sfeer. Je kunt ook genieten van E-cross tochten van 20 minuten of crosscountry sessies van 10 minuten.&nbsp;<\/p>\n<\/div><figure class=\"wp-block-media-text__media\"><img loading=\"lazy\" decoding=\"async\" width=\"1024\" height=\"683\" src=\"https:\/\/www.campingvaldevie.fr\/wp-content\/uploads\/2022\/12\/platene-racing-1024x683.jpg\" alt=\"planete racing challans\" class=\"wp-image-20352 size-full\" srcset=\"https:\/\/www.campingvaldevie.fr\/wp-content\/uploads\/2022\/12\/platene-racing-1024x683.jpg 1024w, https:\/\/www.campingvaldevie.fr\/wp-content\/uploads\/2022\/12\/platene-racing-300x200.jpg 300w, https:\/\/www.campingvaldevie.fr\/wp-content\/uploads\/2022\/12\/platene-racing-768x512.jpg 768w, https:\/\/www.campingvaldevie.fr\/wp-content\/uploads\/2022\/12\/platene-racing.jpg 1200w\" sizes=\"auto, (max-width: 1024px) 100vw, 1024px\" \/><\/figure><\/div>\n\n\n\n<div class=\"wp-block-group\"><div class=\"wp-block-group__inner-container is-layout-constrained wp-block-group-is-layout-constrained\">\n<h2 class=\"wp-block-heading has-text-align-center\">Ontdek ook<\/h2>\n\n\n\n<div class=\"wp-block-columns is-layout-flex wp-container-core-columns-is-layout-9d6595d7 wp-block-columns-is-layout-flex\">\n<div class=\"wp-block-column is-layout-flow wp-block-column-is-layout-flow\">\n<div class=\"wp-block-cover is-light has-small-font-size\" style=\"min-height:350px;aspect-ratio:unset;\"><span aria-hidden=\"true\" class=\"wp-block-cover__background has-background-dim\"><\/span><img loading=\"lazy\" decoding=\"async\" width=\"1200\" height=\"800\" class=\"wp-block-cover__image-background wp-image-20331\" alt=\"Meer van Apremont\" src=\"https:\/\/www.campingvaldevie.fr\/wp-content\/uploads\/2022\/12\/lac-apremont.jpg\" data-object-fit=\"cover\" srcset=\"https:\/\/www.campingvaldevie.fr\/wp-content\/uploads\/2022\/12\/lac-apremont.jpg 1200w, https:\/\/www.campingvaldevie.fr\/wp-content\/uploads\/2022\/12\/lac-apremont-300x200.jpg 300w, https:\/\/www.campingvaldevie.fr\/wp-content\/uploads\/2022\/12\/lac-apremont-1024x683.jpg 1024w, https:\/\/www.campingvaldevie.fr\/wp-content\/uploads\/2022\/12\/lac-apremont-768x512.jpg 768w\" sizes=\"auto, (max-width: 1200px) 100vw, 1200px\" \/><div class=\"wp-block-cover__inner-container is-layout-flow wp-block-cover-is-layout-flow\">\n<p class=\"has-text-align-center has-large-font-size\"><a href=\"\/nl\/toerisme-vendee\/toerisme-apremont\/\">Apremont<\/a><\/p>\n<\/div><\/div>\n<\/div>\n\n\n\n<div class=\"wp-block-column is-layout-flow wp-block-column-is-layout-flow\">\n<div class=\"wp-block-cover is-light has-small-font-size\" style=\"min-height:350px;aspect-ratio:unset;\"><span aria-hidden=\"true\" class=\"wp-block-cover__background has-background-dim\"><\/span><img loading=\"lazy\" decoding=\"async\" width=\"1200\" height=\"800\" class=\"wp-block-cover__image-background wp-image-20298\" alt=\"toerisme aizenay\" src=\"https:\/\/www.campingvaldevie.fr\/wp-content\/uploads\/2022\/12\/tourisme-aizenay.jpg\" data-object-fit=\"cover\" srcset=\"https:\/\/www.campingvaldevie.fr\/wp-content\/uploads\/2022\/12\/tourisme-aizenay.jpg 1200w, https:\/\/www.campingvaldevie.fr\/wp-content\/uploads\/2022\/12\/tourisme-aizenay-300x200.jpg 300w, https:\/\/www.campingvaldevie.fr\/wp-content\/uploads\/2022\/12\/tourisme-aizenay-1024x683.jpg 1024w, https:\/\/www.campingvaldevie.fr\/wp-content\/uploads\/2022\/12\/tourisme-aizenay-768x512.jpg 768w\" sizes=\"auto, (max-width: 1200px) 100vw, 1200px\" \/><div class=\"wp-block-cover__inner-container is-layout-flow wp-block-cover-is-layout-flow\">\n<p class=\"has-text-align-center has-large-font-size\"><a href=\"\/nl\/toerisme-vendee\/la-roche-sur-yon\/\">La Roche-sur-Yon<\/a><\/p>\n<\/div><\/div>\n<\/div>\n\n\n\n<div class=\"wp-block-column is-layout-flow wp-block-column-is-layout-flow\">\n<div class=\"wp-block-cover is-light has-small-font-size\" style=\"min-height:350px;aspect-ratio:unset;\"><span aria-hidden=\"true\" class=\"wp-block-cover__background has-background-dim\"><\/span><img loading=\"lazy\" decoding=\"async\" width=\"471\" height=\"456\" class=\"wp-block-cover__image-background wp-image-20294\" alt=\"\" src=\"https:\/\/www.campingvaldevie.fr\/wp-content\/uploads\/2022\/12\/visiter-aizenay.jpg\" data-object-fit=\"cover\" srcset=\"https:\/\/www.campingvaldevie.fr\/wp-content\/uploads\/2022\/12\/visiter-aizenay.jpg 471w, https:\/\/www.campingvaldevie.fr\/wp-content\/uploads\/2022\/12\/visiter-aizenay-300x290.jpg 300w\" sizes=\"auto, (max-width: 471px) 100vw, 471px\" \/><div class=\"wp-block-cover__inner-container is-layout-flow wp-block-cover-is-layout-flow\">\n<p class=\"has-text-align-center has-large-font-size\"><a href=\"\/nl\/toerisme-vendee\/toerisme-aizenay\/\">Aizenay<\/a><\/p>\n<\/div><\/div>\n<\/div>\n<\/div>\n<\/div><\/div>","protected":false},"excerpt":{"rendered":"<p>Challans est une petite commune de Vend\u00e9e, au Pays de la Loire. Proche de la mer et ayant de nombreux sites touristiques, c\u2019est l\u2019endroit id\u00e9al pour passer ses vacances dans un camping pr\u00e8s de Challans. En outre, vous pouvez y effectuer une multitude d\u2019activit\u00e9s. Zoom sur une s\u00e9lection des endroits \u00e0 ne pas rater \u00e0 [&hellip;]<\/p>\n","protected":false},"author":4,"featured_media":0,"parent":20275,"menu_order":0,"comment_status":"closed","ping_status":"closed","template":"","meta":{"_seopress_robots_primary_cat":"","_seopress_titles_title":"Visiter Challans top activit\u00e9s - Camping Val de Vie Vend\u00e9e","_seopress_titles_desc":"Challans, petite commune de Vend\u00e9e, au Pays de la Loire, est id\u00e9ale pour des vacances dans un camping pr\u00e8s de la mer, offrant de nombreuses activit\u00e9s.","_seopress_robots_index":"","footnotes":""},"class_list":["post-20277","page","type-page","status-publish","hentry"],"_links":{"self":[{"href":"https:\/\/www.campingvaldevie.fr\/nl\/wp-json\/wp\/v2\/pages\/20277","targetHints":{"allow":["GET"]}}],"collection":[{"href":"https:\/\/www.campingvaldevie.fr\/nl\/wp-json\/wp\/v2\/pages"}],"about":[{"href":"https:\/\/www.campingvaldevie.fr\/nl\/wp-json\/wp\/v2\/types\/page"}],"author":[{"embeddable":true,"href":"https:\/\/www.campingvaldevie.fr\/nl\/wp-json\/wp\/v2\/users\/4"}],"replies":[{"embeddable":true,"href":"https:\/\/www.campingvaldevie.fr\/nl\/wp-json\/wp\/v2\/comments?post=20277"}],"version-history":[{"count":9,"href":"https:\/\/www.campingvaldevie.fr\/nl\/wp-json\/wp\/v2\/pages\/20277\/revisions"}],"predecessor-version":[{"id":25739,"href":"https:\/\/www.campingvaldevie.fr\/nl\/wp-json\/wp\/v2\/pages\/20277\/revisions\/25739"}],"up":[{"embeddable":true,"href":"https:\/\/www.campingvaldevie.fr\/nl\/wp-json\/wp\/v2\/pages\/20275"}],"wp:attachment":[{"href":"https:\/\/www.campingvaldevie.fr\/nl\/wp-json\/wp\/v2\/media?parent=20277"}],"curies":[{"name":"wp","href":"https:\/\/api.w.org\/{rel}","templated":true}]}}