{"id":20279,"date":"2022-12-06T18:51:06","date_gmt":"2022-12-06T17:51:06","guid":{"rendered":"https:\/\/www.campingvaldevie.fr\/?page_id=20279"},"modified":"2024-12-17T15:43:04","modified_gmt":"2024-12-17T14:43:04","slug":"camping-aizenay","status":"publish","type":"page","link":"https:\/\/www.campingvaldevie.fr\/nl\/camping-aizenay\/","title":{"rendered":"Boek uw vakantie op een camping in de buurt van Aizenay"},"content":{"rendered":"<h2 class=\"wp-block-heading has-text-align-center\"><strong><strong>Ontdek camping Val de Vie bij Aizena<\/strong><\/strong>y<\/h2>\n\n\n\n<div class=\"wp-block-columns is-layout-flex wp-container-core-columns-is-layout-9d6595d7 wp-block-columns-is-layout-flex\">\n<div class=\"wp-block-column is-vertically-aligned-center is-layout-flow wp-block-column-is-layout-flow\" style=\"flex-basis:35%\">\n<figure class=\"wp-block-image size-full is-style-default\"><img loading=\"lazy\" decoding=\"async\" width=\"471\" height=\"456\" src=\"https:\/\/www.campingvaldevie.fr\/wp-content\/uploads\/2022\/12\/visiter-aizenay.jpg\" alt=\"\" class=\"wp-image-20294\" srcset=\"https:\/\/www.campingvaldevie.fr\/wp-content\/uploads\/2022\/12\/visiter-aizenay.jpg 471w, https:\/\/www.campingvaldevie.fr\/wp-content\/uploads\/2022\/12\/visiter-aizenay-300x290.jpg 300w\" sizes=\"auto, (max-width: 471px) 100vw, 471px\" \/><\/figure>\n<\/div>\n\n\n\n<div class=\"wp-block-column is-layout-flow wp-block-column-is-layout-flow\" style=\"flex-basis:66.66%\">\n<p>Besteed <strong>vakantie <\/strong>in de <strong>4-sterren camping Val de Vie<\/strong>gelegen in de <strong>Loire<\/strong>in de buurt van de <strong>Bos van Aizenay<\/strong>. Deze <a href=\"\/nl\/\"><strong>kamperen in de Vend\u00e9e <\/strong><\/a>bevat alle apparatuur die je nodig hebt voor een onvergetelijke <strong>comfort <\/strong>tijdens uw <strong>blijf<\/strong>. U kunt een <strong>accommodatie huren <\/strong>als <strong>mobiel<\/strong>-<strong>Home<\/strong> of een lodgetent.<\/p>\n\n\n\n<p>Door in deze <strong>camping in de buurt van Aizenay<\/strong>de <strong>kinderen <\/strong>zal met veel plezier spelen in de<strong>speelruimte <\/strong>met een schommel, een trampoline, een speeltuin en meer. <strong>zand<\/strong>en vele anderen. Een van de troeven van Val de Vie is de aanwezigheid van een <strong>verwarmd en overdekt zwembad<\/strong> En er is geen manier om je te vervelen met de verschillende activiteiten die worden aangeboden. <strong>entertainment<\/strong> dat deze vestiging <strong>4 sterren <\/strong>voor je in petto heeft. Jouw <strong>vakantie <\/strong>zal worden onderbroken door verschillende <strong>activiteiten <\/strong>zoals schattenjachten, avondevenementen met gastsprekers, petanquewedstrijden, enz. Bovendien is dit <a href=\"\/nl\/camping-la-roche-sur-yon\/\">camping in de buurt van La Roche-Sur-Yon<\/a> en <strong>Apremont <\/strong>biedt toegang tot een breed scala aan toeristische activiteiten.<\/p>\n<\/div>\n<\/div>\n\n\n\n<div style=\"height:30px\" aria-hidden=\"true\" class=\"wp-block-spacer\"><\/div>\n\n\n\n<div class=\"wp-block-columns is-layout-flex wp-container-core-columns-is-layout-9d6595d7 wp-block-columns-is-layout-flex\">\n<div class=\"wp-block-column is-layout-flow wp-block-column-is-layout-flow\">\n<h2 class=\"wp-block-heading has-text-align-center\"><strong>Ontdek de accommodaties van de camping<\/strong><\/h2>\n\n\n\n<p>Geniet van een onvergetelijk verblijf in de <strong>Camping Val de Vie bij het bos van Aizenay <\/strong>dankzij een <a href=\"\/nl\/kleine-topcamping-vendee\/\"><strong>eersteklas accommodatie huren<\/strong><\/a>. U kunt onder andere <strong>verhuur eenpersoons stacaravan<\/strong> of met spa voor meer <strong>comfort<\/strong>. Alle <strong>4-sterren campings<\/strong> zijn ingericht en uitgerust, met <strong>kamers <\/strong>comfortabel, een <strong>tentoonstelling<\/strong>Een badkamer en een keuken. De keuken is uitgerust met alle benodigdheden, zoals de <strong>koelkast<\/strong>de <strong>magnetron <\/strong>of de <strong>koffiezetapparaat<\/strong>.<\/p>\n\n\n\n<details>\n<summary>Meer lezen<\/summary>\n<p>Le <strong>mobiel<\/strong> huis biedt 3 tot 4 <strong>kamers<\/strong>Met een capaciteit van 4 tot 8 personen. Naast faciliteiten zoals de <strong>koelkast<\/strong> of de <strong>koffiezetapparaat<\/strong>de <strong>mobilhome<\/strong> premie geniet ook van een <strong>terras<\/strong> en een <strong>tuin<\/strong>. Bovendien heb je toegang tot een <strong>plaats<\/strong> van <strong>parkeerplaats<\/strong>. Merk op dat een <strong>verwarmd zwembad<\/strong> en verschillende <strong>Spelletjes<\/strong> en <strong>entertainment<\/strong> vullen deze services aan om uw <strong>vakantie<\/strong>.<\/p>\n<\/details>\n\n\n\n<div class=\"wp-block-columns is-layout-flex wp-container-core-columns-is-layout-9d6595d7 wp-block-columns-is-layout-flex\">\n<div class=\"wp-block-column is-layout-flow wp-block-column-is-layout-flow\" style=\"flex-basis:33.33%\">\n<div class=\"wp-block-create-block-sev-encartsimplebg aligncenter\"><aside class=\"encart-simplebg-sev small\"><a href=\"\/nl\/accommodatie\/#sev-gamme-standard\" class=\"d-flex flex-column align-items-center\"><div class=\"encart-title\"><span>Standaard vanaf \u20ac199 per week<\/span><\/div><img decoding=\"async\" src=\"https:\/\/www.campingvaldevie.fr\/wp-content\/uploads\/2022\/03\/standard.jpg\" alt=\"standaard serie stacaravan\"\/><button class=\"btn\"><\/button><\/a><\/aside><\/div>\n<\/div>\n\n\n\n<div class=\"wp-block-column is-layout-flow wp-block-column-is-layout-flow\" style=\"flex-basis:66.66%\">\n<div class=\"wp-block-create-block-sev-encartsimplebg\"><aside class=\"encart-simplebg-sev small\"><a href=\"\/nl\/accommodatie\/#sev-gamme-confort\" class=\"d-flex flex-column align-items-center\"><div class=\"encart-title\"><span>Comfort vanaf \u20ac269 per week<\/span><\/div><img decoding=\"async\" src=\"https:\/\/www.campingvaldevie.fr\/wp-content\/uploads\/2020\/12\/IMG_2469.jpg\" alt=\"tentoonstelling\"\/><button class=\"btn\"><\/button><\/a><\/aside><\/div>\n<\/div>\n<\/div>\n\n\n\n<div class=\"wp-block-columns is-layout-flex wp-container-core-columns-is-layout-9d6595d7 wp-block-columns-is-layout-flex\">\n<div class=\"wp-block-column is-layout-flow wp-block-column-is-layout-flow\" style=\"flex-basis:66.66%\">\n<div class=\"wp-block-create-block-sev-encartsimplebg\"><aside class=\"encart-simplebg-sev small\"><a href=\"\/nl\/accommodatie\/#sev-gamme-premium\" class=\"d-flex flex-column align-items-center\"><div class=\"encart-title\"><span>Premium aanbod vanaf \u20ac379 per week<\/span><\/div><img decoding=\"async\" src=\"https:\/\/www.campingvaldevie.fr\/wp-content\/uploads\/2022\/07\/meilleur-petit-camping-saint-gilles-croix-de-vie.png\" alt=\"Beste kleine camping Saint Gilles croix de Vie\"\/><button class=\"btn\"><\/button><\/a><\/aside><\/div>\n<\/div>\n\n\n\n<div class=\"wp-block-column is-layout-flow wp-block-column-is-layout-flow\" style=\"flex-basis:33.33%\">\n<div class=\"wp-block-create-block-sev-encartsimplebg\"><aside class=\"encart-simplebg-sev small\"><a href=\"\/nl\/locatie\/\" class=\"d-flex flex-column align-items-center\"><div class=\"encart-title\"><span>Kampeerplaatsen vanaf \u20ac100 per week<\/span><\/div><img decoding=\"async\" src=\"https:\/\/www.campingvaldevie.fr\/wp-content\/uploads\/2019\/11\/emplacement-camping-taille-humaine-vendee.jpg\" alt=\"camping op menselijke schaal in de Vend\u00e9e\"\/><button class=\"btn\"><\/button><\/a><\/aside><\/div>\n<\/div>\n<\/div>\n\n\n\n<div class=\"wp-block-buttons alignwide is-layout-flex wp-block-buttons-is-layout-flex\">\n<div class=\"wp-block-button aligncenter\"><a class=\"wp-block-button__link wp-element-button\" href=\"\/nl\/accommodatie\/\">Ontdek de accommodatie<\/a><\/div>\n<\/div>\n<\/div>\n<\/div>\n\n\n\n<div style=\"height:30px\" aria-hidden=\"true\" class=\"wp-block-spacer\"><\/div>\n\n\n\n<div class=\"wp-block-media-text alignfull has-media-on-the-right is-stacked-on-mobile is-vertically-aligned-center is-style-default\" style=\"grid-template-columns:auto 56%\"><div class=\"wp-block-media-text__content\">\n<h2 class=\"wp-block-heading has-text-align-left has-text-color\" style=\"color:#000000\"><strong><strong><strong>Het zwembad op de camping bij Aizenay<\/strong><\/strong><\/strong><\/h2>\n\n\n\n<p>La <strong>verwarmd en overdekt zwembad op de camping bij Aizenay <\/strong>is een van zijn grootste troeven. Je kunt hierin zwemmen <strong>aquatisch gebied <\/strong>of ontspan op de ligstoelen in de schaduw. <strong>Vend\u00e9e <\/strong>in het hart van <strong>Loire<\/strong>. Als je aarzelt om je <strong>vakantie <\/strong>in dit type <strong>camping<\/strong>raadpleeg de <strong>mening <\/strong>families die er al verbleven hebben. Getuigenissen en <strong>mening<\/strong> zijn unaniem over de kwaliteit van de diensten van deze <strong>verhuur <\/strong>van <strong>verkoop <\/strong>in de <strong>land<\/strong> van de <strong>loire<\/strong>. Zijn 4 <strong>sterren <\/strong>zijn rijkelijk verdiend.<\/p>\n\n\n\n<div class=\"wp-block-buttons is-layout-flex wp-block-buttons-is-layout-flex\">\n<div class=\"wp-block-button\"><a class=\"wp-block-button__link wp-element-button\" href=\"\/nl\/het-zwembad\/\">Ontdek het zwembad<\/a><\/div>\n<\/div>\n<\/div><figure class=\"wp-block-media-text__media\"><img loading=\"lazy\" decoding=\"async\" width=\"1024\" height=\"768\" src=\"https:\/\/www.campingvaldevie.fr\/wp-content\/uploads\/2022\/11\/piscine-couverte-et-chauffee-4.jpg\" alt=\"zwembad groep camping vend\u00e9e\" class=\"wp-image-20113 size-full\" srcset=\"https:\/\/www.campingvaldevie.fr\/wp-content\/uploads\/2022\/11\/piscine-couverte-et-chauffee-4.jpg 1024w, https:\/\/www.campingvaldevie.fr\/wp-content\/uploads\/2022\/11\/piscine-couverte-et-chauffee-4-300x225.jpg 300w, https:\/\/www.campingvaldevie.fr\/wp-content\/uploads\/2022\/11\/piscine-couverte-et-chauffee-4-768x576.jpg 768w\" sizes=\"auto, (max-width: 1024px) 100vw, 1024px\" \/><\/figure><\/div>\n\n\n\n<div style=\"height:30px\" aria-hidden=\"true\" class=\"wp-block-spacer\"><\/div>\n\n\n\n<figure class=\"wp-block-gallery alignwide has-nested-images columns-default is-cropped wp-block-gallery-1 is-layout-flex wp-block-gallery-is-layout-flex\">\n<figure class=\"wp-block-image size-full\"><img loading=\"lazy\" decoding=\"async\" width=\"767\" height=\"717\" data-id=\"19687\" src=\"https:\/\/www.campingvaldevie.fr\/wp-content\/uploads\/2022\/11\/piscine-valdevie.png\" alt=\"zwembad\" class=\"wp-image-19687\" srcset=\"https:\/\/www.campingvaldevie.fr\/wp-content\/uploads\/2022\/11\/piscine-valdevie.png 767w, https:\/\/www.campingvaldevie.fr\/wp-content\/uploads\/2022\/11\/piscine-valdevie-300x280.png 300w\" sizes=\"auto, (max-width: 767px) 100vw, 767px\" \/><\/figure>\n\n\n\n<figure class=\"wp-block-image size-large\"><img loading=\"lazy\" decoding=\"async\" width=\"1024\" height=\"576\" data-id=\"7543\" src=\"https:\/\/www.campingvaldevie.fr\/wp-content\/uploads\/2020\/12\/tente-lodge-COTTON-1024x576.jpg\" alt=\"\" class=\"wp-image-7543\" srcset=\"https:\/\/www.campingvaldevie.fr\/wp-content\/uploads\/2020\/12\/tente-lodge-COTTON-1024x576.jpg 1024w, https:\/\/www.campingvaldevie.fr\/wp-content\/uploads\/2020\/12\/tente-lodge-COTTON-300x169.jpg 300w, https:\/\/www.campingvaldevie.fr\/wp-content\/uploads\/2020\/12\/tente-lodge-COTTON-768x432.jpg 768w, https:\/\/www.campingvaldevie.fr\/wp-content\/uploads\/2020\/12\/tente-lodge-COTTON-1536x864.jpg 1536w, https:\/\/www.campingvaldevie.fr\/wp-content\/uploads\/2020\/12\/tente-lodge-COTTON.jpg 1920w\" sizes=\"auto, (max-width: 1024px) 100vw, 1024px\" \/><\/figure>\n<\/figure>\n\n\n\n<div style=\"height:30px\" aria-hidden=\"true\" class=\"wp-block-spacer\"><\/div>\n\n\n\n<div class=\"wp-block-media-text alignfull is-stacked-on-mobile is-vertically-aligned-center is-image-fill-element is-style-default\" style=\"grid-template-columns:56% auto\"><figure class=\"wp-block-media-text__media\"><img loading=\"lazy\" decoding=\"async\" width=\"800\" height=\"533\" src=\"https:\/\/www.campingvaldevie.fr\/wp-content\/uploads\/2018\/01\/camping-familial.jpg\" alt=\"\" class=\"wp-image-1693 size-full\" style=\"object-position:50% 50%\" srcset=\"https:\/\/www.campingvaldevie.fr\/wp-content\/uploads\/2018\/01\/camping-familial.jpg 800w, https:\/\/www.campingvaldevie.fr\/wp-content\/uploads\/2018\/01\/camping-familial-300x200.jpg 300w, https:\/\/www.campingvaldevie.fr\/wp-content\/uploads\/2018\/01\/camping-familial-768x512.jpg 768w\" sizes=\"auto, (max-width: 800px) 100vw, 800px\" \/><\/figure><div class=\"wp-block-media-text__content\">\n<h2 class=\"wp-block-heading has-text-align-left has-text-color\" style=\"color:#000000\"><strong><strong><strong><strong>Een familiecamping aan de poort van het bos van Aizenay<\/strong><\/strong><\/strong><\/strong><\/h2>\n\n\n\n<p>Boek een <strong>accommodatie <\/strong>in de <strong>Camping Val de Vie bij het bos van Aizenay <\/strong>om zo dicht mogelijk bij de natuur te komen. Beleef <strong>vakantie <\/strong>in een aangename en serene omgeving. <strong>leven <\/strong>boordevol groen. Als je van <strong>bos<\/strong>deze <strong>camping <\/strong>is precies de plek voor jou. De locatie maakt het een uitstekende uitvalsbasis voor een bezoek aan de <strong>Loire<\/strong>. Als je verder weg gaat, kun je zelfs prachtige stranden van <strong>zand <\/strong>eindigt rond<strong>Aizenay<\/strong>.<\/p>\n\n\n\n<p>Daarnaast <strong>nabijheid <\/strong>met de natuur, de <strong>campings <\/strong>zoals Val de Vie bieden ultramoderne diensten en faciliteiten. Bezoek <strong>plaats<\/strong>profiteren van <strong>wifi <\/strong>of een <strong>zwembad <\/strong>verwarmd zwembad. Na een wandeling door de <strong>bos <\/strong>met uw <strong>kinderen<\/strong>ontspannen in de <strong>kamers <\/strong>het comfort van <strong>stacaravans<\/strong>. Je kunt herstellen van je wandeling door <strong>bos <\/strong>door te rusten in de <strong>tentoonstelling<\/strong>de <strong>tuin <\/strong>of in de<strong>ruimte <\/strong>verwarmd van <strong>zwembad<\/strong>. De instelling voor deze 4 <strong>sterren <\/strong>gelegen in het hart van <strong>Vend\u00e9e<\/strong>in de <strong>Pays de la Loire, is<\/strong> de perfecte plek om te ontspannen en tot rust te komen. Kom weer in contact met de omgeving dankzij deze <strong>blijf <\/strong>in de buurt van de <strong>Bos van Aizenay<\/strong>.<\/p>\n<\/div><\/div>\n\n\n\n<div style=\"height:30px\" aria-hidden=\"true\" class=\"wp-block-spacer\"><\/div>\n\n\n\n<div class=\"wp-block-media-text alignfull has-media-on-the-right is-stacked-on-mobile is-vertically-aligned-center is-image-fill-element is-style-default\" style=\"grid-template-columns:auto 56%\"><div class=\"wp-block-media-text__content\">\n<h2 class=\"wp-block-heading has-text-align-left has-text-color\" style=\"color:#000000\"><strong><strong><strong><strong>Bezoek Aizenay<\/strong><\/strong><\/strong><\/strong><\/h2>\n\n\n\n<p>Het is belangrijk om te weten dat <strong>camping met zwembad bij het For\u00eat d'Aizenay<\/strong>. Dit maakt het een strategische locatie voor een bezoek aan de <strong>Loire<\/strong>in het bijzonder <strong>Aizenay<\/strong>. Haal het meeste uit uw <strong>blijf <\/strong>om de omgeving te verkennen. Als je moe bent van het sightsee\u00ebn, ontspan je in het <strong>zwembad <\/strong>of op de ligstoel van zijn <strong>terras<\/strong>. Bezienswaardigheden en activiteiten tijdens uw verblijf <strong>vakantie<\/strong> \u00e0 <strong>verkoop <\/strong>daar is geen tekort aan:<\/p>\n\n\n\n<ul class=\"wp-block-list\">\n<li>de <strong>Zuidelijk park<\/strong>aan de rand van de <strong>bos<\/strong>met routes voor kinderen en volwassenen,<\/li>\n\n\n\n<li>Kustschieten,<\/li>\n\n\n\n<li>Ch\u00e2teau d'Apremont,<\/li>\n\n\n\n<li>het accrobranche park,<\/li>\n\n\n\n<li>enz.&nbsp;<\/li>\n<\/ul>\n\n\n\n<p>Je kunt ook de<a href=\"https:\/\/www.aizenay.fr\/\" target=\"_blank\" rel=\"noreferrer noopener\"><strong>Toeristenbureau Aizenay<\/strong><\/a> voor meer informatie.\u00a0<\/p>\n\n\n\n<p>Om optimaal te profiteren <a href=\"\/nl\/toerisme-vendee\/toerisme-aizenay\/\">d'Aizenay<\/a>reserveer een <strong>accommodatie huren <\/strong>in een van de <strong>campings <\/strong>bij jou in de buurt. Bezoek <strong>Camping Le Val de Vie<\/strong> is de perfecte plek om <strong>stacaravans<\/strong> wanneer het jou uitkomt, afhankelijk van het aantal personen of je budget.&nbsp;<\/p>\n<\/div><figure class=\"wp-block-media-text__media\"><img loading=\"lazy\" decoding=\"async\" width=\"1024\" height=\"683\" src=\"https:\/\/www.campingvaldevie.fr\/wp-content\/uploads\/2022\/12\/tourisme-aizenay-1024x683.jpg\" alt=\"toerisme aizenay\" class=\"wp-image-20298 size-full\" style=\"object-position:50% 50%\" srcset=\"https:\/\/www.campingvaldevie.fr\/wp-content\/uploads\/2022\/12\/tourisme-aizenay-1024x683.jpg 1024w, https:\/\/www.campingvaldevie.fr\/wp-content\/uploads\/2022\/12\/tourisme-aizenay-300x200.jpg 300w, https:\/\/www.campingvaldevie.fr\/wp-content\/uploads\/2022\/12\/tourisme-aizenay-768x512.jpg 768w, https:\/\/www.campingvaldevie.fr\/wp-content\/uploads\/2022\/12\/tourisme-aizenay.jpg 1200w\" sizes=\"auto, (max-width: 1024px) 100vw, 1024px\" \/><\/figure><\/div>\n\n\n\n<div style=\"height:50px\" aria-hidden=\"true\" class=\"wp-block-spacer\"><\/div>\n\n\n\n<div class=\"wp-block-columns is-layout-flex wp-container-core-columns-is-layout-9d6595d7 wp-block-columns-is-layout-flex\">\n<div class=\"wp-block-column is-layout-flow wp-block-column-is-layout-flow\">\n<div class=\"wp-block-buttons is-layout-flex wp-block-buttons-is-layout-flex\">\n<div class=\"wp-block-button aligncenter\"><a class=\"wp-block-button__link wp-element-button\" href=\"https:\/\/bookingpremium.secureholiday.net\/fr\/10284\/\" target=\"_blank\" rel=\"noreferrer noopener\">Boek<\/a><\/div>\n<\/div>\n<\/div>\n\n\n\n<div class=\"wp-block-column is-layout-flow wp-block-column-is-layout-flow\">\n<div class=\"wp-block-buttons is-layout-flex wp-block-buttons-is-layout-flex\">\n<div class=\"wp-block-button aligncenter\"><a class=\"wp-block-button__link wp-element-button\" href=\"\/nl\/neem-contact-op-met\/\">Neem contact met ons op<\/a><\/div>\n<\/div>\n<\/div>\n<\/div>\n\n\n\n<div class=\"wp-block-group\"><div class=\"wp-block-group__inner-container is-layout-constrained wp-block-group-is-layout-constrained\">\n<h2 class=\"wp-block-heading has-text-align-center\">Ontdek ook<\/h2>\n\n\n\n<div class=\"wp-block-columns is-layout-flex wp-container-core-columns-is-layout-9d6595d7 wp-block-columns-is-layout-flex\">\n<div class=\"wp-block-column is-layout-flow wp-block-column-is-layout-flow\">\n<div class=\"wp-block-cover is-light has-small-font-size\" style=\"min-height:350px;aspect-ratio:unset;\"><span aria-hidden=\"true\" class=\"wp-block-cover__background has-background-dim\"><\/span><img loading=\"lazy\" decoding=\"async\" width=\"1200\" height=\"800\" class=\"wp-block-cover__image-background wp-image-20331\" alt=\"Meer van Apremont\" src=\"https:\/\/www.campingvaldevie.fr\/wp-content\/uploads\/2022\/12\/lac-apremont.jpg\" data-object-fit=\"cover\" srcset=\"https:\/\/www.campingvaldevie.fr\/wp-content\/uploads\/2022\/12\/lac-apremont.jpg 1200w, https:\/\/www.campingvaldevie.fr\/wp-content\/uploads\/2022\/12\/lac-apremont-300x200.jpg 300w, https:\/\/www.campingvaldevie.fr\/wp-content\/uploads\/2022\/12\/lac-apremont-1024x683.jpg 1024w, https:\/\/www.campingvaldevie.fr\/wp-content\/uploads\/2022\/12\/lac-apremont-768x512.jpg 768w\" sizes=\"auto, (max-width: 1200px) 100vw, 1200px\" \/><div class=\"wp-block-cover__inner-container is-layout-flow wp-block-cover-is-layout-flow\">\n<p class=\"has-text-align-center has-large-font-size\"><a href=\"\/nl\/camping-apremont\/\">Camping Apremont<\/a><\/p>\n<\/div><\/div>\n<\/div>\n\n\n\n<div class=\"wp-block-column is-layout-flow wp-block-column-is-layout-flow\">\n<div class=\"wp-block-cover is-light has-small-font-size\" style=\"min-height:350px;aspect-ratio:unset;\"><span aria-hidden=\"true\" class=\"wp-block-cover__background has-background-dim\"><\/span><img loading=\"lazy\" decoding=\"async\" width=\"1200\" height=\"800\" class=\"wp-block-cover__image-background wp-image-20298\" alt=\"toerisme aizenay\" src=\"https:\/\/www.campingvaldevie.fr\/wp-content\/uploads\/2022\/12\/tourisme-aizenay.jpg\" data-object-fit=\"cover\" srcset=\"https:\/\/www.campingvaldevie.fr\/wp-content\/uploads\/2022\/12\/tourisme-aizenay.jpg 1200w, https:\/\/www.campingvaldevie.fr\/wp-content\/uploads\/2022\/12\/tourisme-aizenay-300x200.jpg 300w, https:\/\/www.campingvaldevie.fr\/wp-content\/uploads\/2022\/12\/tourisme-aizenay-1024x683.jpg 1024w, https:\/\/www.campingvaldevie.fr\/wp-content\/uploads\/2022\/12\/tourisme-aizenay-768x512.jpg 768w\" sizes=\"auto, (max-width: 1200px) 100vw, 1200px\" \/><div class=\"wp-block-cover__inner-container is-layout-flow wp-block-cover-is-layout-flow\">\n<p class=\"has-text-align-center has-large-font-size\"><a href=\"\/nl\/camping-la-roche-sur-yon\/\">Camping La Roche-sur-Yon<\/a><\/p>\n<\/div><\/div>\n<\/div>\n\n\n\n<div class=\"wp-block-column is-layout-flow wp-block-column-is-layout-flow\">\n<div class=\"wp-block-cover has-small-font-size\" style=\"min-height:350px;aspect-ratio:unset;\"><span aria-hidden=\"true\" class=\"wp-block-cover__background has-background-dim\"><\/span><img loading=\"lazy\" decoding=\"async\" width=\"700\" height=\"466\" class=\"wp-block-cover__image-background wp-image-18902\" alt=\"vakantie Kleine camping bij Br\u00e9tignolles sur Mer\" src=\"https:\/\/www.campingvaldevie.fr\/wp-content\/uploads\/2022\/09\/vacances-petit-camping-proche-bretignolles-sur-mer.jpg\" data-object-fit=\"cover\" srcset=\"https:\/\/www.campingvaldevie.fr\/wp-content\/uploads\/2022\/09\/vacances-petit-camping-proche-bretignolles-sur-mer.jpg 700w, https:\/\/www.campingvaldevie.fr\/wp-content\/uploads\/2022\/09\/vacances-petit-camping-proche-bretignolles-sur-mer-300x200.jpg 300w\" sizes=\"auto, (max-width: 700px) 100vw, 700px\" \/><div class=\"wp-block-cover__inner-container is-layout-flow wp-block-cover-is-layout-flow\">\n<p class=\"has-text-align-center has-large-font-size\"><a href=\"\/nl\/camping-bretignolles-sur-mer\/\">Camping Bretignolles<\/a><\/p>\n<\/div><\/div>\n<\/div>\n<\/div>\n<\/div><\/div>","protected":false},"excerpt":{"rendered":"<p>D\u00e9couvrez le camping Val de Vie pr\u00e8s d\u2019Aizenay Passez des vacances m\u00e9morables dans le camping 4 \u00e9toiles Val de Vie, situ\u00e9 dans les Pays de la Loire, pr\u00e8s de la for\u00eat d\u2019Aizenay. Ce camping en Vend\u00e9e comprend tous les \u00e9quipements n\u00e9cessaires pour vous offrir un confort optimal durant votre s\u00e9jour. Vous pouvez prendre une location [&hellip;]<\/p>\n","protected":false},"author":4,"featured_media":0,"parent":0,"menu_order":0,"comment_status":"closed","ping_status":"closed","template":"","meta":{"_seopress_robots_primary_cat":"","_seopress_titles_title":"Camping 4 \u00e9toiles proche d\u2019Aizenay en Vend\u00e9e","_seopress_titles_desc":"Vous cherchez une location de vacances en camping pr\u00e8s d\u2019Aizenay ? Notre camping vous propose des mobil-homes aux meilleurs prix. R\u00e9servez maintenant !","_seopress_robots_index":"","footnotes":""},"class_list":["post-20279","page","type-page","status-publish","hentry"],"_links":{"self":[{"href":"https:\/\/www.campingvaldevie.fr\/nl\/wp-json\/wp\/v2\/pages\/20279","targetHints":{"allow":["GET"]}}],"collection":[{"href":"https:\/\/www.campingvaldevie.fr\/nl\/wp-json\/wp\/v2\/pages"}],"about":[{"href":"https:\/\/www.campingvaldevie.fr\/nl\/wp-json\/wp\/v2\/types\/page"}],"author":[{"embeddable":true,"href":"https:\/\/www.campingvaldevie.fr\/nl\/wp-json\/wp\/v2\/users\/4"}],"replies":[{"embeddable":true,"href":"https:\/\/www.campingvaldevie.fr\/nl\/wp-json\/wp\/v2\/comments?post=20279"}],"version-history":[{"count":11,"href":"https:\/\/www.campingvaldevie.fr\/nl\/wp-json\/wp\/v2\/pages\/20279\/revisions"}],"predecessor-version":[{"id":26136,"href":"https:\/\/www.campingvaldevie.fr\/nl\/wp-json\/wp\/v2\/pages\/20279\/revisions\/26136"}],"wp:attachment":[{"href":"https:\/\/www.campingvaldevie.fr\/nl\/wp-json\/wp\/v2\/media?parent=20279"}],"curies":[{"name":"wp","href":"https:\/\/api.w.org\/{rel}","templated":true}]}}