{"id":20958,"date":"2023-02-27T16:30:43","date_gmt":"2023-02-27T15:30:43","guid":{"rendered":"https:\/\/www.campingvaldevie.fr\/?page_id=20958"},"modified":"2023-03-07T11:31:16","modified_gmt":"2023-03-07T10:31:16","slug":"seminar-nantes","status":"publish","type":"page","link":"https:\/\/www.campingvaldevie.fr\/nl\/seminaire-nantes\/","title":{"rendered":"Seminarie in de buurt van Nantes in de Vend\u00e9e"},"content":{"rendered":"<p class=\"has-text-align-center\">Om uw <strong>bedrijfsevenementen<\/strong>inclusief uw <strong>seminars<\/strong> en uw activiteiten <strong>teambuilding in de buurt van Nantes<\/strong> op <strong>Brittany<\/strong>kiezen voor een <strong>locatie<\/strong> ongebruikelijk. Gelegen in de <strong>stad<\/strong> de Mach\u00e9, de <a href=\"\/nl\/gite-te-koop\/\">G\u00eete Val de Vie in de Vend\u00e9e<\/a> heet u welkom in een <strong>frame<\/strong> en concentratie. Profiteer van de prachtige omgeving om de<strong> teamcohesie<\/strong> van uw <strong>werknemers<\/strong>aan een <a href=\"\/nl\/verkoper-seminar\/\">seminar in de Vend\u00e9e<\/a>.<\/p>\n\n\n\n<div style=\"height:30px\" aria-hidden=\"true\" class=\"wp-block-spacer\"><\/div>\n\n\n\n<div class=\"wp-block-columns is-layout-flex wp-container-core-columns-is-layout-9d6595d7 wp-block-columns-is-layout-flex\">\n<div class=\"wp-block-column is-vertically-aligned-center is-layout-flow wp-block-column-is-layout-flow\">\n<figure class=\"wp-block-gallery has-nested-images columns-default is-cropped wp-block-gallery-1 is-layout-flex wp-block-gallery-is-layout-flex\">\n<figure class=\"wp-block-image size-large\"><img loading=\"lazy\" decoding=\"async\" width=\"1024\" height=\"768\" data-id=\"21023\" src=\"https:\/\/www.campingvaldevie.fr\/wp-content\/uploads\/2023\/03\/gite-val-de-vie1_gd-1.jpeg\" alt=\"g\u00eete vend\u00e9e tentoonstelling\" class=\"wp-image-21023\" srcset=\"https:\/\/www.campingvaldevie.fr\/wp-content\/uploads\/2023\/03\/gite-val-de-vie1_gd-1.jpeg 1024w, https:\/\/www.campingvaldevie.fr\/wp-content\/uploads\/2023\/03\/gite-val-de-vie1_gd-1-300x225.jpeg 300w, https:\/\/www.campingvaldevie.fr\/wp-content\/uploads\/2023\/03\/gite-val-de-vie1_gd-1-768x576.jpeg 768w\" sizes=\"auto, (max-width: 1024px) 100vw, 1024px\" \/><\/figure>\n\n\n\n<figure class=\"wp-block-image size-large\"><img loading=\"lazy\" decoding=\"async\" width=\"1024\" height=\"768\" data-id=\"21015\" src=\"https:\/\/www.campingvaldevie.fr\/wp-content\/uploads\/2023\/03\/gite-val-de-vie-gd15-1.jpeg\" alt=\"badkamer\" class=\"wp-image-21015\" srcset=\"https:\/\/www.campingvaldevie.fr\/wp-content\/uploads\/2023\/03\/gite-val-de-vie-gd15-1.jpeg 1024w, https:\/\/www.campingvaldevie.fr\/wp-content\/uploads\/2023\/03\/gite-val-de-vie-gd15-1-300x225.jpeg 300w, https:\/\/www.campingvaldevie.fr\/wp-content\/uploads\/2023\/03\/gite-val-de-vie-gd15-1-768x576.jpeg 768w\" sizes=\"auto, (max-width: 1024px) 100vw, 1024px\" \/><\/figure>\n\n\n\n<figure class=\"wp-block-image size-large\"><img loading=\"lazy\" decoding=\"async\" width=\"600\" height=\"400\" data-id=\"20947\" src=\"https:\/\/www.campingvaldevie.fr\/wp-content\/uploads\/2023\/02\/location-gite-vendee.jpg\" alt=\"g\u00eete kamer\" class=\"wp-image-20947\" srcset=\"https:\/\/www.campingvaldevie.fr\/wp-content\/uploads\/2023\/02\/location-gite-vendee.jpg 600w, https:\/\/www.campingvaldevie.fr\/wp-content\/uploads\/2023\/02\/location-gite-vendee-300x200.jpg 300w\" sizes=\"auto, (max-width: 600px) 100vw, 600px\" \/><\/figure>\n\n\n\n<figure class=\"wp-block-image size-large\"><img loading=\"lazy\" decoding=\"async\" width=\"600\" height=\"400\" data-id=\"20951\" src=\"https:\/\/www.campingvaldevie.fr\/wp-content\/uploads\/2023\/02\/gite-familial-vendee.jpg\" alt=\"gesloten tussenverdieping g\u00eete\" class=\"wp-image-20951\" srcset=\"https:\/\/www.campingvaldevie.fr\/wp-content\/uploads\/2023\/02\/gite-familial-vendee.jpg 600w, https:\/\/www.campingvaldevie.fr\/wp-content\/uploads\/2023\/02\/gite-familial-vendee-300x200.jpg 300w\" sizes=\"auto, (max-width: 600px) 100vw, 600px\" \/><\/figure>\n\n\n\n<figure class=\"wp-block-image size-large\"><img loading=\"lazy\" decoding=\"async\" width=\"1024\" height=\"768\" data-id=\"21007\" src=\"https:\/\/www.campingvaldevie.fr\/wp-content\/uploads\/2023\/03\/gite-val-de-vie-gd6-1.jpeg\" alt=\"g\u00eete keuken\" class=\"wp-image-21007\" srcset=\"https:\/\/www.campingvaldevie.fr\/wp-content\/uploads\/2023\/03\/gite-val-de-vie-gd6-1.jpeg 1024w, https:\/\/www.campingvaldevie.fr\/wp-content\/uploads\/2023\/03\/gite-val-de-vie-gd6-1-300x225.jpeg 300w, https:\/\/www.campingvaldevie.fr\/wp-content\/uploads\/2023\/03\/gite-val-de-vie-gd6-1-768x576.jpeg 768w\" sizes=\"auto, (max-width: 1024px) 100vw, 1024px\" \/><\/figure>\n\n\n\n<figure class=\"wp-block-image size-large\"><img loading=\"lazy\" decoding=\"async\" width=\"1024\" height=\"768\" data-id=\"21011\" src=\"https:\/\/www.campingvaldevie.fr\/wp-content\/uploads\/2023\/03\/gite-val-de-vie-gd7-1.jpeg\" alt=\"g\u00eete kamer\" class=\"wp-image-21011\" srcset=\"https:\/\/www.campingvaldevie.fr\/wp-content\/uploads\/2023\/03\/gite-val-de-vie-gd7-1.jpeg 1024w, https:\/\/www.campingvaldevie.fr\/wp-content\/uploads\/2023\/03\/gite-val-de-vie-gd7-1-300x225.jpeg 300w, https:\/\/www.campingvaldevie.fr\/wp-content\/uploads\/2023\/03\/gite-val-de-vie-gd7-1-768x576.jpeg 768w\" sizes=\"auto, (max-width: 1024px) 100vw, 1024px\" \/><\/figure>\n<\/figure>\n<\/div>\n\n\n\n<div class=\"wp-block-column is-vertically-aligned-center is-layout-flow wp-block-column-is-layout-flow\">\n<h2 class=\"wp-block-heading\">Organiseer een seminar in deze g\u00eete bij Nantes<\/h2>\n\n\n\n<p>U organiseert een <strong>seminar in de buurt van Nantes<\/strong>  ? Kijk dan niet verder dan deze dynamische ruimte, ontworpen om de evenementen van je team met gemak te organiseren.<\/p>\n\n\n\n<ul class=\"wp-block-list\">\n<li>capaciteit voor 20 deelnemers <\/li>\n\n\n\n<li>260 m\u00b2 ruimte om te verkennen<\/li>\n\n\n\n<li>buitenzwembad (open van mei tot september), onze spa voor 8 personen<\/li>\n\n\n\n<li>6 slaapkamers en 4 badkamers<\/li>\n\n\n\n<li>speelkamer waar je kunt tafelvoetballen of de spelconsole kunt gebruiken<\/li>\n\n\n\n<li>groot terras met jacuzzi<\/li>\n\n\n\n<li>4200 m\u00b2 extra buitenruimte <\/li>\n\n\n\n<li>cateringdiensten of maaltijden<\/li>\n\n\n\n<li>overdekt zwembad (10\u00d75)<\/li>\n<\/ul>\n<\/div>\n<\/div>\n\n\n\n<div style=\"height:30px\" aria-hidden=\"true\" class=\"wp-block-spacer\"><\/div>\n\n\n\n<div class=\"wp-block-media-text alignwide has-media-on-the-right is-stacked-on-mobile\"><div class=\"wp-block-media-text__content\">\n<h2 class=\"wp-block-heading\"><strong>De ideale locatie voor uw seminar in de buurt van Nantes<\/strong><\/h2>\n\n\n\n<p>Jouw <strong>bedrijf<\/strong> is in een grote, (te) drukke stad zoals Nantes of <strong>Parijs<\/strong> en je wilt er even tussenuit voor je <strong>evenementen<\/strong> <strong>professionals<\/strong>&nbsp;? Bezoek <strong>G\u00eete Val de Vie<\/strong> is een <strong>locatie<\/strong> In deze uitzonderlijke schuur met zwembad en jacuzzi kun je zaken combineren met plezier. Deze voormalige schuur van 260 m\u00b2 ligt in het hart van een weelderige, ongerepte natuur.<\/p>\n\n\n\n<p>De g\u00eete heeft een woonkamer die ook dienst doet als eethoek.<strong> vergaderzaal<\/strong> toegewijd aan uw<strong> seminar in de buurt van Nantes<\/strong>. Het is ruim, goed ingericht en luchtig genoeg om een groot aantal bezoekers te ontvangen. <strong>welkom<\/strong> tussen 15 en 20 personen. Je kunt ook profiteren van luxe accommodatie voor de duur van het evenement.<strong> <\/strong>zoals blijkt uit zijn <strong>kamers<\/strong> comfort. Als extraatje biedt de g\u00eete snelle toegang tot de kustlijn van de Vend\u00e9e en de mooiste plekjes in de regio.<\/p>\n<\/div><figure class=\"wp-block-media-text__media\"><img loading=\"lazy\" decoding=\"async\" width=\"600\" height=\"400\" src=\"https:\/\/www.campingvaldevie.fr\/wp-content\/uploads\/2023\/02\/location-gite-vendee.jpg\" alt=\"\" class=\"wp-image-20947 size-full\" srcset=\"https:\/\/www.campingvaldevie.fr\/wp-content\/uploads\/2023\/02\/location-gite-vendee.jpg 600w, https:\/\/www.campingvaldevie.fr\/wp-content\/uploads\/2023\/02\/location-gite-vendee-300x200.jpg 300w\" sizes=\"auto, (max-width: 600px) 100vw, 600px\" \/><\/figure><\/div>\n\n\n\n<div style=\"height:30px\" aria-hidden=\"true\" class=\"wp-block-spacer\"><\/div>\n\n\n\n<div class=\"wp-block-columns is-layout-flex wp-container-core-columns-is-layout-9d6595d7 wp-block-columns-is-layout-flex\">\n<div class=\"wp-block-column is-vertically-aligned-center is-layout-flow wp-block-column-is-layout-flow\">\n<figure class=\"wp-block-gallery has-nested-images columns-default is-cropped wp-block-gallery-2 is-layout-flex wp-block-gallery-is-layout-flex\">\n<figure class=\"wp-block-image size-full\"><img loading=\"lazy\" decoding=\"async\" width=\"601\" height=\"549\" data-id=\"21043\" src=\"https:\/\/www.campingvaldevie.fr\/wp-content\/uploads\/2023\/03\/image-149-1.png\" alt=\"Seminar Vend\u00e9e\" class=\"wp-image-21043\" srcset=\"https:\/\/www.campingvaldevie.fr\/wp-content\/uploads\/2023\/03\/image-149-1.png 601w, https:\/\/www.campingvaldevie.fr\/wp-content\/uploads\/2023\/03\/image-149-1-300x274.png 300w\" sizes=\"auto, (max-width: 601px) 100vw, 601px\" \/><\/figure>\n\n\n\n<figure class=\"wp-block-image size-full\"><img loading=\"lazy\" decoding=\"async\" width=\"601\" height=\"549\" data-id=\"21039\" src=\"https:\/\/www.campingvaldevie.fr\/wp-content\/uploads\/2023\/03\/image-146-1.png\" alt=\"wandelen in vendee\" class=\"wp-image-21039\" srcset=\"https:\/\/www.campingvaldevie.fr\/wp-content\/uploads\/2023\/03\/image-146-1.png 601w, https:\/\/www.campingvaldevie.fr\/wp-content\/uploads\/2023\/03\/image-146-1-300x274.png 300w\" sizes=\"auto, (max-width: 601px) 100vw, 601px\" \/><\/figure>\n\n\n\n<figure class=\"wp-block-image size-full\"><img loading=\"lazy\" decoding=\"async\" width=\"601\" height=\"549\" data-id=\"21031\" src=\"https:\/\/www.campingvaldevie.fr\/wp-content\/uploads\/2023\/03\/image-148-1.png\" alt=\"yoga verkoop\" class=\"wp-image-21031\" srcset=\"https:\/\/www.campingvaldevie.fr\/wp-content\/uploads\/2023\/03\/image-148-1.png 601w, https:\/\/www.campingvaldevie.fr\/wp-content\/uploads\/2023\/03\/image-148-1-300x274.png 300w\" sizes=\"auto, (max-width: 601px) 100vw, 601px\" \/><\/figure>\n\n\n\n<figure class=\"wp-block-image size-full\"><img loading=\"lazy\" decoding=\"async\" width=\"601\" height=\"549\" data-id=\"21056\" src=\"https:\/\/www.campingvaldevie.fr\/wp-content\/uploads\/2023\/03\/team-building-1.png\" alt=\"teambuilding cohesie\" class=\"wp-image-21056\" srcset=\"https:\/\/www.campingvaldevie.fr\/wp-content\/uploads\/2023\/03\/team-building-1.png 601w, https:\/\/www.campingvaldevie.fr\/wp-content\/uploads\/2023\/03\/team-building-1-300x274.png 300w\" sizes=\"auto, (max-width: 601px) 100vw, 601px\" \/><\/figure>\n\n\n\n<figure class=\"wp-block-image size-full\"><img loading=\"lazy\" decoding=\"async\" width=\"601\" height=\"549\" data-id=\"21035\" src=\"https:\/\/www.campingvaldevie.fr\/wp-content\/uploads\/2023\/03\/image-147-1.png\" alt=\"paintball verkoop\" class=\"wp-image-21035\" srcset=\"https:\/\/www.campingvaldevie.fr\/wp-content\/uploads\/2023\/03\/image-147-1.png 601w, https:\/\/www.campingvaldevie.fr\/wp-content\/uploads\/2023\/03\/image-147-1-300x274.png 300w\" sizes=\"auto, (max-width: 601px) 100vw, 601px\" \/><\/figure>\n<\/figure>\n<\/div>\n\n\n\n<div class=\"wp-block-column is-vertically-aligned-center is-layout-flow wp-block-column-is-layout-flow\">\n<h2 class=\"wp-block-heading\"><strong>Profiteer van een unieke locatie voor uw teambuildingevenement in Nantes<\/strong><\/h2>\n\n\n\n<p>La <strong>verhuur<\/strong> een g\u00eete voor de<strong>organisatie<\/strong> van uw <strong>seminar\/teambuilding bij Nantes<\/strong>is de mogelijkheid om <strong>zaalhuur<\/strong> en accommodatie. <\/p>\n\n\n\n<p>Val de Vie geeft je de mogelijkheid om een paar nachten op locatie door te brengen en gezellige momenten te delen met je collega's. Met de 6 <strong>kamers<\/strong>keuken met opbergruimte en de 4 <strong>kamers<\/strong> bad, elke deelnemer aan de <strong>bedrijfsseminars <\/strong>een slaapruimte waar ze kunnen uitrusten na een drukke dag. <strong>werkdag<\/strong>. En wat is een betere manier om het team te binden dan met ontspannende activiteiten. <\/p>\n\n\n\n<p>Geniet op het grote terras van 100 m\u00b2 van een moment van welzijn in de 8-persoons spa. De<a href=\"\/nl\/het-zwembad\/\">aquatisch gebied met buitenzwembad<\/a> biedt je momenten van absolute ontspanning tijdens je verblijf. <strong>evenement<\/strong>.<\/p>\n<\/div>\n<\/div>\n\n\n\n<div style=\"height:30px\" aria-hidden=\"true\" class=\"wp-block-spacer\"><\/div>\n\n\n\n<div class=\"wp-block-media-text alignwide has-media-on-the-right is-stacked-on-mobile\"><div class=\"wp-block-media-text__content\">\n<h2 class=\"wp-block-heading\"><strong>Idee\u00ebn voor activiteiten tijdens een seminar in Nantes<\/strong><\/h2>\n\n\n\n<p>Voor uw <strong>seminar in de buurt van Nantes<\/strong> kan je team genieten van leuke activiteiten zoals tafelvoetbal en de bibliotheek, <strong>speelkamer<\/strong>bordspellen en <strong>buitenruimte met priv\u00e9terrein<\/strong> binnen de g\u00eete.<\/p>\n\n\n\n<p>Op een steenworp afstand van de g\u00eete ligt het <a href=\"\/nl\/\">4-sterren camping Val de Vie<\/a> met een petanquebaan en een tennisbaan. Het staat je ook vrij om het buitenterrein van de g\u00eete te gebruiken voor het organiseren van Olympische spelen, een ori\u00ebntatieloop, spelletjes, enz. <\/p>\n<\/div><figure class=\"wp-block-media-text__media\"><img loading=\"lazy\" decoding=\"async\" width=\"700\" height=\"525\" src=\"https:\/\/www.campingvaldevie.fr\/wp-content\/uploads\/2021\/10\/sejour-petit-camping-avec-espace-bien-etre-vendee.png\" alt=\"verblijf Kleine camping met wellnessgedeelte Vend\u00e9e\" class=\"wp-image-9692 size-full\" srcset=\"https:\/\/www.campingvaldevie.fr\/wp-content\/uploads\/2021\/10\/sejour-petit-camping-avec-espace-bien-etre-vendee.png 700w, https:\/\/www.campingvaldevie.fr\/wp-content\/uploads\/2021\/10\/sejour-petit-camping-avec-espace-bien-etre-vendee-300x225.png 300w\" sizes=\"auto, (max-width: 700px) 100vw, 700px\" \/><\/figure><\/div>\n\n\n\n<div style=\"height:30px\" aria-hidden=\"true\" class=\"wp-block-spacer\"><\/div>\n\n\n\n<div class=\"wp-block-media-text alignwide is-stacked-on-mobile\"><figure class=\"wp-block-media-text__media\"><img loading=\"lazy\" decoding=\"async\" width=\"1024\" height=\"740\" src=\"https:\/\/www.campingvaldevie.fr\/wp-content\/uploads\/2022\/03\/loirisr.png\" alt=\"recreatieparken in de buurt van de camping\" class=\"wp-image-12434 size-full\" srcset=\"https:\/\/www.campingvaldevie.fr\/wp-content\/uploads\/2022\/03\/loirisr.png 1024w, https:\/\/www.campingvaldevie.fr\/wp-content\/uploads\/2022\/03\/loirisr-300x217.png 300w, https:\/\/www.campingvaldevie.fr\/wp-content\/uploads\/2022\/03\/loirisr-768x555.png 768w\" sizes=\"auto, (max-width: 1024px) 100vw, 1024px\" \/><\/figure><div class=\"wp-block-media-text__content\">\n<h2 class=\"wp-block-heading\"><strong>Organiseer een teambuildingevenement op het platteland bij Nantes<\/strong><\/h2>\n\n\n\n<p>Voor uw <strong>teambuilding in de buurt van Nantes<\/strong>De g\u00eete Val de Vie is het adres om te onthouden. Dankzij de bevoorrechte ligging in de Vend\u00e9e kun je je een <strong>natuur seminar<\/strong> in <strong>ruimtes<\/strong> inspirerend en prachtig ingericht. Het is de ideale plek om je <strong>vergaderingen<\/strong> om nieuwe energie op te doen en in contact te komen met de natuur.<\/p>\n\n\n\n<p>Daarnaast is de meerderheid van <strong>activiteiten<\/strong> in de g\u00eete en op de camping zijn de perfecte manier om <strong>cohesie<\/strong>&nbsp;zoals bordspellen, jeu de boules en tennis. In de buurt kunnen deelnemers zelfs <a href=\"https:\/\/www.campingvaldevie.fr\/nl\/vissen-in-de-buurt-van-de-camping\/\">vissen op het meer van Apremont<\/a> of verken de wandelpaden om de landschappen van de <strong>Loire-Atlantique<\/strong>. Op het gebied van entertainment zijn de <strong>stad<\/strong> van Nantes zal uw personeel zeker ontstressen. <strong>Rally, moordfeest, ontsnappingsspel<\/strong>... Er is geen tekort aan afleidingsmogelijkheden.<\/p>\n\n\n\n<p><\/p>\n<\/div><\/div>\n\n\n\n<div style=\"height:30px\" aria-hidden=\"true\" class=\"wp-block-spacer\"><\/div>\n\n\n\n<p>Dus organiseer je <strong>seminar in de buurt van Nantes<\/strong> naar de g\u00eete Val de Vie voor een verjongende ervaring. <strong>Frame<\/strong> groen, overdekt zwembad, spa, veel activiteiten, <strong>kamer<\/strong> van <strong>conferentie<\/strong> in de vorm van een grote woonkamer... Het succes van de<strong>evenement<\/strong> gegarandeerd!<\/p>","protected":false},"excerpt":{"rendered":"<p>Pour organiser vos \u00e9v\u00e9nements d\u2019entreprise, notamment vos s\u00e9minaires et vos activit\u00e9s team building pr\u00e8s de Nantes en Bretagne, optez pour un lieu insolite. Situ\u00e9 dans la ville de Mach\u00e9, le g\u00eete Val de Vie en Vend\u00e9e vous accueille dans un cadre propice \u00e0 la r\u00e9flexion et \u00e0 la concentration. Profitez de son magnifique d\u00e9cor pour [&hellip;]<\/p>\n","protected":false},"author":4,"featured_media":0,"parent":0,"menu_order":0,"comment_status":"closed","ping_status":"closed","template":"","meta":{"_seopress_robots_primary_cat":"","_seopress_titles_title":"S\u00e9minaire pr\u00e8s de Nantes en Vend\u00e9e : organisez votre team building","_seopress_titles_desc":"\u00c0 la recherche d&#039;un lieu de s\u00e9minaire \u00e0 proximit\u00e9 de Nantes ? D\u00e9couvrez le G\u00eete Val de Vie en Vend\u00e9e, id\u00e9al pour vos \u00e9v\u00e9nements professionnels. R\u00e9servez d\u00e8s maintenant !","_seopress_robots_index":"","footnotes":""},"class_list":["post-20958","page","type-page","status-publish","hentry"],"_links":{"self":[{"href":"https:\/\/www.campingvaldevie.fr\/nl\/wp-json\/wp\/v2\/pages\/20958","targetHints":{"allow":["GET"]}}],"collection":[{"href":"https:\/\/www.campingvaldevie.fr\/nl\/wp-json\/wp\/v2\/pages"}],"about":[{"href":"https:\/\/www.campingvaldevie.fr\/nl\/wp-json\/wp\/v2\/types\/page"}],"author":[{"embeddable":true,"href":"https:\/\/www.campingvaldevie.fr\/nl\/wp-json\/wp\/v2\/users\/4"}],"replies":[{"embeddable":true,"href":"https:\/\/www.campingvaldevie.fr\/nl\/wp-json\/wp\/v2\/comments?post=20958"}],"version-history":[{"count":7,"href":"https:\/\/www.campingvaldevie.fr\/nl\/wp-json\/wp\/v2\/pages\/20958\/revisions"}],"predecessor-version":[{"id":21154,"href":"https:\/\/www.campingvaldevie.fr\/nl\/wp-json\/wp\/v2\/pages\/20958\/revisions\/21154"}],"wp:attachment":[{"href":"https:\/\/www.campingvaldevie.fr\/nl\/wp-json\/wp\/v2\/media?parent=20958"}],"curies":[{"name":"wp","href":"https:\/\/api.w.org\/{rel}","templated":true}]}}