{"id":21135,"date":"2023-03-06T15:18:21","date_gmt":"2023-03-06T14:18:21","guid":{"rendered":"https:\/\/www.campingvaldevie.fr\/?page_id=21135"},"modified":"2026-01-06T14:11:47","modified_gmt":"2026-01-06T13:11:47","slug":"camping-saint-gilles-croix-de-vie","status":"publish","type":"page","link":"https:\/\/www.campingvaldevie.fr\/nl\/camping-saint-gilles-croix-de-vie\/","title":{"rendered":"4-sterren camping bij Saint-Gilles-Croix-de-Vie in Vend\u00e9e"},"content":{"rendered":"<p class=\"has-text-align-center\"><strong>Op zoek naar een campingvakantie in de buurt van Saint-Gilles-Croix-de-Vie in de Vend\u00e9e?<\/strong> Met zijn stranden, natuurgebieden en fietspaden is dit een ideale bestemming voor een ontspannen vakantie of een gezinsvakantie. Op zoek naar een gezellige camping met comfortabele stacaravans en kampeerplaatsen?<\/p>\n\n\n\n<p class=\"has-text-align-center\">Boek je verblijf op onze 4-sterrencamping Le Val de Vie, met zwembad en ontspanningsruimte, op slechts 30 minuten van Saint-Gilles-Croix-de-Vie!<\/p>\n\n\n\n<h2 class=\"wp-block-heading has-text-align-center\"><strong><strong><strong><strong><strong>Ontdek onze 4-sterren camping in de buurt van Saint-Gilles-Croix-de-Vie<\/strong><\/strong><\/strong><\/strong><\/strong><\/h2>\n\n\n\n<div class=\"wp-block-columns is-layout-flex wp-container-core-columns-is-layout-9d6595d7 wp-block-columns-is-layout-flex\">\n<div class=\"wp-block-column is-vertically-aligned-center is-layout-flow wp-block-column-is-layout-flow\" style=\"flex-basis:35%\">\n<figure class=\"wp-block-image size-full is-style-default\"><img loading=\"lazy\" decoding=\"async\" width=\"700\" height=\"525\" src=\"https:\/\/www.campingvaldevie.fr\/wp-content\/uploads\/2020\/09\/location-camping-taille-humaine-proche-saint-gilles-croix-de-vie.jpg\" alt=\"camping te huur menselijke maat in de buurt van Saint Gilles Croix de Vie\" class=\"wp-image-6519\" srcset=\"https:\/\/www.campingvaldevie.fr\/wp-content\/uploads\/2020\/09\/location-camping-taille-humaine-proche-saint-gilles-croix-de-vie.jpg 700w, https:\/\/www.campingvaldevie.fr\/wp-content\/uploads\/2020\/09\/location-camping-taille-humaine-proche-saint-gilles-croix-de-vie-300x225.jpg 300w\" sizes=\"auto, (max-width: 700px) 100vw, 700px\" \/><\/figure>\n<\/div>\n\n\n\n<div class=\"wp-block-column is-layout-flow wp-block-column-is-layout-flow\" style=\"flex-basis:66.66%\">\n<p>Ben je op zoek naar een<strong> camping in de buurt van Saint-Gilles-Croix-de-Vie<\/strong> voor een ontspannen vakantie in de Vend\u00e9e? Ons landgoed op menselijke schaal is populair bij veel vakantiegangers en is een van de mooiste campings in de regio Pays de la Loire. Gelegen in Mach\u00e9, op slechts een paar kilometer van de stranden, biedt het de ideale omgeving voor een rustige vakantie met familie, vrienden of koppels. U kunt genieten van <strong>vriendelijke sfeer<\/strong> en <strong>services van topklasse<\/strong>, allemaal verzorgd door een attent en professioneel team.<\/p>\n\n\n\n<p>Onze<a href=\"https:\/\/www.campingvaldevie.fr\/nl\/\"> 4-sterren camping in Vend\u00e9e<\/a> heeft een <strong>verwarmd binnenzwembad<\/strong>, Het is de perfecte plek om te ontspannen na een dag de omgeving van Saint-Gilles-Croix-de-Vie verkennen. Van <strong>vele activiteiten <\/strong>worden aangeboden om je verblijf luister bij te zetten: sporttoernooien, wandelingen, gezellige animatie en gastronomische hoogstandjes. De jongste bezoekers worden niet vergeten, dankzij speciale faciliteiten zoals de\u2019<strong>speeltuin, trampoline of tafelvoetbal<\/strong>.<\/p>\n\n\n\n<p>Wat accommodatie betreft, kies je de optie die het beste bij je past: <strong>stacaravan<\/strong> comfort, <strong>chalet<\/strong> of<a href=\"https:\/\/www.campingvaldevie.fr\/nl\/locatie-3\/\"> tentplaats<\/a>. Welke accommodatie je ook kiest, je profiteert van alle diensten van de camping, of je nu een nacht of meerdere dagen blijft.<\/p>\n<\/div>\n<\/div>\n\n\n\n<div style=\"height:30px\" aria-hidden=\"true\" class=\"wp-block-spacer\"><\/div>\n\n\n\n<div class=\"wp-block-columns is-layout-flex wp-container-core-columns-is-layout-9d6595d7 wp-block-columns-is-layout-flex\">\n<div class=\"wp-block-column is-layout-flow wp-block-column-is-layout-flow\">\n<h2 class=\"wp-block-heading has-text-align-center\"><strong><strong><strong>Boek uw vakantie op onze camping in Saint-Gilles-Croix-de-Vie<\/strong><\/strong><\/strong><\/h2>\n\n\n\n<p>In onze <strong>4-sterren camping<\/strong> <strong>In de buurt van Saint-Gilles-Croix-de-Vie<\/strong>, Onze stacaravans zijn geschikt voor 4 tot 8 personen. Ze hebben twee slaapkamers, een volledig uitgeruste keuken, en-suite faciliteiten en een gezellige zithoek. Sommige topmodellen hebben ook een groot terras en een eigen spa. Om je te helpen bij je keuze, moet je niet vergeten onze klantbeoordelingen te bekijken.<\/p>\n\n\n\n<details>\n  <summary>Meer lezen<\/summary>\n  <p>\n    Naast stacaravans zijn er ook andere accommodaties te huur in de Vend\u00e9e, zoals chalets, kampeerterreinen en lodgetenten. Om aan alle verwachtingen te voldoen, zijn onze huuraccommodaties onderverdeeld in drie assortimenten:\n  <\/p>\n  <ul>\n    <li>\n      La <a href=\"https:\/\/www.campingvaldevie.fr\/nl\/accommodatie\/#sev-gamme-premium\">premium assortiment<\/a> omvat een aantal van de meest chique accommodaties, zoals het <strong>Homeflower Premium<\/strong>. Met 29 m\u00b2 vloeroppervlak en moderne faciliteiten zorgt het voor een comfortabel en ontspannen verblijf.\n    <\/li>\n    <li>\n      La <a href=\"https:\/\/www.campingvaldevie.fr\/nl\/accommodatie\/#sev-gamme-confort\">comfortbereik<\/a> omvat de <strong>chalet Comfort<\/strong>, Het biedt 35 m\u00b2 woonruimte en drie ruime slaapkamers. Een ideale oplossing voor grote gezinnen.\n    <\/li>\n    <li>\n      La <a href=\"https:\/\/www.campingvaldevie.fr\/nl\/accommodatie\/#sev-gamme-standard\">standaardaanbod<\/a> omvat bijvoorbeeld <strong>mobil-home standaard<\/strong>. Met een oppervlakte van ongeveer 26 m\u00b2 biedt het eenvoudige, functionele accommodatie, met slaapgelegenheid, opbergruimte en een babypakket, voor een gemakkelijke vakantie.\n    <\/li>\n  <\/ul>\n<\/details>\n\n\n\n\n<div class=\"wp-block-columns is-layout-flex wp-container-core-columns-is-layout-9d6595d7 wp-block-columns-is-layout-flex\">\n<div class=\"wp-block-column is-layout-flow wp-block-column-is-layout-flow\" style=\"flex-basis:33.33%\">\n<div class=\"wp-block-create-block-sev-encartsimplebg aligncenter\"><aside class=\"encart-simplebg-sev small\"><a href=\"\/nl\/accommodatie\/#sev-gamme-standard\" class=\"d-flex flex-column align-items-center\"><div class=\"encart-title\"><span>Standaard vanaf \u20ac199 per week<\/span><\/div><img decoding=\"async\" src=\"https:\/\/www.campingvaldevie.fr\/wp-content\/uploads\/2022\/03\/standard.jpg\" alt=\"standaard serie stacaravan\"\/><button class=\"btn\"><\/button><\/a><\/aside><\/div>\n<\/div>\n\n\n\n<div class=\"wp-block-column is-layout-flow wp-block-column-is-layout-flow\" style=\"flex-basis:66.66%\">\n<div class=\"wp-block-create-block-sev-encartsimplebg\"><aside class=\"encart-simplebg-sev small\"><a href=\"\/nl\/accommodatie\/#sev-gamme-confort\" class=\"d-flex flex-column align-items-center\"><div class=\"encart-title\"><span>Comfort vanaf \u20ac269 per week<\/span><\/div><img decoding=\"async\" src=\"https:\/\/www.campingvaldevie.fr\/wp-content\/uploads\/2020\/12\/IMG_2469.jpg\" alt=\"tentoonstelling\"\/><button class=\"btn\"><\/button><\/a><\/aside><\/div>\n<\/div>\n<\/div>\n\n\n\n<div class=\"wp-block-columns is-layout-flex wp-container-core-columns-is-layout-9d6595d7 wp-block-columns-is-layout-flex\">\n<div class=\"wp-block-column is-layout-flow wp-block-column-is-layout-flow\" style=\"flex-basis:66.66%\">\n<div class=\"wp-block-create-block-sev-encartsimplebg\"><aside class=\"encart-simplebg-sev small\"><a href=\"\/nl\/accommodatie\/#sev-gamme-premium\" class=\"d-flex flex-column align-items-center\"><div class=\"encart-title\"><span>Premium aanbod vanaf \u20ac379 per week<\/span><\/div><img decoding=\"async\" src=\"https:\/\/www.campingvaldevie.fr\/wp-content\/uploads\/2022\/07\/meilleur-petit-camping-saint-gilles-croix-de-vie.png\" alt=\"Beste kleine camping Saint Gilles croix de Vie\"\/><button class=\"btn\"><\/button><\/a><\/aside><\/div>\n<\/div>\n\n\n\n<div class=\"wp-block-column is-layout-flow wp-block-column-is-layout-flow\" style=\"flex-basis:33.33%\">\n<div class=\"wp-block-create-block-sev-encartsimplebg\"><aside class=\"encart-simplebg-sev small\"><a href=\"\/nl\/locatie\/\" class=\"d-flex flex-column align-items-center\"><div class=\"encart-title\"><span>Kampeerplaatsen vanaf \u20ac100 per week<\/span><\/div><img decoding=\"async\" src=\"https:\/\/www.campingvaldevie.fr\/wp-content\/uploads\/2019\/11\/emplacement-camping-taille-humaine-vendee.jpg\" alt=\"camping op menselijke schaal in de Vend\u00e9e\"\/><button class=\"btn\"><\/button><\/a><\/aside><\/div>\n<\/div>\n<\/div>\n\n\n\n<div class=\"wp-block-buttons alignwide is-layout-flex wp-block-buttons-is-layout-flex\">\n<div class=\"wp-block-button aligncenter\"><a class=\"wp-block-button__link wp-element-button\" href=\"\/nl\/accommodatie\/\">Ontdek de accommodatie<\/a><\/div>\n<\/div>\n<\/div>\n<\/div>\n\n\n\n<div style=\"height:30px\" aria-hidden=\"true\" class=\"wp-block-spacer\"><\/div>\n\n\n\n<div class=\"wp-block-media-text alignfull has-media-on-the-right is-stacked-on-mobile is-vertically-aligned-center is-style-default\" style=\"grid-template-columns:auto 56%\"><div class=\"wp-block-media-text__content\">\n<h2 class=\"wp-block-heading has-text-align-left has-text-color\" style=\"color:#000000\"><strong><strong>Geniet van onze camping met zwembad bij Saint-Gilles-Croix-de-Vie<\/strong><\/strong><\/h2>\n\n\n\n<p>Profiteer voor een geslaagde vakantie in de Vend\u00e9e van het zwemparadijs bij onze <strong>camping in de buurt van Saint-Gilles-Croix-de-Vie<\/strong>. Het is de ideale plek om te ontspannen met familie of vrienden, bij het verwarmde binnenzwembad, dat bij elk weertype toegankelijk is.<\/p>\n\n\n\n<p>La <strong>verwarmd binnenzwembad <\/strong>verwelkomt jong en oud van 10.00 tot 19.30 uur. Je kunt in alle rust zwemmen en daarna ontspannen op de ligstoelen rond het zwembad of op de aangrenzende terrassen, in een sfeer die doet denken aan de zee. Tijdens je hele verblijf, van \u00e9\u00e9n nacht tot meerdere weken, zorgt een attent team voor je comfort en het goede verloop van je vakantie.<\/p>\n\n\n\n<div class=\"wp-block-buttons is-layout-flex wp-block-buttons-is-layout-flex\">\n<div class=\"wp-block-button\"><a class=\"wp-block-button__link wp-element-button\" href=\"\/nl\/het-zwembad\/\">Ontdek het zwembad<\/a><\/div>\n<\/div>\n<\/div><figure class=\"wp-block-media-text__media\"><img loading=\"lazy\" decoding=\"async\" width=\"1024\" height=\"768\" src=\"https:\/\/www.campingvaldevie.fr\/wp-content\/uploads\/2022\/11\/piscine-couverte-et-chauffee-4.jpg\" alt=\"zwembad groep camping vend\u00e9e\" class=\"wp-image-20113 size-full\" srcset=\"https:\/\/www.campingvaldevie.fr\/wp-content\/uploads\/2022\/11\/piscine-couverte-et-chauffee-4.jpg 1024w, https:\/\/www.campingvaldevie.fr\/wp-content\/uploads\/2022\/11\/piscine-couverte-et-chauffee-4-300x225.jpg 300w, https:\/\/www.campingvaldevie.fr\/wp-content\/uploads\/2022\/11\/piscine-couverte-et-chauffee-4-768x576.jpg 768w\" sizes=\"auto, (max-width: 1024px) 100vw, 1024px\" \/><\/figure><\/div>\n\n\n\n<div style=\"height:30px\" aria-hidden=\"true\" class=\"wp-block-spacer\"><\/div>\n\n\n\n<figure class=\"wp-block-gallery alignwide has-nested-images columns-default is-cropped wp-block-gallery-1 is-layout-flex wp-block-gallery-is-layout-flex\">\n<figure class=\"wp-block-image size-full\"><img loading=\"lazy\" decoding=\"async\" width=\"767\" height=\"717\" data-id=\"19691\" src=\"https:\/\/www.campingvaldevie.fr\/wp-content\/uploads\/2022\/11\/camping-piscine-valdevie.png\" alt=\"aquatisch spel val de vie\" class=\"wp-image-19691\" srcset=\"https:\/\/www.campingvaldevie.fr\/wp-content\/uploads\/2022\/11\/camping-piscine-valdevie.png 767w, https:\/\/www.campingvaldevie.fr\/wp-content\/uploads\/2022\/11\/camping-piscine-valdevie-300x280.png 300w\" sizes=\"auto, (max-width: 767px) 100vw, 767px\" \/><\/figure>\n\n\n\n<figure class=\"wp-block-image size-full\"><img loading=\"lazy\" decoding=\"async\" width=\"700\" height=\"525\" data-id=\"18871\" src=\"https:\/\/www.campingvaldevie.fr\/wp-content\/uploads\/2022\/09\/location-meilleur-petit-camping-proche-challans.jpg\" alt=\"verhuur Beste kleine camping bij Challans\" class=\"wp-image-18871\" srcset=\"https:\/\/www.campingvaldevie.fr\/wp-content\/uploads\/2022\/09\/location-meilleur-petit-camping-proche-challans.jpg 700w, https:\/\/www.campingvaldevie.fr\/wp-content\/uploads\/2022\/09\/location-meilleur-petit-camping-proche-challans-300x225.jpg 300w\" sizes=\"auto, (max-width: 700px) 100vw, 700px\" \/><\/figure>\n<\/figure>\n\n\n\n<div style=\"height:30px\" aria-hidden=\"true\" class=\"wp-block-spacer\"><\/div>\n\n\n\n<div class=\"wp-block-media-text alignfull is-stacked-on-mobile is-vertically-aligned-center is-image-fill-element is-style-default\" style=\"grid-template-columns:56% auto\"><figure class=\"wp-block-media-text__media\"><img loading=\"lazy\" decoding=\"async\" width=\"700\" height=\"700\" src=\"https:\/\/www.campingvaldevie.fr\/wp-content\/uploads\/2023\/01\/camping-ideal-famille-vendee.jpg\" alt=\"Ideale gezinscamping Vend\u00e9e\" class=\"wp-image-20619 size-full\" style=\"object-position:50% 50%\" srcset=\"https:\/\/www.campingvaldevie.fr\/wp-content\/uploads\/2023\/01\/camping-ideal-famille-vendee.jpg 700w, https:\/\/www.campingvaldevie.fr\/wp-content\/uploads\/2023\/01\/camping-ideal-famille-vendee-300x300.jpg 300w, https:\/\/www.campingvaldevie.fr\/wp-content\/uploads\/2023\/01\/camping-ideal-famille-vendee-150x150.jpg 150w\" sizes=\"auto, (max-width: 700px) 100vw, 700px\" \/><\/figure><div class=\"wp-block-media-text__content\">\n<h2 class=\"wp-block-heading has-text-align-left has-text-color\" style=\"color:#000000\"><strong><strong>Diensten en voorzieningen op onze camping bij Saint-Gilles-Croix-de-Vie<\/strong><\/strong><\/h2>\n\n\n\n<p>Onze <strong>camping in de buurt van Saint-Gilles-Croix-de-Vie<\/strong> biedt diensten die zijn ontworpen voor jouw comfort. Welk type huuraccommodatie je ook kiest, je profiteert van een beveiligde parkeerplaats, gratis Wi-Fi en, voor sommige stacaravans, een buitenjacuzzi. Deze services zijn beschikbaar voor zowel korte vakanties als langere vakanties. U kunt ook profiteren van<a href=\"https:\/\/www.campingvaldevie.fr\/nl\/camping-saint-gilles-croix-de-vie\/camping-pas-cher-calme-proche-saint-gilles-croix-de-vie\/\"> preferenti\u00eble tarieven<\/a> tijdens een lang verblijf op een van onze campings.<\/p>\n\n\n\n<p>Ge\u00efnstalleerd <strong>in het hart van een ongerepte natuurlijke omgeving,<\/strong> Onze 4-sterrencamping staat garant voor een aangename omgeving, bijzonder geschikt voor gezinnen. Onze<a href=\"https:\/\/www.campingvaldevie.fr\/nl\/familie-camping-vendee\/\"> familiecamping<\/a> biedt volop mogelijkheden om tijd door te brengen met je kinderen, met speeltuinen, proeverijen en fietstochten. Vanaf de camping,<strong> ontdek de omgeving<\/strong>, Dit zijn onder andere Saint-Hilaire-de-Riez, Saint-Jean-de-Monts en Les Sables-d'Olonne. Aarzel niet om de beoordelingen en aanbevelingen van vakantiegangers te raadplegen om je uitjes voor te bereiden.<\/p>\n<\/div><\/div>\n\n\n\n<div style=\"height:30px\" aria-hidden=\"true\" class=\"wp-block-spacer\"><\/div>\n\n\n\n<div class=\"wp-block-media-text alignfull has-media-on-the-right is-stacked-on-mobile is-vertically-aligned-center is-style-default\" style=\"grid-template-columns:auto 56%\"><div class=\"wp-block-media-text__content\">\n<h2 class=\"wp-block-heading has-text-align-left has-text-color\" style=\"color:#000000\"><strong><strong><strong><strong><strong><strong>Bezoek Saint-Gilles-Croix-de-Vie<\/strong><\/strong><\/strong><\/strong><\/strong><\/strong><\/h2>\n\n\n\n<p>Onze <strong>camping in de buurt van Saint-Gilles-Croix-de-Vie <\/strong>is ideaal gelegen voor het verkennen van de toeristische attracties en vrijetijdsactiviteiten in de regio.<\/p>\n\n\n\n<h3 class=\"wp-block-heading\"><strong><strong>Wat is er te zien in Saint-Gilles-Croix-de-Vie?<\/strong><\/strong><\/h3>\n\n\n\n<p>Saint-Gilles-Croix-de-Vie heeft een aantal must-see plekken om te ontdekken tijdens je verblijf.<\/p>\n\n\n\n<ul class=\"wp-block-list\">\n<li><a href=\"https:\/\/www.payssaintgilles-tourisme.fr\/patrimoine-culturel\/latelier-de-la-sardine\/\">De sardine-werkplaats<\/a>, gevestigd in een gerenoveerde voormalige boerderij, biedt drie elkaar aanvullende ruimtes: een museum dat de geschiedenis van sardines vertelt, een winkel met lokale producten en een galerie.<\/li>\n\n\n\n<li><strong>De V\u00e9lo-Rail <\/strong>biedt een originele natuurwandeling, perfect om met familie en vrienden te genieten van de landschappen en de rijke flora van de Vend\u00e9e.<\/li>\n\n\n\n<li><strong>De wijk Vieux Saint-Gilles<\/strong> nodigt uit tot een wandeling. In de smalle straatjes vind je talloze kleine winkeltjes en charmante terrasjes, ideaal voor een ontspannen pauze met een limonade of een galette om mee te nemen.<\/li>\n<\/ul>\n<\/div><figure class=\"wp-block-media-text__media\"><img loading=\"lazy\" decoding=\"async\" width=\"700\" height=\"467\" src=\"https:\/\/www.campingvaldevie.fr\/wp-content\/uploads\/2021\/04\/vacances-location-mobil-home-piscine-couverte-proche-saint-gilles-croix-de-vie.jpg\" alt=\"verhuur stacaravan overdekt zwembad bij Saint Gilles Croix de Vie\" class=\"wp-image-8641 size-full\" srcset=\"https:\/\/www.campingvaldevie.fr\/wp-content\/uploads\/2021\/04\/vacances-location-mobil-home-piscine-couverte-proche-saint-gilles-croix-de-vie.jpg 700w, https:\/\/www.campingvaldevie.fr\/wp-content\/uploads\/2021\/04\/vacances-location-mobil-home-piscine-couverte-proche-saint-gilles-croix-de-vie-300x200.jpg 300w\" sizes=\"auto, (max-width: 700px) 100vw, 700px\" \/><\/figure><\/div>\n\n\n\n<div style=\"height:30px\" aria-hidden=\"true\" class=\"wp-block-spacer\"><\/div>\n\n\n\n<div class=\"wp-block-media-text alignfull is-stacked-on-mobile is-vertically-aligned-center is-image-fill-element is-style-default\" style=\"grid-template-columns:56% auto\"><figure class=\"wp-block-media-text__media\"><img loading=\"lazy\" decoding=\"async\" width=\"700\" height=\"468\" src=\"https:\/\/www.campingvaldevie.fr\/wp-content\/uploads\/2020\/09\/vacances-camping-taille-humaine-proche-saint-gilles-croix-de-vie.jpg\" alt=\"camping menselijke maat bij Saint Gilles Croix de Vie\" class=\"wp-image-6521 size-full\" style=\"object-position:50% 50%\" srcset=\"https:\/\/www.campingvaldevie.fr\/wp-content\/uploads\/2020\/09\/vacances-camping-taille-humaine-proche-saint-gilles-croix-de-vie.jpg 700w, https:\/\/www.campingvaldevie.fr\/wp-content\/uploads\/2020\/09\/vacances-camping-taille-humaine-proche-saint-gilles-croix-de-vie-300x201.jpg 300w\" sizes=\"auto, (max-width: 700px) 100vw, 700px\" \/><\/figure><div class=\"wp-block-media-text__content\">\n<h3 class=\"wp-block-heading\"><strong><strong><strong>De beste activiteiten en attracties<\/strong><\/strong><\/strong><\/h3>\n\n\n\n<p>Tijdens je verblijf in Saint-Gilles-Croix-de-Vie zijn er tal van activiteiten, zoals natuur, ontdekkingen en gastronomisch genieten.<\/p>\n\n\n\n<ul class=\"wp-block-list\">\n<li><strong>Ga wandelen<\/strong> of op de fiets om de gevarieerde landschappen van de kustlijn van de Vend\u00e9e te bewonderen, met zijn fijne zandstranden, duinen en rotsachtige kustlijn.<\/li>\n\n\n\n<li><strong>Je kunt ook een bezoek brengen aan de wijngaarden van Brem<\/strong>, met uitzicht op de oceaan. Met een oppervlakte van bijna 120 hectare bieden ze verschillende soorten wijn en verwelkomen ze bezoekers voor proeverijen en kelderrondleidingen.<\/li>\n\n\n\n<li><strong>Saint-Gilles-Croix-de-Vie<\/strong> staat ook bekend om zijn gastronomie. Er zijn talloze restaurants, van traditionele brasserie\u00ebn in het stadscentrum tot cr\u00eaperie\u00ebn aan zee en niet te vergeten de visgerechten die in de jachthaven worden geserveerd.<\/li>\n<\/ul>\n\n\n\n<p>Voor gemakkelijke toegang tot deze activiteiten terwijl je verblijft in een rustige en vriendelijke omgeving, kun je overwegen om je verblijf te boeken in ons <strong>camping in de buurt van Saint-Gilles-Croix-de-Vie<\/strong>, Val de Vie.<\/p>\n<\/div><\/div>\n\n\n\n<div style=\"height:50px\" aria-hidden=\"true\" class=\"wp-block-spacer\"><\/div>\n\n\n\n<div class=\"wp-block-columns is-layout-flex wp-container-core-columns-is-layout-9d6595d7 wp-block-columns-is-layout-flex\">\n<div class=\"wp-block-column is-layout-flow wp-block-column-is-layout-flow\">\n<div class=\"wp-block-buttons is-layout-flex wp-block-buttons-is-layout-flex\">\n<div class=\"wp-block-button aligncenter\"><a class=\"wp-block-button__link wp-element-button\" href=\"https:\/\/bookingpremium.secureholiday.net\/fr\/10284\/\" target=\"_blank\" rel=\"noreferrer noopener\">Boek<\/a><\/div>\n<\/div>\n<\/div>\n\n\n\n<div class=\"wp-block-column is-layout-flow wp-block-column-is-layout-flow\">\n<div class=\"wp-block-buttons is-layout-flex wp-block-buttons-is-layout-flex\">\n<div class=\"wp-block-button aligncenter\"><a class=\"wp-block-button__link wp-element-button\" href=\"\/nl\/neem-contact-op-met\/\">Neem contact met ons op<\/a><\/div>\n<\/div>\n<\/div>\n<\/div>\n\n\n\n<div class=\"wp-block-group\"><div class=\"wp-block-group__inner-container is-layout-constrained wp-block-group-is-layout-constrained\">\n<h2 class=\"wp-block-heading has-text-align-center\">Ontdek ook<\/h2>\n\n\n\n<div class=\"wp-block-columns is-layout-flex wp-container-core-columns-is-layout-9d6595d7 wp-block-columns-is-layout-flex\">\n<div class=\"wp-block-column is-layout-flow wp-block-column-is-layout-flow\">\n<div class=\"wp-block-cover is-light has-small-font-size\" style=\"min-height:350px;aspect-ratio:unset;\"><img loading=\"lazy\" decoding=\"async\" width=\"700\" height=\"525\" class=\"wp-block-cover__image-background wp-image-21217\" alt=\"mobil-home beste beoordelingen kleine camping vend\u00e9e\" src=\"https:\/\/www.campingvaldevie.fr\/wp-content\/uploads\/2023\/03\/IMG_05051-scaled-1-1024x768-1.jpg\" data-object-fit=\"cover\" srcset=\"https:\/\/www.campingvaldevie.fr\/wp-content\/uploads\/2023\/03\/IMG_05051-scaled-1-1024x768-1.jpg 700w, https:\/\/www.campingvaldevie.fr\/wp-content\/uploads\/2023\/03\/IMG_05051-scaled-1-1024x768-1-300x225.jpg 300w\" sizes=\"auto, (max-width: 700px) 100vw, 700px\" \/><span aria-hidden=\"true\" class=\"wp-block-cover__background has-background-dim\"><\/span><div class=\"wp-block-cover__inner-container is-layout-flow wp-block-cover-is-layout-flow\">\n<p class=\"has-text-align-center has-large-font-size\"><a href=\"\/nl\/camping-saint-gilles-croix-de-vie\/stacaravan\/\">Verhuur van stacaravans Saint Gilles Croix de Vie<\/a><\/p>\n<\/div><\/div>\n<\/div>\n\n\n\n<div class=\"wp-block-column is-layout-flow wp-block-column-is-layout-flow\">\n<div class=\"wp-block-cover is-light has-small-font-size\" style=\"min-height:350px;aspect-ratio:unset;\"><img loading=\"lazy\" decoding=\"async\" width=\"700\" height=\"525\" class=\"wp-block-cover__image-background wp-image-21091\" alt=\"Ideaal gelegen Vend\u00e9e\" src=\"https:\/\/www.campingvaldevie.fr\/wp-content\/uploads\/2023\/03\/emplacement-avec-situation-ideale-vendee.jpg\" data-object-fit=\"cover\" srcset=\"https:\/\/www.campingvaldevie.fr\/wp-content\/uploads\/2023\/03\/emplacement-avec-situation-ideale-vendee.jpg 700w, https:\/\/www.campingvaldevie.fr\/wp-content\/uploads\/2023\/03\/emplacement-avec-situation-ideale-vendee-300x225.jpg 300w\" sizes=\"auto, (max-width: 700px) 100vw, 700px\" \/><span aria-hidden=\"true\" class=\"wp-block-cover__background has-background-dim\"><\/span><div class=\"wp-block-cover__inner-container is-layout-flow wp-block-cover-is-layout-flow\">\n<p class=\"has-text-align-center has-large-font-size\"><a href=\"\/nl\/camping-saint-gilles-croix-de-vie\/camping-met-zwembad-saint-gilles-croix-de-vie\/\">Zwembad<\/a><\/p>\n<\/div><\/div>\n<\/div>\n\n\n\n<div class=\"wp-block-column is-layout-flow wp-block-column-is-layout-flow\">\n<div class=\"wp-block-cover is-light has-small-font-size\" style=\"min-height:350px;aspect-ratio:unset;\"><img loading=\"lazy\" decoding=\"async\" width=\"700\" height=\"525\" class=\"wp-block-cover__image-background wp-image-21095\" alt=\"verhuur Locatie met ideale ligging Vend\u00e9e\" src=\"https:\/\/www.campingvaldevie.fr\/wp-content\/uploads\/2023\/03\/location-emplacement-avec-situation-ideale-vendee.jpg\" data-object-fit=\"cover\" srcset=\"https:\/\/www.campingvaldevie.fr\/wp-content\/uploads\/2023\/03\/location-emplacement-avec-situation-ideale-vendee.jpg 700w, https:\/\/www.campingvaldevie.fr\/wp-content\/uploads\/2023\/03\/location-emplacement-avec-situation-ideale-vendee-300x225.jpg 300w\" sizes=\"auto, (max-width: 700px) 100vw, 700px\" \/><span aria-hidden=\"true\" class=\"wp-block-cover__background has-background-dim\"><\/span><div class=\"wp-block-cover__inner-container is-layout-flow wp-block-cover-is-layout-flow\">\n<p class=\"has-text-align-center has-large-font-size\"><a href=\"\/nl\/camping-bretignolles-sur-mer\/\">Camping Bretignolles<\/a><\/p>\n<\/div><\/div>\n<\/div>\n<\/div>\n<\/div><\/div>","protected":false},"excerpt":{"rendered":"<p>Envie de vacances en camping pr\u00e8s de Saint-Gilles-Croix-de-Vie, en Vend\u00e9e ? Entre plages, espaces naturels et pistes cyclables, la destination est id\u00e9ale pour un s\u00e9jour d\u00e9tente ou en famille. Vous recherchez un camping convivial avec mobil-homes et emplacements confortables ? R\u00e9servez votre s\u00e9jour dans notre camping 4 \u00e9toiles Le Val de Vie, avec piscine et [&hellip;]<\/p>\n","protected":false},"author":4,"featured_media":0,"parent":0,"menu_order":0,"comment_status":"closed","ping_status":"closed","template":"","meta":{"_seopress_robots_primary_cat":"","_seopress_titles_title":"Camping Saint Gilles Croix de Vie 4 \u00e9toiles en Vend\u00e9e","_seopress_titles_desc":"Vacances inoubliables sur le littoral Vend\u00e9en avec h\u00e9bergements haut de gamme et activit\u00e9s familiales dans un cadre idyllique et naturel.","_seopress_robots_index":"","footnotes":""},"class_list":["post-21135","page","type-page","status-publish","hentry"],"_links":{"self":[{"href":"https:\/\/www.campingvaldevie.fr\/nl\/wp-json\/wp\/v2\/pages\/21135","targetHints":{"allow":["GET"]}}],"collection":[{"href":"https:\/\/www.campingvaldevie.fr\/nl\/wp-json\/wp\/v2\/pages"}],"about":[{"href":"https:\/\/www.campingvaldevie.fr\/nl\/wp-json\/wp\/v2\/types\/page"}],"author":[{"embeddable":true,"href":"https:\/\/www.campingvaldevie.fr\/nl\/wp-json\/wp\/v2\/users\/4"}],"replies":[{"embeddable":true,"href":"https:\/\/www.campingvaldevie.fr\/nl\/wp-json\/wp\/v2\/comments?post=21135"}],"version-history":[{"count":13,"href":"https:\/\/www.campingvaldevie.fr\/nl\/wp-json\/wp\/v2\/pages\/21135\/revisions"}],"predecessor-version":[{"id":26672,"href":"https:\/\/www.campingvaldevie.fr\/nl\/wp-json\/wp\/v2\/pages\/21135\/revisions\/26672"}],"wp:attachment":[{"href":"https:\/\/www.campingvaldevie.fr\/nl\/wp-json\/wp\/v2\/media?parent=21135"}],"curies":[{"name":"wp","href":"https:\/\/api.w.org\/{rel}","templated":true}]}}