{"id":2125,"date":"2018-02-05T12:23:46","date_gmt":"2018-02-05T11:23:46","guid":{"rendered":"https:\/\/www.campingvaldevie.fr\/?page_id=2125"},"modified":"2022-11-16T09:15:10","modified_gmt":"2022-11-16T08:15:10","slug":"redactie","status":"publish","type":"page","link":"https:\/\/www.campingvaldevie.fr\/nl\/editorial\/","title":{"rendered":"Redactie"},"content":{"rendered":"\t\t\n\t\t<div class=\"editos\">\n\t\t\t\n\t\t\t\t\n\t\t\t\t\t\n\t\t\t<article>\n\t\t\t\t<h2><a href=\"https:\/\/www.campingvaldevie.fr\/nl\/editorial\/accueil-groupe-camping-peche-vendee\/\">Accueil groupe camping p\u00eache Vend\u00e9e<\/a><\/h2>\n\t\t\t\t<div class=\"content\"><p>Le camping du Val de Vie se trouve au coeur de la Vend\u00e9e, nich\u00e9 dans un \u00e9crin de verdure. Ce camping accueillant les groupes de p\u00eache en Vend\u00e9e est id\u00e9alement situ\u00e9. Oui, cet \u00e9tablissement 4 \u00e9toiles fera le bonheur des amoureux de nature. La Vend\u00e9e regorge de tr\u00e9sors insoup\u00e7onn\u00e9s que les \u00e9quipes ont \u00e0 coeur [&hellip;]<\/p>\n<\/div>\n\t\t\t\t<p class=\"text-right\"><a href=\"https:\/\/www.campingvaldevie.fr\/nl\/editorial\/accueil-groupe-camping-peche-vendee\/\">Lire la suite...<\/a><\/p>\n\t\t\t<\/article>\n\n\t\t\t\t\t\n\t\t\t<article>\n\t\t\t\t<h2><a href=\"https:\/\/www.campingvaldevie.fr\/nl\/editorial\/accueil-groupe-randonnee-vendee\/\">Accueil groupe randonn\u00e9e Vend\u00e9e<\/a><\/h2>\n\t\t\t\t<div class=\"content\"><p>Le Val de Vie, camping avec accueil de groupe Apr\u00e8s une bonne journ\u00e9e de randonn\u00e9e le long de la c\u00f4te ou dans la for\u00eat, le point d\u2019arriv\u00e9e se fera au camping Le Val de Vie \u00e0 Mach\u00e9 en Vend\u00e9e. Ce chaleureux camping vous propose l\u2019accueil de groupe pour toutes les occasions. Mariage, Bapt\u00eame, s\u00e9minaires, r\u00e9unions [&hellip;]<\/p>\n<\/div>\n\t\t\t\t<p class=\"text-right\"><a href=\"https:\/\/www.campingvaldevie.fr\/nl\/editorial\/accueil-groupe-randonnee-vendee\/\">Lire la suite...<\/a><\/p>\n\t\t\t<\/article>\n\n\t\t\t\t\t\n\t\t\t<article>\n\t\t\t\t<h2><a href=\"https:\/\/www.campingvaldevie.fr\/nl\/editorial\/accueil-groupe-camping-avec-emplacement-vendee\/\">Accueil groupe camping avec emplacement Vend\u00e9e<\/a><\/h2>\n\t\t\t\t<div class=\"content\"><p>Pour des vacances \u00e0 plusieurs optez pour les formules d\u2019accueil de groupe et b\u00e9n\u00e9ficiez d\u2019avantages au camping Le Val de Vie \u00e0 Mach\u00e9 en Vend\u00e9e au coeur de la nature. Pour un \u00e9v\u00e9nement ou simplement pour se retrouver, il faut de la place lorsqu\u2019on est nombreux. C\u2019est pour cela que notre camping vous propose l\u2019accueil [&hellip;]<\/p>\n<\/div>\n\t\t\t\t<p class=\"text-right\"><a href=\"https:\/\/www.campingvaldevie.fr\/nl\/editorial\/accueil-groupe-camping-avec-emplacement-vendee\/\">Lire la suite...<\/a><\/p>\n\t\t\t<\/article>\n\n\t\t\t\t\t\n\t\t\t<article>\n\t\t\t\t<h2><a href=\"https:\/\/www.campingvaldevie.fr\/nl\/editorial\/19519\/\">Homeflower PREMIUM &#8211; 3 chambres &#8211; 1 salle de bain<\/a><\/h2>\n\t\t\t\t<div class=\"content\"><p>Nouveaut\u00e9 2023 : Homeflower PREMIUM avec \u00e9quipement de pointe pour des vacances de r\u00eave. Surface : environ 29m\u00b2. Equipement : Terrasse XXL : couverte avec mobilier de jardin haut de gamme, 2 chaises longues et une plancha Chambre parentale : 1 lit double (160&#215;200) Chambre enfants 1 : 2 lits simples (80&#215;190) Chambre enfants 2 [&hellip;]<\/p>\n<\/div>\n\t\t\t\t<p class=\"text-right\"><a href=\"https:\/\/www.campingvaldevie.fr\/nl\/editorial\/19519\/\">Lire la suite...<\/a><\/p>\n\t\t\t<\/article>\n\n\t\t\t\t\t\n\t\t\t<article>\n\t\t\t\t<h2><a href=\"https:\/\/www.campingvaldevie.fr\/nl\/editorial\/petit-camping-club-enfant-vendee\/\">Camping avec club enfant Vend\u00e9e<\/a><\/h2>\n\t\t\t\t<div class=\"content\"><p>Le petit camping avec club enfant en Vend\u00e9e du Val de Vie a tout d\u2019un grand. Nich\u00e9 au c\u0153ur d\u2019une nature pr\u00e9serv\u00e9e, vous vous trouverez dans un cadre idyllique. Les \u00e9quipes de ce flower camping 3 \u00e9toiles font tout pour que vous passiez un s\u00e9jour inoubliable. Id\u00e9al pour les familles, ce petit camping se trouvant [&hellip;]<\/p>\n<\/div>\n\t\t\t\t<p class=\"text-right\"><a href=\"https:\/\/www.campingvaldevie.fr\/nl\/editorial\/petit-camping-club-enfant-vendee\/\">Lire la suite...<\/a><\/p>\n\t\t\t<\/article>\n\n\t\t\t\t\t\n\t\t\t<article>\n\t\t\t\t<h2><a href=\"https:\/\/www.campingvaldevie.fr\/nl\/editorial\/camping-tente-lodge-vendee\/\">Camping avec tente lodge en Vend\u00e9e<\/a><\/h2>\n\t\t\t\t<div class=\"content\"><p>Changez vos habitudes, venez passer vos vacances dans une tente lodge en Vend\u00e9e. Le camping du Val de Vie vous propose plusieurs gammes d\u2019h\u00e9bergements. Du mobil home traditionnel, \u00e0 l\u2019emplacement et en passant par la tente am\u00e9nag\u00e9e, vous aurez l\u2019embarras du choix. Rendez vous sur le site Internet du camping pour en savoir davantage. Comme [&hellip;]<\/p>\n<\/div>\n\t\t\t\t<p class=\"text-right\"><a href=\"https:\/\/www.campingvaldevie.fr\/nl\/editorial\/camping-tente-lodge-vendee\/\">Lire la suite...<\/a><\/p>\n\t\t\t<\/article>\n\n\t\t\t\t\t\n\t\t\t<article>\n\t\t\t\t<h2><a href=\"https:\/\/www.campingvaldevie.fr\/nl\/editorial\/camping-triathlon-saint-gilles-croix-de-vie\/\">Camping triathlon Saint Gilles Croix de Vie<\/a><\/h2>\n\t\t\t\t<div class=\"content\"><p>C\u2019est devenu un \u00e9v\u00e9nement incontournable, le rendez-vous des meilleurs sportifs. Oui, le triathlon international de Saint Gilles Croix de Vie conna\u00eet un succ\u00e8s retentissant et attire chaque ann\u00e9e de plus en plus d\u2019athl\u00e8tes et de spectateurs. C\u2019est une r\u00e9ussite qu\u2019il faut saluer mais qui suppose une logistique bien huil\u00e9e. Il faut par exemple pr\u00e9voir des [&hellip;]<\/p>\n<\/div>\n\t\t\t\t<p class=\"text-right\"><a href=\"https:\/\/www.campingvaldevie.fr\/nl\/editorial\/camping-triathlon-saint-gilles-croix-de-vie\/\">Lire la suite...<\/a><\/p>\n\t\t\t<\/article>\n\n\t\t\t\t\t\n\t\t\t<article>\n\t\t\t\t<h2><a href=\"https:\/\/www.campingvaldevie.fr\/nl\/editorial\/accueil-groupe-sportif-challans\/\">Accueil groupe sportif Challans<\/a><\/h2>\n\t\t\t\t<div class=\"content\"><p>Au printemps il est fr\u00e9quent que vos enfants soient amen\u00e9s \u00e0 se d\u00e9placer pour des comp\u00e9titions sportives. En effet, les tournois de fin d\u2019ann\u00e9e, les championnats de France. Ainsi que les r\u00e9unions diverses et vari\u00e9es, de nombreux \u00e9v\u00e9nements se tiennent au mois de mai et juin. Le camping le Val de Vie, camping\u00a0 s\u2019en est [&hellip;]<\/p>\n<\/div>\n\t\t\t\t<p class=\"text-right\"><a href=\"https:\/\/www.campingvaldevie.fr\/nl\/editorial\/accueil-groupe-sportif-challans\/\">Lire la suite...<\/a><\/p>\n\t\t\t<\/article>\n\n\t\t\t\t\t\n\t\t\t<article>\n\t\t\t\t<h2><a href=\"https:\/\/www.campingvaldevie.fr\/nl\/editorial\/accueil-groupe-sportif-camping-vendee\/\">Accueil groupe sportif dans camping Vend\u00e9e<\/a><\/h2>\n\t\t\t\t<div class=\"content\"><p>Nous faisons partie d\u2019un club de sport, bient\u00f4t nous avons un d\u00e9placement en Vend\u00e9e. Il faudra alors trouver un \u00e9tablissement qui accepte l\u2019accueil de groupe sportif. Apr\u00e8s quelques recherches, nous avons trouv\u00e9 le camping du Val de Vie. Ce petit camping \u00e0 taille humaine sera parfait pour que nous puissions nous poser une nuit dans [&hellip;]<\/p>\n<\/div>\n\t\t\t\t<p class=\"text-right\"><a href=\"https:\/\/www.campingvaldevie.fr\/nl\/editorial\/accueil-groupe-sportif-camping-vendee\/\">Lire la suite...<\/a><\/p>\n\t\t\t<\/article>\n\n\t\t\t\t\t\n\t\t\t<article>\n\t\t\t\t<h2><a href=\"https:\/\/www.campingvaldevie.fr\/nl\/editorial\/hebergement-mariage-anniversaire-challans-aizenay\/\">H\u00e9bergement mariage ou anniversaire Challans Aizenay<\/a><\/h2>\n\t\t\t\t<div class=\"content\"><p>Vous souhaitez organiser une grande f\u00eate, un mariage ou un anniversaire dans les alentours de Challans ou Aizenay. Pour faire les choses bien et que tous vos invit\u00e9s puissent profiter, il vous faut absolument des h\u00e9bergements non loin de la salle. Nous avons une solution id\u00e9ale pour vous ! Le camping du Val de Vie, [&hellip;]<\/p>\n<\/div>\n\t\t\t\t<p class=\"text-right\"><a href=\"https:\/\/www.campingvaldevie.fr\/nl\/editorial\/hebergement-mariage-anniversaire-challans-aizenay\/\">Lire la suite...<\/a><\/p>\n\t\t\t<\/article>\n\n\t\t\t\t\t\n\t\t\t<article>\n\t\t\t\t<h2><a href=\"https:\/\/www.campingvaldevie.fr\/nl\/editorial\/location-salle-vacances-vendee\/\">Location salle vacances Vend\u00e9e<\/a><\/h2>\n\t\t\t\t<div class=\"content\"><p>Cette ann\u00e9e, vous avez d\u00e9cid\u00e9 de partir en vacances en famille. Vous \u00eates plus d\u2019une vingtaine \u00e0 partir tous ensemble. Pour pouvoir manger et vous retrouver, vous avez choisi un camping proposant la location de salle en Vend\u00e9e. Ainsi, vous n\u2019aurez aucune difficult\u00e9 pour partager de bons moments tous ensemble. Vous avez choisi la Vend\u00e9e [&hellip;]<\/p>\n<\/div>\n\t\t\t\t<p class=\"text-right\"><a href=\"https:\/\/www.campingvaldevie.fr\/nl\/editorial\/location-salle-vacances-vendee\/\">Lire la suite...<\/a><\/p>\n\t\t\t<\/article>\n\n\t\t\t\t\t\n\t\t\t<article>\n\t\t\t\t<h2><a href=\"https:\/\/www.campingvaldevie.fr\/nl\/editorial\/offres-dernieres-minutes-camping-calme-vendee\/\">Offres derni\u00e8res minutes camping calme Vend\u00e9e<\/a><\/h2>\n\t\t\t\t<div class=\"content\"><p>Le Val de Vie est un camping calme situ\u00e9 en Vend\u00e9e. Les propri\u00e9taires de ce camping proposent r\u00e9guli\u00e8rement des offres de derni\u00e8res minutes. Mais avant de r\u00e9server votre s\u00e9jour, laissez moi vous pr\u00e9senter cet \u00e9tablissement 4 \u00e9toiles. Que vous soyez en famille ou entre amis le r\u00e9sultat sera le m\u00eame, vous passerez un s\u00e9jour inoubliable. [&hellip;]<\/p>\n<\/div>\n\t\t\t\t<p class=\"text-right\"><a href=\"https:\/\/www.campingvaldevie.fr\/nl\/editorial\/offres-dernieres-minutes-camping-calme-vendee\/\">Lire la suite...<\/a><\/p>\n\t\t\t<\/article>\n\n\t\t\t\t\t\n\t\t\t<article>\n\t\t\t\t<h2><a href=\"https:\/\/www.campingvaldevie.fr\/nl\/editorial\/camping-accueil-velo-en-vendee\/\">Camping accueil v\u00e9lo en Vend\u00e9e<\/a><\/h2>\n\t\t\t\t<div class=\"content\"><p>Depuis que les enfants ne partent plus en vacances avec nous, nous aimons, ma femme et moi, passer nos s\u00e9jours \u00e0 faire de longues balades \u00e0 v\u00e9lo. C\u2019est devenu presque une passion. Nous ne pourrions pas passer nos vacances \u00e0 ne pas faire de v\u00e9lo. Il nous arrive m\u00eame de partir en balade \u00e0 la [&hellip;]<\/p>\n<\/div>\n\t\t\t\t<p class=\"text-right\"><a href=\"https:\/\/www.campingvaldevie.fr\/nl\/editorial\/camping-accueil-velo-en-vendee\/\">Lire la suite...<\/a><\/p>\n\t\t\t<\/article>\n\n\t\t\t\t\t\n\t\t\t<article>\n\t\t\t\t<h2><a href=\"https:\/\/www.campingvaldevie.fr\/nl\/editorial\/camping-randonnees-pedestres-vendee\/\">Camping randonn\u00e9es p\u00e9destres Vend\u00e9e<\/a><\/h2>\n\t\t\t\t<div class=\"content\"><p>Pour vous, rester allong\u00e9s sur une plage de sable toute une apr\u00e8s-midi pendant vos vacances c\u2019est hors de question. Vous, il vous faut de l\u2019adr\u00e9naline, vous aimez vous surpasser, relever des d\u00e9fis et profiter de ce qui vous entoure. En Vend\u00e9e, certes le sol est plus plat que dans le Sud ou dans les Alpes. [&hellip;]<\/p>\n<\/div>\n\t\t\t\t<p class=\"text-right\"><a href=\"https:\/\/www.campingvaldevie.fr\/nl\/editorial\/camping-randonnees-pedestres-vendee\/\">Lire la suite...<\/a><\/p>\n\t\t\t<\/article>\n\n\t\t\t\t\t\n\t\t\t<article>\n\t\t\t\t<h2><a href=\"https:\/\/www.campingvaldevie.fr\/nl\/editorial\/camping-proche-vendespace\/\">Camping proche Vendespace<\/a><\/h2>\n\t\t\t\t<div class=\"content\"><p>Il y a quelques mois vous avez offert des places de concert \u00e0 vos enfants. Votre chanteur pr\u00e9f\u00e9r\u00e9 fait une repr\u00e9sentation au Vendeespace, la mythique salle vend\u00e9enne. Impossible de rater cela, m\u00eame si la salle est situ\u00e9e \u00e0 quelques kilom\u00e8tres de chez vous, vous irez co\u00fbte que co\u00fbte. Pour profiter un maximum de ce concert [&hellip;]<\/p>\n<\/div>\n\t\t\t\t<p class=\"text-right\"><a href=\"https:\/\/www.campingvaldevie.fr\/nl\/editorial\/camping-proche-vendespace\/\">Lire la suite...<\/a><\/p>\n\t\t\t<\/article>\n\n\t\t\t\t\t\n\t\t\t<article>\n\t\t\t\t<h2><a href=\"https:\/\/www.campingvaldevie.fr\/nl\/editorial\/hebergement-groupe-vendespace\/\">H\u00e9bergement groupe Vendespace<\/a><\/h2>\n\t\t\t\t<div class=\"content\"><p>Le Vendespace est un complexe sportif et culturel de 21 000 m\u00b2 situ\u00e9 \u00e0 Mouilleron le Captif en Vend\u00e9e. Il est aussi appel\u00e9 le \u00ab\u00a0petit Bercy\u00a0\u00bb. De nombreux \u00e9ventements y sont organis\u00e9s chaque ann\u00e9e. De c\u00e9l\u00e8bres artistes et athl\u00e8tes y sont venus\u00a0: Calogero, Vianney, Mesmer, Dany Boon, Tony Parker et bien d\u2019autres\u2026 D\u2019une capacit\u00e9 de [&hellip;]<\/p>\n<\/div>\n\t\t\t\t<p class=\"text-right\"><a href=\"https:\/\/www.campingvaldevie.fr\/nl\/editorial\/hebergement-groupe-vendespace\/\">Lire la suite...<\/a><\/p>\n\t\t\t<\/article>\n\n\t\t\t\t\t\n\t\t\t<article>\n\t\t\t\t<h2><a href=\"https:\/\/www.campingvaldevie.fr\/nl\/editorial\/bon-plan-camping-proche-bretignolles-sur-mer\/\">Camping pas cher proche Br\u00e9tignolles sur Mer<\/a><\/h2>\n\t\t\t\t<div class=\"content\"><p>A la recherche d&rsquo;un bon plan pour s\u00e9journer dans un camping proche de Br\u00e9tignolles sur Mer ? Ne cherchez pas plus loin je vous le sers sur un plateau ! Au camping Val de Vie tout a \u00e9t\u00e9 pens\u00e9 pour rendre vos vacances inoubliables dans une ambiance d\u00e9tendue, familiale et conviviale. Un camping proche de [&hellip;]<\/p>\n<\/div>\n\t\t\t\t<p class=\"text-right\"><a href=\"https:\/\/www.campingvaldevie.fr\/nl\/editorial\/bon-plan-camping-proche-bretignolles-sur-mer\/\">Lire la suite...<\/a><\/p>\n\t\t\t<\/article>\n\n\t\t\n\t\t\t\t\t\n\t\t\t\t\n\t\t\t\t\t\t\n\t\t<\/div>\n\n\t\t\n","protected":false},"excerpt":{"rendered":"","protected":false},"author":1,"featured_media":0,"parent":0,"menu_order":0,"comment_status":"closed","ping_status":"closed","template":"","meta":{"_seopress_robots_primary_cat":"","_seopress_titles_title":"","_seopress_titles_desc":"","_seopress_robots_index":"yes","footnotes":""},"class_list":["post-2125","page","type-page","status-publish","hentry"],"_links":{"self":[{"href":"https:\/\/www.campingvaldevie.fr\/nl\/wp-json\/wp\/v2\/pages\/2125","targetHints":{"allow":["GET"]}}],"collection":[{"href":"https:\/\/www.campingvaldevie.fr\/nl\/wp-json\/wp\/v2\/pages"}],"about":[{"href":"https:\/\/www.campingvaldevie.fr\/nl\/wp-json\/wp\/v2\/types\/page"}],"author":[{"embeddable":true,"href":"https:\/\/www.campingvaldevie.fr\/nl\/wp-json\/wp\/v2\/users\/1"}],"replies":[{"embeddable":true,"href":"https:\/\/www.campingvaldevie.fr\/nl\/wp-json\/wp\/v2\/comments?post=2125"}],"version-history":[{"count":1,"href":"https:\/\/www.campingvaldevie.fr\/nl\/wp-json\/wp\/v2\/pages\/2125\/revisions"}],"predecessor-version":[{"id":12197,"href":"https:\/\/www.campingvaldevie.fr\/nl\/wp-json\/wp\/v2\/pages\/2125\/revisions\/12197"}],"wp:attachment":[{"href":"https:\/\/www.campingvaldevie.fr\/nl\/wp-json\/wp\/v2\/media?parent=2125"}],"curies":[{"name":"wp","href":"https:\/\/api.w.org\/{rel}","templated":true}]}}