{"id":22252,"date":"2023-11-02T14:44:57","date_gmt":"2023-11-02T13:44:57","guid":{"rendered":"https:\/\/www.campingvaldevie.fr\/?page_id=22252"},"modified":"2024-09-04T12:04:41","modified_gmt":"2024-09-04T10:04:41","slug":"kleine-topcamping-vendee","status":"publish","type":"page","link":"https:\/\/www.campingvaldevie.fr\/nl\/petit-camping-haut-de-gamme-vendee\/","title":{"rendered":"Luxe camping Vend\u00e9e"},"content":{"rendered":"<p>Ben je op zoek naar iets bijzonders voor je vakantie met de kinderen? Of een meer priv\u00e9 oase van rust voor je verblijf met het gezin, je partner of je vrienden? Soms is het beter om te kiezen voor een <strong>luxe camping met topservice in de Vend\u00e9e<\/strong> dan voor een opvallend etablissement dat zijn beloften niet waarmaakt. Le <a href=\"https:\/\/www.campingvaldevie.fr\/nl\/\">Camping Val de Vie in de Vend\u00e9e<\/a> een van<strong> de mooiste topcampings in Pays de la Loire<\/strong>De camping is ontworpen voor kampeerders die op zoek zijn naar rust en natuur. Als je houdt van de Vend\u00e9e voor alles wat het te bieden heeft: fijne zandstranden, paradijselijke landschappen, betoverende natuur en typische dorpjes, geloof me, je zult in de hemel zijn tijdens je vakantie op deze camping. <strong>4-sterren camping<\/strong>a <strong>eersteklas camping in het hart van de Vend\u00e9e<\/strong>.<\/p>\n\n\n\n<div style=\"height:40px\" aria-hidden=\"true\" class=\"wp-block-spacer\"><\/div>\n\n\n\n<div class=\"wp-block-media-text alignwide has-media-on-the-right is-stacked-on-mobile is-image-fill\" style=\"grid-template-columns:auto 30%\"><div class=\"wp-block-media-text__content\">\n<h2 class=\"wp-block-heading has-text-align-left\">Ontdek onze eersteklas accommodatie met priv\u00e9spa<\/h2>\n\n\n\n<p>In deze <strong>eersteklas camping in de Vend\u00e9e in de regio Pays de la Loire<\/strong>kunt u een <strong>comfortabele stacaravan van hoge kwaliteit<\/strong>. In het topsegment van deze <strong>eersteklas camping in de Vend\u00e9e<\/strong>Hier vind je tophuurwoningen. Je vindt hier ook <a href=\"\/nl\/prive-spa-camping-vendee\/\"><strong>stacaravans met priv\u00e9 spa<\/strong><\/a>. Val de Vie is de ideale plek om te genieten van een betoverende vakantie in een rustige omgeving. Je zult een onvergetelijk verblijf hebben in een idyllische omgeving!<\/p>\n\n\n\n<p>Alle stacaravans, lodgetenten en chalets op onze <strong>4-sterrencamping met zwembad<\/strong> hebben hun eigen terras met tuinmeubilair. Zo kun je in de frisse lucht genieten van een aperitief of een lunch met het gezin!<\/p>\n\n\n\n<p>Op deze kleine camping met <strong>tophuur in de Vend\u00e9e<\/strong>Als u houdt van een traditionele vakantie in een tent of camper, kunt u ook genieten van de eenvoudige geneugten van het leven op een comfortabele kampeerplaats. E\u00e9n ding is zeker, u zult uw dagelijkse leven niet achter willen laten en u zult genieten van uw gezinsvakantie in de Pays de la Loire!<\/p>\n<\/div><figure class=\"wp-block-media-text__media\" style=\"background-image:url(https:\/\/www.campingvaldevie.fr\/wp-content\/uploads\/2021\/09\/location-petit-camping-familial-haut-de-gamme-vendee.jpg);background-position:50% 50%\"><img loading=\"lazy\" decoding=\"async\" width=\"700\" height=\"394\" src=\"https:\/\/www.campingvaldevie.fr\/wp-content\/uploads\/2021\/09\/location-petit-camping-familial-haut-de-gamme-vendee.jpg\" alt=\"verhuur Kleine luxe familiecamping Vend\u00e9e\" class=\"wp-image-9400 size-full\" srcset=\"https:\/\/www.campingvaldevie.fr\/wp-content\/uploads\/2021\/09\/location-petit-camping-familial-haut-de-gamme-vendee.jpg 700w, https:\/\/www.campingvaldevie.fr\/wp-content\/uploads\/2021\/09\/location-petit-camping-familial-haut-de-gamme-vendee-300x169.jpg 300w\" sizes=\"auto, (max-width: 700px) 100vw, 700px\" \/><\/figure><\/div>\n\n\n\n<div style=\"height:40px\" aria-hidden=\"true\" class=\"wp-block-spacer\"><\/div>\n\n\n\n<div class=\"wp-block-media-text alignwide is-stacked-on-mobile is-image-fill\" style=\"grid-template-columns:30% auto\"><figure class=\"wp-block-media-text__media\" style=\"background-image:url(https:\/\/www.campingvaldevie.fr\/wp-content\/uploads\/2023\/02\/piscine-couverte-et-chauffee-4.jpg);background-position:50% 50%\"><img loading=\"lazy\" decoding=\"async\" width=\"700\" height=\"525\" src=\"https:\/\/www.campingvaldevie.fr\/wp-content\/uploads\/2023\/02\/piscine-couverte-et-chauffee-4.jpg\" alt=\"ideale locatie vend\u00e9e\" class=\"wp-image-20832 size-full\" srcset=\"https:\/\/www.campingvaldevie.fr\/wp-content\/uploads\/2023\/02\/piscine-couverte-et-chauffee-4.jpg 700w, https:\/\/www.campingvaldevie.fr\/wp-content\/uploads\/2023\/02\/piscine-couverte-et-chauffee-4-300x225.jpg 300w\" sizes=\"auto, (max-width: 700px) 100vw, 700px\" \/><\/figure><div class=\"wp-block-media-text__content\">\n<h2 class=\"wp-block-heading has-text-align-left\">4-sterrenservice en -faciliteiten<\/h2>\n\n\n\n<p>Naast een verblijf in een comfortabele huuraccommodatie, omringd door attent personeel, is dit prachtige <strong>eersteklas camping in de Vend\u00e9e<\/strong> biedt een breed scala aan<strong>faciliteiten en diensten met sterren<\/strong> voor jou en je kinderen :<\/p>\n\n\n\n<ul class=\"wp-block-list\">\n<li><strong>Aquatisch gebied<\/strong> de camping heeft een prachtige <a href=\"https:\/\/www.campingvaldevie.fr\/nl\/het-zwembad\/\">zwemparadijs met verwarmd zwembad<\/a> 28\u00b0 en overdekt met een open dak voor onvergetelijke momenten, wat voor weer het ook is! Dus of je nu zin hebt om te zwemmen, te zonnebaden of een middagje naar het strand te gaan, bij ons zit je goed. <strong>wateraerobics<\/strong> of gewoon luieren bij het water, alles in dit watergebied is ontworpen om ervoor te zorgen dat uw ervaring in het water een gedenkwaardige is. <strong>eersteklas camping in de Vend\u00e9e<\/strong> is een van de beste.<\/li>\n\n\n\n<li><strong>Sportfaciliteiten<\/strong> tennisbaan, bowlingbaan, kinderspeelplaats, daag je vrienden en kinderen uit voor een partijtje tennis. <strong>sportcompetities<\/strong> aangeboden door de camping.<\/li>\n\n\n\n<li><strong>Activiteiten<\/strong> : de camping biedt de mogelijkheid om uw kinderen in te schrijven bij de <strong>club-enfants<\/strong> zodat ze kunnen genieten van activiteiten, spelletjes en entertainment die geschikt zijn voor hun leeftijdsgroep, terwijl ze nieuwe vrienden maken. Oudere kinderen kunnen deelnemen aan proeverijen, speurtochten, muzikale quizzen of genieten van een ontspannende behandeling.<\/li>\n<\/ul>\n\n\n\n<p>Zoals je ongetwijfeld al hebt begrepen, is de<strong> eersteklas camping in de Vend\u00e9e<\/strong> is zeker een van de beste campings in de regio voor een <strong>familievakantie in Loire<\/strong>Wacht dus niet te lang met het boeken van je vakantieaccommodatie in dit prachtige deel van Frankrijk.<\/p>\n<\/div><\/div>\n\n\n\n<div style=\"height:40px\" aria-hidden=\"true\" class=\"wp-block-spacer\"><\/div>\n\n\n\n<div class=\"wp-block-media-text alignwide has-media-on-the-right is-stacked-on-mobile is-image-fill\" style=\"grid-template-columns:auto 30%\"><div class=\"wp-block-media-text__content\">\n<h2 class=\"wp-block-heading has-text-align-left\">Geniet van onze camping in het hart van de regio Pays de la Loire in de Vend\u00e9e<\/h2>\n\n\n\n<p>In het hoogseizoen wordt de regio Pays de la Loire, en meer specifiek de kustlijn van de Vend\u00e9e, overspoeld door vakantiegangers. Als je een hekel hebt aan drukte, raden we je aan om afstand te houden. U kunt bijvoorbeeld kiezen voor een <strong>eersteklas camping in de Vend\u00e9e<\/strong> op de <strong>Mach\u00e9<\/strong>in het hart van de regio. Een van de <strong>Beste campings in Vend\u00e9e<\/strong> is daarom ongeveer twintig minuten van het Grande Plage bij <strong>Saint-Gilles-Croix-de-Vie<\/strong> en de haven van <strong>Saint-Hilaire-de-Riez<\/strong> en op minder dan 40 minuten van Saint-Jean-de-Monts en de <strong>Sables d'Olonne<\/strong>. De stranden (Plage de Tanchet, Plage de la Par\u00e9e, Plage des Demoiselles, enz.) liggen allemaal binnen handbereik van dit vakantiepark. Alleen hier kun je ontspannen. Er is geen stress aan de horizon bij dit gezinsvriendelijke etablissement, waar alles draait om rust en ontspanning.<br><\/p>\n\n\n\n<p>Het is belangrijk om te weten dat <strong>4-sterren landgoed<\/strong>deze <strong>luxe camping<\/strong> op <strong>diensten van topklasse in de Vend\u00e9e<\/strong> heeft een ideale geografische ligging in <strong>Loire <\/strong>als je deze prachtige regio met je kinderen wilt verkennen. Bezoek <strong>Grand Parc du Puy du Fou<\/strong>de stad van <strong>Roche sur Yon <\/strong>en zijn beroemde nationale stoeterij, het regionale park Marais Poitevin, het reuzenrad in Saint-Jean-de-Monts, de bruisende haven van Les Sables d'Olonne, het eiland Noirmoutier en zijn zoutmoerassen, fijne zandstranden en zeedennenbossen - je bent hier aan het juiste adres om al deze schatten te ontdekken. Bij ons <strong>eersteklas camping in de Vend\u00e9e<\/strong>je zult genieten van de<strong>familiesfeer<\/strong> en <strong>gebruiksvriendelijk<\/strong> die daar heerst. Na dagen die even opwindend als uitputtend waren, werd de <strong>overdekt zwembad<\/strong> op de camping, waar je met het hele gezin kunt afkoelen.<br><\/p>\n<\/div><figure class=\"wp-block-media-text__media\" style=\"background-image:url(https:\/\/www.campingvaldevie.fr\/wp-content\/uploads\/2018\/02\/Copyright_A.Lamoureux_Vendee_Expansion_Yeu_port_de_la_meule_6-1024x683.jpg);background-position:81% 48%\"><img loading=\"lazy\" decoding=\"async\" width=\"1024\" height=\"683\" src=\"https:\/\/www.campingvaldevie.fr\/wp-content\/uploads\/2018\/02\/Copyright_A.Lamoureux_Vendee_Expansion_Yeu_port_de_la_meule_6-1024x683.jpg\" alt=\"Haven van Meule Ile d&#039;yeu\" class=\"wp-image-2140 size-full\" srcset=\"https:\/\/www.campingvaldevie.fr\/wp-content\/uploads\/2018\/02\/Copyright_A.Lamoureux_Vendee_Expansion_Yeu_port_de_la_meule_6-1024x683.jpg 1024w, https:\/\/www.campingvaldevie.fr\/wp-content\/uploads\/2018\/02\/Copyright_A.Lamoureux_Vendee_Expansion_Yeu_port_de_la_meule_6-300x200.jpg 300w, https:\/\/www.campingvaldevie.fr\/wp-content\/uploads\/2018\/02\/Copyright_A.Lamoureux_Vendee_Expansion_Yeu_port_de_la_meule_6-768x512.jpg 768w, https:\/\/www.campingvaldevie.fr\/wp-content\/uploads\/2018\/02\/Copyright_A.Lamoureux_Vendee_Expansion_Yeu_port_de_la_meule_6.jpg 1100w\" sizes=\"auto, (max-width: 1024px) 100vw, 1024px\" \/><\/figure><\/div>\n\n\n\n<div style=\"height:40px\" aria-hidden=\"true\" class=\"wp-block-spacer\"><\/div>\n\n\n\n<div class=\"wp-block-media-text alignwide is-stacked-on-mobile is-image-fill\" style=\"grid-template-columns:30% auto\"><figure class=\"wp-block-media-text__media\" style=\"background-image:url(https:\/\/www.campingvaldevie.fr\/wp-content\/uploads\/2022\/06\/vacances-petit-camping-avec-espace-bien-etre-vendee.jpg);background-position:16% 52%\"><img loading=\"lazy\" decoding=\"async\" width=\"700\" height=\"466\" src=\"https:\/\/www.campingvaldevie.fr\/wp-content\/uploads\/2022\/06\/vacances-petit-camping-avec-espace-bien-etre-vendee.jpg\" alt=\"vakantie Kleine camping met wellnessruimte Vend\u00e9e\" class=\"wp-image-17838 size-full\" srcset=\"https:\/\/www.campingvaldevie.fr\/wp-content\/uploads\/2022\/06\/vacances-petit-camping-avec-espace-bien-etre-vendee.jpg 700w, https:\/\/www.campingvaldevie.fr\/wp-content\/uploads\/2022\/06\/vacances-petit-camping-avec-espace-bien-etre-vendee-300x200.jpg 300w\" sizes=\"auto, (max-width: 700px) 100vw, 700px\" \/><\/figure><div class=\"wp-block-media-text__content\">\n<h2 class=\"wp-block-heading has-text-align-left\">Activiteiten in de Vend\u00e9e in de buurt van deze eersteklas camping<\/h2>\n\n\n\n<p>Om uw <strong>luxe verblijf<\/strong> op onze 4-sterrencamping in de Vend\u00e9e <a href=\"\/nl\/toerisme-vendee\/\">ontdek de Vend\u00e9e<\/a>Hier zijn onze aanbevelingen voor bezoeken en activiteiten om met je kinderen te doen:<\/p>\n\n\n\n<ul class=\"wp-block-list\">\n<li><a href=\"https:\/\/www.campingvaldevie.fr\/nl\/golfbaan-van-fontenelles\/\">Golfbaan Les Fontenelles<\/a> De golfbaan van Fontenelles ligt op slechts 10 kilometer van de camping op weg naar <strong>Saint Gilles Croix-de-Vie<\/strong> en <strong>Bretignolles-sur-Mer<\/strong>. Kom en ontdek deze 18-holes golfbaan, die een aangename opeenvolging biedt van waterhindernissen, zeedennen en eiken over meer dan 6 kilometer. Als partner van de golfbaan van Fontenelles, onze <strong>eersteklas camping in Vend\u00e9e<\/strong> biedt u <strong>Voordeligere tarieven<\/strong> voor cursussen en ontdekkingspakketten.<\/li>\n\n\n\n<li><strong>thalassos<\/strong> Thalassotherapie: je vindt thalassotherapiecentra in badplaatsen zoals het thalassotherapiecentrum C\u00f4te Ouest in Les Cayes. <strong>Sables d'Olonne<\/strong> met uitzicht op zee. De<strong> Sables d'Olonne<\/strong> is ook de thuisbasis van de Vend\u00e9e Globe, een internationale zeilrace die elke vier jaar wordt gehouden. Je kunt ook gebruikmaken van het wellnesscentrum in <strong>La Roche-sur-Yon<\/strong> of naar <strong>Aansprakelijkheid<\/strong>.<\/li>\n\n\n\n<li><strong>bezoek authentieke dorpen<\/strong> Bezoek Saint-Gilles-Croix-de-Vie, een charmante badplaats met een oude haven, of het dorp Commequiers met je gezin tijdens je verblijf in Frankrijk. <strong>eersteklas camping in de Vend\u00e9e<\/strong>.<\/li>\n\n\n\n<li><strong>Kasteel van Apremont<\/strong> Het bezoek van <strong>Renaissancekasteel in Apremont<\/strong> mag je volgens ons niet missen. Sommigen zullen aarzelen, maar het heeft een onmiskenbare charme die de stad waar het over uitkijkt doordringt. We willen niet te diep ingaan op de geschiedenis, maar de rondleiding is uitstekend en aan te bevelen. De positieve commentaren van andere liefhebbers tonen duidelijk aan dat dit een uitstekende keuze is van plaatsen om te bezoeken in de regio Pays de la Loire!<\/li>\n<\/ul>\n<\/div><\/div>\n\n\n\n<div style=\"height:40px\" aria-hidden=\"true\" class=\"wp-block-spacer\"><\/div>","protected":false},"excerpt":{"rendered":"<p>Vous cherchez un endroit qui sort de l\u2019ordinaire pour vos vacances avec les enfants ? Un havre de paix plut\u00f4t confidentiel pour votre s\u00e9jour en famille, en couple ou entre amis ? Parfois, il vaut mieux opter pour un camping de luxe aux services haut de gamme en Vend\u00e9e que pour un \u00e9tablissement qui en [&hellip;]<\/p>\n","protected":false},"author":4,"featured_media":0,"parent":0,"menu_order":0,"comment_status":"closed","ping_status":"closed","template":"","meta":{"_seopress_robots_primary_cat":"","_seopress_titles_title":"Camping haut de gamme en Vend\u00e9e 4 \u00e9toiles avec location spa privatif","_seopress_titles_desc":"D\u00e9couvrez le camping Val de Vie avec location de mobil-homes avec spa privatif ! Des vacances haut de gamme dans un camping en pleine nature !","_seopress_robots_index":"","footnotes":""},"class_list":["post-22252","page","type-page","status-publish","hentry"],"_links":{"self":[{"href":"https:\/\/www.campingvaldevie.fr\/nl\/wp-json\/wp\/v2\/pages\/22252","targetHints":{"allow":["GET"]}}],"collection":[{"href":"https:\/\/www.campingvaldevie.fr\/nl\/wp-json\/wp\/v2\/pages"}],"about":[{"href":"https:\/\/www.campingvaldevie.fr\/nl\/wp-json\/wp\/v2\/types\/page"}],"author":[{"embeddable":true,"href":"https:\/\/www.campingvaldevie.fr\/nl\/wp-json\/wp\/v2\/users\/4"}],"replies":[{"embeddable":true,"href":"https:\/\/www.campingvaldevie.fr\/nl\/wp-json\/wp\/v2\/comments?post=22252"}],"version-history":[{"count":5,"href":"https:\/\/www.campingvaldevie.fr\/nl\/wp-json\/wp\/v2\/pages\/22252\/revisions"}],"predecessor-version":[{"id":25874,"href":"https:\/\/www.campingvaldevie.fr\/nl\/wp-json\/wp\/v2\/pages\/22252\/revisions\/25874"}],"wp:attachment":[{"href":"https:\/\/www.campingvaldevie.fr\/nl\/wp-json\/wp\/v2\/media?parent=22252"}],"curies":[{"name":"wp","href":"https:\/\/api.w.org\/{rel}","templated":true}]}}