{"id":22265,"date":"2023-11-02T15:16:04","date_gmt":"2023-11-02T14:16:04","guid":{"rendered":"https:\/\/www.campingvaldevie.fr\/?page_id=22265"},"modified":"2024-05-21T10:06:38","modified_gmt":"2024-05-21T08:06:38","slug":"familiecamping-saint-gilles-croix-de-vie","status":"publish","type":"page","link":"https:\/\/www.campingvaldevie.fr\/nl\/camping-saint-gilles-croix-de-vie\/camping-familial-saint-gilles-croix-de-vie\/","title":{"rendered":"Kampeervakantie met het gezin in de buurt van Saint-Gilles-Croix-de-Vie"},"content":{"rendered":"<p>La <strong>Vend\u00e9e<\/strong> is een regio in Frankrijk met een prachtige kustlijn, gevarieerde landschappen en een unieke levenskwaliteit. Als je ge\u00efnteresseerd bent in dit departement voor je volgende <strong>gezinsvakanties<\/strong> ? Zie jij jezelf al afwisselend naar het strand, buitenactiviteiten en watersporten gaan? Ontdek dan onze <a href=\"\/nl\/\"><strong>camping Le Val de Vie in Vend\u00e9e<\/strong><\/a>een camping in Mach\u00e9, <strong>op slechts 26 km afstand<\/strong> van de prachtige badplaats Saint-Gilles-Croix-de-Vie!<\/p>\n\n\n\n<div style=\"height:40px\" aria-hidden=\"true\" class=\"wp-block-spacer\"><\/div>\n\n\n\n<h2 class=\"wp-block-heading has-text-align-center\">Onze kwaliteitsaccommodatie voor jouw verblijf in Saint-Gilles-Croix-de-Vie<\/h2>\n\n\n\n<div style=\"height:42px\" aria-hidden=\"true\" class=\"wp-block-spacer\"><\/div>\n\n\n\n<div class=\"wp-block-media-text has-media-on-the-right is-stacked-on-mobile is-image-fill\" style=\"grid-template-columns:auto 40%\"><div class=\"wp-block-media-text__content\">\n<h3 class=\"wp-block-heading has-text-align-left\">Comfortabele stacaravans<\/h3>\n\n\n\n<p>Ben je op zoek naar een vakantie in <strong>gezinscamping bij Saint-Gilles-Croix-de-Vie<\/strong> om je verblijf zo comfortabel mogelijk te maken? Je zult onze camping en zijn<strong> <\/strong><a href=\"\/nl\/camping-saint-gilles-croix-de-vie\/stacaravan\/\"><strong>3 assortimenten kwaliteitsstacaravans<\/strong><\/a> ! Kies uit het standaardassortiment, het comfortassortiment of het premiumassortiment voor je vakantie.\u00a0<\/p>\n\n\n\n<p>Onze <strong>standaard stacaravan <\/strong>biedt een hoog niveau van comfort. Het is van alle gemakken voorzien en heeft een aangenaam terras met uitzicht op het landgoed. Als je op zoek bent naar meer comfort tijdens je <strong>gezinsvakanties in de Vend\u00e9e<\/strong>Boek in plaats daarvan een <strong>comfort range stacaravans<\/strong>. Ruimer, maar ook gezelliger met zijn eigentijdse design. Tot slot <strong>premium stacaravans<\/strong> zijn de ideale optie voor een vakantie in <a href=\"\/nl\/camping-saint-gilles-croix-de-vie\/\"><strong>camping in de buurt van Saint-Gilles-Croix-de-Vie<\/strong><\/a> van de hoogste kwaliteit. Je verblijft in een ruime, recent gebouwde stacaravan, ingericht in een verfijnde, warme stijl.<\/p>\n<\/div><figure class=\"wp-block-media-text__media\" style=\"background-image:url(https:\/\/www.campingvaldevie.fr\/wp-content\/uploads\/2023\/03\/IMG_05051-scaled-1-1024x768-1.jpg);background-position:50% 50%\"><img loading=\"lazy\" decoding=\"async\" width=\"700\" height=\"525\" src=\"https:\/\/www.campingvaldevie.fr\/wp-content\/uploads\/2023\/03\/IMG_05051-scaled-1-1024x768-1.jpg\" alt=\"mobil-home beste beoordelingen kleine camping vend\u00e9e\" class=\"wp-image-21217 size-full\" srcset=\"https:\/\/www.campingvaldevie.fr\/wp-content\/uploads\/2023\/03\/IMG_05051-scaled-1-1024x768-1.jpg 700w, https:\/\/www.campingvaldevie.fr\/wp-content\/uploads\/2023\/03\/IMG_05051-scaled-1-1024x768-1-300x225.jpg 300w\" sizes=\"auto, (max-width: 700px) 100vw, 700px\" \/><\/figure><\/div>\n\n\n\n<div style=\"height:40px\" aria-hidden=\"true\" class=\"wp-block-spacer\"><\/div>\n\n\n\n<div class=\"wp-block-media-text is-stacked-on-mobile is-image-fill\" style=\"grid-template-columns:40% auto\"><figure class=\"wp-block-media-text__media\" style=\"background-image:url(https:\/\/www.campingvaldevie.fr\/wp-content\/uploads\/2024\/02\/chambre-parentale-1024x682.jpeg);background-position:50% 50%\"><img loading=\"lazy\" decoding=\"async\" width=\"1024\" height=\"682\" src=\"https:\/\/www.campingvaldevie.fr\/wp-content\/uploads\/2024\/02\/chambre-parentale-1024x682.jpeg\" alt=\"ouderslaapkamer\" class=\"wp-image-24066 size-full\" srcset=\"https:\/\/www.campingvaldevie.fr\/wp-content\/uploads\/2024\/02\/chambre-parentale-1024x682.jpeg 1024w, https:\/\/www.campingvaldevie.fr\/wp-content\/uploads\/2024\/02\/chambre-parentale-300x200.jpeg 300w, https:\/\/www.campingvaldevie.fr\/wp-content\/uploads\/2024\/02\/chambre-parentale-768x512.jpeg 768w, https:\/\/www.campingvaldevie.fr\/wp-content\/uploads\/2024\/02\/chambre-parentale-1536x1023.jpeg 1536w, https:\/\/www.campingvaldevie.fr\/wp-content\/uploads\/2024\/02\/chambre-parentale.jpeg 1920w\" sizes=\"auto, (max-width: 1024px) 100vw, 1024px\" \/><\/figure><div class=\"wp-block-media-text__content\">\n<p>Welke stacaravan je ook boekt voor je verblijf in Frankrijk <strong>gezinsvakanties in de Vend\u00e9e<\/strong>Het zal worden uitgerust met <strong>rustige kamers <\/strong>(2 of 3 slaapkamers), 1 of 2 goed ingerichte badkamers met opbergruimte en een volledig uitgeruste keuken. Maak het jezelf gemakkelijk in onze lounge\/eetkamer of geniet van de zon van de Vend\u00e9e vanaf het terras.<strong> houten vlonders voor stacaravans<\/strong>met uitzicht op het beboste terrein van onze camping.\u00a0<\/p>\n<\/div><\/div>\n\n\n\n<div style=\"height:40px\" aria-hidden=\"true\" class=\"wp-block-spacer\"><\/div>\n\n\n\n<div class=\"wp-block-media-text has-media-on-the-right is-stacked-on-mobile is-image-fill\" style=\"grid-template-columns:auto 40%\"><div class=\"wp-block-media-text__content\">\n<h3 class=\"wp-block-heading has-text-align-left\">Onze campings voor natuurliefhebbers<\/h3>\n\n\n\n<p>Geef je de voorkeur aan<strong> traditionele camping<\/strong> ? Hou je ervan om te overnachten in een tent, camper of caravan? Aarzel dan niet en kies een kampeerplaats voor uw vakantie in <strong>gezinscamping bij Saint-Gilles-Croix-de-Vie<\/strong> !&nbsp;<\/p>\n\n\n\n<p>Het leuke aan onze locaties? U kiest de<a href=\"\/nl\/camping-saint-gilles-croix-de-vie\/camping-met-staanplaats-bij-saint-gilles-croix-de-vie\/\">ligging in de buurt van Saint-Gilles-Croix-de-Vie<\/a> perfect voor jou<strong> <\/strong>afhankelijk van je behoeften: met of zonder elektriciteit, met of zonder sanitair, voor 1 persoon, voor 6 personen, enz. Een kampeerplaats is de ideale oplossing als je je vakantie op het platteland wilt doorbrengen. <strong>Vakantie dicht bij de natuur<\/strong> !<\/p>\n<\/div><figure class=\"wp-block-media-text__media\" style=\"background-image:url(https:\/\/www.campingvaldevie.fr\/wp-content\/uploads\/2019\/11\/emplacement-camping-authentique-vendee.jpg);background-position:50% 50%\"><img loading=\"lazy\" decoding=\"async\" width=\"700\" height=\"468\" src=\"https:\/\/www.campingvaldevie.fr\/wp-content\/uploads\/2019\/11\/emplacement-camping-authentique-vendee.jpg\" alt=\"kampeerplaats op een camping in de Vend\u00e9e\" class=\"wp-image-5702 size-full\" srcset=\"https:\/\/www.campingvaldevie.fr\/wp-content\/uploads\/2019\/11\/emplacement-camping-authentique-vendee.jpg 700w, https:\/\/www.campingvaldevie.fr\/wp-content\/uploads\/2019\/11\/emplacement-camping-authentique-vendee-300x201.jpg 300w\" sizes=\"auto, (max-width: 700px) 100vw, 700px\" \/><\/figure><\/div>\n\n\n\n<div style=\"height:40px\" aria-hidden=\"true\" class=\"wp-block-spacer\"><\/div>\n\n\n\n<div class=\"wp-block-media-text is-stacked-on-mobile is-image-fill\" style=\"grid-template-columns:40% auto\"><figure class=\"wp-block-media-text__media\" style=\"background-image:url(https:\/\/www.campingvaldevie.fr\/wp-content\/uploads\/2022\/07\/sejour-location-meilleur-petit-camping-saint-gilles-croix-de-vie.png);background-position:50% 50%\"><img loading=\"lazy\" decoding=\"async\" width=\"700\" height=\"525\" src=\"https:\/\/www.campingvaldevie.fr\/wp-content\/uploads\/2022\/07\/sejour-location-meilleur-petit-camping-saint-gilles-croix-de-vie.png\" alt=\"verblijf Beste kleine camping Saint Gilles croix de Vie\" class=\"wp-image-18220 size-full\" srcset=\"https:\/\/www.campingvaldevie.fr\/wp-content\/uploads\/2022\/07\/sejour-location-meilleur-petit-camping-saint-gilles-croix-de-vie.png 700w, https:\/\/www.campingvaldevie.fr\/wp-content\/uploads\/2022\/07\/sejour-location-meilleur-petit-camping-saint-gilles-croix-de-vie-300x225.png 300w\" sizes=\"auto, (max-width: 700px) 100vw, 700px\" \/><\/figure><div class=\"wp-block-media-text__content\">\n<h2 class=\"wp-block-heading has-text-align-left\">Een camping met zwembad voor het hele gezin<\/h2>\n\n\n\n<p>Als er \u00e9\u00e9n faciliteit koning is tijdens de zomervakantie, dan is het wel het zwembad! En het goede nieuws is dat onze <strong>gezinscamping bij Saint-Gilles-Croix-de-Vie <\/strong>is de thuisbasis van een prachtig zwembad!<\/p>\n\n\n\n<p>Dit is een <a href=\"https:\/\/www.campingvaldevie.fr\/nl\/camping-saint-gilles-croix-de-vie\/camping-met-staanplaats-bij-saint-gilles-croix-de-vie\/\" data-type=\"page\" data-id=\"22278\"><strong>verwarmd en overdekt zwembad<\/strong><\/a><strong> <\/strong>dat op je wacht tijdens je familievakantie in de Vend\u00e9e, met een aangenaam terras en ligstoelen. Je kunt ook heerlijk zwemmen in het zwembad. <strong>verwarmd water<\/strong> voordat je een welgekomen si\u00ebsta houdt op een zonnig terras. <strong>ligstoel aan het water<\/strong>. En als het mooie weer niet komt tijdens je verblijf in de Vend\u00e9e, maak je dan geen zorgen; dankzij de<strong> overdekt zwembad<\/strong>Je kunt blijven genieten van het plezier van zwemmen.<\/p>\n<\/div><\/div>\n\n\n\n<div style=\"height:40px\" aria-hidden=\"true\" class=\"wp-block-spacer\"><\/div>\n\n\n\n<div class=\"wp-block-media-text has-media-on-the-right is-stacked-on-mobile is-image-fill\" style=\"grid-template-columns:auto 40%\"><div class=\"wp-block-media-text__content\">\n<h2 class=\"wp-block-heading has-text-align-left\">Een breed scala aan leuke en gevarieerde activiteiten<\/h2>\n\n\n\n<p>Wij bieden u <strong>actieve vakanties in Vend\u00e9e<\/strong> ! Inderdaad, onze <strong>gezinscamping bij Saint-Gilles-Croix-de-Vie<\/strong> biedt u <strong>hoogwaardige sportfaciliteiten en activiteiten<\/strong>. Tijdens je vakantie kun je jeu de bouleswedstrijden en tenniswedstrijden afwisselen, of deelnemen aan aquagym en danslessen. En jij en je kinderen kunnen een stevig potje tafeltennis of tafelvoetbal spelen!<\/p>\n\n\n\n<p>Op het gebied van activiteiten is het sleutelwoord <strong>gezelligheid<\/strong> E\u00e9n keer per week nodigen we je uit voor een <strong>welkomstdrankje<\/strong> zodat je de andere vakantiegangers kunt leren kennen, en we zullen verschillende proeverijen aanbieden. s Avonds draait alles om lachen en gezelligheid met het hele gezin! Op het programma staan concerten, goochelshows, themamaaltijden en muzikale quizzen.&nbsp;<\/p>\n\n\n\n<p>Uw kinderen zullen blij zijn met onze <a href=\"\/nl\/familie-camping-vendee\/\"><strong>familiecamping in de Vend\u00e9e<\/strong><\/a> Tijdens je verblijf in de Vend\u00e9e hebben ze toegang tot de<strong>speelruimte <\/strong>van onze camping en kunnen deelnemen aan <strong>schattenjachten<\/strong>.<\/p>\n<\/div><figure class=\"wp-block-media-text__media\" style=\"background-image:url(https:\/\/www.campingvaldevie.fr\/wp-content\/uploads\/2022\/01\/DSC01680jeux.jpg);background-position:50% 50%\"><img loading=\"lazy\" decoding=\"async\" width=\"1024\" height=\"768\" src=\"https:\/\/www.campingvaldevie.fr\/wp-content\/uploads\/2022\/01\/DSC01680jeux.jpg\" alt=\"verhuur kampeerplaats familie\" class=\"wp-image-10334 size-full\" srcset=\"https:\/\/www.campingvaldevie.fr\/wp-content\/uploads\/2022\/01\/DSC01680jeux.jpg 1024w, https:\/\/www.campingvaldevie.fr\/wp-content\/uploads\/2022\/01\/DSC01680jeux-300x225.jpg 300w, https:\/\/www.campingvaldevie.fr\/wp-content\/uploads\/2022\/01\/DSC01680jeux-768x576.jpg 768w\" sizes=\"auto, (max-width: 1024px) 100vw, 1024px\" \/><\/figure><\/div>\n\n\n\n<div style=\"height:40px\" aria-hidden=\"true\" class=\"wp-block-spacer\"><\/div>\n\n\n\n<div class=\"wp-block-media-text is-stacked-on-mobile is-image-fill\" style=\"grid-template-columns:40% auto\"><figure class=\"wp-block-media-text__media\" style=\"background-image:url(https:\/\/www.campingvaldevie.fr\/wp-content\/uploads\/2018\/01\/snack-bar.jpg);background-position:50% 50%\"><img loading=\"lazy\" decoding=\"async\" width=\"700\" height=\"619\" src=\"https:\/\/www.campingvaldevie.fr\/wp-content\/uploads\/2018\/01\/snack-bar.jpg\" alt=\"snackbar op de camping\" class=\"wp-image-1815 size-full\" srcset=\"https:\/\/www.campingvaldevie.fr\/wp-content\/uploads\/2018\/01\/snack-bar.jpg 700w, https:\/\/www.campingvaldevie.fr\/wp-content\/uploads\/2018\/01\/snack-bar-300x265.jpg 300w\" sizes=\"auto, (max-width: 700px) 100vw, 700px\" \/><\/figure><div class=\"wp-block-media-text__content\">\n<h2 class=\"wp-block-heading has-text-align-left\">Een breed scala aan diensten voor de perfecte kampeervakantie<\/h2>\n\n\n\n<p>Onze <strong>gezinscamping bij Saint-Gilles-Croix-de-Vie<\/strong> willen je verblijf in de Vend\u00e9e zo aangenaam mogelijk maken. Daarom hebben we het volgende tot uw beschikking gesteld<strong> een hele reeks diensten<\/strong> :&nbsp;<\/p>\n\n\n\n<ul class=\"wp-block-list\">\n<li>Barbecue huren ;<\/li>\n\n\n\n<li>Verhuur van kinderbedjes en kinderstoelen ;<\/li>\n\n\n\n<li>Wasserij ;\u00a0<\/li>\n\n\n\n<li>Snackbar ;<\/li>\n\n\n\n<li>Boodschappen ;\u00a0<\/li>\n\n\n\n<li>Boekenleningen ;\u00a0<\/li>\n\n\n\n<li>Wifi op de hele camping;\u00a0<\/li>\n\n\n\n<li>En nog veel meer diensten voor de perfecte gezinsvakantie!<\/li>\n<\/ul>\n<\/div><\/div>\n\n\n\n<div style=\"height:40px\" aria-hidden=\"true\" class=\"wp-block-spacer\"><\/div>\n\n\n\n<h2 class=\"wp-block-heading has-text-align-center\">Jouw vakantie in de buurt van Saint-Gilles-Croix-de-Vie<\/h2>\n\n\n\n<p>Uw verblijf in <strong>gezinscamping bij Saint-Gilles-Croix-de-Vie <\/strong>geeft jou en je kinderen de kans om een aantal van de mooiste plekjes in dit deel van Frankrijk te ontdekken!&nbsp;<\/p>\n\n\n\n<p>Begin met een bezoek aan <strong>Saint-Gilles-Croix-de-Vie<\/strong>. De stad staat bekend om zijn fijne zandstranden, levendige vissershaven en charmante promenade langs zee. Vervolg je rondreis met een bezoek aan <strong>Saint-Hilaire-de-Riez<\/strong>Met zijn uitgestrekte stranden, zoutpannen en dennenbossen is het de perfecte plek om te wandelen en te fietsen.&nbsp;<\/p>\n\n\n\n<p>Ga dan naar <strong>Saint-Jean-de-Monts<\/strong>De stad staat bekend om zijn lange zandstrand, fietspaden en golfbaan aan de oceaan. Tijdens je vakantie in <strong>gezinscamping bij Saint-Gilles-Croix-de-Vie<\/strong>En mis niet <strong>Sables d'Olonne<\/strong>beroemd om de Vend\u00e9e Globe, en bekend om de jachthaven, het centrale strand en de wijk Ile Penotte. Op 18 km van Les Sables d'Olonne ligt <strong>Br\u00e9tignolles-sur-Mer<\/strong>. Deze stad in de Vend\u00e9e trekt watersportliefhebbers met zijn surf-, zeil- en peddelplekken.<\/p>\n\n\n\n<p>Rond ten slotte je bezoek aan de Vend\u00e9e af met een uitstapje naar<strong> Brem-sur-Mer<\/strong>. Bezoek de kerk Saint-Nicolas en proef de lokale wijnen in de wijngaarden.<br>Bereid je voor op een geweldige gezinsvakantie in onze <strong>gezinscamping bij Saint-Gilles-Croix-de-Vie&nbsp;<\/strong>!<\/p>","protected":false},"excerpt":{"rendered":"<p>La Vend\u00e9e est une r\u00e9gion de France qui s\u00e9duit par son littoral de toute beaut\u00e9, ses paysages vari\u00e9s et sa qualit\u00e9 de vie unique. Ce d\u00e9partement vous tente pour vos prochaines vacances en famille ? Vous vous voyez d\u00e9j\u00e0 alterner entre plage, activit\u00e9s de plein air et loisirs nautiques ? Alors d\u00e9couvrez notre camping Le [&hellip;]<\/p>\n","protected":false},"author":4,"featured_media":0,"parent":21135,"menu_order":0,"comment_status":"closed","ping_status":"closed","template":"","meta":{"_seopress_robots_primary_cat":"","_seopress_titles_title":"Camping familial proche Saint Gilles Croix de Vie en Vend\u00e9e (85)","_seopress_titles_desc":"Nous souhaitions dessiner le portrait robot du camping id\u00e9al pour les familles et proche de Saint Gilles Croix de Vie.","_seopress_robots_index":"","footnotes":""},"class_list":["post-22265","page","type-page","status-publish","hentry"],"_links":{"self":[{"href":"https:\/\/www.campingvaldevie.fr\/nl\/wp-json\/wp\/v2\/pages\/22265","targetHints":{"allow":["GET"]}}],"collection":[{"href":"https:\/\/www.campingvaldevie.fr\/nl\/wp-json\/wp\/v2\/pages"}],"about":[{"href":"https:\/\/www.campingvaldevie.fr\/nl\/wp-json\/wp\/v2\/types\/page"}],"author":[{"embeddable":true,"href":"https:\/\/www.campingvaldevie.fr\/nl\/wp-json\/wp\/v2\/users\/4"}],"replies":[{"embeddable":true,"href":"https:\/\/www.campingvaldevie.fr\/nl\/wp-json\/wp\/v2\/comments?post=22265"}],"version-history":[{"count":9,"href":"https:\/\/www.campingvaldevie.fr\/nl\/wp-json\/wp\/v2\/pages\/22265\/revisions"}],"predecessor-version":[{"id":25025,"href":"https:\/\/www.campingvaldevie.fr\/nl\/wp-json\/wp\/v2\/pages\/22265\/revisions\/25025"}],"up":[{"embeddable":true,"href":"https:\/\/www.campingvaldevie.fr\/nl\/wp-json\/wp\/v2\/pages\/21135"}],"wp:attachment":[{"href":"https:\/\/www.campingvaldevie.fr\/nl\/wp-json\/wp\/v2\/media?parent=22265"}],"curies":[{"name":"wp","href":"https:\/\/api.w.org\/{rel}","templated":true}]}}