{"id":22271,"date":"2023-11-02T15:21:09","date_gmt":"2023-11-02T14:21:09","guid":{"rendered":"https:\/\/www.campingvaldevie.fr\/?page_id=22271"},"modified":"2024-07-24T09:36:19","modified_gmt":"2024-07-24T07:36:19","slug":"camping-pas-cher-calme-proche-saint-gilles-croix-de-vie","status":"publish","type":"page","link":"https:\/\/www.campingvaldevie.fr\/nl\/camping-saint-gilles-croix-de-vie\/camping-pas-cher-calme-proche-saint-gilles-croix-de-vie\/","title":{"rendered":"Goedkope en rustige camping bij Saint Gilles Croix de Vie"},"content":{"rendered":"<p>Als ik zou moeten beschrijven <strong>camping Le Val de Vie<\/strong>Ik zou zeggen dat het een plek is <strong>kalm<\/strong> en vriendelijk. Deze <strong>goedkoop kamperen in de buurt van Saint Gilles Croix de Vie<\/strong> ligt op een ideale locatie. De <a href=\"\/nl\/camping-saint-gilles-croix-de-vie\/\">4-sterren camping in de buurt van Saint Gilles Croix de Vie<\/a>. De badplaats met duizend en \u00e9\u00e9n troeven. Je zult zien dat deze stad adopteren is. De camping verlaten zal moeilijker zijn dan je denkt, zozeer zelfs dat je <strong>vakantie<\/strong> plezierig zal zijn geweest.<\/p>\n\n\n\n<div style=\"height:40px\" aria-hidden=\"true\" class=\"wp-block-spacer\"><\/div>\n\n\n\n<div class=\"wp-block-media-text has-media-on-the-right is-stacked-on-mobile is-image-fill\" style=\"grid-template-columns:auto 40%\"><div class=\"wp-block-media-text__content\">\n<h2 class=\"wp-block-heading has-text-align-left\">Lage prijzen in een exotische omgeving<\/h2>\n\n\n\n<p>Laat me je voorstellen <strong>de oprichting<\/strong>Voor mij is dit de beste plek om te ontspannen en aan jezelf te denken. Om te beginnen word je hartelijk ontvangen door de eigenaren van de camping. \u00c9lodie en Nicolas verwelkomen elk jaar met veel plezier vakantiegangers die de streek willen ontdekken en tijd met hun gezin willen doorbrengen. Rust, kalmte en ontspanning zijn hier de sleutelwoorden. Het moet gezegd worden dat de omgeving precies goed is voor dit soort programma's!<\/p>\n<\/div><figure class=\"wp-block-media-text__media\" style=\"background-image:url(https:\/\/www.campingvaldevie.fr\/wp-content\/uploads\/2019\/06\/saint-gilles-croix-de-vie-IMG_3963-1024x768.jpg);background-position:50% 50%\"><img loading=\"lazy\" decoding=\"async\" width=\"1024\" height=\"768\" src=\"https:\/\/www.campingvaldevie.fr\/wp-content\/uploads\/2019\/06\/saint-gilles-croix-de-vie-IMG_3963-1024x768.jpg\" alt=\"rustige en goedkope camping bij st gilles croix de vie\" class=\"wp-image-4726 size-full\" srcset=\"https:\/\/www.campingvaldevie.fr\/wp-content\/uploads\/2019\/06\/saint-gilles-croix-de-vie-IMG_3963-1024x768.jpg 1024w, https:\/\/www.campingvaldevie.fr\/wp-content\/uploads\/2019\/06\/saint-gilles-croix-de-vie-IMG_3963-300x225.jpg 300w, https:\/\/www.campingvaldevie.fr\/wp-content\/uploads\/2019\/06\/saint-gilles-croix-de-vie-IMG_3963-768x576.jpg 768w, https:\/\/www.campingvaldevie.fr\/wp-content\/uploads\/2019\/06\/saint-gilles-croix-de-vie-IMG_3963-1536x1152.jpg 1536w, https:\/\/www.campingvaldevie.fr\/wp-content\/uploads\/2019\/06\/saint-gilles-croix-de-vie-IMG_3963-2048x1536.jpg 2048w\" sizes=\"auto, (max-width: 1024px) 100vw, 1024px\" \/><\/figure><\/div>\n\n\n\n<div style=\"height:40px\" aria-hidden=\"true\" class=\"wp-block-spacer\"><\/div>\n\n\n\n<div class=\"wp-block-media-text is-stacked-on-mobile is-image-fill\"><figure class=\"wp-block-media-text__media\" style=\"background-image:url(https:\/\/www.campingvaldevie.fr\/wp-content\/uploads\/2019\/06\/saint-gilles-croix-de-vie-IMG_5486.jpg);background-position:50% 50%\"><img loading=\"lazy\" decoding=\"async\" width=\"800\" height=\"533\" src=\"https:\/\/www.campingvaldevie.fr\/wp-content\/uploads\/2019\/06\/saint-gilles-croix-de-vie-IMG_5486.jpg\" alt=\"jachthaven st gilles croix de vie\" class=\"wp-image-4727 size-full\" srcset=\"https:\/\/www.campingvaldevie.fr\/wp-content\/uploads\/2019\/06\/saint-gilles-croix-de-vie-IMG_5486.jpg 800w, https:\/\/www.campingvaldevie.fr\/wp-content\/uploads\/2019\/06\/saint-gilles-croix-de-vie-IMG_5486-300x200.jpg 300w, https:\/\/www.campingvaldevie.fr\/wp-content\/uploads\/2019\/06\/saint-gilles-croix-de-vie-IMG_5486-768x512.jpg 768w\" sizes=\"auto, (max-width: 800px) 100vw, 800px\" \/><\/figure><div class=\"wp-block-media-text__content\">\n<h2 class=\"wp-block-heading has-text-align-left\">Verhuur van stacaravans en overdekt zwembad<\/h2>\n\n\n\n<p>Genesteld in een kleine groene omgeving, als je wandelt langs de lanen, word je meegesleept door de zachte sfeer die heerst op Val de Vie. Om ervoor te zorgen dat alle gezinnen kunnen genieten van een vakantie die deze naam waardig is, hebben de <strong>goedkoop kamperen in de buurt van Saint Gilles Croix de Vie<\/strong>aanbiedingen <a href=\"\/nl\/camping-saint-gilles-croix-de-vie\/stacaravan\/\">stacaravans<\/a> goedkoop. Je hoeft alleen maar je keuze te maken op de website van het etablissement. Voor de ultieme ontspanning is er de <strong>camping<\/strong> stelt tot uw beschikking <a href=\"\/nl\/camping-saint-gilles-croix-de-vie\/camping-met-zwembad-saint-gilles-croix-de-vie\/\">een verwarmd buitenzwembad<\/a>. Geniet van een middagduik in de heerlijke zon of van een si\u00ebsta op een van de ligstoelen rond het zwembad.<\/p>\n\n\n\n<p>Het is zeker dat je hier niet meer weg wilt! <a href=\"\/nl\/\">4-sterren camping in Vend\u00e9e<\/a>. Profiteer van onze <strong>goedkope camping in de buurt van Saint Gilles Croix de Vie.<\/strong> Om te reserveren, bel 02 51 93 19 69.<\/p>\n\n\n\n<p>Zie ook :<\/p>\n\n\n\n<ul class=\"wp-block-list\">\n<li><a href=\"\/nl\/camping-saint-gilles-croix-de-vie\/familiecamping-saint-gilles-croix-de-vie\/\">gezinscamping in de buurt van Saint Gilles Croix de Vie<\/a><\/li>\n\n\n\n<li><a href=\"\/nl\/camping-saint-gilles-croix-de-vie\/camping-met-staanplaats-bij-saint-gilles-croix-de-vie\/\">kampeerplaatsen in de buurt van Saint Gilles Croix de Vie<\/a><\/li>\n\n\n\n<li><a href=\"\/nl\/camping-saint-gilles-croix-de-vie\/last-minute-aanbiedingen-saint-gilles-croix-de-vie\/\">Last minute aanbiedingen op deze camping in de buurt van Saint Gilles Croix de Vie<\/a><\/li>\n<\/ul>\n<\/div><\/div>","protected":false},"excerpt":{"rendered":"<p>Si je devais qualifier le camping le Val de Vie, je dirais que c\u2019est un lieu calme et convivial. Ce camping pas cher pr\u00e8s de Saint Gilles Croix de Vie jouit d\u2019une situation id\u00e9ale. En effet, le camping 4 \u00e9toiles est pr\u00e8s de Saint Gilles Croix de Vie. La station baln\u00e9aire aux mille et un [&hellip;]<\/p>\n","protected":false},"author":4,"featured_media":0,"parent":21135,"menu_order":0,"comment_status":"closed","ping_status":"closed","template":"","meta":{"_seopress_robots_primary_cat":"","_seopress_titles_title":"Camping pas cher et calme - Saint Gilles Croix de Vie Vend\u00e9e (85)","_seopress_titles_desc":"Camping calme et pas cher situ\u00e9 pr\u00e8s de Saint Gilles Croix de Vie. Venez prendre du bon temps dans ce camping au coeur de la nature.","_seopress_robots_index":"","footnotes":""},"class_list":["post-22271","page","type-page","status-publish","hentry"],"_links":{"self":[{"href":"https:\/\/www.campingvaldevie.fr\/nl\/wp-json\/wp\/v2\/pages\/22271","targetHints":{"allow":["GET"]}}],"collection":[{"href":"https:\/\/www.campingvaldevie.fr\/nl\/wp-json\/wp\/v2\/pages"}],"about":[{"href":"https:\/\/www.campingvaldevie.fr\/nl\/wp-json\/wp\/v2\/types\/page"}],"author":[{"embeddable":true,"href":"https:\/\/www.campingvaldevie.fr\/nl\/wp-json\/wp\/v2\/users\/4"}],"replies":[{"embeddable":true,"href":"https:\/\/www.campingvaldevie.fr\/nl\/wp-json\/wp\/v2\/comments?post=22271"}],"version-history":[{"count":7,"href":"https:\/\/www.campingvaldevie.fr\/nl\/wp-json\/wp\/v2\/pages\/22271\/revisions"}],"predecessor-version":[{"id":25737,"href":"https:\/\/www.campingvaldevie.fr\/nl\/wp-json\/wp\/v2\/pages\/22271\/revisions\/25737"}],"up":[{"embeddable":true,"href":"https:\/\/www.campingvaldevie.fr\/nl\/wp-json\/wp\/v2\/pages\/21135"}],"wp:attachment":[{"href":"https:\/\/www.campingvaldevie.fr\/nl\/wp-json\/wp\/v2\/media?parent=22271"}],"curies":[{"name":"wp","href":"https:\/\/api.w.org\/{rel}","templated":true}]}}