{"id":22278,"date":"2023-11-02T15:27:08","date_gmt":"2023-11-02T14:27:08","guid":{"rendered":"https:\/\/www.campingvaldevie.fr\/?page_id=22278"},"modified":"2023-11-03T10:49:59","modified_gmt":"2023-11-03T09:49:59","slug":"camping-met-staanplaats-bij-saint-gilles-croix-de-vie","status":"publish","type":"page","link":"https:\/\/www.campingvaldevie.fr\/nl\/camping-saint-gilles-croix-de-vie\/camping-avec-emplacement-proche-saint-gilles-croix-de-vie\/","title":{"rendered":"Camping met staanplaats bij Saint Gilles Croix de Vie"},"content":{"rendered":"<p>Ontdek <strong>Saint Gilles levensader<\/strong> en zijn mooie kleine straatjes vol winkeltjes. Wandel langs de charmante haven (een broeinest van sardinevisserij) en bewonder de kleurrijke boten. De prachtige zandstranden, waarvan sommige wild zijn, zijn ideaal om te lezen en te zwemmen. De dijk, perfect voor een diner aan zee. Klinkt dit allemaal als een droom die uitkomt? Nou, het is volledig toegankelijk voor iedereen. Bezoek <a href=\"\/nl\/camping-saint-gilles-croix-de-vie\/\"><strong>camping Val de Vie bij Saint Gilles Croix de Vie<\/strong><\/a> heet je welkom in zijn <strong>locaties<\/strong> ruim.<\/p>\n\n\n\n<div style=\"height:40px\" aria-hidden=\"true\" class=\"wp-block-spacer\"><\/div>\n\n\n\n<div class=\"wp-block-media-text has-media-on-the-right is-stacked-on-mobile is-image-fill\" style=\"grid-template-columns:auto 40%\"><div class=\"wp-block-media-text__content\">\n<h2 class=\"wp-block-heading has-text-align-left\">Vind de juiste locatie<\/h2>\n\n\n\n<p>Of je nu een <strong>vriendengroep<\/strong> Of je nu hierheen bent gekomen om plezier te maken, een stel bent op zoek naar nieuwe energie of een gezin op zoek naar een leuke tijd, er is voor elk wat wils in dit charmante dorp.<strong> kustplaats<\/strong>. <a href=\"\/nl\/toerisme-vendee\/saint-gilles-croix-de-vie\/\">Saint Gilles levensader<\/a> is bijzonder levendig tijdens het hoogseizoen. Concerten, voorstellingen, feesten... verlevendigen de dijk en het stadscentrum.<\/p>\n<\/div><figure class=\"wp-block-media-text__media\" style=\"background-image:url(https:\/\/www.campingvaldevie.fr\/wp-content\/uploads\/2018\/03\/empl-1024x768.jpg);background-position:50% 50%\"><img loading=\"lazy\" decoding=\"async\" width=\"1024\" height=\"768\" src=\"https:\/\/www.campingvaldevie.fr\/wp-content\/uploads\/2018\/03\/empl-1024x768.jpg\" alt=\"ruime camping in de Vend\u00e9e\" class=\"wp-image-2774 size-full\" srcset=\"https:\/\/www.campingvaldevie.fr\/wp-content\/uploads\/2018\/03\/empl-1024x768.jpg 1024w, https:\/\/www.campingvaldevie.fr\/wp-content\/uploads\/2018\/03\/empl-300x225.jpg 300w, https:\/\/www.campingvaldevie.fr\/wp-content\/uploads\/2018\/03\/empl-768x576.jpg 768w, https:\/\/www.campingvaldevie.fr\/wp-content\/uploads\/2018\/03\/empl.jpg 1200w\" sizes=\"auto, (max-width: 1024px) 100vw, 1024px\" \/><\/figure><\/div>\n\n\n\n<div style=\"height:40px\" aria-hidden=\"true\" class=\"wp-block-spacer\"><\/div>\n\n\n\n<div class=\"wp-block-media-text is-stacked-on-mobile is-image-fill\" style=\"grid-template-columns:40% auto\"><figure class=\"wp-block-media-text__media\" style=\"background-image:url(https:\/\/www.campingvaldevie.fr\/wp-content\/uploads\/2018\/03\/empla1.jpg);background-position:50% 50%\"><img loading=\"lazy\" decoding=\"async\" width=\"960\" height=\"486\" src=\"https:\/\/www.campingvaldevie.fr\/wp-content\/uploads\/2018\/03\/empla1.jpg\" alt=\"Huur van een staanplaats op de camping Saint Gilles Croix de Vie\" class=\"wp-image-2775 size-full\" srcset=\"https:\/\/www.campingvaldevie.fr\/wp-content\/uploads\/2018\/03\/empla1.jpg 960w, https:\/\/www.campingvaldevie.fr\/wp-content\/uploads\/2018\/03\/empla1-300x152.jpg 300w, https:\/\/www.campingvaldevie.fr\/wp-content\/uploads\/2018\/03\/empla1-768x389.jpg 768w\" sizes=\"auto, (max-width: 960px) 100vw, 960px\" \/><\/figure><div class=\"wp-block-media-text__content\">\n<h2 class=\"wp-block-heading has-text-align-left\">Ruime, goed afgebakende gebieden<\/h2>\n\n\n\n<p>Le <a href=\"\/nl\/\">camping Le Val de Vie<\/a>aanbiedingen <strong>locaties in de buurt van Saint Gilles Croix de Vie<\/strong> ruim en afgebakend voor meer privacy. Er zijn activiteiten voor zowel kinderen als volwassenen. Je hebt toegang tot de <a href=\"\/nl\/camping-saint-gilles-croix-de-vie\/camping-met-zwembad-saint-gilles-croix-de-vie\/\">zwembad op deze camping bij Saint Gilles Croix de Vie<\/a>. De <a href=\"\/nl\/camping-saint-gilles-croix-de-vie\/camping-pas-cher-calme-proche-saint-gilles-croix-de-vie\/\">lage prijzen aangeboden door de camping<\/a> voor zijn klanten, zodat ze optimaal kunnen genieten van alle activiteiten in de omgeving van de camping. En God weet dat die er genoeg zijn in <strong>Vend\u00e9e<\/strong>.<\/p>\n<\/div><\/div>\n\n\n\n<div style=\"height:40px\" aria-hidden=\"true\" class=\"wp-block-spacer\"><\/div>\n\n\n\n<div class=\"wp-block-media-text has-media-on-the-right is-stacked-on-mobile is-image-fill\" style=\"grid-template-columns:auto 40%\"><div class=\"wp-block-media-text__content\">\n<h2 class=\"wp-block-heading has-text-align-left\">Een verandering van omgeving voor een week of een weekend<\/h2>\n\n\n\n<p>Dit departement is erg populair bij toeristen, wat het grote aantal recreatieparken hier verklaart. Een verblijf in dit <strong>camping met staanplaats bij Saint Gilles Croix de Vie<\/strong> in de stemming? Een weekendje weg met vrienden of familie? Neem contact op met de receptie van de camping op 02 51 93 19 69. De eigenaars zullen je hartelijk verwelkomen en hun onmiskenbare wil om je verblijf onvergetelijk te maken.<\/p>\n\n\n\n<p>Zie ook :<\/p>\n\n\n\n<ul class=\"wp-block-list\">\n<li><a href=\"\/nl\/camping-saint-gilles-croix-de-vie\/familiecamping-saint-gilles-croix-de-vie\/\">gezinscamping in de buurt van Saint Gilles Croix de Vie<\/a><\/li>\n\n\n\n<li><a href=\"\/nl\/camping-saint-gilles-croix-de-vie\/last-minute-aanbiedingen-saint-gilles-croix-de-vie\/\">Last minute aanbiedingen op deze camping in de buurt van Saint Gilles Croix de Vie<\/a><\/li>\n\n\n\n<li><a href=\"\/nl\/camping-saint-gilles-croix-de-vie\/stacaravan\/\">verhuur van stacaravans in Saint Gilles Croix de Vie<\/a><\/li>\n<\/ul>\n<\/div><figure class=\"wp-block-media-text__media\" style=\"background-image:url(https:\/\/www.campingvaldevie.fr\/wp-content\/uploads\/2018\/03\/stgillesxvie-1024x682.jpg);background-position:50% 50%\"><img loading=\"lazy\" decoding=\"async\" width=\"1024\" height=\"682\" src=\"https:\/\/www.campingvaldevie.fr\/wp-content\/uploads\/2018\/03\/stgillesxvie-1024x682.jpg\" alt=\"saint gilles croix de vie dijk strand\" class=\"wp-image-2776 size-full\" srcset=\"https:\/\/www.campingvaldevie.fr\/wp-content\/uploads\/2018\/03\/stgillesxvie-1024x682.jpg 1024w, https:\/\/www.campingvaldevie.fr\/wp-content\/uploads\/2018\/03\/stgillesxvie-300x200.jpg 300w, https:\/\/www.campingvaldevie.fr\/wp-content\/uploads\/2018\/03\/stgillesxvie-768x512.jpg 768w, https:\/\/www.campingvaldevie.fr\/wp-content\/uploads\/2018\/03\/stgillesxvie.jpg 1100w\" sizes=\"auto, (max-width: 1024px) 100vw, 1024px\" \/><\/figure><\/div>","protected":false},"excerpt":{"rendered":"<p>D\u00e9couvrez Saint Gilles Croix de Vie et ses jolies petites ruelles bord\u00e9es de magasins. Fl\u00e2nez le long de son charmant port (haut lieu de la p\u00eache \u00e0 la sardine) et admirez ses bateaux haut en couleur. Ses magnifiques plages de sable fin, sauvages pour certaines, id\u00e9ales pour bouquiner et se baigner. Son remblai, parfait pour [&hellip;]<\/p>\n","protected":false},"author":4,"featured_media":0,"parent":21135,"menu_order":0,"comment_status":"closed","ping_status":"closed","template":"","meta":{"_seopress_robots_primary_cat":"","_seopress_titles_title":"Location d&#039;emplacements spacieux au camping Saint Gilles Croix de Vie","_seopress_titles_desc":"R\u00e9servez sans plus tarder votre emplacement spacieux et intime au sein du camping le Val de Vie situ\u00e9 pr\u00e8s de Saint Gilles Croix de Vie","_seopress_robots_index":"","footnotes":""},"class_list":["post-22278","page","type-page","status-publish","hentry"],"_links":{"self":[{"href":"https:\/\/www.campingvaldevie.fr\/nl\/wp-json\/wp\/v2\/pages\/22278","targetHints":{"allow":["GET"]}}],"collection":[{"href":"https:\/\/www.campingvaldevie.fr\/nl\/wp-json\/wp\/v2\/pages"}],"about":[{"href":"https:\/\/www.campingvaldevie.fr\/nl\/wp-json\/wp\/v2\/types\/page"}],"author":[{"embeddable":true,"href":"https:\/\/www.campingvaldevie.fr\/nl\/wp-json\/wp\/v2\/users\/4"}],"replies":[{"embeddable":true,"href":"https:\/\/www.campingvaldevie.fr\/nl\/wp-json\/wp\/v2\/comments?post=22278"}],"version-history":[{"count":6,"href":"https:\/\/www.campingvaldevie.fr\/nl\/wp-json\/wp\/v2\/pages\/22278\/revisions"}],"predecessor-version":[{"id":22453,"href":"https:\/\/www.campingvaldevie.fr\/nl\/wp-json\/wp\/v2\/pages\/22278\/revisions\/22453"}],"up":[{"embeddable":true,"href":"https:\/\/www.campingvaldevie.fr\/nl\/wp-json\/wp\/v2\/pages\/21135"}],"wp:attachment":[{"href":"https:\/\/www.campingvaldevie.fr\/nl\/wp-json\/wp\/v2\/media?parent=22278"}],"curies":[{"name":"wp","href":"https:\/\/api.w.org\/{rel}","templated":true}]}}