{"id":22284,"date":"2023-11-02T15:31:16","date_gmt":"2023-11-02T14:31:16","guid":{"rendered":"https:\/\/www.campingvaldevie.fr\/?page_id=22284"},"modified":"2024-07-24T09:40:43","modified_gmt":"2024-07-24T07:40:43","slug":"last-minute-aanbiedingen-saint-gilles-croix-de-vie","status":"publish","type":"page","link":"https:\/\/www.campingvaldevie.fr\/nl\/camping-saint-gilles-croix-de-vie\/offres-derniere-minute-saint-gilles-croix-de-vie\/","title":{"rendered":"Last minute aanbiedingen Saint Gilles Croix de Vie"},"content":{"rendered":"<p>Ontdek de <a href=\"\/nl\/camping-saint-gilles-croix-de-vie\/\">camping Le Val de Vie bij Saint Gilles Croix de Vie<\/a>. Een structuur <strong>4 sterren<\/strong> gelegen aan de kust van de Vend\u00e9e. Een authentiek etablissement voor een eenvoudige vakantie met uw geliefden. Voor laatkomers die hun vakantie op het laatste moment boeken, is de <strong>camping in de buurt van Saint Gilles Croix de Vie<\/strong> aanbiedingen <strong>last-minute aanbiedingen<\/strong>. Bezoek regelmatig hun website om niets te missen. Zo kom je alles te weten over het aanbod.<\/p>\n\n\n\n<div style=\"height:40px\" aria-hidden=\"true\" class=\"wp-block-spacer\"><\/div>\n\n\n\n<div class=\"wp-block-media-text has-media-on-the-right is-stacked-on-mobile is-image-fill\" style=\"grid-template-columns:auto 40%\"><div class=\"wp-block-media-text__content\">\n<h2 class=\"wp-block-heading has-text-align-left\">Last-minute aanbieding op deze camping met zwembad<\/h2>\n\n\n\n<p>De locatie is een droom. Als je van rust houdt, zul je het hier geweldig vinden. Als je deze camping kiest voor je zomervakantie, kun je in de omgeving wandelen en vissen, en op een paar minuten wandelen liggen de fijne zandstranden. Je kunt ook gebruikmaken van het zwembad op deze <a href=\"\/nl\/camping-saint-gilles-croix-de-vie\/camping-met-zwembad-saint-gilles-croix-de-vie\/\">camping in de buurt van Saint Gilles Croix de Vie<\/a>.<\/p>\n<\/div><figure class=\"wp-block-media-text__media\" style=\"background-image:url(https:\/\/www.campingvaldevie.fr\/wp-content\/uploads\/2022\/10\/piscine-1-1024x280.png);background-position:50% 50%\"><img loading=\"lazy\" decoding=\"async\" width=\"1024\" height=\"280\" src=\"https:\/\/www.campingvaldevie.fr\/wp-content\/uploads\/2022\/10\/piscine-1-1024x280.png\" alt=\"camping met zwembad vend\u00e9e\" class=\"wp-image-19257 size-full\" srcset=\"https:\/\/www.campingvaldevie.fr\/wp-content\/uploads\/2022\/10\/piscine-1-1024x280.png 1024w, https:\/\/www.campingvaldevie.fr\/wp-content\/uploads\/2022\/10\/piscine-1-300x82.png 300w, https:\/\/www.campingvaldevie.fr\/wp-content\/uploads\/2022\/10\/piscine-1-768x210.png 768w, https:\/\/www.campingvaldevie.fr\/wp-content\/uploads\/2022\/10\/piscine-1.png 1050w\" sizes=\"auto, (max-width: 1024px) 100vw, 1024px\" \/><\/figure><\/div>\n\n\n\n<div style=\"height:40px\" aria-hidden=\"true\" class=\"wp-block-spacer\"><\/div>\n\n\n\n<div class=\"wp-block-media-text is-stacked-on-mobile is-image-fill\"><figure class=\"wp-block-media-text__media\" style=\"background-image:url(https:\/\/www.campingvaldevie.fr\/wp-content\/uploads\/2022\/05\/IMG_8242.jpg);background-position:16% 50%\"><img loading=\"lazy\" decoding=\"async\" width=\"640\" height=\"480\" src=\"https:\/\/www.campingvaldevie.fr\/wp-content\/uploads\/2022\/05\/IMG_8242.jpg\" alt=\"\" class=\"wp-image-17201 size-full\" srcset=\"https:\/\/www.campingvaldevie.fr\/wp-content\/uploads\/2022\/05\/IMG_8242.jpg 640w, https:\/\/www.campingvaldevie.fr\/wp-content\/uploads\/2022\/05\/IMG_8242-300x225.jpg 300w\" sizes=\"auto, (max-width: 640px) 100vw, 640px\" \/><\/figure><div class=\"wp-block-media-text__content\">\n<h2 class=\"wp-block-heading has-text-align-left\">Ontdek de Vend\u00e9e<\/h2>\n\n\n\n<p>De Vend\u00e9e is een zeer populaire toeristische regio die elk jaar veel vakantiegangers trekt. Wacht niet langer en profiteer van de <strong>last-minute aanbiedingen van de camping<\/strong> in de buurt van <a href=\"https:\/\/www.campingvaldevie.fr\/nl\/toerisme-vendee\/saint-gilles-croix-de-vie\/\">Saint Gilles levensader<\/a>. Je bent niet immuun voor het feit dat alle <a href=\"\/nl\/camping-saint-gilles-croix-de-vie\/stacaravan\/\">verhuur stacaravans<\/a> zijn voltooid. Je kunt nu kiezen uit een reeks accommodaties die aan je wensen voldoen. Allemaal volledig uitgerust. Of je nu met een klein of groot gezin bent, je zult zeker iets vinden dat bij je past. Het enige waar je aan moet denken als je van huis gaat, zijn je zomerkleren en zwemkleding.<\/p>\n\n\n\n<p>Op Val de Vie hoef je je nooit te vervelen. Er is een verwarmd zwembad om te genieten van de zon in de Vend\u00e9e. En door de week bereiden de animatieteams activiteiten voor voor jong en oud. Kijk je uit naar de vakantie? Profiteer dan van de <strong>Last minute aanbiedingen van de camping in de buurt van Saint Gilles Croix de Vie<\/strong>. Neem contact op met de receptie op 02 51 93 19 69.<\/p>\n\n\n\n<p>Zie ook :<\/p>\n\n\n\n<ul class=\"wp-block-list\">\n<li><a href=\"\/nl\/camping-saint-gilles-croix-de-vie\/familiecamping-saint-gilles-croix-de-vie\/\">gezinscamping in de buurt van Saint Gilles Croix de Vie<\/a><\/li>\n\n\n\n<li><a href=\"\/nl\/camping-saint-gilles-croix-de-vie\/camping-pas-cher-calme-proche-saint-gilles-croix-de-vie\/\">goedkoop kamperen in de buurt van Saint Gilles Croix de Vie<\/a><\/li>\n\n\n\n<li><a href=\"\/nl\/camping-saint-gilles-croix-de-vie\/camping-met-staanplaats-bij-saint-gilles-croix-de-vie\/\">kampeerplaatsen in de buurt van Saint Gilles Croix de Vie<\/a><\/li>\n<\/ul>\n<\/div><\/div>","protected":false},"excerpt":{"rendered":"<p>D\u00e9couvrez le camping le Val de Vie pr\u00e8s de Saint Gilles Croix de Vie. Une structure 4 \u00e9toiles situ\u00e9e sur le littoral vend\u00e9en. Un \u00e9tablissement authentique pour des vacances en toute simplicit\u00e9 accompagn\u00e9 de vos proches. Pour les retardataires qui r\u00e9servent leurs vacances au dernier moment, le camping pr\u00e8s de Saint Gilles Croix de Vie [&hellip;]<\/p>\n","protected":false},"author":4,"featured_media":0,"parent":21135,"menu_order":0,"comment_status":"closed","ping_status":"closed","template":"","meta":{"_seopress_robots_primary_cat":"","_seopress_titles_title":"Vacances offres derni\u00e8re minute - Saint Gilles Croix de Vie","_seopress_titles_desc":"Vous attendez les vacances avec impatiente\u00a0? Alors, profitez des offres de derni\u00e8res minutes du camping pr\u00e8s de Saint Gilles Croix de Vie.","_seopress_robots_index":"","footnotes":""},"class_list":["post-22284","page","type-page","status-publish","hentry"],"_links":{"self":[{"href":"https:\/\/www.campingvaldevie.fr\/nl\/wp-json\/wp\/v2\/pages\/22284","targetHints":{"allow":["GET"]}}],"collection":[{"href":"https:\/\/www.campingvaldevie.fr\/nl\/wp-json\/wp\/v2\/pages"}],"about":[{"href":"https:\/\/www.campingvaldevie.fr\/nl\/wp-json\/wp\/v2\/types\/page"}],"author":[{"embeddable":true,"href":"https:\/\/www.campingvaldevie.fr\/nl\/wp-json\/wp\/v2\/users\/4"}],"replies":[{"embeddable":true,"href":"https:\/\/www.campingvaldevie.fr\/nl\/wp-json\/wp\/v2\/comments?post=22284"}],"version-history":[{"count":7,"href":"https:\/\/www.campingvaldevie.fr\/nl\/wp-json\/wp\/v2\/pages\/22284\/revisions"}],"predecessor-version":[{"id":25741,"href":"https:\/\/www.campingvaldevie.fr\/nl\/wp-json\/wp\/v2\/pages\/22284\/revisions\/25741"}],"up":[{"embeddable":true,"href":"https:\/\/www.campingvaldevie.fr\/nl\/wp-json\/wp\/v2\/pages\/21135"}],"wp:attachment":[{"href":"https:\/\/www.campingvaldevie.fr\/nl\/wp-json\/wp\/v2\/media?parent=22284"}],"curies":[{"name":"wp","href":"https:\/\/api.w.org\/{rel}","templated":true}]}}