{"id":22290,"date":"2023-11-02T15:50:33","date_gmt":"2023-11-02T14:50:33","guid":{"rendered":"https:\/\/www.campingvaldevie.fr\/?page_id=22290"},"modified":"2025-09-08T10:48:51","modified_gmt":"2025-09-08T08:48:51","slug":"4-sterren-camping-bij-challans","status":"publish","type":"page","link":"https:\/\/www.campingvaldevie.fr\/nl\/camping-4-etoiles-pres-de-challans\/","title":{"rendered":"4-sterren camping bij Challans"},"content":{"rendered":"<p>Deze zomer gaan we naar <strong>Vend\u00e9e in de regio Pays de la Loire<\/strong>&nbsp;! Als je voor deze optie kiest, zul je er geen spijt van krijgen! Deze regio is een schatkamer vol prachtige landschappen, een keur aan <strong>stranden<\/strong> waar je meer dan een vierkante meter hebt om je badhanddoek uit te spreiden. En bovenal ben je altijd dicht bij de ongerepte natuur, waar flora en fauna de hoofdrol spelen.<\/p>\n\n\n\n<div style=\"height:40px\" aria-hidden=\"true\" class=\"wp-block-spacer\"><\/div>\n\n\n\n<div class=\"wp-block-media-text has-media-on-the-right is-stacked-on-mobile is-image-fill\" style=\"grid-template-columns:auto 40%\"><div class=\"wp-block-media-text__content\">\n<h2 class=\"wp-block-heading has-text-align-left\">Een camping midden in de natuur<\/h2>\n\n\n\n<p>Als je een natuurliefhebber bent, vind je bij de <a href=\"\/nl\/\">Camping Val de Vie in de Vend\u00e9e<\/a>a <strong>4-sterren camping bij Challans <\/strong>in de regio Pays de la Loire, een prachtige plek waar rust en gezelligheid waarden zijn die hier het hele jaar door gecultiveerd worden.<\/p>\n\n\n\n<p>Als je je batterijen wilt opladen in de frisse lucht, dan is dit de plek waar je moet zijn. Van deze <strong>4-sterren camping aan de kant van Challans <\/strong>In Pays de la Loire kun je de fiets- en wandelpaden nemen om het prachtige landschap te ontdekken. En als u zover bent gekomen, is het ongetwijfeld om de oceaan te zien, dus bezoek de havens van <strong>Saint Gilles levensader<\/strong> en <strong>Sables d'Olonne<\/strong>Het erfgoed van Frankrijk. Je kunt ook een dag doorbrengen in de <a href=\"\/nl\/recreatieparken\/de-puy-du-fou\/\">Puy du Fou<\/a> Of misschien ontdek je de Marais Poitevin, Saint-Jean-de-Monts, Saint-Hilaire-de-Riez of de eilanden van de Vend\u00e9e. Er is zoveel te doen...<\/p>\n<\/div><figure class=\"wp-block-media-text__media\" style=\"background-image:url(https:\/\/www.campingvaldevie.fr\/wp-content\/uploads\/2018\/02\/port-des-sables-sortie-bateau-IMG_9584-1024x682.jpg);background-position:50% 50%\"><img loading=\"lazy\" decoding=\"async\" width=\"1024\" height=\"682\" src=\"https:\/\/www.campingvaldevie.fr\/wp-content\/uploads\/2018\/02\/port-des-sables-sortie-bateau-IMG_9584-1024x682.jpg\" alt=\"port-des-sables-boat-exit\" class=\"wp-image-1884 size-full\" srcset=\"https:\/\/www.campingvaldevie.fr\/wp-content\/uploads\/2018\/02\/port-des-sables-sortie-bateau-IMG_9584-1024x682.jpg 1024w, https:\/\/www.campingvaldevie.fr\/wp-content\/uploads\/2018\/02\/port-des-sables-sortie-bateau-IMG_9584-300x200.jpg 300w, https:\/\/www.campingvaldevie.fr\/wp-content\/uploads\/2018\/02\/port-des-sables-sortie-bateau-IMG_9584-768x512.jpg 768w, https:\/\/www.campingvaldevie.fr\/wp-content\/uploads\/2018\/02\/port-des-sables-sortie-bateau-IMG_9584.jpg 1100w\" sizes=\"auto, (max-width: 1024px) 100vw, 1024px\" \/><\/figure><\/div>\n\n\n\n<div style=\"height:40px\" aria-hidden=\"true\" class=\"wp-block-spacer\"><\/div>\n\n\n\n<div class=\"wp-block-media-text is-stacked-on-mobile is-image-fill\" style=\"grid-template-columns:40% auto\"><figure class=\"wp-block-media-text__media\" style=\"background-image:url(https:\/\/www.campingvaldevie.fr\/wp-content\/uploads\/2021\/04\/location-mobil-home-piscine-couverte-challans.png);background-position:62% 51%\"><img loading=\"lazy\" decoding=\"async\" width=\"700\" height=\"394\" src=\"https:\/\/www.campingvaldevie.fr\/wp-content\/uploads\/2021\/04\/location-mobil-home-piscine-couverte-challans.png\" alt=\"stacaravan verhuur overdekt zwembad Challans\" class=\"wp-image-8614 size-full\" srcset=\"https:\/\/www.campingvaldevie.fr\/wp-content\/uploads\/2021\/04\/location-mobil-home-piscine-couverte-challans.png 700w, https:\/\/www.campingvaldevie.fr\/wp-content\/uploads\/2021\/04\/location-mobil-home-piscine-couverte-challans-300x169.png 300w\" sizes=\"auto, (max-width: 700px) 100vw, 700px\" \/><\/figure><div class=\"wp-block-media-text__content\">\n<h2 class=\"wp-block-heading has-text-align-left\">Huur een stacaravan op camping Challans<\/h2>\n\n\n\n<p>Le<strong> 4-sterren camping bij Challans<\/strong> Val de Vie biedt een unieke kampeerervaring met zijn <a href=\"https:\/\/www.campingvaldevie.fr\/nl\/accommodatie\/\">verhuur stacaravans<\/a> comfort en <strong>volledig uitgerust<\/strong>. Voor uw verblijf in de regio als stel, als gezin met kinderen of met vrienden, beschikt het vakantiedomein over de volgende faciliteiten<strong>ruime, comfortabele accommodatie<\/strong>2 tot 4 slaapkamers, voor maximaal 8 personen.<\/p>\n\n\n\n<p>Elke locatie heeft een <strong>ingerichte keuken<\/strong> evenals een eet- en woongedeelte. <strong>priv\u00e9 badkamer<\/strong> en 's nachts hebben de slaapkamers een- of tweepersoonsbedden en opbergruimte. De meeste stacaravans hebben ook een badkamer. <strong>airconditioning<\/strong>. Tot slot kunt u op elk moment van de dag genieten van de frisse lucht vanaf de <strong>terras<\/strong> van je stacaravan.<\/p>\n\n\n\n<p>Reserveer dus vandaag nog uw stacaravan op <strong>camping in de buurt van Challans<\/strong> om alles te ontdekken wat deze prachtige plek te bieden heeft!<\/p>\n<\/div><\/div>\n\n\n\n<div style=\"height:40px\" aria-hidden=\"true\" class=\"wp-block-spacer\"><\/div>\n\n\n\n<div class=\"wp-block-columns is-layout-flex wp-container-core-columns-is-layout-9d6595d7 wp-block-columns-is-layout-flex\">\n<div class=\"wp-block-column is-layout-flow wp-block-column-is-layout-flow\" style=\"flex-basis:33.33%\">\n<div class=\"wp-block-create-block-sev-encartsimplebg aligncenter\"><aside class=\"encart-simplebg-sev small\"><a href=\"\/nl\/accommodatie\/#sev-gamme-standard\" class=\"d-flex flex-column align-items-center\"><div class=\"encart-title\"><span>Standaard vanaf \u20ac199 per week<\/span><\/div><img decoding=\"async\" src=\"https:\/\/www.campingvaldevie.fr\/wp-content\/uploads\/2022\/03\/standard.jpg\" alt=\"standaard serie stacaravan\"\/><button class=\"btn\"><\/button><\/a><\/aside><\/div>\n<\/div>\n\n\n\n<div class=\"wp-block-column is-layout-flow wp-block-column-is-layout-flow\" style=\"flex-basis:66.66%\">\n<div class=\"wp-block-create-block-sev-encartsimplebg\"><aside class=\"encart-simplebg-sev small\"><a href=\"\/nl\/accommodatie\/#sev-gamme-confort\" class=\"d-flex flex-column align-items-center\"><div class=\"encart-title\"><span>Comfort vanaf \u20ac269 per week<\/span><\/div><img decoding=\"async\" src=\"https:\/\/www.campingvaldevie.fr\/wp-content\/uploads\/2020\/12\/IMG_2469.jpg\" alt=\"tentoonstelling\"\/><button class=\"btn\"><\/button><\/a><\/aside><\/div>\n<\/div>\n<\/div>\n\n\n\n<div class=\"wp-block-columns is-layout-flex wp-container-core-columns-is-layout-9d6595d7 wp-block-columns-is-layout-flex\">\n<div class=\"wp-block-column is-layout-flow wp-block-column-is-layout-flow\" style=\"flex-basis:66.66%\">\n<div class=\"wp-block-create-block-sev-encartsimplebg\"><aside class=\"encart-simplebg-sev small\"><a href=\"\/nl\/accommodatie\/#sev-gamme-premium\" class=\"d-flex flex-column align-items-center\"><div class=\"encart-title\"><span>Premium aanbod vanaf \u20ac379 per week<\/span><\/div><img decoding=\"async\" src=\"https:\/\/www.campingvaldevie.fr\/wp-content\/uploads\/2022\/07\/meilleur-petit-camping-saint-gilles-croix-de-vie.png\" alt=\"Beste kleine camping Saint Gilles croix de Vie\"\/><button class=\"btn\"><\/button><\/a><\/aside><\/div>\n<\/div>\n\n\n\n<div class=\"wp-block-column is-layout-flow wp-block-column-is-layout-flow\" style=\"flex-basis:33.33%\">\n<div class=\"wp-block-create-block-sev-encartsimplebg\"><aside class=\"encart-simplebg-sev small\"><a href=\"\/nl\/locatie\/\" class=\"d-flex flex-column align-items-center\"><div class=\"encart-title\"><span>Kampeerplaatsen vanaf \u20ac100 per week<\/span><\/div><img decoding=\"async\" src=\"https:\/\/www.campingvaldevie.fr\/wp-content\/uploads\/2019\/11\/emplacement-camping-taille-humaine-vendee.jpg\" alt=\"camping op menselijke schaal in de Vend\u00e9e\"\/><button class=\"btn\"><\/button><\/a><\/aside><\/div>\n<\/div>\n<\/div>\n\n\n\n<div class=\"wp-block-buttons alignwide is-layout-flex wp-block-buttons-is-layout-flex\">\n<div class=\"wp-block-button aligncenter\"><a class=\"wp-block-button__link wp-element-button\" href=\"\/nl\/accommodatie\/\">Ontdek de accommodatie<\/a><\/div>\n<\/div>\n\n\n\n<div style=\"height:40px\" aria-hidden=\"true\" class=\"wp-block-spacer\"><\/div>\n\n\n\n<div class=\"wp-block-media-text has-media-on-the-right is-stacked-on-mobile is-image-fill\" style=\"grid-template-columns:auto 40%\"><div class=\"wp-block-media-text__content\">\n<h2 class=\"wp-block-heading has-text-align-left\">Camping bij Challans met zwembad<\/h2>\n\n\n\n<p>Le <strong>camping Challans in Vend\u00e9e<\/strong> biedt vakantiegangers toegang tot zijn <strong>prachtig aquatisch gebied<\/strong>. Profiteer tijdens uw vakantie van de <a href=\"https:\/\/www.campingvaldevie.fr\/nl\/het-zwembad\/\">verwarmd en overdekt zwembad<\/a> met een glazen dak dat open kan en ligstoelen langs de waterkant. Buiten is er een <strong>solarium<\/strong> om te genieten van het heerlijke klimaat in de regio. La <strong>camping zwembad<\/strong> heeft een aantal voordelen:<\/p>\n\n\n\n<ul class=\"wp-block-list\">\n<li>gelegen in het hart van de natuur, het panoramische uitzicht is perfect om je dicht bij de omgeving te voelen<\/li>\n\n\n\n<li>Dankzij het zonnedak kun je genieten van een duik in de zon van de Vend\u00e9e, of tijdens de koelere maanden kun je een duik nemen in een verwarmd zwembad.<\/li>\n\n\n\n<li>je kunt deelnemen aan aquagymlessen<\/li>\n<\/ul>\n\n\n\n<p>Het is niet moeilijk te begrijpen waarom dit een van de populairste campings in de Vend\u00e9e is.<\/p>\n<\/div><figure class=\"wp-block-media-text__media\" style=\"background-image:url(https:\/\/www.campingvaldevie.fr\/wp-content\/uploads\/2020\/04\/sejour-camping-avec-piscine-couverte-proche-de-challans.jpg);background-position:50% 50%\"><img loading=\"lazy\" decoding=\"async\" width=\"700\" height=\"525\" src=\"https:\/\/www.campingvaldevie.fr\/wp-content\/uploads\/2020\/04\/sejour-camping-avec-piscine-couverte-proche-de-challans.jpg\" alt=\"kampeervakantie met overdekt zwembad bij Challans\" class=\"wp-image-6133 size-full\" srcset=\"https:\/\/www.campingvaldevie.fr\/wp-content\/uploads\/2020\/04\/sejour-camping-avec-piscine-couverte-proche-de-challans.jpg 700w, https:\/\/www.campingvaldevie.fr\/wp-content\/uploads\/2020\/04\/sejour-camping-avec-piscine-couverte-proche-de-challans-300x225.jpg 300w\" sizes=\"auto, (max-width: 700px) 100vw, 700px\" \/><\/figure><\/div>\n\n\n\n<div style=\"height:40px\" aria-hidden=\"true\" class=\"wp-block-spacer\"><\/div>\n\n\n\n<figure class=\"wp-block-gallery alignwide has-nested-images columns-default is-cropped wp-block-gallery-1 is-layout-flex wp-block-gallery-is-layout-flex\">\n<figure class=\"wp-block-image size-full\"><img loading=\"lazy\" decoding=\"async\" width=\"767\" height=\"717\" data-id=\"19691\" src=\"https:\/\/www.campingvaldevie.fr\/wp-content\/uploads\/2022\/11\/camping-piscine-valdevie.png\" alt=\"aquatisch spel val de vie\" class=\"wp-image-19691\" srcset=\"https:\/\/www.campingvaldevie.fr\/wp-content\/uploads\/2022\/11\/camping-piscine-valdevie.png 767w, https:\/\/www.campingvaldevie.fr\/wp-content\/uploads\/2022\/11\/camping-piscine-valdevie-300x280.png 300w\" sizes=\"auto, (max-width: 767px) 100vw, 767px\" \/><\/figure>\n\n\n\n<figure class=\"wp-block-image size-full\"><img loading=\"lazy\" decoding=\"async\" width=\"700\" height=\"525\" data-id=\"18871\" src=\"https:\/\/www.campingvaldevie.fr\/wp-content\/uploads\/2022\/09\/location-meilleur-petit-camping-proche-challans.jpg\" alt=\"verhuur Beste kleine camping bij Challans\" class=\"wp-image-18871\" srcset=\"https:\/\/www.campingvaldevie.fr\/wp-content\/uploads\/2022\/09\/location-meilleur-petit-camping-proche-challans.jpg 700w, https:\/\/www.campingvaldevie.fr\/wp-content\/uploads\/2022\/09\/location-meilleur-petit-camping-proche-challans-300x225.jpg 300w\" sizes=\"auto, (max-width: 700px) 100vw, 700px\" \/><\/figure>\n<\/figure>\n\n\n\n<div style=\"height:40px\" aria-hidden=\"true\" class=\"wp-block-spacer\"><\/div>\n\n\n\n<div class=\"wp-block-media-text is-stacked-on-mobile is-image-fill\"><figure class=\"wp-block-media-text__media\" style=\"background-image:url(https:\/\/www.campingvaldevie.fr\/wp-content\/uploads\/2018\/01\/cartedevendee.jpg);background-position:50% 50%\"><img loading=\"lazy\" decoding=\"async\" width=\"912\" height=\"652\" src=\"https:\/\/www.campingvaldevie.fr\/wp-content\/uploads\/2018\/01\/cartedevendee.jpg\" alt=\"kaart van de vend\u00e9e\" class=\"wp-image-1494 size-full\" srcset=\"https:\/\/www.campingvaldevie.fr\/wp-content\/uploads\/2018\/01\/cartedevendee.jpg 912w, https:\/\/www.campingvaldevie.fr\/wp-content\/uploads\/2018\/01\/cartedevendee-300x214.jpg 300w, https:\/\/www.campingvaldevie.fr\/wp-content\/uploads\/2018\/01\/cartedevendee-768x549.jpg 768w\" sizes=\"auto, (max-width: 912px) 100vw, 912px\" \/><\/figure><div class=\"wp-block-media-text__content\">\n<h2 class=\"wp-block-heading has-text-align-left\">Een oase van rust vlakbij de stranden<\/h2>\n\n\n\n<p>Het voordeel voor <strong>camping Le Val de Vie bij Challans<\/strong>is dat je op het kruispunt van alle activiteiten staat, op <strong>15 minuten van het strand<\/strong>Op 1 uur van de Puy du Fou of het Marais Poitevin, maar ver van de zomerdrukte langs de kust. <\/p>\n\n\n\n<p>Voor meer informatie over deze 4-sterrencamping en de activiteiten in de omgeving van <a href=\"https:\/\/www.gochallansgois.fr\/\" target=\"_blank\" rel=\"noreferrer noopener\">Aansprakelijkheid<\/a>Neem de tijd om hun website te bezoeken <a href=\"https:\/\/www.campingvaldevie.fr\/nl\/\">www.campingvaldevie.fr<\/a> of bel 02 51 93 19 69.<\/p>\n\n\n\n<div class=\"wp-block-buttons is-content-justification-center is-layout-flex wp-container-core-buttons-is-layout-16018d1d wp-block-buttons-is-layout-flex\">\n<div class=\"wp-block-button\"><a class=\"wp-block-button__link wp-element-button\" href=\"\/nl\/toerisme-vendee\/challans-toerisme\/\">Onze aanbevelingen voor een bezoek aan Challans<\/a><\/div>\n<\/div>\n<\/div><\/div>\n\n\n\n<div style=\"height:40px\" aria-hidden=\"true\" class=\"wp-block-spacer\"><\/div>\n\n\n\n<h2 class=\"wp-block-heading has-text-align-center\">De meningen van onze gewaardeerde vakantiegangers<\/h2>\n\n\n\n<div class=\"wp-block-columns is-layout-flex wp-container-core-columns-is-layout-9d6595d7 wp-block-columns-is-layout-flex\">\n<div class=\"wp-block-column is-layout-flow wp-block-column-is-layout-flow\">\n<p>\"Na een verblijf op camping Val de Vie heb ik besloten om jullie mijn mening te geven, want ik denk dat dit de beste camping in de buurt van Challans in Frankrijk is. Ik verbleef hier met mijn vrouw en twee kinderen van 10 en 12 jaar. We vonden het allemaal geweldig. <strong>4-sterren camping bij Challans<\/strong>.<\/p>\n\n\n\n<h3 class=\"wp-block-heading has-text-align-left\">EEN RUSTIGE PAUZE IN DE BUURT VAN CHALLANS<\/h3>\n\n\n\n<p>Wat ons het eerst aansprak was de situatie van de <strong>camping in de buurt van Challans<\/strong>. We verbleven op een rustige plek dicht bij de stranden van de Vend\u00e9e in dit <a href=\"https:\/\/www.campingvaldevie.fr\/wp-content\/uploads\/2020\/12\/camping-calme-et-nature-challans.jpg\" target=\"_blank\" rel=\"noreferrer noopener\">natuurcamping bij Challans<\/a>. Een echt pluspunt, we konden genieten van de rust en stilte, in tegenstelling tot de grote badplaatsen die vaak vol zitten met mensen. We hebben er een paar kunnen bezoeken, zoals Les Sables d'Olonne, Saint Jean de Monts en Noirmoutier. Badplaatsen die, daar ben ik het mee eens, een onvergelijkbare charme hebben. We hebben volop geprofiteerd van de kuststranden met hun fijne zand.<\/p>\n\n\n\n<h3 class=\"wp-block-heading has-text-align-left\">ACTIVITEITEN VOOR HET HELE GEZIN<\/h3>\n\n\n\n<p>Naast de prachtige omgeving rondom de camping hebben we ook veel tijd doorgebracht in het zwembad. Doordat het zwembad verwarmd is, konden we er elke dag van genieten. Het was echt een genot om te zwemmen in het heldere, verfrissende water. De ligstoelen rondom het zwembad waren perfect om je af te drogen in de zon en een kleurtje te krijgen. Naast het zwembad op de camping bij Challans, organiseren de eigenaren van de camping overdag en 's avonds animatie. De camping voldeed perfect aan ons idee van vakantie. Daarom heb ik besloten om mijn mening achter te laten en te vertellen dat deze camping voor mij de perfecte keuze was. <strong>kamperen is het beste van <\/strong><strong>Aansprakelijkheid<\/strong>.<\/p>\n\n\n\n<p>We hebben geen spijt van ons verblijf, het hele gezin vond het geweldig. We weten zeker dat we over een paar jaar terugkomen voor een verblijf in een van de volledig uitgeruste stacaravans op deze camping. <strong>4-sterren camping bij Challans<\/strong>. Als je boekt en je vakantie doorbrengt in Val de Vie, laat dan je mening achter en vertel me of je het de beste plek vond om te verblijven. <strong>de beste camping in Challans<\/strong>. \"<\/p>\n\n\n\n<p>- Verhaal door Louis F -<\/p>\n<\/div>\n\n\n\n<div class=\"wp-block-column is-layout-flow wp-block-column-is-layout-flow\">\n<p>\"Voor mij is de 4-sterren camping Val de Vie een van de beste ter wereld. <strong>Beste campings rond Challans<\/strong>. Ik verbleef hier een paar jaar geleden en heb niets dan goede herinneringen. Alles was perfect, van de ontvangst tot de stacaravan en de faciliteiten, we zijn geen enkele keer teleurgesteld. Na dit gelezen te hebben, wil je alleen nog maar je huuraccommodatie op camping le Val de Vie boeken en genieten van zo'n onvergetelijke vakantie.<\/p>\n\n\n\n<h2 class=\"wp-block-heading has-text-align-left\">EEN CAMPING IN HET HART VAN DE VEND\u00c9E<\/h2>\n\n\n\n<p>In tegenstelling tot andere campings, ligt de camping die ik het beste vind op <strong>Aansprakelijkheid<\/strong>. Een echte oase van rust, ver van de grote badplaatsen die in het hoogseizoen overspoeld worden door vakantiegangers. We waren in alle rust en stilte, in een bosrijke omgeving met een vakantiesfeer. Toen we aankwamen kregen we een warm welkom van de eigenaren, die ons zeer welkom en op ons gemak lieten voelen. Ze begeleidden ons meteen naar onze stacaravan bij Challans, die heel modern is en een terras heeft. Er waren geen buren en alle percelen waren perfect onderhouden.<\/p>\n\n\n\n<h2 class=\"wp-block-heading has-text-align-left\">UITRUSTING VOOR HET HELE GEZIN<\/h2>\n\n\n\n<p>Het hele gezin had een onvergetelijke vakantie. Er was voor elk wat wils. De kinderen waren dol op het zwembad. Ze vermaakten zich kostelijk terwijl wij op de ligstoelen in de zon zaten te lezen. Overdag en 's avonds bereidde het personeel entertainment en activiteiten voor ons voor. Ze stonden altijd voor ons klaar, zelfs als we vragen hadden. Zij waren degenen die ons informatie gaven over dingen die te doen en te zien waren rondom de camping.<\/p>\n\n\n\n<p>Sinds mijn vakantie op camping la Val de Vie ben ik op andere campings geweest, maar ik heb geen betere gevonden dan die bij Challans. Ik vond het belangrijk om jullie mijn mening te geven, zodat ook jullie van een bijzondere vakantie kunnen genieten.<\/p>\n\n\n\n<p>- Verhaal door Aline C -<\/p>\n<\/div>\n<\/div>\n\n\n\n<p>Lees ook :<\/p>\n\n\n\n<ul class=\"wp-block-list\">\n<li><a href=\"\/nl\/4-sterren-camping-bij-challans\/kleine-camping-met-zwembad-challans\/\">goedkoop kamperen bij Challans<\/a><\/li>\n\n\n\n<li><a href=\"\/nl\/4-sterren-camping-bij-challans\/camping-met-kampeerplaats-challans\/\">kampeerplaatsen op campings in de buurt van Challans<\/a><\/li>\n\n\n\n<li><a href=\"\/nl\/4-sterren-camping-bij-challans\/last-minute-kampeeruitdagingen\/\">Last minute aanbiedingen op deze camping bij Challans<\/a><\/li>\n\n\n\n<li><a href=\"\/nl\/4-sterren-camping-bij-challans\/camping-peche-challans\/\">vissen camping bij Challans<\/a><\/li>\n<\/ul>","protected":false},"excerpt":{"rendered":"<p>Cet \u00e9t\u00e9, direction la Vend\u00e9e dans les Pays de la Loire&nbsp;! Si vous avez choisi cette option vous ne le regretterez pas ! Ce territoire rec\u00e8le de nombreux tr\u00e9sors, des paysages grandioses, des plages o\u00f9 vous avez plus d\u2019un m\u00b2 pour \u00e9tendre votre serviette de bain. Surtout, vous serez constamment \u00e0 proximit\u00e9 d\u2019une nature pr\u00e9serv\u00e9e [&hellip;]<\/p>\n","protected":false},"author":2,"featured_media":0,"parent":0,"menu_order":0,"comment_status":"closed","ping_status":"closed","template":"","meta":{"_seopress_robots_primary_cat":"","_seopress_titles_title":"Camping pr\u00e8s de Challans en Vend\u00e9e (85) dans camping 4 \u00e9toiles","_seopress_titles_desc":"Si vous \u00eates des amoureux de la nature, vous trouverez au camping Val de Vie, un camping 4 \u00e9toiles proche de Challans est fait pour vous","_seopress_robots_index":"","footnotes":""},"class_list":["post-22290","page","type-page","status-publish","hentry"],"_links":{"self":[{"href":"https:\/\/www.campingvaldevie.fr\/nl\/wp-json\/wp\/v2\/pages\/22290","targetHints":{"allow":["GET"]}}],"collection":[{"href":"https:\/\/www.campingvaldevie.fr\/nl\/wp-json\/wp\/v2\/pages"}],"about":[{"href":"https:\/\/www.campingvaldevie.fr\/nl\/wp-json\/wp\/v2\/types\/page"}],"author":[{"embeddable":true,"href":"https:\/\/www.campingvaldevie.fr\/nl\/wp-json\/wp\/v2\/users\/2"}],"replies":[{"embeddable":true,"href":"https:\/\/www.campingvaldevie.fr\/nl\/wp-json\/wp\/v2\/comments?post=22290"}],"version-history":[{"count":9,"href":"https:\/\/www.campingvaldevie.fr\/nl\/wp-json\/wp\/v2\/pages\/22290\/revisions"}],"predecessor-version":[{"id":25143,"href":"https:\/\/www.campingvaldevie.fr\/nl\/wp-json\/wp\/v2\/pages\/22290\/revisions\/25143"}],"wp:attachment":[{"href":"https:\/\/www.campingvaldevie.fr\/nl\/wp-json\/wp\/v2\/media?parent=22290"}],"curies":[{"name":"wp","href":"https:\/\/api.w.org\/{rel}","templated":true}]}}