{"id":22297,"date":"2023-11-02T15:59:39","date_gmt":"2023-11-02T14:59:39","guid":{"rendered":"https:\/\/www.campingvaldevie.fr\/?page_id=22297"},"modified":"2023-11-03T10:53:33","modified_gmt":"2023-11-03T09:53:33","slug":"kleine-camping-met-zwembad-challans","status":"publish","type":"page","link":"https:\/\/www.campingvaldevie.fr\/nl\/camping-4-etoiles-pres-de-challans\/petit-camping-avec-piscine-challans\/","title":{"rendered":"Camping met zwembad bij Challans"},"content":{"rendered":"<p>Rust en sereniteit in \u00e9\u00e9n etablissement? Le Val de Vie is een <a href=\"\/nl\/4-sterren-camping-bij-challans\/\">4-sterren camping bij Challans<\/a> gelegen in een natuurlijke, ongerepte omgeving. Hier kun je tijd voor jezelf nemen en genieten van eenvoudige momenten in het gezelschap van geliefden. Kom en breng een paar ontspannen dagen door in dit <strong>kleine camping met zwembad bij Challans.<\/strong><\/p>\n\n\n\n<div style=\"height:40px\" aria-hidden=\"true\" class=\"wp-block-spacer\"><\/div>\n\n\n\n<div class=\"wp-block-media-text has-media-on-the-right is-stacked-on-mobile is-image-fill\" style=\"grid-template-columns:auto 40%\"><div class=\"wp-block-media-text__content\">\n<h2 class=\"wp-block-heading has-text-align-left\">Ontdek onze camping met zwembad bij Challans<\/h2>\n\n\n\n<p>Je hebt het geluk dicht bij de stranden van de Vend\u00e9e te zijn, terwijl je geniet van de rust van het kleine dorpje Mach\u00e9. Als je had gekozen voor een accommodatie in Les Sables d'Olonne of Saint Gilles Croix de Vie, had je de stroom toeristen en concerten tot in de vroege uurtjes moeten verdragen. In het hart<strong>De Vallei van het Leven<\/strong>Het enige geluid dat je hoort is vogelgezang. Wat kan er aangenamer zijn? De eigenaren, \u00c9lodie en Nicolas, heten je van harte welkom. Als je eenmaal een paar dagen op Val de Vie bent geweest, wil je niet meer naar huis.<\/p>\n<\/div><figure class=\"wp-block-media-text__media\" style=\"background-image:url(https:\/\/www.campingvaldevie.fr\/wp-content\/uploads\/2023\/02\/piscine-couverte-et-chauffee-4.jpg);background-position:50% 50%\"><img loading=\"lazy\" decoding=\"async\" width=\"700\" height=\"525\" src=\"https:\/\/www.campingvaldevie.fr\/wp-content\/uploads\/2023\/02\/piscine-couverte-et-chauffee-4.jpg\" alt=\"ideale locatie vend\u00e9e\" class=\"wp-image-20832 size-full\" srcset=\"https:\/\/www.campingvaldevie.fr\/wp-content\/uploads\/2023\/02\/piscine-couverte-et-chauffee-4.jpg 700w, https:\/\/www.campingvaldevie.fr\/wp-content\/uploads\/2023\/02\/piscine-couverte-et-chauffee-4-300x225.jpg 300w\" sizes=\"auto, (max-width: 700px) 100vw, 700px\" \/><\/figure><\/div>\n\n\n\n<div style=\"height:40px\" aria-hidden=\"true\" class=\"wp-block-spacer\"><\/div>\n\n\n\n<div class=\"wp-block-media-text is-stacked-on-mobile is-image-fill\" style=\"grid-template-columns:40% auto\"><figure class=\"wp-block-media-text__media\" style=\"background-image:url(https:\/\/www.campingvaldevie.fr\/wp-content\/uploads\/2021\/05\/piscine-location-mobil-home-avec-spa-proche-saint-gilles-croix-de-vie.jpg);background-position:50% 50%\"><img loading=\"lazy\" decoding=\"async\" width=\"700\" height=\"700\" src=\"https:\/\/www.campingvaldevie.fr\/wp-content\/uploads\/2021\/05\/piscine-location-mobil-home-avec-spa-proche-saint-gilles-croix-de-vie.jpg\" alt=\"zwembad Verhuur van stacaravans met spa nabij Saint Gilles Croix de Vie\" class=\"wp-image-8714 size-full\" srcset=\"https:\/\/www.campingvaldevie.fr\/wp-content\/uploads\/2021\/05\/piscine-location-mobil-home-avec-spa-proche-saint-gilles-croix-de-vie.jpg 700w, https:\/\/www.campingvaldevie.fr\/wp-content\/uploads\/2021\/05\/piscine-location-mobil-home-avec-spa-proche-saint-gilles-croix-de-vie-300x300.jpg 300w, https:\/\/www.campingvaldevie.fr\/wp-content\/uploads\/2021\/05\/piscine-location-mobil-home-avec-spa-proche-saint-gilles-croix-de-vie-150x150.jpg 150w\" sizes=\"auto, (max-width: 700px) 100vw, 700px\" \/><\/figure><div class=\"wp-block-media-text__content\">\n<h2 class=\"wp-block-heading has-text-align-left\">Een verwarmd binnenzwembad voor iedereen<\/h2>\n\n\n\n<p>In deze<strong> kleine camping bij Challans<\/strong>Er is alles wat je nodig hebt om plezier te maken. La <a href=\"https:\/\/www.campingvaldevie.fr\/nl\/het-zwembad\/\"><strong>zwembad<\/strong><\/a> zal een grote favoriet zijn bij zowel de kleintjes als de volwassenen. Wat een genot om in koel water te zwemmen als het 29\u00b0C is! Kom een weekend of meerdere weken genieten in het gezelschap van je geliefden. Je zult het geweldig vinden dat je met z'n allen iets kunt gaan drinken in de <a href=\"\/nl\/\">camping Val de Vie<\/a>. Stoppen met ergens aan te denken en gewoon genieten van het moment - dat is echt geluk!<\/p>\n\n\n\n<p>Als je op zoek bent naar sereniteit en rust, boek dan een paar dagen om te ontspannen in dit <strong>kleine camping met zwembad bij Challans<\/strong>. Je hele gezin zal het geweldig vinden. Geniet optimaal van je verblijf door de regio te bezoeken en een tochtje te maken over de fietspaden die tot je beschikking staan op <a href=\"\/nl\/toerisme-vendee\/challans-toerisme\/\">Aansprakelijkheid<\/a>. Bel 02 51 93 19 69.<\/p>\n\n\n\n<p>Zie ook :<\/p>\n\n\n\n<ul class=\"wp-block-list\">\n<li><a href=\"\/nl\/4-sterren-camping-bij-challans\/verhuur-van-stacaravans\/\">verhuur van stacaravans dichtbij Challans<\/a><\/li>\n\n\n\n<li><a href=\"\/nl\/4-sterren-camping-bij-challans\/last-minute-kampeeruitdagingen\/\">last-minute aanbiedingen in de buurt van Challans<\/a><\/li>\n\n\n\n<li><a href=\"\/nl\/4-sterren-camping-bij-challans\/camping-peche-challans\/\">vissen camping bij Challans<\/a><\/li>\n\n\n\n<li><a href=\"\/nl\/4-sterren-camping-bij-challans\/rust-en-natuur-camping-challans\/\">rustige, natuurlijke camping bij Challans<\/a><\/li>\n\n\n\n<li><a href=\"\/nl\/4-sterren-camping-bij-challans\/camping-met-kampeerplaats-challans\/\">locaties in de buurt van Challans<\/a><\/li>\n<\/ul>\n<\/div><\/div>","protected":false},"excerpt":{"rendered":"<p>Le calme et la s\u00e9r\u00e9nit\u00e9 dans un seul et m\u00eame \u00e9tablissement ? Le Val de Vie est un camping 4 \u00e9toiles pr\u00e8s de Challans situ\u00e9 dans un cadre naturel et pr\u00e9serv\u00e9. Ici on prend du temps pour soi et on profite des moments simples en compagnie de ses proches. Venez passer quelques jours reposant dans [&hellip;]<\/p>\n","protected":false},"author":4,"featured_media":0,"parent":22290,"menu_order":0,"comment_status":"closed","ping_status":"closed","template":"","meta":{"_seopress_robots_primary_cat":"","_seopress_titles_title":"Camping avec piscine pr\u00e8s de Challans en Vend\u00e9e (85)","_seopress_titles_desc":"D\u00e9couvrez la Vend\u00e9e en louant un mobil home dans ce petit camping avec piscine situ\u00e9 pr\u00e8s de Challans. Un site naturel et arbor\u00e9 pour des vacances r\u00e9ussies","_seopress_robots_index":"","footnotes":""},"class_list":["post-22297","page","type-page","status-publish","hentry"],"_links":{"self":[{"href":"https:\/\/www.campingvaldevie.fr\/nl\/wp-json\/wp\/v2\/pages\/22297","targetHints":{"allow":["GET"]}}],"collection":[{"href":"https:\/\/www.campingvaldevie.fr\/nl\/wp-json\/wp\/v2\/pages"}],"about":[{"href":"https:\/\/www.campingvaldevie.fr\/nl\/wp-json\/wp\/v2\/types\/page"}],"author":[{"embeddable":true,"href":"https:\/\/www.campingvaldevie.fr\/nl\/wp-json\/wp\/v2\/users\/4"}],"replies":[{"embeddable":true,"href":"https:\/\/www.campingvaldevie.fr\/nl\/wp-json\/wp\/v2\/comments?post=22297"}],"version-history":[{"count":8,"href":"https:\/\/www.campingvaldevie.fr\/nl\/wp-json\/wp\/v2\/pages\/22297\/revisions"}],"predecessor-version":[{"id":22465,"href":"https:\/\/www.campingvaldevie.fr\/nl\/wp-json\/wp\/v2\/pages\/22297\/revisions\/22465"}],"up":[{"embeddable":true,"href":"https:\/\/www.campingvaldevie.fr\/nl\/wp-json\/wp\/v2\/pages\/22290"}],"wp:attachment":[{"href":"https:\/\/www.campingvaldevie.fr\/nl\/wp-json\/wp\/v2\/media?parent=22297"}],"curies":[{"name":"wp","href":"https:\/\/api.w.org\/{rel}","templated":true}]}}