{"id":22303,"date":"2023-11-02T16:30:22","date_gmt":"2023-11-02T15:30:22","guid":{"rendered":"https:\/\/www.campingvaldevie.fr\/?page_id=22303"},"modified":"2024-07-24T09:35:42","modified_gmt":"2024-07-24T07:35:42","slug":"verhuur-van-stacaravans","status":"publish","type":"page","link":"https:\/\/www.campingvaldevie.fr\/nl\/camping-4-etoiles-pres-de-challans\/location-mobil-home-challans\/","title":{"rendered":"Stacaravan huren Challans"},"content":{"rendered":"<p>Onze familie werd verliefd op een klein stadje genaamd Challans, en meer specifiek op de <a href=\"\/nl\/4-sterren-camping-bij-challans\/\">camping Le Val de Vie bij Challans<\/a>. Op deze camping hebben we al een paar jaar een van de beste vakanties ter wereld doorgebracht. <strong>verhuur stacaravan<\/strong>. We waren meteen gewonnen door de ontspannen, gezinsvriendelijke sfeer van de camping. Wat we echt leuk vinden is de nabijheid van <a href=\"\/nl\/toerisme-vendee\/challans-toerisme\/\"><strong>Aansprakelijkheid<\/strong><\/a>apparatuur zoals de <strong>overdekt zwembad<\/strong> en on-site entertainment.<\/p>\n\n\n\n<div style=\"height:40px\" aria-hidden=\"true\" class=\"wp-block-spacer\"><\/div>\n\n\n\n<div class=\"wp-block-media-text has-media-on-the-right is-stacked-on-mobile is-image-fill\" style=\"grid-template-columns:auto 40%\"><div class=\"wp-block-media-text__content\">\n<h2 class=\"wp-block-heading has-text-align-left\">Uitrusting voor stacaravans Challans<\/h2>\n\n\n\n<p>Dankzij de voorzieningen van de camping kunnen we elk jaar genieten van een echte vakantie op de camping. Beleef momenten van ontspanning en plezier met je gezin in de <strong>overdekt zwembad<\/strong> het verwarmde zwembad van de camping. Op de camping en in de omgeving zijn er verschillende activiteiten. Petanque wedstrijden, wijnproeven, aquagym, dansinitiatie en vele andere activiteiten zullen worden aangeboden. Kom en geniet van <strong>verhuur van stacaravans in Challans<\/strong> om een ontspannende ruimte voor het hele gezin te ontdekken. Kinderen die zich graag vermaken en actief bezig willen zijn, kunnen de speeltuin, trampoline, reuze power 4 en tafelvoetbal ontdekken.<\/p>\n<\/div><figure class=\"wp-block-media-text__media\" style=\"background-image:url(https:\/\/www.campingvaldevie.fr\/wp-content\/uploads\/2021\/04\/location-mobil-home-piscine-couverte-challans.png);background-position:50% 50%\"><img loading=\"lazy\" decoding=\"async\" width=\"700\" height=\"394\" src=\"https:\/\/www.campingvaldevie.fr\/wp-content\/uploads\/2021\/04\/location-mobil-home-piscine-couverte-challans.png\" alt=\"stacaravan verhuur overdekt zwembad Challans\" class=\"wp-image-8614 size-full\" srcset=\"https:\/\/www.campingvaldevie.fr\/wp-content\/uploads\/2021\/04\/location-mobil-home-piscine-couverte-challans.png 700w, https:\/\/www.campingvaldevie.fr\/wp-content\/uploads\/2021\/04\/location-mobil-home-piscine-couverte-challans-300x169.png 300w\" sizes=\"auto, (max-width: 700px) 100vw, 700px\" \/><\/figure><\/div>\n\n\n\n<div style=\"height:40px\" aria-hidden=\"true\" class=\"wp-block-spacer\"><\/div>\n\n\n\n<div class=\"wp-block-media-text is-stacked-on-mobile is-image-fill\" style=\"grid-template-columns:40% auto\"><figure class=\"wp-block-media-text__media\" style=\"background-image:url(https:\/\/www.campingvaldevie.fr\/wp-content\/uploads\/2022\/12\/lac-apremont-1024x683.jpg);background-position:50% 50%\"><img loading=\"lazy\" decoding=\"async\" width=\"1024\" height=\"683\" src=\"https:\/\/www.campingvaldevie.fr\/wp-content\/uploads\/2022\/12\/lac-apremont-1024x683.jpg\" alt=\"Meer van Apremont\" class=\"wp-image-20331 size-full\" srcset=\"https:\/\/www.campingvaldevie.fr\/wp-content\/uploads\/2022\/12\/lac-apremont-1024x683.jpg 1024w, https:\/\/www.campingvaldevie.fr\/wp-content\/uploads\/2022\/12\/lac-apremont-300x200.jpg 300w, https:\/\/www.campingvaldevie.fr\/wp-content\/uploads\/2022\/12\/lac-apremont-768x512.jpg 768w, https:\/\/www.campingvaldevie.fr\/wp-content\/uploads\/2022\/12\/lac-apremont.jpg 1200w\" sizes=\"auto, (max-width: 1024px) 100vw, 1024px\" \/><\/figure><div class=\"wp-block-media-text__content\">\n<h2 class=\"wp-block-heading has-text-align-left\">Omgeving Challans<\/h2>\n\n\n\n<p>Le <a href=\"\/nl\/\">camping Val de Vie<\/a> we houden ook van de ideale nabijheid van de omgeving. Vlakbij de camping vind je het meer van Apremont, het kasteel en het recreatiecentrum. Bij het meer, op slechts 2 minuten lopen van de camping, kun je terug naar de natuur en genieten van mooie wandelingen en heerlijke picknicks. Bezoek het recreatiecentrum om te kano\u00ebn of gewoon om te zwemmen en te genieten van het fijne zand. Tot slot, als je de geschiedenis wilt leren kennen, bezoek dan het kasteel van Apremont en de omgeving. Als je een fervent fietser bent, zijn er genoeg fietspaden in de buurt van de camping die je naar deze bestemmingen brengen.<\/p>\n<\/div><\/div>\n\n\n\n<div style=\"height:40px\" aria-hidden=\"true\" class=\"wp-block-spacer\"><\/div>\n\n\n\n<p>Dus doe wat wij doen en pak je koffers voor een vakantie in <strong>verhuur stacaravan<\/strong> met <strong>overdekt zwembad in Challans<\/strong>. Neem voor meer informatie of om te reserveren contact met ons op via 02 51 93 19 69.<\/p>\n\n\n\n<p>Zie ook :<\/p>\n\n\n\n<ul class=\"wp-block-list\">\n<li><a href=\"\/nl\/4-sterren-camping-bij-challans\/verhuur-van-stacaravans\/\">verhuur van stacaravans dichtbij Challans<\/a><\/li>\n\n\n\n<li><a href=\"\/nl\/4-sterren-camping-bij-challans\/last-minute-kampeeruitdagingen\/\">last-minute aanbiedingen in de buurt van Challans<\/a><\/li>\n\n\n\n<li><a href=\"\/nl\/4-sterren-camping-bij-challans\/camping-peche-challans\/\">vissen camping bij Challans<\/a><\/li>\n\n\n\n<li><a href=\"\/nl\/4-sterren-camping-bij-challans\/rust-en-natuur-camping-challans\/\">rustige, natuurlijke camping bij Challans<\/a><\/li>\n\n\n\n<li><a href=\"\/nl\/4-sterren-camping-bij-challans\/camping-met-kampeerplaats-challans\/\">locaties in de buurt van Challans<\/a><\/li>\n\n\n\n<li><a href=\"\/nl\/4-sterren-camping-bij-challans\/kleine-camping-met-zwembad-challans\/\">zwembad op de camping bij Challans<\/a><\/li>\n<\/ul>","protected":false},"excerpt":{"rendered":"<p>Notre famille est tomb\u00e9e amoureuse d\u2019une petite ville nomm\u00e9e Challans et plus pr\u00e9cis\u00e9ment du camping Le Val de Vie \u00e0 proximit\u00e9 de Challans. Nous avons depuis quelques ann\u00e9es, dans ce camping, pass\u00e9 les plus belles vacances en location de mobil home. L\u2019ambiance d\u00e9tendue, familiale et conviviale du camping nous a imm\u00e9diatement s\u00e9duite. Ce que nous [&hellip;]<\/p>\n","protected":false},"author":4,"featured_media":0,"parent":22290,"menu_order":0,"comment_status":"closed","ping_status":"closed","template":"","meta":{"_seopress_robots_primary_cat":"","_seopress_titles_title":"Location mobil home pr\u00e8s de Challans - Camping 4 \u00e9toiles en Vend\u00e9e","_seopress_titles_desc":"Alors faites comme nous, pr\u00e9parez vos valises pour des vacances en location de mobil home avec piscine couverte \u00e0 Challans.","_seopress_robots_index":"","footnotes":""},"class_list":["post-22303","page","type-page","status-publish","hentry"],"_links":{"self":[{"href":"https:\/\/www.campingvaldevie.fr\/nl\/wp-json\/wp\/v2\/pages\/22303","targetHints":{"allow":["GET"]}}],"collection":[{"href":"https:\/\/www.campingvaldevie.fr\/nl\/wp-json\/wp\/v2\/pages"}],"about":[{"href":"https:\/\/www.campingvaldevie.fr\/nl\/wp-json\/wp\/v2\/types\/page"}],"author":[{"embeddable":true,"href":"https:\/\/www.campingvaldevie.fr\/nl\/wp-json\/wp\/v2\/users\/4"}],"replies":[{"embeddable":true,"href":"https:\/\/www.campingvaldevie.fr\/nl\/wp-json\/wp\/v2\/comments?post=22303"}],"version-history":[{"count":9,"href":"https:\/\/www.campingvaldevie.fr\/nl\/wp-json\/wp\/v2\/pages\/22303\/revisions"}],"predecessor-version":[{"id":25736,"href":"https:\/\/www.campingvaldevie.fr\/nl\/wp-json\/wp\/v2\/pages\/22303\/revisions\/25736"}],"up":[{"embeddable":true,"href":"https:\/\/www.campingvaldevie.fr\/nl\/wp-json\/wp\/v2\/pages\/22290"}],"wp:attachment":[{"href":"https:\/\/www.campingvaldevie.fr\/nl\/wp-json\/wp\/v2\/media?parent=22303"}],"curies":[{"name":"wp","href":"https:\/\/api.w.org\/{rel}","templated":true}]}}