{"id":22308,"date":"2023-11-02T16:34:11","date_gmt":"2023-11-02T15:34:11","guid":{"rendered":"https:\/\/www.campingvaldevie.fr\/?page_id=22308"},"modified":"2023-11-03T10:52:03","modified_gmt":"2023-11-03T09:52:03","slug":"camping-met-kampeerplaats-challans","status":"publish","type":"page","link":"https:\/\/www.campingvaldevie.fr\/nl\/camping-4-etoiles-pres-de-challans\/camping-avec-emplacement-challans\/","title":{"rendered":"Camping met staanplaats Challans"},"content":{"rendered":"<p>Dit is het, de grote dag! De langverwachte dag, het grote vertrek voor de vakantie, in een <a href=\"\/nl\/4-sterren-camping-bij-challans\/\">camping in de buurt van Challans<\/a>. Dit jaar hebben we een <strong>camping met staanplaats in de stad Challans<\/strong>. De kinderen zijn allemaal opgewonden en we kunnen niet wachten om in de <a href=\"\/nl\/4-sterren-camping-bij-challans\/kleine-camping-met-zwembad-challans\/\">zwembad<\/a>.<\/p>\n\n\n\n<div style=\"height:40px\" aria-hidden=\"true\" class=\"wp-block-spacer\"><\/div>\n\n\n\n<div class=\"wp-block-media-text has-media-on-the-right is-stacked-on-mobile is-image-fill\" style=\"grid-template-columns:auto 40%\"><div class=\"wp-block-media-text__content\">\n<p>Na uren rijden om <strong>Aansprakelijkheid<\/strong>Hier zijn we dan eindelijk op onze <strong>locatie<\/strong> binnen de <a href=\"\/nl\/\">camping Le Val de Vie<\/a>. We werden hartelijk ontvangen door de eigenaren. Een van hen begeleidde ons naar onze staanplaats. We konden 's ochtends de sleutels van het terrein krijgen, waardoor we ons rustig konden installeren. We kregen onze camper op de juiste plek en zetten het prieel, de tafel en de stoelen klaar. Het kostte ons nog wat tijd, maar nu zijn we helemaal klaar voor een onvergetelijke vakantie.<\/p>\n\n\n\n<p>We gaan graag weg in onze camper, we voelen ons thuis en hebben alle comfort die we nodig hebben. We weten zeker dat het ons aan niets zal ontbreken. Na een aperitief en lunch in de zon van de Vend\u00e9e, gaan we op weg naar de camping. De paden zijn erg aangenaam omdat ze perfect onderhouden zijn. Bezoek <strong>locaties<\/strong> zijn <strong>ruim<\/strong> en <strong>begrensd<\/strong> door heggen om ze meer privacy te geven. We hebben ook de sanitaire voorzieningen bekeken. Met 4 campers vinden we het fijn om toegang te hebben tot andere douches. De douches zijn erg schoon, wat een groot voordeel is op een camping.<\/p>\n<\/div><figure class=\"wp-block-media-text__media\" style=\"background-image:url(https:\/\/www.campingvaldevie.fr\/wp-content\/uploads\/2018\/01\/DSC03068-1024x685.jpg);background-position:50% 50%\"><img loading=\"lazy\" decoding=\"async\" width=\"1024\" height=\"685\" src=\"https:\/\/www.campingvaldevie.fr\/wp-content\/uploads\/2018\/01\/DSC03068-1024x685.jpg\" alt=\"staanplaatsen camping Val de Vie in Vend\u00e9e\" class=\"wp-image-1325 size-full\" srcset=\"https:\/\/www.campingvaldevie.fr\/wp-content\/uploads\/2018\/01\/DSC03068-1024x685.jpg 1024w, https:\/\/www.campingvaldevie.fr\/wp-content\/uploads\/2018\/01\/DSC03068-300x201.jpg 300w, https:\/\/www.campingvaldevie.fr\/wp-content\/uploads\/2018\/01\/DSC03068-768x514.jpg 768w, https:\/\/www.campingvaldevie.fr\/wp-content\/uploads\/2018\/01\/DSC03068.jpg 1200w\" sizes=\"auto, (max-width: 1024px) 100vw, 1024px\" \/><\/figure><\/div>\n\n\n\n<div style=\"height:40px\" aria-hidden=\"true\" class=\"wp-block-spacer\"><\/div>\n\n\n\n<div class=\"wp-block-media-text is-stacked-on-mobile is-image-fill\" style=\"grid-template-columns:40% auto\"><figure class=\"wp-block-media-text__media\" style=\"background-image:url(https:\/\/www.campingvaldevie.fr\/wp-content\/uploads\/2019\/04\/empla1.jpg);background-position:50% 50%\"><img loading=\"lazy\" decoding=\"async\" width=\"960\" height=\"486\" src=\"https:\/\/www.campingvaldevie.fr\/wp-content\/uploads\/2019\/04\/empla1.jpg\" alt=\"ruime locatie\" class=\"wp-image-4333 size-full\" srcset=\"https:\/\/www.campingvaldevie.fr\/wp-content\/uploads\/2019\/04\/empla1.jpg 960w, https:\/\/www.campingvaldevie.fr\/wp-content\/uploads\/2019\/04\/empla1-300x152.jpg 300w, https:\/\/www.campingvaldevie.fr\/wp-content\/uploads\/2019\/04\/empla1-768x389.jpg 768w\" sizes=\"auto, (max-width: 960px) 100vw, 960px\" \/><\/figure><div class=\"wp-block-media-text__content\">\n<p>Om uw<strong> kampeerplaats op deze camping in Challans<\/strong>Als je een afspraak wilt maken, neem dan telefonisch contact op met de eigenaren op 02 51 93 19 69. We zijn er zeker van dat we een uitstekende week zullen hebben. Maar we zullen vooral genieten van de tijd in het zwembad.<\/p>\n\n\n\n<p>- Het verhaal van de familie H<\/p>\n\n\n\n<div class=\"wp-block-buttons is-content-justification-center is-layout-flex wp-container-core-buttons-is-layout-16018d1d wp-block-buttons-is-layout-flex\">\n<div class=\"wp-block-button\"><a class=\"wp-block-button__link wp-element-button\" href=\"\/nl\/toerisme-vendee\/challans-toerisme\/\">Op bezoek bij Challans<\/a><\/div>\n<\/div>\n\n\n\n<p>Zie ook :<\/p>\n\n\n\n<ul class=\"wp-block-list\">\n<li><a href=\"\/nl\/4-sterren-camping-bij-challans\/verhuur-van-stacaravans\/\">verhuur van stacaravans dichtbij Challans<\/a><\/li>\n\n\n\n<li><a href=\"\/nl\/4-sterren-camping-bij-challans\/last-minute-kampeeruitdagingen\/\">last-minute aanbiedingen in de buurt van Challans<\/a><\/li>\n\n\n\n<li><a href=\"\/nl\/4-sterren-camping-bij-challans\/camping-peche-challans\/\">vissen camping bij Challans<\/a><\/li>\n\n\n\n<li><a href=\"\/nl\/4-sterren-camping-bij-challans\/rust-en-natuur-camping-challans\/\">rustige, natuurlijke camping bij Challans<\/a><\/li>\n<\/ul>\n<\/div><\/div>","protected":false},"excerpt":{"rendered":"<p>\u00c7a y est, c\u2019est le grand jour ! Le jour tant attendu, le grand d\u00e9part pour les vacances, dans un camping pr\u00e8s de Challans. Cette ann\u00e9e nous avons lou\u00e9 un camping avec emplacement dans la ville de Challans. Les enfants sont tout excit\u00e9s et nous nous avons h\u00e2te d&rsquo;\u00eatre dans la piscine. Apr\u00e8s des heures [&hellip;]<\/p>\n","protected":false},"author":4,"featured_media":0,"parent":22290,"menu_order":0,"comment_status":"closed","ping_status":"closed","template":"","meta":{"_seopress_robots_primary_cat":"","_seopress_titles_title":"Emplacement dans camping pr\u00e8s de Challans en Vend\u00e9e","_seopress_titles_desc":"Pour r\u00e9server votre emplacement dans ce camping \u00e0 Challans, il vous suffit de contacter les propri\u00e9taires par t\u00e9l\u00e9phone au 02\u00a051\u00a093\u00a019\u00a069.","_seopress_robots_index":"","footnotes":""},"class_list":["post-22308","page","type-page","status-publish","hentry"],"_links":{"self":[{"href":"https:\/\/www.campingvaldevie.fr\/nl\/wp-json\/wp\/v2\/pages\/22308","targetHints":{"allow":["GET"]}}],"collection":[{"href":"https:\/\/www.campingvaldevie.fr\/nl\/wp-json\/wp\/v2\/pages"}],"about":[{"href":"https:\/\/www.campingvaldevie.fr\/nl\/wp-json\/wp\/v2\/types\/page"}],"author":[{"embeddable":true,"href":"https:\/\/www.campingvaldevie.fr\/nl\/wp-json\/wp\/v2\/users\/4"}],"replies":[{"embeddable":true,"href":"https:\/\/www.campingvaldevie.fr\/nl\/wp-json\/wp\/v2\/comments?post=22308"}],"version-history":[{"count":8,"href":"https:\/\/www.campingvaldevie.fr\/nl\/wp-json\/wp\/v2\/pages\/22308\/revisions"}],"predecessor-version":[{"id":22459,"href":"https:\/\/www.campingvaldevie.fr\/nl\/wp-json\/wp\/v2\/pages\/22308\/revisions\/22459"}],"up":[{"embeddable":true,"href":"https:\/\/www.campingvaldevie.fr\/nl\/wp-json\/wp\/v2\/pages\/22290"}],"wp:attachment":[{"href":"https:\/\/www.campingvaldevie.fr\/nl\/wp-json\/wp\/v2\/media?parent=22308"}],"curies":[{"name":"wp","href":"https:\/\/api.w.org\/{rel}","templated":true}]}}