{"id":22329,"date":"2023-11-02T17:02:32","date_gmt":"2023-11-02T16:02:32","guid":{"rendered":"https:\/\/www.campingvaldevie.fr\/?page_id=22329"},"modified":"2023-11-03T10:52:28","modified_gmt":"2023-11-03T09:52:28","slug":"camping-peche-challans","status":"publish","type":"page","link":"https:\/\/www.campingvaldevie.fr\/nl\/camping-4-etoiles-pres-de-challans\/camping-peche-challans\/","title":{"rendered":"Camping vissen Challans"},"content":{"rendered":"<p>Je favoriete bezigheid is ongetwijfeld vissen. Net als jij kiezen veel gezinnen voor een etablissement midden in de natuur waar ze kunnen genieten van hun favoriete activiteit. <a href=\"\/nl\/4-sterren-camping-bij-challans\/\"><strong>Vlakbij Challans, een camping<\/strong><\/a> familiesfeer wacht op je: de <a href=\"\/nl\/\">Val de Vie<\/a>. De ideale plek voor <a href=\"\/nl\/vissen-in-de-buurt-van-de-camping\/\"><strong>vissen<\/strong> <\/a>en familiebijeenkomsten.<\/p>\n\n\n\n<div style=\"height:40px\" aria-hidden=\"true\" class=\"wp-block-spacer\"><\/div>\n\n\n\n<div class=\"wp-block-media-text has-media-on-the-right is-stacked-on-mobile is-image-fill\" style=\"grid-template-columns:auto 40%\"><div class=\"wp-block-media-text__content\">\n<p>Bij Le Val de Vie doen onze teams er alles aan om je een uitstekend verblijf te bezorgen. Hun doel is ervoor te zorgen dat het je aan niets ontbreekt en dat je je net zo thuis voelt als jij. Om dit te bereiken bieden ze je comfortabele accommodatie van hoge kwaliteit. De stacaravans zijn ruim en hebben allemaal een terras zodat je optimaal van de zon kunt genieten. Misschien streef je wel naar het topsegment van de markt. Ook hier hebben de eigenaren wat je nodig hebt!<\/p>\n\n\n\n<p>Val de Vie zou wel eens een <strong>camping<\/strong> midden in de natuur, ideaal voor <strong>vissen in de buurt van Challans,<\/strong> vind je luxe accommodatie. Gloednieuwe stacaravans, met eigen spa en aangelegd terras. 2 slaapkamers, 2 badkamers! Alles wat je nodig hebt om je kleine gezin tevreden te houden. Na een heerlijke lunch op je terras kun je eindelijk je favoriete bezigheid beoefenen: vissen. Het meer van Apremont ligt op een steenworp afstand. Zwemmen, vissen of kano\u00ebn, er wacht je een middag plezier in het hart van het weelderige groen.<\/p>\n<\/div><figure class=\"wp-block-media-text__media\" style=\"background-image:url(https:\/\/www.campingvaldevie.fr\/wp-content\/uploads\/2022\/01\/lac_peche.jpg);background-position:50% 50%\"><img loading=\"lazy\" decoding=\"async\" width=\"800\" height=\"534\" src=\"https:\/\/www.campingvaldevie.fr\/wp-content\/uploads\/2022\/01\/lac_peche.jpg\" alt=\"kamperen midden in de natuur in de Vend\u00e9e\" class=\"wp-image-10338 size-full\" srcset=\"https:\/\/www.campingvaldevie.fr\/wp-content\/uploads\/2022\/01\/lac_peche.jpg 800w, https:\/\/www.campingvaldevie.fr\/wp-content\/uploads\/2022\/01\/lac_peche-300x200.jpg 300w, https:\/\/www.campingvaldevie.fr\/wp-content\/uploads\/2022\/01\/lac_peche-768x513.jpg 768w\" sizes=\"auto, (max-width: 800px) 100vw, 800px\" \/><\/figure><\/div>\n\n\n\n<div style=\"height:40px\" aria-hidden=\"true\" class=\"wp-block-spacer\"><\/div>\n\n\n\n<div class=\"wp-block-media-text is-stacked-on-mobile is-image-fill\" style=\"grid-template-columns:40% auto\"><figure class=\"wp-block-media-text__media\" style=\"background-image:url(https:\/\/www.campingvaldevie.fr\/wp-content\/uploads\/2020\/06\/randonnee-jeudi13mai-IMG_6091-1024x683.jpg);background-position:50% 50%\"><img loading=\"lazy\" decoding=\"async\" width=\"1024\" height=\"683\" src=\"https:\/\/www.campingvaldevie.fr\/wp-content\/uploads\/2020\/06\/randonnee-jeudi13mai-IMG_6091-1024x683.jpg\" alt=\"Voetpaden\" class=\"wp-image-6385 size-full\" srcset=\"https:\/\/www.campingvaldevie.fr\/wp-content\/uploads\/2020\/06\/randonnee-jeudi13mai-IMG_6091-1024x683.jpg 1024w, https:\/\/www.campingvaldevie.fr\/wp-content\/uploads\/2020\/06\/randonnee-jeudi13mai-IMG_6091-300x200.jpg 300w, https:\/\/www.campingvaldevie.fr\/wp-content\/uploads\/2020\/06\/randonnee-jeudi13mai-IMG_6091-768x512.jpg 768w, https:\/\/www.campingvaldevie.fr\/wp-content\/uploads\/2020\/06\/randonnee-jeudi13mai-IMG_6091.jpg 1200w\" sizes=\"auto, (max-width: 1024px) 100vw, 1024px\" \/><\/figure><div class=\"wp-block-media-text__content\">\n<p>Voor wie liever traditioneel kampeert, biedt de camping ook mooi onderhouden kampeerplaatsen. Wacht niet te lang met reserveren als je zeker weet dat je hier je vakantie wilt doorbrengen. Je kunt contact opnemen met de teams op<strong> vissen camping bij Challans<\/strong> per telefoon op 02 51 93 19 69.<\/p>\n\n\n\n<div class=\"wp-block-buttons is-content-justification-center is-layout-flex wp-container-core-buttons-is-layout-16018d1d wp-block-buttons-is-layout-flex\">\n<div class=\"wp-block-button\"><a class=\"wp-block-button__link wp-element-button\" href=\"\/nl\/toerisme-vendee\/challans-toerisme\/\">Op bezoek bij Challans<\/a><\/div>\n<\/div>\n\n\n\n<p>Zie ook :<\/p>\n\n\n\n<ul class=\"wp-block-list\">\n<li><a href=\"\/nl\/4-sterren-camping-bij-challans\/verhuur-van-stacaravans\/\">verhuur van stacaravans dichtbij Challans<\/a><\/li>\n\n\n\n<li><a href=\"\/nl\/4-sterren-camping-bij-challans\/last-minute-kampeeruitdagingen\/\">last-minute aanbiedingen in de buurt van Challans<\/a><\/li>\n\n\n\n<li><a href=\"\/nl\/4-sterren-camping-bij-challans\/camping-peche-challans\/\">vissen camping bij Challans<\/a><\/li>\n\n\n\n<li><a href=\"\/nl\/4-sterren-camping-bij-challans\/rust-en-natuur-camping-challans\/\">rustige, natuurlijke camping bij Challans<\/a><\/li>\n\n\n\n<li><a href=\"\/nl\/4-sterren-camping-bij-challans\/camping-met-kampeerplaats-challans\/\">locaties in de buurt van Challans<\/a><\/li>\n\n\n\n<li><a href=\"\/nl\/4-sterren-camping-bij-challans\/kleine-camping-met-zwembad-challans\/\">zwembad op de camping bij Challans<\/a><\/li>\n<\/ul>\n<\/div><\/div>","protected":false},"excerpt":{"rendered":"<p>Votre passe-temps favori c\u2019est incontestablement la p\u00eache. Comme vous, beaucoup de familles choisissent un \u00e9tablissement au c\u0153ur de la nature dans lequel elles pourront pratiquer leur activit\u00e9 favorite. Pr\u00e8s de Challans, un camping authentique et familial vous attend&nbsp;: le Val de Vie. L\u2019endroit id\u00e9al pour p\u00eacher et pour se retrouver en famille. Au Val de [&hellip;]<\/p>\n","protected":false},"author":4,"featured_media":0,"parent":22290,"menu_order":0,"comment_status":"closed","ping_status":"closed","template":"","meta":{"_seopress_robots_primary_cat":"","_seopress_titles_title":"Camping p\u00eache Challans en Vend\u00e9e","_seopress_titles_desc":"Vous pouvez joindre les \u00e9quipes de ce camping p\u00eache pr\u00e8s de Challans par t\u00e9l\u00e9phone au 02 51 93 19 69. A vous les vacances de r\u00eave !","_seopress_robots_index":"","footnotes":""},"class_list":["post-22329","page","type-page","status-publish","hentry"],"_links":{"self":[{"href":"https:\/\/www.campingvaldevie.fr\/nl\/wp-json\/wp\/v2\/pages\/22329","targetHints":{"allow":["GET"]}}],"collection":[{"href":"https:\/\/www.campingvaldevie.fr\/nl\/wp-json\/wp\/v2\/pages"}],"about":[{"href":"https:\/\/www.campingvaldevie.fr\/nl\/wp-json\/wp\/v2\/types\/page"}],"author":[{"embeddable":true,"href":"https:\/\/www.campingvaldevie.fr\/nl\/wp-json\/wp\/v2\/users\/4"}],"replies":[{"embeddable":true,"href":"https:\/\/www.campingvaldevie.fr\/nl\/wp-json\/wp\/v2\/comments?post=22329"}],"version-history":[{"count":8,"href":"https:\/\/www.campingvaldevie.fr\/nl\/wp-json\/wp\/v2\/pages\/22329\/revisions"}],"predecessor-version":[{"id":22461,"href":"https:\/\/www.campingvaldevie.fr\/nl\/wp-json\/wp\/v2\/pages\/22329\/revisions\/22461"}],"up":[{"embeddable":true,"href":"https:\/\/www.campingvaldevie.fr\/nl\/wp-json\/wp\/v2\/pages\/22290"}],"wp:attachment":[{"href":"https:\/\/www.campingvaldevie.fr\/nl\/wp-json\/wp\/v2\/media?parent=22329"}],"curies":[{"name":"wp","href":"https:\/\/api.w.org\/{rel}","templated":true}]}}