{"id":22350,"date":"2023-11-03T09:28:19","date_gmt":"2023-11-03T08:28:19","guid":{"rendered":"https:\/\/www.campingvaldevie.fr\/?page_id=22350"},"modified":"2024-03-18T10:52:32","modified_gmt":"2024-03-18T09:52:32","slug":"vakantiewoning-in-de-buurt-van-bretignolles-sur-mer","status":"publish","type":"page","link":"https:\/\/www.campingvaldevie.fr\/nl\/camping-bretignolles-sur-mer\/hebergement-proche-bretignolles-sur-mer\/","title":{"rendered":"Verhuur van stacaravans en staanplaatsen nabij Br\u00e9tignolles sur Mer"},"content":{"rendered":"<p>Er zijn twee soorten vakantiegangers. Zij voor wie comfort het allerbelangrijkste is en zij die liever in contact staan met de natuur. Omdat we van beide houden, vind je bij ons zowel accommodaties als kampeerplaatsen. Sterker nog, onze <a href=\"\/nl\/camping-bretignolles-sur-mer\/\"><strong>camping in de omgeving van Br\u00e9tignolles sur Mer<\/strong><\/a> aan iedereen denkt. Dus er zullen <strong>locaties,<\/strong> van <strong>stacaravans<\/strong> en chalets voor alle gezinnen.<\/p>\n\n\n\n<div style=\"height:40px\" aria-hidden=\"true\" class=\"wp-block-spacer\"><\/div>\n\n\n\n<div class=\"wp-block-media-text has-media-on-the-right is-stacked-on-mobile is-image-fill\" style=\"grid-template-columns:auto 40%\"><div class=\"wp-block-media-text__content\">\n<p>Als onze <a href=\"\/nl\/\">kamperen in de Vend\u00e9e<\/a> met locatie trekt zoveel mensen aan is zeker vanwege de locatie. Je zult blij zijn dat je midden in de natuur zit en toch dicht bij de stranden. Bovendien is onze geografische ligging strategisch. Vanaf ons etablissement kun je gemakkelijk naar beroemde badplaatsen zoals <a href=\"\/nl\/toerisme-vendee\/bretignolles-sur-mer\/\"><strong>Br\u00e9tignolles aan zee<\/strong><\/a>. Maar je kunt ook vrijetijdsparken verkennen, zoals de beroemde Puy du Fou of het miniatuurdorp.<\/p>\n\n\n\n<p>Want, laten we niet vergeten, als je een <strong>locatie<\/strong> in onze <strong>camping<\/strong> win je op alle fronten. Ten eerste gaat niet je hele vakantiebudget op aan accommodatie. Je kunt jezelf dus bijvoorbeeld trakteren op een maaltijd in een restaurant aan zee. Het zou immers zonde zijn om zo dicht bij Br\u00e9tignolles sur Mer te zijn en niet te gaan genieten van de exquise zeevruchten en lokale producten.<\/p>\n<\/div><figure class=\"wp-block-media-text__media\" style=\"background-image:url(https:\/\/www.campingvaldevie.fr\/wp-content\/uploads\/2018\/01\/DSC03068-1024x685.jpg);background-position:50% 50%\"><img loading=\"lazy\" decoding=\"async\" width=\"1024\" height=\"685\" src=\"https:\/\/www.campingvaldevie.fr\/wp-content\/uploads\/2018\/01\/DSC03068-1024x685.jpg\" alt=\"staanplaatsen camping Val de Vie in Vend\u00e9e\" class=\"wp-image-1325 size-full\" srcset=\"https:\/\/www.campingvaldevie.fr\/wp-content\/uploads\/2018\/01\/DSC03068-1024x685.jpg 1024w, https:\/\/www.campingvaldevie.fr\/wp-content\/uploads\/2018\/01\/DSC03068-300x201.jpg 300w, https:\/\/www.campingvaldevie.fr\/wp-content\/uploads\/2018\/01\/DSC03068-768x514.jpg 768w, https:\/\/www.campingvaldevie.fr\/wp-content\/uploads\/2018\/01\/DSC03068.jpg 1200w\" sizes=\"auto, (max-width: 1024px) 100vw, 1024px\" \/><\/figure><\/div>\n\n\n\n<div style=\"height:40px\" aria-hidden=\"true\" class=\"wp-block-spacer\"><\/div>\n\n\n\n<div class=\"wp-block-media-text is-stacked-on-mobile is-image-fill\" style=\"grid-template-columns:40% auto\"><figure class=\"wp-block-media-text__media\" style=\"background-image:url(https:\/\/www.campingvaldevie.fr\/wp-content\/uploads\/2018\/01\/bretignolles-1024x683.jpg);background-position:50% 50%\"><img loading=\"lazy\" decoding=\"async\" width=\"1024\" height=\"683\" src=\"https:\/\/www.campingvaldevie.fr\/wp-content\/uploads\/2018\/01\/bretignolles-1024x683.jpg\" alt=\"bretignolles sur mer\" class=\"wp-image-1627 size-full\" srcset=\"https:\/\/www.campingvaldevie.fr\/wp-content\/uploads\/2018\/01\/bretignolles-1024x683.jpg 1024w, https:\/\/www.campingvaldevie.fr\/wp-content\/uploads\/2018\/01\/bretignolles-300x200.jpg 300w, https:\/\/www.campingvaldevie.fr\/wp-content\/uploads\/2018\/01\/bretignolles-768x512.jpg 768w, https:\/\/www.campingvaldevie.fr\/wp-content\/uploads\/2018\/01\/bretignolles.jpg 1200w\" sizes=\"auto, (max-width: 1024px) 100vw, 1024px\" \/><\/figure><div class=\"wp-block-media-text__content\">\n<p>Wacht niet te lang met het maken van een reservering in onze <strong>camping met staanplaats bij Br\u00e9tignolles sur Mer<\/strong>. Je wordt ondergedompeld in een ontspannen sfeer dankzij een rustige, gezinsvriendelijke sfeer. Bovendien doen we er alles aan om je een onvergetelijke vakantie te bezorgen. Bel voor meer informatie naar 02 51 93 19 69 of 07 87 00 15 61. We kijken ernaar uit je te verwelkomen ...<\/p>\n\n\n\n<p>Elodie &amp; Nicolas<\/p>\n\n\n\n<p>Zie ook :<\/p>\n\n\n\n<ul class=\"wp-block-list\">\n<li><a href=\"\/nl\/camping-bretignolles-sur-mer\/camping-met-zwembad-bretignolles-sur-mer\/\">camping met zwembad bij Br\u00e9tignolles sur mer<\/a><\/li>\n\n\n\n<li><a href=\"https:\/\/www.campingvaldevie.fr\/nl\/redactie\/bon-plan-camping-bij-bretignolles-sur-mer\/\">goedkoop kamperen in de buurt van Br\u00e9tignolles sur mer<\/a><\/li>\n\n\n\n<li><a href=\"\/nl\/camping-bretignolles-sur-mer\/familiecamping\/\">gezinscamping bij Br\u00e9tignolles-sur-mer<\/a><\/li>\n<\/ul>\n<\/div><\/div>","protected":false},"excerpt":{"rendered":"<p>Il existe deux types de vacanciers. Ceux pour qui le confort est primordial et ceux qui pr\u00e9f\u00e8rent \u00eatre au contact de la nature. Comme nous aimons autant les uns que les autres, vous trouverez aussi bien des h\u00e9bergements que des emplacements chez nous. En effet, notre camping&nbsp;situ\u00e9 proche de Br\u00e9tignolles sur Mer pense \u00e0 tout [&hellip;]<\/p>\n","protected":false},"author":4,"featured_media":0,"parent":22336,"menu_order":0,"comment_status":"closed","ping_status":"closed","template":"","meta":{"_seopress_robots_primary_cat":"","_seopress_titles_title":"Location mobil home et emplacements pr\u00e8s de Bretignolles sur mer","_seopress_titles_desc":"Notre camping le Val de Vie situ\u00e9 proche de Br\u00e9tignolles sur Mer pense \u00e0 tout le monde. Il y aura donc des emplacements et des h\u00e9bergements.","_seopress_robots_index":"","footnotes":""},"class_list":["post-22350","page","type-page","status-publish","hentry"],"_links":{"self":[{"href":"https:\/\/www.campingvaldevie.fr\/nl\/wp-json\/wp\/v2\/pages\/22350","targetHints":{"allow":["GET"]}}],"collection":[{"href":"https:\/\/www.campingvaldevie.fr\/nl\/wp-json\/wp\/v2\/pages"}],"about":[{"href":"https:\/\/www.campingvaldevie.fr\/nl\/wp-json\/wp\/v2\/types\/page"}],"author":[{"embeddable":true,"href":"https:\/\/www.campingvaldevie.fr\/nl\/wp-json\/wp\/v2\/users\/4"}],"replies":[{"embeddable":true,"href":"https:\/\/www.campingvaldevie.fr\/nl\/wp-json\/wp\/v2\/comments?post=22350"}],"version-history":[{"count":4,"href":"https:\/\/www.campingvaldevie.fr\/nl\/wp-json\/wp\/v2\/pages\/22350\/revisions"}],"predecessor-version":[{"id":24379,"href":"https:\/\/www.campingvaldevie.fr\/nl\/wp-json\/wp\/v2\/pages\/22350\/revisions\/24379"}],"up":[{"embeddable":true,"href":"https:\/\/www.campingvaldevie.fr\/nl\/wp-json\/wp\/v2\/pages\/22336"}],"wp:attachment":[{"href":"https:\/\/www.campingvaldevie.fr\/nl\/wp-json\/wp\/v2\/media?parent=22350"}],"curies":[{"name":"wp","href":"https:\/\/api.w.org\/{rel}","templated":true}]}}