{"id":22504,"date":"2023-11-07T16:54:19","date_gmt":"2023-11-07T15:54:19","guid":{"rendered":"https:\/\/www.campingvaldevie.fr\/?page_id=22504"},"modified":"2024-07-24T09:42:11","modified_gmt":"2024-07-24T07:42:11","slug":"camping-lac-vendee","status":"publish","type":"page","link":"https:\/\/www.campingvaldevie.fr\/nl\/camping-lac-vendee\/","title":{"rendered":"Camping met meer in Vend\u00e9e"},"content":{"rendered":"<p>Droom je ervan om je vakantie door te brengen aan het water, in een natuurlijke, groene omgeving in het hart van de <strong>Loire<\/strong> ? Ben je op zoek naar een <strong>camping met meer in Vend\u00e9e<\/strong>Waar je kunt genieten van comfortabele accommodatie, watersporten, fietsen, vissen of gewoon lekker ontspannen? Kijk dan niet verder dan onze <a href=\"\/nl\/\">4-sterren camping in Vend\u00e9e<\/a> gelegen in de buurt van de <strong><a href=\"\/nl\/toerisme-vendee\/meer-apremont\/\">Meer van Apremont<\/a><\/strong>een meer van 167 hectare dat geklasseerd is als opmerkelijk natuurgebied. Je zult geen spijt krijgen van je verblijf op een van de best beoordeelde campings in het noordwesten van Frankrijk! Maak kennis met ons landgoed Val de Vie.<\/p>\n\n\n\n<div style=\"height:40px\" aria-hidden=\"true\" class=\"wp-block-spacer\"><\/div>\n\n\n\n<div class=\"wp-block-media-text alignwide has-media-on-the-right is-stacked-on-mobile is-image-fill\" style=\"grid-template-columns:auto 40%\"><div class=\"wp-block-media-text__content\">\n<h2 class=\"wp-block-heading has-text-align-left\" id=\"la-piscine-couverte-chauffee\">Overnachting op onze camping met meer in de Vend\u00e9e<\/h2>\n\n\n\n<p>Onze <strong>camping met meer in Vend\u00e9e<\/strong> biedt u een ruime keuze aan accommodaties en huuraccommodaties naar ieders smaak en budget voor een onvergetelijke vakantie in de Pays de la Loire. Of u nu met z'n twee\u00ebn bent, een gezin met kinderen of een groep vrienden, u vindt vast en zeker de accommodatie die bij u past tussen de verschillende mogelijkheden op ons domein.<\/p>\n\n\n\n<h3 class=\"wp-block-heading\">Verblijf in een stacaravan<\/h3>\n\n\n\n<p>Voor een <strong>een comfortabel verblijf in Pays de la Loire<\/strong>Kies een van onze eersteklas stacaravans <strong><a href=\"\/nl\/camping-natuur-vendee\/\">natuurcamping in de Vend\u00e9e<\/a><\/strong>. Deze accommodaties hebben 2 of 3 slaapkamers, een of twee badkamers en zijn allemaal uitgerust met een eigen badkamer. <a href=\"\/nl\/prive-spa-camping-vendee\/\">priv\u00e9 spa<\/a>. Er is ook een aanbod van minder dure stacaravans, die geen jacuzzi hebben maar wel alle faciliteiten die je nodig hebt voor een geslaagde vakantie in het westen van Frankrijk.<\/p>\n\n\n\n<p> Er is een keuken, woonkamer, toilet, badkamer en terras met tuinmeubilair. Deze<a href=\"\/nl\/accommodatie\/\"> verhuur van stacaravans in Vend\u00e9e<\/a> biedt je ontspannen nachten op vakantie.<\/p>\n<\/div><figure class=\"wp-block-media-text__media\" style=\"background-image:url(https:\/\/www.campingvaldevie.fr\/wp-content\/uploads\/2021\/09\/petit-camping-familial-haut-de-gamme-vendee.jpg);background-position:50% 50%\"><img loading=\"lazy\" decoding=\"async\" width=\"700\" height=\"700\" src=\"https:\/\/www.campingvaldevie.fr\/wp-content\/uploads\/2021\/09\/petit-camping-familial-haut-de-gamme-vendee.jpg\" alt=\"Kleine luxe familiecamping Vend\u00e9e\" class=\"wp-image-9398 size-full\" srcset=\"https:\/\/www.campingvaldevie.fr\/wp-content\/uploads\/2021\/09\/petit-camping-familial-haut-de-gamme-vendee.jpg 700w, https:\/\/www.campingvaldevie.fr\/wp-content\/uploads\/2021\/09\/petit-camping-familial-haut-de-gamme-vendee-300x300.jpg 300w, https:\/\/www.campingvaldevie.fr\/wp-content\/uploads\/2021\/09\/petit-camping-familial-haut-de-gamme-vendee-150x150.jpg 150w\" sizes=\"auto, (max-width: 700px) 100vw, 700px\" \/><\/figure><\/div>\n\n\n\n<div style=\"height:40px\" aria-hidden=\"true\" class=\"wp-block-spacer\"><\/div>\n\n\n\n<div class=\"wp-block-media-text alignwide is-stacked-on-mobile is-image-fill\" style=\"grid-template-columns:40% auto\"><figure class=\"wp-block-media-text__media\" style=\"background-image:url(https:\/\/www.campingvaldevie.fr\/wp-content\/uploads\/2018\/04\/tente-lodge-premium-1024x448.png);background-position:50% 50%\"><img loading=\"lazy\" decoding=\"async\" width=\"1024\" height=\"448\" src=\"https:\/\/www.campingvaldevie.fr\/wp-content\/uploads\/2018\/04\/tente-lodge-premium-1024x448.png\" alt=\"\" class=\"wp-image-10102 size-full\" srcset=\"https:\/\/www.campingvaldevie.fr\/wp-content\/uploads\/2018\/04\/tente-lodge-premium-1024x448.png 1024w, https:\/\/www.campingvaldevie.fr\/wp-content\/uploads\/2018\/04\/tente-lodge-premium-300x131.png 300w, https:\/\/www.campingvaldevie.fr\/wp-content\/uploads\/2018\/04\/tente-lodge-premium-768x336.png 768w, https:\/\/www.campingvaldevie.fr\/wp-content\/uploads\/2018\/04\/tente-lodge-premium.png 1107w\" sizes=\"auto, (max-width: 1024px) 100vw, 1024px\" \/><\/figure><div class=\"wp-block-media-text__content\">\n<h3 class=\"wp-block-heading has-text-align-left\" id=\"la-piscine-couverte-chauffee\">Lodge tent vakantie<\/h3>\n\n\n\n<p>Als je het volgende wilt ervaren <strong>ongewone vakantie in Loire<\/strong>Kies voor onze lodgetent, een tent van canvas en hout die je de charme biedt van traditioneel kamperen met modern comfort. <\/p>\n\n\n\n<p>Onze lodgetent heeft maximaal twee slaapkamers, een badkamer en een eigen spa.<\/p>\n\n\n\n<h3 class=\"wp-block-heading\">Nachten in een thuisbloem<\/h3>\n\n\n\n<p>Boek een luxueus verblijf in onze homeflower, een van onze topaccommodaties. <\/p>\n\n\n\n<p>De homeflower kan 2 of 3 slaapkamers, een badkamer en twee elektrisch ondersteunde fietsen bevatten, zodat je je gemakkelijk over de camping kunt verplaatsen.<\/p>\n<\/div><\/div>\n\n\n\n<div style=\"height:40px\" aria-hidden=\"true\" class=\"wp-block-spacer\"><\/div>\n\n\n\n<div class=\"wp-block-media-text alignwide has-media-on-the-right is-stacked-on-mobile is-image-fill\" style=\"grid-template-columns:auto 40%\"><div class=\"wp-block-media-text__content\">\n<h3 class=\"wp-block-heading has-text-align-left\" id=\"la-piscine-couverte-chauffee\">Een week in een chalet<\/h3>\n\n\n\n<p>Geniet van een ontspannen vakantie in ons chalet, een houten accommodatie met een warme en vriendelijke sfeer. <\/p>\n\n\n\n<p>Ons chalet biedt 2 tot 3 slaapkamers, een badkamer en een terras, en zal je een warm welkom heten tijdens je verblijf. <strong>verblijf in Loire<\/strong>.<\/p>\n\n\n\n<h3 class=\"wp-block-heading\">Campingplaats huren<\/h3>\n\n\n\n<p>Voor een authentieke vakantie in het westen van Frankrijk zet je je tent, caravan of camper neer op de <a href=\"\/nl\/locatie\/\">kampeerplaatsen in Vend\u00e9e<\/a>. <\/p>\n\n\n\n<p>Je kunt kiezen tussen onze basisplaatsen of onze premiumplaatsen, die je meer ruimte en meer faciliteiten bieden.<\/p>\n<\/div><figure class=\"wp-block-media-text__media\" style=\"background-image:url(https:\/\/www.campingvaldevie.fr\/wp-content\/uploads\/2022\/05\/IMG_6284.jpg);background-position:0% 66%\"><img loading=\"lazy\" decoding=\"async\" width=\"1024\" height=\"768\" src=\"https:\/\/www.campingvaldevie.fr\/wp-content\/uploads\/2022\/05\/IMG_6284.jpg\" alt=\"huur kampeerplaats\" class=\"wp-image-17443 size-full\" srcset=\"https:\/\/www.campingvaldevie.fr\/wp-content\/uploads\/2022\/05\/IMG_6284.jpg 1024w, https:\/\/www.campingvaldevie.fr\/wp-content\/uploads\/2022\/05\/IMG_6284-300x225.jpg 300w, https:\/\/www.campingvaldevie.fr\/wp-content\/uploads\/2022\/05\/IMG_6284-768x576.jpg 768w\" sizes=\"auto, (max-width: 1024px) 100vw, 1024px\" \/><\/figure><\/div>\n\n\n\n<div style=\"height:40px\" aria-hidden=\"true\" class=\"wp-block-spacer\"><\/div>\n\n\n\n<div class=\"wp-block-buttons is-layout-flex wp-block-buttons-is-layout-flex\">\n<div class=\"wp-block-button aligncenter\"><a class=\"wp-block-button__link wp-element-button\" href=\"https:\/\/www.campingvaldevie.fr\/nl\/accommodatie\/\">Ontdek onze huuraccommodaties<\/a><\/div>\n<\/div>\n\n\n\n<div style=\"height:40px\" aria-hidden=\"true\" class=\"wp-block-spacer\"><\/div>\n\n\n\n<div class=\"wp-block-media-text alignwide is-stacked-on-mobile is-image-fill\" style=\"grid-template-columns:40% auto\"><figure class=\"wp-block-media-text__media\" style=\"background-image:url(https:\/\/www.campingvaldevie.fr\/wp-content\/uploads\/2020\/09\/aquagym-1024x1024.jpg);background-position:50% 50%\"><img loading=\"lazy\" decoding=\"async\" width=\"1024\" height=\"1024\" src=\"https:\/\/www.campingvaldevie.fr\/wp-content\/uploads\/2020\/09\/aquagym-1024x1024.jpg\" alt=\"Watergymnastiek\" class=\"wp-image-6551 size-full\" srcset=\"https:\/\/www.campingvaldevie.fr\/wp-content\/uploads\/2020\/09\/aquagym-1024x1024.jpg 1024w, https:\/\/www.campingvaldevie.fr\/wp-content\/uploads\/2020\/09\/aquagym-300x300.jpg 300w, https:\/\/www.campingvaldevie.fr\/wp-content\/uploads\/2020\/09\/aquagym-150x150.jpg 150w, https:\/\/www.campingvaldevie.fr\/wp-content\/uploads\/2020\/09\/aquagym-768x768.jpg 768w, https:\/\/www.campingvaldevie.fr\/wp-content\/uploads\/2020\/09\/aquagym.jpg 1440w\" sizes=\"auto, (max-width: 1024px) 100vw, 1024px\" \/><\/figure><div class=\"wp-block-media-text__content\">\n<h2 class=\"wp-block-heading has-text-align-left\" id=\"la-piscine-couverte-chauffee\">Een vakantie met je voeten in het water op een camping in de Vend\u00e9e<\/h2>\n\n\n\n<p>Onze <strong>camping met meer in Vend\u00e9e<\/strong> biedt u een <strong>waterpark <\/strong>waar je kunt afkoelen, plezier maken en ontspannen. <\/p>\n\n\n\n<p>Ons zwemparadijs heeft een prachtig verwarmd binnenzwembad dat de hele dag geopend is van 10.00 tot 19.30 uur. <\/p>\n\n\n\n<p>Je kunt dus baantjes trekken, plezier maken met de kinderen of ze leren zwemmen in ons zwembad. <a href=\"\/nl\/het-zwembad\/\">camping met zwembad in de Vend\u00e9e.<\/a><\/p>\n<\/div><\/div>\n\n\n\n<div style=\"height:40px\" aria-hidden=\"true\" class=\"wp-block-spacer\"><\/div>\n\n\n\n<blockquote class=\"wp-block-quote is-layout-flow wp-block-quote-is-layout-flow\">\n<h2 class=\"wp-block-heading\">Kampeervakanties in de buurt van Lac d'Apremont<\/h2>\n\n\n\n<p>Onze<a href=\"\/nl\/familie-camping-vendee\/\"> familiecamping in de Vend\u00e9e<\/a> Het rijke historische, culturele en natuurlijke erfgoed van de regio kun je ontdekken tijdens je verblijf in Pays de la Loire. Bezoek het Ch\u00e2teau d'Apremont, een historisch monument dat uitkijkt over het meer en waar een museum over de geschiedenis van het dorp is gevestigd. Wandel of fiets met uw kinderen over de bewegwijzerde paden die langs het meer lopen en prachtige uitzichten bieden. <\/p>\n\n\n\n<p>Organiseer een dagje vissen in het meer, waar het krioelt van de vissen. Ontdek tot slot de andere toeristische trekpleisters in de Vend\u00e9e, zoals Puy du Fou, het Marais Poitevin, Les Sables d'Olonne en het eiland Noirmoutier. En om dit te doen, kun je het beste een van de volgende accommodaties huren<strong> Campings in Loire<\/strong>. <\/p>\n\n\n\n<p>Wacht niet langer en boek nu je verblijf bij ons! <strong>camping met meer in Vend\u00e9e<\/strong>voor een onvergetelijke vakantie! Je hoeft je nooit te vervelen dankzij alle activiteiten op de camping (zwembad, spa, enz.) en in de regio. Klaar om naar dit kleine paradijs te vertrekken?<\/p>\n<\/blockquote>\n\n\n\n<div style=\"height:40px\" aria-hidden=\"true\" class=\"wp-block-spacer\"><\/div>\n\n\n\n<h2 class=\"wp-block-heading has-text-align-center\">Ontdek ook<\/h2>\n\n\n\n<div style=\"height:40px\" aria-hidden=\"true\" class=\"wp-block-spacer\"><\/div>\n\n\n\n<div class=\"wp-block-columns is-layout-flex wp-container-core-columns-is-layout-9d6595d7 wp-block-columns-is-layout-flex\">\n<div class=\"wp-block-column is-layout-flow wp-block-column-is-layout-flow\">\n<div class=\"wp-block-cover is-light has-small-font-size\" style=\"min-height:350px;aspect-ratio:unset;\"><span aria-hidden=\"true\" class=\"wp-block-cover__background has-background-dim\"><\/span><img loading=\"lazy\" decoding=\"async\" width=\"700\" height=\"525\" class=\"wp-block-cover__image-background wp-image-21217\" alt=\"mobil-home beste beoordelingen kleine camping vend\u00e9e\" src=\"https:\/\/www.campingvaldevie.fr\/wp-content\/uploads\/2023\/03\/IMG_05051-scaled-1-1024x768-1.jpg\" data-object-fit=\"cover\" srcset=\"https:\/\/www.campingvaldevie.fr\/wp-content\/uploads\/2023\/03\/IMG_05051-scaled-1-1024x768-1.jpg 700w, https:\/\/www.campingvaldevie.fr\/wp-content\/uploads\/2023\/03\/IMG_05051-scaled-1-1024x768-1-300x225.jpg 300w\" sizes=\"auto, (max-width: 700px) 100vw, 700px\" \/><div class=\"wp-block-cover__inner-container is-layout-flow wp-block-cover-is-layout-flow\">\n<p class=\"has-text-align-center has-large-font-size\"><a href=\"https:\/\/www.campingvaldevie.fr\/nl\/accommodatie\/\" data-type=\"link\" data-id=\"https:\/\/www.campingvaldevie.fr\/hebergements\/\">Onze stacaravans in Vend\u00e9e<\/a><\/p>\n<\/div><\/div>\n<\/div>\n\n\n\n<div class=\"wp-block-column is-layout-flow wp-block-column-is-layout-flow\">\n<div class=\"wp-block-cover has-small-font-size\" style=\"min-height:350px;aspect-ratio:unset;\"><span aria-hidden=\"true\" class=\"wp-block-cover__background has-background-dim\"><\/span><img loading=\"lazy\" decoding=\"async\" width=\"700\" height=\"700\" class=\"wp-block-cover__image-background wp-image-17826\" alt=\"Kleine camping met wellnessruimte Vend\u00e9e\" src=\"https:\/\/www.campingvaldevie.fr\/wp-content\/uploads\/2022\/06\/petit-camping-avec-espace-bien-etre-vendee.jpg\" data-object-fit=\"cover\" srcset=\"https:\/\/www.campingvaldevie.fr\/wp-content\/uploads\/2022\/06\/petit-camping-avec-espace-bien-etre-vendee.jpg 700w, https:\/\/www.campingvaldevie.fr\/wp-content\/uploads\/2022\/06\/petit-camping-avec-espace-bien-etre-vendee-300x300.jpg 300w, https:\/\/www.campingvaldevie.fr\/wp-content\/uploads\/2022\/06\/petit-camping-avec-espace-bien-etre-vendee-150x150.jpg 150w\" sizes=\"auto, (max-width: 700px) 100vw, 700px\" \/><div class=\"wp-block-cover__inner-container is-layout-flow wp-block-cover-is-layout-flow\">\n<p class=\"has-text-align-center has-large-font-size\"><a href=\"\/nl\/prive-spa-camping-vendee\/\" data-type=\"page\" data-id=\"1382\">Onze stacaravans met spa<\/a><\/p>\n<\/div><\/div>\n<\/div>\n\n\n\n<div class=\"wp-block-column is-layout-flow wp-block-column-is-layout-flow\">\n<div class=\"wp-block-cover has-small-font-size\" style=\"min-height:350px;aspect-ratio:unset;\"><span aria-hidden=\"true\" class=\"wp-block-cover__background has-background-dim\"><\/span><img loading=\"lazy\" decoding=\"async\" width=\"1024\" height=\"768\" class=\"wp-block-cover__image-background wp-image-23741\" alt=\"\" src=\"https:\/\/www.campingvaldevie.fr\/wp-content\/uploads\/2024\/02\/8.jpg\" data-object-fit=\"cover\" srcset=\"https:\/\/www.campingvaldevie.fr\/wp-content\/uploads\/2024\/02\/8.jpg 1024w, https:\/\/www.campingvaldevie.fr\/wp-content\/uploads\/2024\/02\/8-300x225.jpg 300w, https:\/\/www.campingvaldevie.fr\/wp-content\/uploads\/2024\/02\/8-768x576.jpg 768w\" sizes=\"auto, (max-width: 1024px) 100vw, 1024px\" \/><div class=\"wp-block-cover__inner-container is-layout-flow wp-block-cover-is-layout-flow\">\n<p class=\"has-text-align-center has-large-font-size\"><a href=\"\/nl\/familie-camping-vendee\/\" data-type=\"link\" data-id=\"https:\/\/www.campingvaldevie.fr\/editorial\/camping-familial-vendee\/\">Een familiecamping in de Vend\u00e9e<\/a><\/p>\n<\/div><\/div>\n<\/div>\n<\/div>","protected":false},"excerpt":{"rendered":"<p>Vous r\u00eavez de passer des vacances au bord de l\u2019eau, dans un cadre naturel et verdoyant au c\u0153ur des Pays de la Loire ? Vous cherchez un camping avec lac en Vend\u00e9e, o\u00f9 vous pourrez profiter de locations confortables, d\u2019activit\u00e9s nautiques, de balades \u00e0 v\u00e9lo, de p\u00eache ou de farniente ? Alors, ne cherchez plus [&hellip;]<\/p>\n","protected":false},"author":4,"featured_media":0,"parent":0,"menu_order":0,"comment_status":"closed","ping_status":"closed","template":"","meta":{"_seopress_robots_primary_cat":"","_seopress_titles_title":"Camping avec lac en Vend\u00e9e : s\u00e9jour avec lac Pays de la Loire","_seopress_titles_desc":"Vous r\u00eavez d\u2019un s\u00e9jour en camping avec lac en Vend\u00e9e ? D\u00e9couvrez notre domaine : le Val de Vie \u00e0 Mach\u00e9 !","_seopress_robots_index":"","footnotes":""},"class_list":["post-22504","page","type-page","status-publish","hentry"],"_links":{"self":[{"href":"https:\/\/www.campingvaldevie.fr\/nl\/wp-json\/wp\/v2\/pages\/22504","targetHints":{"allow":["GET"]}}],"collection":[{"href":"https:\/\/www.campingvaldevie.fr\/nl\/wp-json\/wp\/v2\/pages"}],"about":[{"href":"https:\/\/www.campingvaldevie.fr\/nl\/wp-json\/wp\/v2\/types\/page"}],"author":[{"embeddable":true,"href":"https:\/\/www.campingvaldevie.fr\/nl\/wp-json\/wp\/v2\/users\/4"}],"replies":[{"embeddable":true,"href":"https:\/\/www.campingvaldevie.fr\/nl\/wp-json\/wp\/v2\/comments?post=22504"}],"version-history":[{"count":9,"href":"https:\/\/www.campingvaldevie.fr\/nl\/wp-json\/wp\/v2\/pages\/22504\/revisions"}],"predecessor-version":[{"id":25093,"href":"https:\/\/www.campingvaldevie.fr\/nl\/wp-json\/wp\/v2\/pages\/22504\/revisions\/25093"}],"wp:attachment":[{"href":"https:\/\/www.campingvaldevie.fr\/nl\/wp-json\/wp\/v2\/media?parent=22504"}],"curies":[{"name":"wp","href":"https:\/\/api.w.org\/{rel}","templated":true}]}}