{"id":22638,"date":"2023-11-23T14:36:37","date_gmt":"2023-11-23T13:36:37","guid":{"rendered":"https:\/\/www.campingvaldevie.fr\/?page_id=22638"},"modified":"2026-04-15T22:51:03","modified_gmt":"2026-04-15T20:51:03","slug":"bretignolles-sur-mer","status":"publish","type":"page","link":"https:\/\/www.campingvaldevie.fr\/nl\/tourisme-vendee\/bretignolles-sur-mer\/","title":{"rendered":"Br\u00e9tignolles aan zee"},"content":{"rendered":"<p><strong>Br\u00e9tignolles-sur-Mer<\/strong> is een badplaats met een 12 km lange kustlijn. Wilt u vakantie vieren in deze mooie hoek van Frankrijk? Een verblijf op een camping is de ideale manier om optimaal te genieten van uw verblijf in de Vend\u00e9e. Een camping biedt je een comfortabele uitvalsbasis voor een ontspannen nachtrust, voordat je op pad gaat om de stad en de omgeving te verkennen. Onze <a href=\"\/nl\/camping-bretignolles-sur-mer\/\">camping in de buurt van Br\u00e9tignolles-sur-Mer<\/a> opent zijn deuren voor u en biedt u een unieke week in het hart van de<strong> Loire<\/strong>. Ontdek wat er allemaal te zien en te doen is in deze bijzondere stad!&nbsp;<\/p>\n\n\n\n<div style=\"height:50px\" aria-hidden=\"true\" class=\"wp-block-spacer\"><\/div>\n\n\n\n<div class=\"wp-block-media-text is-stacked-on-mobile is-image-fill-element\"><figure class=\"wp-block-media-text__media\"><img loading=\"lazy\" decoding=\"async\" width=\"600\" height=\"450\" src=\"https:\/\/www.campingvaldevie.fr\/wp-content\/uploads\/2023\/11\/quartier-bretignolles-sur-mer.jpg\" alt=\"Wijken van Br\u00e9tignolles sur Mer\" class=\"wp-image-22642 size-full\" style=\"object-position:50% 50%\" srcset=\"https:\/\/www.campingvaldevie.fr\/wp-content\/uploads\/2023\/11\/quartier-bretignolles-sur-mer.jpg 600w, https:\/\/www.campingvaldevie.fr\/wp-content\/uploads\/2023\/11\/quartier-bretignolles-sur-mer-300x225.jpg 300w\" sizes=\"auto, (max-width: 600px) 100vw, 600px\" \/><\/figure><div class=\"wp-block-media-text__content\">\n<h2 class=\"wp-block-heading has-text-align-left\">De wijken van Br\u00e9tignolles-Mer<\/h2>\n\n\n\n<p>Tijdens uw kampeervakantie in het mooie stadje <strong>Br\u00e9tignolles-sur-Mer<\/strong>Ontdek de karakteristieke wijken van de stad. De <strong>Wijk Les Halles<\/strong> is er een van en een must voor de <strong>toerisme in Br\u00e9tignolles<\/strong>. Het biedt een gezellige sfeer voor de hele bevolking en voor vakantiegangers die in de gemeente verblijven. Kom elke week op donderdag en zondag naar ons belangrijkste evenement: de markt!&nbsp;<\/p>\n\n\n\n<p>Een ander gebied dat je echt moet bezoeken tijdens je weekje vakantie in de Vend\u00e9e is de <strong>Sauzaie wijk<\/strong>. Dit voormalige vissersdorp heeft een onmiskenbare charme dankzij de gevarieerde kleuren van de voorzieningen en de stokrozen die het geheel verfraaien.<\/p>\n<\/div><\/div>\n\n\n\n<div style=\"height:100px\" aria-hidden=\"true\" class=\"wp-block-spacer\"><\/div>\n\n\n\n<div class=\"wp-block-media-text has-media-on-the-right is-stacked-on-mobile is-image-fill-element\"><div class=\"wp-block-media-text__content\">\n<h2 class=\"wp-block-heading has-text-align-left\">Kerk van Notre Dame de l'Assomption<\/h2>\n\n\n\n<p>Terwijl je verder wandelt door het hart van de <strong>stad Br\u00e9tignolles-sur-Mer<\/strong>ontdek je de beroemde <strong>Kerk Notre-Dame de l'Assomption<\/strong>. Dit uitzonderlijke historische monument ligt recht tegenover Les Halles. Het gebouw dat het publiek vandaag de dag kan bewonderen is eigenlijk een reconstructie van een eerdere kerk in de gemeente, die te vervallen werd geacht om te worden gerepareerd. Deze kerk werd echter gebouwd met delen van het vorige gebouw. Dankzij dit nauwgezette werk kun je de altaren uit die tijd bewonderen, gewijd aan Johannes de Doper en de Maagd Maria.&nbsp;<\/p>\n\n\n\n<h2 class=\"wp-block-heading has-text-align-left\">Kasteel van Beaumarchais&nbsp;<\/h2>\n\n\n\n<p>Heb je een passie voor geschiedenis en bijzondere monumenten? Tijdens je vakantie in de stad <strong>Br\u00e9tignolles-sur-Mer<\/strong>Mis de <strong>Kasteel van Beaumarchais<\/strong>. Dit kasteel heeft een weelderige architectuur en weelderige tuinen die de omgeving verfraaien. Helaas kun je het gebouw alleen van de buitenkant bewonderen, want het is niet toegankelijk voor bezoekers.&nbsp;<\/p>\n<\/div><figure class=\"wp-block-media-text__media\"><img loading=\"lazy\" decoding=\"async\" width=\"600\" height=\"450\" src=\"https:\/\/www.campingvaldevie.fr\/wp-content\/uploads\/2023\/11\/chateau-beaumarche-bretignolless-sur-mer.jpg\" alt=\"Kasteel van Beaumarchais\" class=\"wp-image-22646 size-full\" style=\"object-position:50% 50%\" srcset=\"https:\/\/www.campingvaldevie.fr\/wp-content\/uploads\/2023\/11\/chateau-beaumarche-bretignolless-sur-mer.jpg 600w, https:\/\/www.campingvaldevie.fr\/wp-content\/uploads\/2023\/11\/chateau-beaumarche-bretignolless-sur-mer-300x225.jpg 300w\" sizes=\"auto, (max-width: 600px) 100vw, 600px\" \/><\/figure><\/div>\n\n\n\n<div style=\"height:100px\" aria-hidden=\"true\" class=\"wp-block-spacer\"><\/div>\n\n\n\n<div class=\"wp-block-media-text is-stacked-on-mobile is-image-fill-element\"><figure class=\"wp-block-media-text__media\"><img loading=\"lazy\" decoding=\"async\" width=\"600\" height=\"450\" src=\"https:\/\/www.campingvaldevie.fr\/wp-content\/uploads\/2023\/11\/village-miniature.jpg\" alt=\"miniatuurdorp\" class=\"wp-image-22650 size-full\" style=\"object-position:50% 50%\" srcset=\"https:\/\/www.campingvaldevie.fr\/wp-content\/uploads\/2023\/11\/village-miniature.jpg 600w, https:\/\/www.campingvaldevie.fr\/wp-content\/uploads\/2023\/11\/village-miniature-300x225.jpg 300w\" sizes=\"auto, (max-width: 600px) 100vw, 600px\" \/><\/figure><div class=\"wp-block-media-text__content\">\n<h2 class=\"wp-block-heading has-text-align-left\">Het miniatuurdorp<\/h2>\n\n\n\n<p>Of je nu op kampeervakantie gaat met je kinderen of met een groep volwassenen, je kunt het je niet veroorloven om de <strong>Miniatuurdorp<\/strong>. Dit iconische recreatiepark in de Vend\u00e9e neemt je mee terug in de tijd. Ga terug naar het begin van 1900 en ontdek hoe het leven in de Vend\u00e9e er toen uitzag - gebouwen en ambachten bijvoorbeeld - dankzij een reproductie op schaal 1\/10. Het detailniveau van deze <strong>Miniatuurdorp in Br\u00e9tignolles-sur-Mer <\/strong>is indrukwekkend en brengt het geheel tot leven. Dit bezoek tijdens je verblijf in de Vend\u00e9e zal je zeker bevallen.<\/p>\n\n\n\n<h2 class=\"wp-block-heading has-text-align-left\">De rots van Sainte V\u00e9ronique<\/h2>\n\n\n\n<p>Le <strong>Rocher Sainte V\u00e9ronique<\/strong> is een opmerkelijke natuurlijke site in Br\u00e9tignolles-sur-Mer, in de Vend\u00e9e. Deze rotsformatie rijst majestueus op uit de kustlijn en biedt een indrukwekkend schouwspel, vooral bij vloed. De site wordt niet alleen gewaardeerd om zijn natuurlijke schoonheid, maar ook om de legendes die eromheen hangen en die een mystieke en historische dimensie toevoegen aan de ontdekking ervan.<\/p>\n<\/div><\/div>\n\n\n\n<div style=\"height:100px\" aria-hidden=\"true\" class=\"wp-block-spacer\"><\/div>\n\n\n\n<div class=\"wp-block-media-text has-media-on-the-right is-stacked-on-mobile is-image-fill-element\"><div class=\"wp-block-media-text__content\">\n<h2 class=\"wp-block-heading has-text-align-left\">De duinen van Sauzay en Jaunay<\/h2>\n\n\n\n<p>De <strong>Duinen van Sauzay en Jaunay<\/strong> zijn bijzonder mooie kustecosystemen in de buurt van de stad <strong>Br\u00e9tignolles-sur-Mer<\/strong>. Deze duinen, gevormd door de werking van de wind en de getijden, bieden een veranderlijk en levendig landschap, gekenmerkt door een gevarieerde flora en fauna. Ze zijn een geweldige plek voor natuurliefhebbers om te wandelen en spelen een cruciale rol in de bescherming van de kust tegen erosie.<\/p>\n\n\n\n<h2 class=\"wp-block-heading has-text-align-left\">De Pierre Lev\u00e9e de Soubise<\/h2>\n\n\n\n<p>La <strong>Pierre Lev\u00e9e de Soubise<\/strong> is een megalithisch monument in <strong>Br\u00e9tignolles-sur-Mer<\/strong>in het westen van Frankrijk. Deze staande steen, bewijs van prehistorische menselijke bewoning, is intrigerend vanwege zijn geschiedenis en oorsprong. Het symboliseert het rijke historische erfgoed van de regio en nodigt uit tot nieuwsgierigheid en verkenning. Een bezoek aan deze plek in de Vend\u00e9e is een duik in het verleden en biedt een blik op de tradities en overtuigingen van de oude volkeren in de regio.<\/p>\n<\/div><figure class=\"wp-block-media-text__media\"><img loading=\"lazy\" decoding=\"async\" width=\"600\" height=\"450\" src=\"https:\/\/www.campingvaldevie.fr\/wp-content\/uploads\/2023\/11\/pierre-levee-de-soubise.jpg\" alt=\"Verhoogde steen van Soubise\" class=\"wp-image-22654 size-full\" style=\"object-position:50% 50%\" srcset=\"https:\/\/www.campingvaldevie.fr\/wp-content\/uploads\/2023\/11\/pierre-levee-de-soubise.jpg 600w, https:\/\/www.campingvaldevie.fr\/wp-content\/uploads\/2023\/11\/pierre-levee-de-soubise-300x225.jpg 300w\" sizes=\"auto, (max-width: 600px) 100vw, 600px\" \/><\/figure><\/div>\n\n\n\n<div style=\"height:100px\" aria-hidden=\"true\" class=\"wp-block-spacer\"><\/div>\n\n\n\n<div class=\"wp-block-media-text is-stacked-on-mobile is-image-fill-element\"><figure class=\"wp-block-media-text__media\"><img loading=\"lazy\" decoding=\"async\" width=\"1024\" height=\"683\" src=\"https:\/\/www.campingvaldevie.fr\/wp-content\/uploads\/2022\/12\/plage-paree-du-jonc-1024x683.jpg\" alt=\"\" class=\"wp-image-20305 size-full\" style=\"object-position:50% 50%\" srcset=\"https:\/\/www.campingvaldevie.fr\/wp-content\/uploads\/2022\/12\/plage-paree-du-jonc-1024x683.jpg 1024w, https:\/\/www.campingvaldevie.fr\/wp-content\/uploads\/2022\/12\/plage-paree-du-jonc-300x200.jpg 300w, https:\/\/www.campingvaldevie.fr\/wp-content\/uploads\/2022\/12\/plage-paree-du-jonc-768x512.jpg 768w, https:\/\/www.campingvaldevie.fr\/wp-content\/uploads\/2022\/12\/plage-paree-du-jonc.jpg 1200w\" sizes=\"auto, (max-width: 1024px) 100vw, 1024px\" \/><\/figure><div class=\"wp-block-media-text__content\">\n<h2 class=\"wp-block-heading has-text-align-left\">De stranden van Br\u00e9tignolles-sur-Mer<\/h2>\n\n\n\n<p>Als de <strong>gemeente Br\u00e9tignolles-sur-Mer<\/strong> heeft een indrukwekkend historisch erfgoed, dus neem de tijd om nieuwe energie op te doen op een van de vele stranden. <a href=\"https:\/\/www.campingvaldevie.fr\/nl\/toerisme-vendee\/bretignolles-sur-mer-stranden\/\">stranden<\/a> :<\/p>\n\n\n\n<ul class=\"wp-block-list\">\n<li>Sauzaie strand<\/li>\n\n\n\n<li>La Par\u00e9e strand<\/li>\n\n\n\n<li>La Normandeli\u00e8re strand<\/li>\n\n\n\n<li>Duinen&nbsp;<\/li>\n<\/ul>\n\n\n\n<p>Le<strong> kust<\/strong> onthult haar schoonheid op een zonnige dag. Je kunt ontspannen op een wild strand of een meer toeristisch strand, zandkastelen maken met de kinderen of gaan zwemmen.<\/p>\n\n\n\n<h2 class=\"wp-block-heading has-text-align-left\">Sportactiviteiten in Br\u00e9tignolles-sur-Mer<\/h2>\n\n\n\n<p>Dankzij de gevarieerde landschappen van<strong> Br\u00e9tignolles-sur-Mer<\/strong> - van een strand tot een groene omgeving - kun je genieten van een breed scala aan sportieve activiteiten. Probeer op het strand te surfen, paddleboarden of jetski\u00ebn. Er zijn talloze surfscholen langs de kust om je de sport van je keuze te leren en je te voorzien van de benodigde uitrusting. Je kunt ook wandelingen langs het strand of in het bos organiseren. Hiervoor zijn in de hele Vend\u00e9e paden en fietspaden beschikbaar.&nbsp;<\/p>\n<\/div><\/div>\n\n\n\n<div style=\"height:100px\" aria-hidden=\"true\" class=\"wp-block-spacer\"><\/div>\n\n\n\n<div class=\"wp-block-media-text has-media-on-the-right is-stacked-on-mobile is-image-fill-element\"><div class=\"wp-block-media-text__content\">\n<h2 class=\"wp-block-heading has-text-align-left\">De omgeving van Br\u00e9tignolles-sur-Mer<\/h2>\n\n\n\n<p>Als<strong> Br\u00e9tignolles-sur-Mer <\/strong>De Vend\u00e9e belooft u een onvergetelijke vakantie, en dit vakantiehuis is de perfecte uitvalsbasis om de omgeving te ontdekken. Saint-Gilles-Croix-de-Vie, Brem-sur-Mer, les Sables d\u2019Olonne, Saint-Jean-de-Monts of Saint-Hilaire-de-Riez zijn essenti\u00eble badplaatsen. Hun stranden nodigen uit tot zwemmen, terwijl hun stadscentra perfect zijn om te winkelen en een lekkere maaltijd te eten. In onze gids vindt u adressen voor ieders smaak. <a href=\"https:\/\/www.campingvaldevie.fr\/nl\/blog\/restaurants-bretignolles\/\">restaurants Br\u00e9tignolles<\/a>.<\/p>\n\n\n\n<p><strong>Logeren in Br\u00e9tignolles-sur-Mer <\/strong>is een kans om een week door te brengen in een uitzonderlijke gemeente aan de kust van de Vend\u00e9e. Het geeft je ook de kans om de emblematische steden van de regio te bezoeken, zoals Saint-Gilles-Croix-de-Vie en Saint-Hilaire-de-Riez. Om je te helpen het beste uit je verblijf te halen, hebben onze <a href=\"\/nl\/\">kamperen in de Vend\u00e9e<\/a> heet je welkom op zijn domein vol sterren. We bieden je niet alleen comfortabele accommodatie of ruime kampeerplaatsen, maar ons team staat ook klaar om naar je wensen te luisteren en als gids op te treden zodat je niets van de actie hoeft te missen.<strong> toerisme in Br\u00e9tignolles-sur-Mer<\/strong>.&nbsp;<\/p>\n<\/div><figure class=\"wp-block-media-text__media\"><img loading=\"lazy\" decoding=\"async\" width=\"800\" height=\"533\" src=\"https:\/\/www.campingvaldevie.fr\/wp-content\/uploads\/2019\/06\/saint-gilles-croix-de-vie-IMG_5486.jpg\" alt=\"jachthaven st gilles croix de vie\" class=\"wp-image-4727 size-full\" style=\"object-position:48% 51%\" srcset=\"https:\/\/www.campingvaldevie.fr\/wp-content\/uploads\/2019\/06\/saint-gilles-croix-de-vie-IMG_5486.jpg 800w, https:\/\/www.campingvaldevie.fr\/wp-content\/uploads\/2019\/06\/saint-gilles-croix-de-vie-IMG_5486-300x200.jpg 300w, https:\/\/www.campingvaldevie.fr\/wp-content\/uploads\/2019\/06\/saint-gilles-croix-de-vie-IMG_5486-768x512.jpg 768w\" sizes=\"auto, (max-width: 800px) 100vw, 800px\" \/><\/figure><\/div>","protected":false},"excerpt":{"rendered":"<p>Br\u00e9tignolles-sur-Mer est une station baln\u00e9aire qui dispose d\u2019une longue bande c\u00f4ti\u00e8re de pr\u00e8s de 12 km. Vous souhaitez prendre des vacances dans ce joli coin de France ? S\u00e9journer dans un camping est l&rsquo;id\u00e9al pour profiter pleinement de votre s\u00e9jour en Vend\u00e9e. En effet, un camping vous permet de disposer d&rsquo;un pied-\u00e0-terre confortable offrant des [&hellip;]<\/p>\n","protected":false},"author":4,"featured_media":0,"parent":20275,"menu_order":0,"comment_status":"closed","ping_status":"closed","template":"","meta":{"_seopress_robots_primary_cat":"","_seopress_titles_title":"","_seopress_titles_desc":"","_seopress_robots_index":"","footnotes":""},"class_list":["post-22638","page","type-page","status-publish","hentry"],"_links":{"self":[{"href":"https:\/\/www.campingvaldevie.fr\/nl\/wp-json\/wp\/v2\/pages\/22638","targetHints":{"allow":["GET"]}}],"collection":[{"href":"https:\/\/www.campingvaldevie.fr\/nl\/wp-json\/wp\/v2\/pages"}],"about":[{"href":"https:\/\/www.campingvaldevie.fr\/nl\/wp-json\/wp\/v2\/types\/page"}],"author":[{"embeddable":true,"href":"https:\/\/www.campingvaldevie.fr\/nl\/wp-json\/wp\/v2\/users\/4"}],"replies":[{"embeddable":true,"href":"https:\/\/www.campingvaldevie.fr\/nl\/wp-json\/wp\/v2\/comments?post=22638"}],"version-history":[{"count":6,"href":"https:\/\/www.campingvaldevie.fr\/nl\/wp-json\/wp\/v2\/pages\/22638\/revisions"}],"predecessor-version":[{"id":26758,"href":"https:\/\/www.campingvaldevie.fr\/nl\/wp-json\/wp\/v2\/pages\/22638\/revisions\/26758"}],"up":[{"embeddable":true,"href":"https:\/\/www.campingvaldevie.fr\/nl\/wp-json\/wp\/v2\/pages\/20275"}],"wp:attachment":[{"href":"https:\/\/www.campingvaldevie.fr\/nl\/wp-json\/wp\/v2\/media?parent=22638"}],"curies":[{"name":"wp","href":"https:\/\/api.w.org\/{rel}","templated":true}]}}