{"id":25889,"date":"2025-09-22T14:51:40","date_gmt":"2025-09-22T12:51:40","guid":{"rendered":"https:\/\/www.campingvaldevie.fr\/?page_id=25889"},"modified":"2026-04-15T23:09:55","modified_gmt":"2026-04-15T21:09:55","slug":"bretignolles-sur-mer-activiteiten","status":"publish","type":"page","link":"https:\/\/www.campingvaldevie.fr\/nl\/activitees-bretignolles-sur-mer\/","title":{"rendered":"De leukste dingen om te doen in Bretignolles-sur-Mer"},"content":{"rendered":"<p>Tussen <strong>Sables d'Olonne<\/strong> en <strong>Saint-Gilles-Croix-de-Vie<\/strong>bevindt zich <strong>Bretignolles-sur-Mer<\/strong>,<strong> <\/strong>een klein juweeltje uit de <strong>C\u00f4te de Lumi\u00e8re<\/strong>. Met zijn label <strong>Toeristische kwaliteit<\/strong> en de ontspannen sfeer, dit <strong>kustplaats<\/strong> onderscheidt zich door haar prachtige stranden, haar erfgoed en haar hoogwaardige infrastructuur. Wil je ontdekken wat deze charmante stad allemaal te bieden heeft? Uw <a href=\"https:\/\/www.campingvaldevie.fr\/nl\/\">4-sterren camping in Vend\u00e9e<\/a>, <strong>Val de Vie<\/strong>ligt op slechts 25 km afstand!<br><\/p>\n\n\n\n<div style=\"height:30px\" aria-hidden=\"true\" class=\"wp-block-spacer\"><\/div>\n\n\n\n<div class=\"wp-block-media-text is-stacked-on-mobile is-image-fill-element\"><figure class=\"wp-block-media-text__media\"><img loading=\"lazy\" decoding=\"async\" width=\"1024\" height=\"683\" src=\"https:\/\/www.campingvaldevie.fr\/wp-content\/uploads\/2022\/02\/Bretignolles-sur-mer-IMG_1570-1024x683.jpg\" alt=\"Br\u00e9tignolles sur Mer strand\" class=\"wp-image-11896 size-full\" style=\"object-position:50% 50%\" srcset=\"https:\/\/www.campingvaldevie.fr\/wp-content\/uploads\/2022\/02\/Bretignolles-sur-mer-IMG_1570-1024x683.jpg 1024w, https:\/\/www.campingvaldevie.fr\/wp-content\/uploads\/2022\/02\/Bretignolles-sur-mer-IMG_1570-300x200.jpg 300w, https:\/\/www.campingvaldevie.fr\/wp-content\/uploads\/2022\/02\/Bretignolles-sur-mer-IMG_1570-768x512.jpg 768w, https:\/\/www.campingvaldevie.fr\/wp-content\/uploads\/2022\/02\/Bretignolles-sur-mer-IMG_1570.jpg 1200w\" sizes=\"auto, (max-width: 1024px) 100vw, 1024px\" \/><\/figure><div class=\"wp-block-media-text__content\">\n<h2 class=\"wp-block-heading\"><strong>Dingen om te onthouden voor een bezoek aan Bretignolles-sur-Mer<\/strong><\/h2>\n\n\n\n<ul class=\"wp-block-list\">\n<li><strong>Diverse stranden<\/strong> Wilde baaien (Sauzaie), familiestranden (Par\u00e9e), watersporten (Normandeli\u00e8re, Dunes).<\/li>\n\n\n\n<li><strong>Bord sport<\/strong> Surfen, kitesurfen, bodyboarden - gelabeld resort <em>Surfstad 2025<\/em>.<\/li>\n\n\n\n<li><strong>Natuurwandelingen<\/strong> Kustpaden, duinen van Sauzaie en Gach\u00e8re (Natura 2000), fietsroutes van V\u00e9lodyss\u00e9e.<\/li>\n\n\n\n<li><strong>Erfgoed<\/strong> De dolmen Pierre Lev\u00e9e, de rots Sainte V\u00e9ronique, de kerk Notre-Dame en het miniatuurmuseum van de Vend\u00e9e.<\/li>\n\n\n\n<li><strong>Amusement voor het hele gezin<\/strong> skatepark, minigolf, kermis en authentieke lokale sfeer.<\/li>\n\n\n\n<li><strong>Lokale gastronomie<\/strong> markten en goede restaurants met uitzicht op de oceaan.<\/li>\n\n\n\n<li><strong>Feestelijke evenementen<\/strong> Festival La 7\u00e8me Vague, La D\u00e9ferlante, Rock'n Beer, zomeravondmarkt.<\/li>\n<\/ul>\n<\/div><\/div>\n\n\n\n<div style=\"height:30px\" aria-hidden=\"true\" class=\"wp-block-spacer\"><\/div>\n\n\n\n<div class=\"wp-block-media-text has-media-on-the-right is-stacked-on-mobile is-image-fill-element\"><div class=\"wp-block-media-text__content\">\n<h2 class=\"wp-block-heading\"><strong>Stranden, golven en watersporten!<\/strong><\/h2>\n\n\n\n<p>De kustlijn van <strong>Bretignolles-sur-Mer<\/strong> nodigt uit tot nietsdoen en avontuur. De stranden zijn gevarieerd, elk met een eigen karakter.<\/p>\n\n\n\n<p>Liever wilde baaien? Ga naar de <strong>strand van de<\/strong> <strong>Sauzaie<\/strong> ! Voor gezinnen is de <strong>strand van La Par\u00e9e<\/strong> is ideaal, met zijn rustige sfeer. La <strong>Normandi\u00eb<\/strong> en de <strong>Marais Girard<\/strong> zijn perfect voor watersporten of vissen. <strong>Wat te doen in Bretignolles-sur-Mer voor een spannende ervaring<\/strong> ? Probeer een surf-, kitesurf- of bodyboardles! De lange <strong>duinen 1 en 2<\/strong> zijn perfect voor dit soort activiteiten. Het resort is ook bekroond met de <strong>De stad van de branding<\/strong> in 2025.<\/p>\n<\/div><figure class=\"wp-block-media-text__media\"><img loading=\"lazy\" decoding=\"async\" width=\"1024\" height=\"683\" src=\"https:\/\/www.campingvaldevie.fr\/wp-content\/uploads\/2022\/02\/plage-de-la-paree-bretignolles-sur-mer-IMG_5419-1024x683.jpg\" alt=\"plage-de-la-paree-bretignolles-sur-mer\" class=\"wp-image-14453 size-full\" style=\"object-position:50% 50%\" srcset=\"https:\/\/www.campingvaldevie.fr\/wp-content\/uploads\/2022\/02\/plage-de-la-paree-bretignolles-sur-mer-IMG_5419-1024x683.jpg 1024w, https:\/\/www.campingvaldevie.fr\/wp-content\/uploads\/2022\/02\/plage-de-la-paree-bretignolles-sur-mer-IMG_5419-300x200.jpg 300w, https:\/\/www.campingvaldevie.fr\/wp-content\/uploads\/2022\/02\/plage-de-la-paree-bretignolles-sur-mer-IMG_5419-768x512.jpg 768w, https:\/\/www.campingvaldevie.fr\/wp-content\/uploads\/2022\/02\/plage-de-la-paree-bretignolles-sur-mer-IMG_5419.jpg 1200w\" sizes=\"auto, (max-width: 1024px) 100vw, 1024px\" \/><\/figure><\/div>\n\n\n\n<div style=\"height:30px\" aria-hidden=\"true\" class=\"wp-block-spacer\"><\/div>\n\n\n\n<div class=\"wp-block-media-text is-stacked-on-mobile is-image-fill-element\"><figure class=\"wp-block-media-text__media\"><img loading=\"lazy\" decoding=\"async\" width=\"1024\" height=\"683\" src=\"https:\/\/www.campingvaldevie.fr\/wp-content\/uploads\/2022\/02\/pistes-cyclables-bretignolles-sur-mer-IMG_9111-1024x683.jpg\" alt=\"wandeling op de kade van Br\u00e9tignolles sur Mer\" class=\"wp-image-11905 size-full\" style=\"object-position:50% 50%\" srcset=\"https:\/\/www.campingvaldevie.fr\/wp-content\/uploads\/2022\/02\/pistes-cyclables-bretignolles-sur-mer-IMG_9111-1024x683.jpg 1024w, https:\/\/www.campingvaldevie.fr\/wp-content\/uploads\/2022\/02\/pistes-cyclables-bretignolles-sur-mer-IMG_9111-300x200.jpg 300w, https:\/\/www.campingvaldevie.fr\/wp-content\/uploads\/2022\/02\/pistes-cyclables-bretignolles-sur-mer-IMG_9111-768x512.jpg 768w, https:\/\/www.campingvaldevie.fr\/wp-content\/uploads\/2022\/02\/pistes-cyclables-bretignolles-sur-mer-IMG_9111.jpg 1200w\" sizes=\"auto, (max-width: 1024px) 100vw, 1024px\" \/><\/figure><div class=\"wp-block-media-text__content\">\n<h2 class=\"wp-block-heading\"><strong>Wandelen en opgaan in de natuur<\/strong><\/h2>\n\n\n\n<p>Hou je van de natuur en lange wandelingen? Trek je sportschoenen aan tijdens je <strong>vakantie in Vend\u00e9e<\/strong> !<\/p>\n\n\n\n<p>De <strong>wandelingen in Bretignolles-sur-Mer <\/strong>zitten vol verrassingen. Je kunt een wandeling maken langs de <strong>Kustpad<\/strong>. Langs de kust is het schouwspel van de golven op de rotsen magisch.<\/p>\n\n\n\n<p>Vergeet niet een omweg te maken naar <strong>de duinen van Sauzaie en Gach\u00e8re<\/strong>. In deze grote gebieden, geclassificeerd<strong> Natura 2000<\/strong>Het gebied herbergt een uitzonderlijke flora en fauna.<\/p>\n\n\n\n<p>Maar dat is nog niet alles! De stad heeft ook de <strong>Fiets naar huis<\/strong>. U kunt routes uitvoeren vanuit de <strong>V\u00e9lodyss\u00e9e<\/strong>. We raden de route aan die de kust met het stadscentrum verbindt.<\/p>\n<\/div><\/div>\n\n\n\n<div style=\"height:30px\" aria-hidden=\"true\" class=\"wp-block-spacer\"><\/div>\n\n\n\n<div class=\"wp-block-media-text has-media-on-the-right is-stacked-on-mobile is-image-fill-element\"><div class=\"wp-block-media-text__content\">\n<h2 class=\"wp-block-heading\"><strong>Een reis door de geschiedenis<\/strong><\/h2>\n\n\n\n<p><strong>Wat te doen in Bretignolles-sur-Mer om het erfgoed te ontdekken<\/strong> ? Hier zijn een paar idee\u00ebn:<\/p>\n\n\n\n<ul class=\"wp-block-list\">\n<li><strong>De dolmen van de Pierre Lev\u00e9e de Soubise<\/strong> Dit monument, bijgenaamd de Duivelssteen, dateert uit de neolithische periode! Het bevindt zich in de rue du Dolmen.<\/li>\n\n\n\n<li><strong>De stele van Marais Girard<\/strong> De corniche: deze site herdenkt de geschiedenis van de corniche, gebouwd in 1954. Je vindt het aan de avenue de la Grande Roche.<\/li>\n\n\n\n<li><strong>De rots van Sainte V\u00e9ronique<\/strong> Deze monoliet van 6,5 m geeft een uniek karakter aan de baai van Corque. Hij bevindt zich in La Par\u00e9e.<\/li>\n\n\n\n<li><strong>Kerk Notre-Dame de l'Assomption<\/strong> Rue du Clocher: bewonder het prachtige standbeeld en het opmerkelijke orgel.<\/li>\n\n\n\n<li><strong>Vend\u00e9e Miniatuur<\/strong> Dompel jezelf onder in een dorpje in de Vend\u00e9e in de jaren 1900! Een nauwgezette reconstructie te ontdekken op 50 rue du Pr\u00e9gneau. Een echte favoriet bij bezoekers van Bretignolles-sur-Mer!<\/li>\n<\/ul>\n<\/div><figure class=\"wp-block-media-text__media\"><img loading=\"lazy\" decoding=\"async\" width=\"600\" height=\"450\" src=\"https:\/\/www.campingvaldevie.fr\/wp-content\/uploads\/2023\/11\/chateau-beaumarche-bretignolless-sur-mer.jpg\" alt=\"kasteel-beaumarche-bretignolless-sur-mer\" class=\"wp-image-22646 size-full\" style=\"object-position:50% 50%\" srcset=\"https:\/\/www.campingvaldevie.fr\/wp-content\/uploads\/2023\/11\/chateau-beaumarche-bretignolless-sur-mer.jpg 600w, https:\/\/www.campingvaldevie.fr\/wp-content\/uploads\/2023\/11\/chateau-beaumarche-bretignolless-sur-mer-300x225.jpg 300w\" sizes=\"auto, (max-width: 600px) 100vw, 600px\" \/><\/figure><\/div>\n\n\n\n<div style=\"height:30px\" aria-hidden=\"true\" class=\"wp-block-spacer\"><\/div>\n\n\n\n<div class=\"wp-block-media-text is-stacked-on-mobile is-image-fill-element\"><figure class=\"wp-block-media-text__media\"><img loading=\"lazy\" decoding=\"async\" width=\"700\" height=\"525\" src=\"https:\/\/www.campingvaldevie.fr\/wp-content\/uploads\/2022\/09\/sejour-petit-camping-proche-bretignolles-sur-mer.jpg\" alt=\"verblijf Kleine camping bij Br\u00e9tignolles sur Mer\" class=\"wp-image-18901 size-full\" style=\"object-position:50% 50%\" srcset=\"https:\/\/www.campingvaldevie.fr\/wp-content\/uploads\/2022\/09\/sejour-petit-camping-proche-bretignolles-sur-mer.jpg 700w, https:\/\/www.campingvaldevie.fr\/wp-content\/uploads\/2022\/09\/sejour-petit-camping-proche-bretignolles-sur-mer-300x225.jpg 300w\" sizes=\"auto, (max-width: 700px) 100vw, 700px\" \/><\/figure><div class=\"wp-block-media-text__content\">\n<h2 class=\"wp-block-heading\"><strong><strong>Entertainment en spanning<\/strong><\/strong><\/h2>\n\n\n\n<p>U bent op zoek naar <strong>activiteiten in Bretignolles-sur-Mer <\/strong>om het hele gezin te vermaken?<\/p>\n\n\n\n<p>Om te beginnen kun je een wandeling maken door de verschillende <strong>buurten<\/strong>. U kunt kiezen tussen<strong> de surfsfeer in La Sauzaie<\/strong>, <strong>de familiale sfeer van Marais Girard<\/strong>en <strong>la Par\u00e9e en zijn zomerse karakter<\/strong>.<\/p>\n\n\n\n<p>Dan is er nog de <strong>Skatepark Les Morini\u00e8res<\/strong>. Deze site zal kinderen en zelfs volwassenen in verrukking brengen! Het heeft 2 hellingen en 3 hindernissen.<\/p>\n<\/div><\/div>\n\n\n\n<div class=\"wp-block-media-text has-media-on-the-right is-stacked-on-mobile is-image-fill-element\"><div class=\"wp-block-media-text__content\">\n<h2 class=\"wp-block-heading\"><strong><strong>Proeven van de smaken van de Vend\u00e9e<\/strong><\/strong><\/h2>\n\n\n\n<p>Jouw <strong>verblijf in Vend\u00e9e <\/strong>zou niet compleet zijn zonder een feestmaal! De plaatselijke gastronomie is een genot.<\/p>\n\n\n\n<p>Beheer<strong> Markten van Bretignolles-sur-Mer<\/strong>zoals <strong>hallen<\/strong>om lokale producten te ontdekken. <strong>Kazen<\/strong>, <strong>vis rillettes<\/strong>, <strong>prefou<\/strong>... Je smaakpapillen zullen er dol op zijn!<\/p>\n\n\n\n<p>Om optimaal te profiteren van de sfeer en de lokale specialiteiten van de stad, kun je ook plaatsnemen op het terras van een van de volgende restaurants <strong>restaurant aan zee<\/strong>. Het is de ideale plek om te genieten van een goede maaltijd en een adembenemend uitzicht te bewonderen. <strong>zonsondergang bij Bretignolles-sur-Mer<\/strong> ! Enkele van de populairste restaurants zijn <strong>De Osselins<\/strong> en de pittige keuken, <strong>De jojo<\/strong> en de vriendelijke sfeer of<strong>Les Brisants<\/strong> en zijn gastronomische tafel. Voor meer informatie, ontdek onze selectie van de beste <a href=\"https:\/\/www.campingvaldevie.fr\/nl\/blog\/restaurants-bretignolles\/\">restaurants in Br\u00e9tignolles<\/a>.<\/p>\n<\/div><figure class=\"wp-block-media-text__media\"><img loading=\"lazy\" decoding=\"async\" width=\"683\" height=\"1024\" src=\"https:\/\/www.campingvaldevie.fr\/wp-content\/uploads\/2025\/09\/Degustation-fromage-vendeennes-683x1024.jpg\" alt=\"Kaasproeverij Vend\u00e9e\" class=\"wp-image-26610 size-full\" style=\"object-position:50% 50%\" srcset=\"https:\/\/www.campingvaldevie.fr\/wp-content\/uploads\/2025\/09\/Degustation-fromage-vendeennes-683x1024.jpg 683w, https:\/\/www.campingvaldevie.fr\/wp-content\/uploads\/2025\/09\/Degustation-fromage-vendeennes-200x300.jpg 200w, https:\/\/www.campingvaldevie.fr\/wp-content\/uploads\/2025\/09\/Degustation-fromage-vendeennes-768x1152.jpg 768w, https:\/\/www.campingvaldevie.fr\/wp-content\/uploads\/2025\/09\/Degustation-fromage-vendeennes-1024x1536.jpg 1024w, https:\/\/www.campingvaldevie.fr\/wp-content\/uploads\/2025\/09\/Degustation-fromage-vendeennes-1365x2048.jpg 1365w, https:\/\/www.campingvaldevie.fr\/wp-content\/uploads\/2025\/09\/Degustation-fromage-vendeennes-8x12.jpg 8w, https:\/\/www.campingvaldevie.fr\/wp-content\/uploads\/2025\/09\/Degustation-fromage-vendeennes-scaled.jpg 1707w\" sizes=\"auto, (max-width: 683px) 100vw, 683px\" \/><\/figure><\/div>\n\n\n\n<div class=\"wp-block-media-text is-stacked-on-mobile is-image-fill-element\"><figure class=\"wp-block-media-text__media\"><img loading=\"lazy\" decoding=\"async\" width=\"1024\" height=\"1024\" src=\"https:\/\/www.campingvaldevie.fr\/wp-content\/uploads\/2022\/02\/activites-et-animations-9-1024x1024.jpg\" alt=\"activiteiten en evenementen\" class=\"wp-image-14351 size-full\" style=\"object-position:50% 50%\" srcset=\"https:\/\/www.campingvaldevie.fr\/wp-content\/uploads\/2022\/02\/activites-et-animations-9-1024x1024.jpg 1024w, https:\/\/www.campingvaldevie.fr\/wp-content\/uploads\/2022\/02\/activites-et-animations-9-300x300.jpg 300w, https:\/\/www.campingvaldevie.fr\/wp-content\/uploads\/2022\/02\/activites-et-animations-9-150x150.jpg 150w, https:\/\/www.campingvaldevie.fr\/wp-content\/uploads\/2022\/02\/activites-et-animations-9-768x767.jpg 768w, https:\/\/www.campingvaldevie.fr\/wp-content\/uploads\/2022\/02\/activites-et-animations-9.jpg 1080w\" sizes=\"auto, (max-width: 1024px) 100vw, 1024px\" \/><\/figure><div class=\"wp-block-media-text__content\">\n<h2 class=\"wp-block-heading\"><strong><strong><strong>Het hele jaar door feestelijke evenementen<\/strong><\/strong><\/strong><\/h2>\n\n\n\n<p>Leven bij <strong>Bretignolles-sur-Mer <\/strong>bruist het hele jaar door van de evenementen. Deze festiviteiten trekken duizenden bezoekers.<\/p>\n\n\n\n<ul class=\"wp-block-list\">\n<li>Zin in muziek? Het festival <strong>De 7e golf<\/strong> is een evenement dat je niet mag missen! Het vindt plaats tijdens het Hemelvaartweekend.<\/li>\n\n\n\n<li>Geef je de voorkeur aan straatkunst? Mis dan niet <strong>La D\u00e9ferlante<\/strong> in de lente en zomer!<\/li>\n\n\n\n<li>In juli heeft de <strong>Rock'n Bier<\/strong> is gratis en perfect voor plezier voor volwassenen.<\/li>\n\n\n\n<li>En om je zomeravonden in Bretignolles-sur-Mer echt betoverend te maken, ga je naar de <strong>avondmarkt<\/strong> ! Het vindt plaats op donderdagavonden in juli en augustus, op de Place de la Par\u00e9e.<\/li>\n<\/ul>\n\n\n\n<p>Wil je profiteren van al deze <strong>activiteiten<\/strong> op een steenworp afstand van een kwaliteitsaccommodatie? Verblijf in onze<strong> camping Val de Vie <\/strong>in Mach\u00e9! Jouw <a href=\"https:\/\/www.campingvaldevie.fr\/nl\/accommodatie\/\">stacaravan in Vend\u00e9e<\/a> ligt op 30 minuten rijden van Bretignolles-sur-Mer. <strong>Boek nu<\/strong> en geniet van een onvergetelijke vakantie!<\/p>\n<\/div><\/div>","protected":false},"excerpt":{"rendered":"<p>Entre Les Sables d&rsquo;Olonne et Saint-Gilles-Croix-de-Vie, se trouve Bretignolles-sur-Mer, une petite perle de la C\u00f4te de Lumi\u00e8re. Avec son label Qualit\u00e9 Tourisme et son ambiance d\u00e9tendue, cette station baln\u00e9aire se distingue par ses magnifiques plages, son patrimoine et ses infrastructures de qualit\u00e9. Envie de d\u00e9couvrir les atouts de cette charmante ville ? Sachez que votre [&hellip;]<\/p>\n","protected":false},"author":2,"featured_media":0,"parent":0,"menu_order":0,"comment_status":"closed","ping_status":"closed","template":"","meta":{"_seopress_robots_primary_cat":"","_seopress_titles_title":"S\u00e9jour en Vend\u00e9e : que faire \u00e0 Bretignolles-sur-Mer ?","_seopress_titles_desc":"D\u00e9couvrez les activit\u00e9s \u00e0 faire \u00e0 Bretignolles-sur-Mer, entre plages, spots de surf, balades nature et patrimoine unique. La garantie d\u2019un joli programme de vacances en Vend\u00e9e !","_seopress_robots_index":"","footnotes":""},"class_list":["post-25889","page","type-page","status-publish","hentry"],"_links":{"self":[{"href":"https:\/\/www.campingvaldevie.fr\/nl\/wp-json\/wp\/v2\/pages\/25889","targetHints":{"allow":["GET"]}}],"collection":[{"href":"https:\/\/www.campingvaldevie.fr\/nl\/wp-json\/wp\/v2\/pages"}],"about":[{"href":"https:\/\/www.campingvaldevie.fr\/nl\/wp-json\/wp\/v2\/types\/page"}],"author":[{"embeddable":true,"href":"https:\/\/www.campingvaldevie.fr\/nl\/wp-json\/wp\/v2\/users\/2"}],"replies":[{"embeddable":true,"href":"https:\/\/www.campingvaldevie.fr\/nl\/wp-json\/wp\/v2\/comments?post=25889"}],"version-history":[{"count":32,"href":"https:\/\/www.campingvaldevie.fr\/nl\/wp-json\/wp\/v2\/pages\/25889\/revisions"}],"predecessor-version":[{"id":26759,"href":"https:\/\/www.campingvaldevie.fr\/nl\/wp-json\/wp\/v2\/pages\/25889\/revisions\/26759"}],"wp:attachment":[{"href":"https:\/\/www.campingvaldevie.fr\/nl\/wp-json\/wp\/v2\/media?parent=25889"}],"curies":[{"name":"wp","href":"https:\/\/api.w.org\/{rel}","templated":true}]}}