{"id":26524,"date":"2025-07-16T07:44:20","date_gmt":"2025-07-16T05:44:20","guid":{"rendered":"https:\/\/www.campingvaldevie.fr\/?page_id=26524"},"modified":"2025-07-21T11:48:03","modified_gmt":"2025-07-21T09:48:03","slug":"camping-soullans","status":"publish","type":"page","link":"https:\/\/www.campingvaldevie.fr\/nl\/camping-soullans\/","title":{"rendered":"Le Val de Vie : uw camping vlakbij Soullans"},"content":{"rendered":"<p class=\"has-text-align-center\">Ben je op zoek naar een geweldige vakantie in de Vend\u00e9e, waarbij je natuur en ontdekkingen aan de kust combineert? <strong>Soullans<\/strong>Dit dorp in de regio Saint Jean de Monts, aan de rand van het Marais Breton Vend\u00e9en, nodigt je uit om terug te keren naar de basis. Hoewel het iets van de oceaan af ligt, biedt het een rust die erg gewild is bij vaste kampeerders. Voor een geslaagde gezinsvakantie in deze gemeente van de Pays de la Loire, <strong>ons 4-sterrenhotel Le Val De Vie <\/strong>is je bondgenoot. Gelegen op slechts 23 km van Soullans, onze <a href=\"https:\/\/www.campingvaldevie.fr\/nl\/familie-camping-vendee\/\">familiecamping in de Vend\u00e9e<\/a> is het juiste adres voor een geweldige vakantie! Boek nu je verblijf!<\/p>\n\n\n\n<div style=\"height:30px\" aria-hidden=\"true\" class=\"wp-block-spacer\"><\/div>\n\n\n\n<div class=\"wp-block-columns is-layout-flex wp-container-core-columns-is-layout-9d6595d7 wp-block-columns-is-layout-flex\">\n<div class=\"wp-block-column is-layout-flow wp-block-column-is-layout-flow\">\n<h2 class=\"wp-block-heading has-text-align-center\"><strong><strong>Gezellige accommodatie voor uw overnachtingen in de Vend\u00e9e<\/strong><\/strong><\/h2>\n\n\n\n<p>Onze 4-sterren camping Le Val De Vie is een van de campings in de Vend\u00e9e die uw comfort centraal stelt. Onze <strong>camping dichtbij Soullans<\/strong> stelt  voor <strong>een ruim aanbod aan accommodatie<\/strong> om elke vakantiehonger te stillen. <\/p>\n\n\n\n<details>\n<summary>Meer lezen<\/summary>\n<p>Je kunt kiezen voor :\n<ul><li><strong>Verhuur van stacaravans :<\/strong> modern en gezellig, met 2 of 3 slaapkamers, perfect voor 4 tot 8 personen. Elke stacaravan in de Vend\u00e9e is ontworpen voor een zorgeloze vakantie, met alles wat je nodig hebt voor je gezin: een volledig uitgeruste keuken, een priv\u00e9terras en in sommige gevallen een priv\u00e9spa.<\/li>\n<li><strong>Kampeerplaatsen te huur : <\/strong> Kom je met je tent, caravan of camper naar onze 4-sterrencamping in de Vend\u00e9e? Kies voor het huren van staanplaatsen en geniet van de frisse lucht tijdens uw kampeervakantie in de buurt van Soullans.<\/li>\n<li><strong>G\u00eete huren : <\/strong>Voor groepen of grote gezinnen kun je onze g\u00eete huren, die plaats biedt aan maximaal 20 personen.<\/li><\/ul>\n<\/p>\n<\/details>\n\n\n\n<div class=\"wp-block-columns is-layout-flex wp-container-core-columns-is-layout-9d6595d7 wp-block-columns-is-layout-flex\">\n<div class=\"wp-block-column is-layout-flow wp-block-column-is-layout-flow\" style=\"flex-basis:33.33%\">\n<div class=\"wp-block-create-block-sev-encartsimplebg aligncenter\"><aside class=\"encart-simplebg-sev small\"><a href=\"\/nl\/accommodatie\/#sev-gamme-standard\" class=\"d-flex flex-column align-items-center\"><div class=\"encart-title\"><span>Standaard vanaf \u20ac199 per week<\/span><\/div><img decoding=\"async\" src=\"https:\/\/www.campingvaldevie.fr\/wp-content\/uploads\/2022\/03\/standard.jpg\" alt=\"standaard serie stacaravan\"\/><button class=\"btn\"><\/button><\/a><\/aside><\/div>\n<\/div>\n\n\n\n<div class=\"wp-block-column is-layout-flow wp-block-column-is-layout-flow\" style=\"flex-basis:66.66%\">\n<div class=\"wp-block-create-block-sev-encartsimplebg\"><aside class=\"encart-simplebg-sev small\"><a href=\"\/nl\/accommodatie\/#sev-gamme-confort\" class=\"d-flex flex-column align-items-center\"><div class=\"encart-title\"><span>Comfort vanaf \u20ac269 per week<\/span><\/div><img decoding=\"async\" src=\"https:\/\/www.campingvaldevie.fr\/wp-content\/uploads\/2020\/12\/IMG_2469.jpg\" alt=\"tentoonstelling\"\/><button class=\"btn\"><\/button><\/a><\/aside><\/div>\n<\/div>\n<\/div>\n\n\n\n<div class=\"wp-block-columns is-layout-flex wp-container-core-columns-is-layout-9d6595d7 wp-block-columns-is-layout-flex\">\n<div class=\"wp-block-column is-layout-flow wp-block-column-is-layout-flow\" style=\"flex-basis:66.66%\">\n<div class=\"wp-block-create-block-sev-encartsimplebg\"><aside class=\"encart-simplebg-sev small\"><a href=\"\/nl\/accommodatie\/#sev-gamme-premium\" class=\"d-flex flex-column align-items-center\"><div class=\"encart-title\"><span>Premium aanbod vanaf \u20ac379 per week<\/span><\/div><img decoding=\"async\" src=\"https:\/\/www.campingvaldevie.fr\/wp-content\/uploads\/2022\/07\/meilleur-petit-camping-saint-gilles-croix-de-vie.png\" alt=\"Beste kleine camping Saint Gilles croix de Vie\"\/><button class=\"btn\"><\/button><\/a><\/aside><\/div>\n<\/div>\n\n\n\n<div class=\"wp-block-column is-layout-flow wp-block-column-is-layout-flow\" style=\"flex-basis:33.33%\">\n<div class=\"wp-block-create-block-sev-encartsimplebg\"><aside class=\"encart-simplebg-sev small\"><a href=\"\/nl\/locatie\/\" class=\"d-flex flex-column align-items-center\"><div class=\"encart-title\"><span>Kampeerplaatsen vanaf \u20ac100 per week<\/span><\/div><img decoding=\"async\" src=\"https:\/\/www.campingvaldevie.fr\/wp-content\/uploads\/2019\/11\/emplacement-camping-taille-humaine-vendee.jpg\" alt=\"camping op menselijke schaal in de Vend\u00e9e\"\/><button class=\"btn\"><\/button><\/a><\/aside><\/div>\n<\/div>\n<\/div>\n\n\n\n<div class=\"wp-block-buttons alignwide is-layout-flex wp-block-buttons-is-layout-flex\">\n<div class=\"wp-block-button aligncenter\"><a class=\"wp-block-button__link wp-element-button\" href=\"\/nl\/accommodatie\/\">Ontdek de accommodatie<\/a><\/div>\n<\/div>\n<\/div>\n<\/div>\n\n\n\n<div style=\"height:50px\" aria-hidden=\"true\" class=\"wp-block-spacer\"><\/div>\n\n\n\n<div class=\"wp-block-media-text alignfull has-media-on-the-right is-stacked-on-mobile is-vertically-aligned-center is-style-default\" style=\"grid-template-columns:auto 56%\"><div class=\"wp-block-media-text__content\">\n<h2 class=\"wp-block-heading has-text-align-left has-text-color\" style=\"color:#000000\"><strong><strong>Ons verwarmde binnenzwembad: waterpret voor iedereen<\/strong><\/strong><\/h2>\n\n\n\n<p>Zin in een duik, zelfs als het weer wisselvallig is? Onze camping met zwembad bij Soullans heeft een zwemparadijs waar iedereen van kan genieten! <strong>Verwarmd binnenzwembad <\/strong>is een onmiskenbare troef, waardoor je er bij elk weertype heerlijk kunt zwemmen. <strong>Ligstoelen rond het zwembad<\/strong> Je kunt in alle rust lezen, terwijl de kinderen genieten van hun tijd in het water. De kans om te zwemmen en plezier te hebben in het water, op een steenworp afstand van je huis. <a href=\"https:\/\/www.campingvaldevie.fr\/nl\/accommodatie\/\">stacaravan in Vend\u00e9e<\/a>Dit betekent dat je, ongeacht de omstandigheden buiten, je tijd in het water kunt maximaliseren.<\/p>\n\n\n\n<div class=\"wp-block-buttons is-layout-flex wp-block-buttons-is-layout-flex\">\n<div class=\"wp-block-button\"><a class=\"wp-block-button__link wp-element-button\" href=\"\/nl\/het-zwembad\/\">Ontdek het zwembad<\/a><\/div>\n<\/div>\n<\/div><figure class=\"wp-block-media-text__media\"><img loading=\"lazy\" decoding=\"async\" width=\"1024\" height=\"768\" src=\"https:\/\/www.campingvaldevie.fr\/wp-content\/uploads\/2022\/11\/piscine-couverte-et-chauffee-4.jpg\" alt=\"verwarmd binnenzwembad \" class=\"wp-image-20113 size-full\" srcset=\"https:\/\/www.campingvaldevie.fr\/wp-content\/uploads\/2022\/11\/piscine-couverte-et-chauffee-4.jpg 1024w, https:\/\/www.campingvaldevie.fr\/wp-content\/uploads\/2022\/11\/piscine-couverte-et-chauffee-4-300x225.jpg 300w, https:\/\/www.campingvaldevie.fr\/wp-content\/uploads\/2022\/11\/piscine-couverte-et-chauffee-4-768x576.jpg 768w\" sizes=\"auto, (max-width: 1024px) 100vw, 1024px\" \/><\/figure><\/div>\n\n\n\n<div style=\"height:50px\" aria-hidden=\"true\" class=\"wp-block-spacer\"><\/div>\n\n\n\n<figure class=\"wp-block-gallery alignwide has-nested-images columns-default is-cropped wp-block-gallery-1 is-layout-flex wp-block-gallery-is-layout-flex\">\n<figure class=\"wp-block-image size-full\"><img loading=\"lazy\" decoding=\"async\" width=\"800\" height=\"534\" data-id=\"25809\" src=\"https:\/\/www.campingvaldevie.fr\/wp-content\/uploads\/2024\/08\/velo-en-vendee-1.jpg\" alt=\"Activiteiten voor leuke dagen\" class=\"wp-image-25809\" srcset=\"https:\/\/www.campingvaldevie.fr\/wp-content\/uploads\/2024\/08\/velo-en-vendee-1.jpg 800w, https:\/\/www.campingvaldevie.fr\/wp-content\/uploads\/2024\/08\/velo-en-vendee-1-300x200.jpg 300w, https:\/\/www.campingvaldevie.fr\/wp-content\/uploads\/2024\/08\/velo-en-vendee-1-768x513.jpg 768w\" sizes=\"auto, (max-width: 800px) 100vw, 800px\" \/><\/figure>\n\n\n\n<figure class=\"wp-block-image size-large\"><img loading=\"lazy\" decoding=\"async\" width=\"1024\" height=\"576\" data-id=\"7543\" src=\"https:\/\/www.campingvaldevie.fr\/wp-content\/uploads\/2020\/12\/tente-lodge-COTTON-1024x576.jpg\" alt=\"activiteiten voor leuke dagen 1\" class=\"wp-image-7543\" srcset=\"https:\/\/www.campingvaldevie.fr\/wp-content\/uploads\/2020\/12\/tente-lodge-COTTON-1024x576.jpg 1024w, https:\/\/www.campingvaldevie.fr\/wp-content\/uploads\/2020\/12\/tente-lodge-COTTON-300x169.jpg 300w, https:\/\/www.campingvaldevie.fr\/wp-content\/uploads\/2020\/12\/tente-lodge-COTTON-768x432.jpg 768w, https:\/\/www.campingvaldevie.fr\/wp-content\/uploads\/2020\/12\/tente-lodge-COTTON-1536x864.jpg 1536w, https:\/\/www.campingvaldevie.fr\/wp-content\/uploads\/2020\/12\/tente-lodge-COTTON.jpg 1920w\" sizes=\"auto, (max-width: 1024px) 100vw, 1024px\" \/><\/figure>\n<\/figure>\n\n\n\n<div style=\"height:50px\" aria-hidden=\"true\" class=\"wp-block-spacer\"><\/div>\n\n\n\n<div class=\"wp-block-media-text alignfull is-stacked-on-mobile is-vertically-aligned-center is-image-fill-element is-style-default\" style=\"grid-template-columns:56% auto\"><figure class=\"wp-block-media-text__media\"><img loading=\"lazy\" decoding=\"async\" width=\"1024\" height=\"768\" src=\"https:\/\/www.campingvaldevie.fr\/wp-content\/uploads\/2022\/11\/116126317_293508091899316_6098317041213719654_n-1024x768.jpg\" alt=\"groepen op de camping\" class=\"wp-image-20181 size-full\" style=\"object-position:50% 50%\" srcset=\"https:\/\/www.campingvaldevie.fr\/wp-content\/uploads\/2022\/11\/116126317_293508091899316_6098317041213719654_n-1024x768.jpg 1024w, https:\/\/www.campingvaldevie.fr\/wp-content\/uploads\/2022\/11\/116126317_293508091899316_6098317041213719654_n-300x225.jpg 300w, https:\/\/www.campingvaldevie.fr\/wp-content\/uploads\/2022\/11\/116126317_293508091899316_6098317041213719654_n-768x576.jpg 768w, https:\/\/www.campingvaldevie.fr\/wp-content\/uploads\/2022\/11\/116126317_293508091899316_6098317041213719654_n.jpg 1125w\" sizes=\"auto, (max-width: 1024px) 100vw, 1024px\" \/><\/figure><div class=\"wp-block-media-text__content\">\n<h2 class=\"wp-block-heading has-text-align-left has-text-color\" style=\"color:#000000\"><strong><strong><strong>Een breed scala aan activiteiten voor leuke dagen<\/strong><\/strong><\/strong><\/h2>\n\n\n\n<p>In onze<strong> camping dichtbij Soullans<\/strong>Er is genoeg om je de hele dag en avond te vermaken. Kinderen zijn koning met <strong>activiteiten speciaal voor hen ontworpen<\/strong>voor een onvergetelijke vakantie in de Vend\u00e9e. <strong>Een speelruimte<\/strong> <strong>beveilig <\/strong>wacht ook op hen om stoom af te blazen.<strong> Thema-avonden<\/strong> staan op het programma en beloven een feestelijke sfeer voor het hele gezin.<\/p>\n\n\n\n<p>Voor de sportievelingen, <strong>een tennisbaan<\/strong> staat tot je beschikking. Daag je vrienden of familie uit voor een spelletje vriendschappelijke competitie. Je kunt ook genieten van<strong> aquagym-sessies<\/strong> bij het zwembad, <strong>jeu de boules wedstrijden en proeverijen<\/strong>. Je zult zeker genieten van je vakantie op onze 4-sterrencamping.<\/p>\n<\/div><\/div>\n\n\n\n<div style=\"height:50px\" aria-hidden=\"true\" class=\"wp-block-spacer\"><\/div>\n\n\n\n<div class=\"wp-block-media-text alignfull has-media-on-the-right is-stacked-on-mobile is-vertically-aligned-center is-style-default\" style=\"grid-template-columns:auto 56%\"><div class=\"wp-block-media-text__content\">\n<h2 class=\"wp-block-heading has-text-align-left has-text-color\" style=\"color:#000000\"><strong><strong><strong><strong><strong><strong>Praktische diensten voor uw comfort<\/strong><\/strong><\/strong><\/strong><\/strong><\/strong><\/h2>\n\n\n\n<p>In onze <strong>camping dichtbij Soullans<\/strong>Alles is ontworpen om je dagelijkse leven gemakkelijker te maken. <strong>Receptie<\/strong> biedt alle informatie die je nodig hebt over de regio. <strong>Een snackbar<\/strong> maakt het mogelijk om ter plaatse te snacken, op een steenworp afstand van je stacaravan. Je hoeft dus niet de auto te pakken voor een snack! Onze familiecamping in de Vend\u00e9e biedt ook :<\/p>\n\n\n\n<ul class=\"wp-block-list\">\n<li>een buurtwinkel<\/li>\n\n\n\n<li>fietsverhuur (onze camping heeft het label \"Accueil v\u00e9lo\")<\/li>\n\n\n\n<li>een wasruimte<\/li>\n\n\n\n<li>een wifi-verbinding<\/li>\n<\/ul>\n<\/div><figure class=\"wp-block-media-text__media\"><img loading=\"lazy\" decoding=\"async\" width=\"1024\" height=\"683\" src=\"https:\/\/www.campingvaldevie.fr\/wp-content\/uploads\/2022\/02\/Apremont2-1024x683.jpg\" alt=\"apremont\" class=\"wp-image-12088 size-full\" srcset=\"https:\/\/www.campingvaldevie.fr\/wp-content\/uploads\/2022\/02\/Apremont2-1024x683.jpg 1024w, https:\/\/www.campingvaldevie.fr\/wp-content\/uploads\/2022\/02\/Apremont2-300x200.jpg 300w, https:\/\/www.campingvaldevie.fr\/wp-content\/uploads\/2022\/02\/Apremont2-768x512.jpg 768w, https:\/\/www.campingvaldevie.fr\/wp-content\/uploads\/2022\/02\/Apremont2.jpg 1200w\" sizes=\"auto, (max-width: 1024px) 100vw, 1024px\" \/><\/figure><\/div>\n\n\n\n<div style=\"height:50px\" aria-hidden=\"true\" class=\"wp-block-spacer\"><\/div>\n\n\n\n<div class=\"wp-block-media-text alignfull is-stacked-on-mobile is-vertically-aligned-center is-style-default\" style=\"grid-template-columns:56% auto\"><figure class=\"wp-block-media-text__media\"><img loading=\"lazy\" decoding=\"async\" width=\"1024\" height=\"683\" src=\"https:\/\/www.campingvaldevie.fr\/wp-content\/uploads\/2025\/07\/sejour-en-camping-1024x683.webp\" alt=\"kampeervakantie in de buurt van Soullans\" class=\"wp-image-26531 size-full\" srcset=\"https:\/\/www.campingvaldevie.fr\/wp-content\/uploads\/2025\/07\/sejour-en-camping-1024x683.webp 1024w, https:\/\/www.campingvaldevie.fr\/wp-content\/uploads\/2025\/07\/sejour-en-camping-300x200.webp 300w, https:\/\/www.campingvaldevie.fr\/wp-content\/uploads\/2025\/07\/sejour-en-camping-768x512.webp 768w, https:\/\/www.campingvaldevie.fr\/wp-content\/uploads\/2025\/07\/sejour-en-camping-18x12.webp 18w, https:\/\/www.campingvaldevie.fr\/wp-content\/uploads\/2025\/07\/sejour-en-camping.webp 1200w\" sizes=\"auto, (max-width: 1024px) 100vw, 1024px\" \/><\/figure><div class=\"wp-block-media-text__content\">\n<h2 class=\"wp-block-heading has-text-align-left has-text-color\" style=\"color:#000000\"><strong><strong><strong><strong><strong><strong><strong>Wat kun je doen op een kampeervakantie in de buurt van Soullans?<\/strong><\/strong><\/strong><\/strong><\/strong><\/strong><\/strong><\/h2>\n\n\n\n<p>Onze <strong>camping dichtbij Soullans <\/strong>is de perfecte uitvalsbasis om de Vend\u00e9e en Loire Atlantique te verkennen!<\/p>\n\n\n\n<ul class=\"wp-block-list\">\n<li><strong>Meer van Apremont<\/strong> (op 6,5 km van de camping): zwemmen onder toezicht, vissen, waterfietsen, minigolf en elektrische boten.<\/li>\n\n\n\n<li><strong>De stranden van Saint-Gilles-Croix-de-Vie en Br\u00e9tignolles-sur-Mer <\/strong>(op ongeveer 30 km van de camping) zijn ideaal om te genieten van het fijne zand en de golven van de Atlantische Oceaan.<\/li>\n\n\n\n<li><strong>Aansprakelijkheid<\/strong> (23 km van de camping): deze stad staat bekend om <strong>zijn traditionele markt<\/strong>. Het is een geweldige kans om producten uit de Pays de la Loire te proeven!<\/li>\n\n\n\n<li><strong>Saint-Hilaire-de-Riez<\/strong> (op 28 km van de camping): een verfrissende wandeling, ideaal om het volgende te ontdekken <strong>de kustlijn van de Vend\u00e9e en haar kreken&nbsp;<\/strong>!<\/li>\n\n\n\n<li><strong>Saint-Jean-de-Monts<\/strong> (op 40 km van de camping): een levendige badplaats met grote stranden, fietspaden en tal van activiteiten voor het hele gezin.<\/li>\n<\/ul>\n\n\n\n<p>Deze bestemmingen zijn perfect om je verblijf in onze <strong>camping aan de poorten van Soullans<\/strong> en helpen je de rijkdommen van de Vend\u00e9e te ontdekken!<\/p>\n<\/div><\/div>\n\n\n\n<div style=\"height:50px\" aria-hidden=\"true\" class=\"wp-block-spacer\"><\/div>\n\n\n\n<div class=\"wp-block-columns is-layout-flex wp-container-core-columns-is-layout-9d6595d7 wp-block-columns-is-layout-flex\">\n<div class=\"wp-block-column is-layout-flow wp-block-column-is-layout-flow\">\n<div class=\"wp-block-buttons is-layout-flex wp-block-buttons-is-layout-flex\">\n<div class=\"wp-block-button aligncenter\"><a class=\"wp-block-button__link wp-element-button\" href=\"https:\/\/bookingpremium.secureholiday.net\/fr\/10284\/\" target=\"_blank\" rel=\"noreferrer noopener\">Boek<\/a><\/div>\n<\/div>\n<\/div>\n\n\n\n<div class=\"wp-block-column is-layout-flow wp-block-column-is-layout-flow\">\n<div class=\"wp-block-buttons is-layout-flex wp-block-buttons-is-layout-flex\">\n<div class=\"wp-block-button aligncenter\"><a class=\"wp-block-button__link wp-element-button\" href=\"\/nl\/neem-contact-op-met\/\">Neem contact met ons op<\/a><\/div>\n<\/div>\n<\/div>\n<\/div>\n\n\n\n<div class=\"wp-block-group\"><div class=\"wp-block-group__inner-container is-layout-constrained wp-block-group-is-layout-constrained\">\n<h2 class=\"wp-block-heading has-text-align-center\">Ontdek ook<\/h2>\n\n\n\n<div class=\"wp-block-columns is-layout-flex wp-container-core-columns-is-layout-9d6595d7 wp-block-columns-is-layout-flex\">\n<div class=\"wp-block-column is-layout-flow wp-block-column-is-layout-flow\">\n<div class=\"wp-block-cover is-light has-small-font-size\" style=\"min-height:350px;aspect-ratio:unset;\"><img loading=\"lazy\" decoding=\"async\" width=\"1200\" height=\"800\" class=\"wp-block-cover__image-background wp-image-20331\" alt=\"Meer van Apremont\" src=\"https:\/\/www.campingvaldevie.fr\/wp-content\/uploads\/2022\/12\/lac-apremont.jpg\" data-object-fit=\"cover\" srcset=\"https:\/\/www.campingvaldevie.fr\/wp-content\/uploads\/2022\/12\/lac-apremont.jpg 1200w, https:\/\/www.campingvaldevie.fr\/wp-content\/uploads\/2022\/12\/lac-apremont-300x200.jpg 300w, https:\/\/www.campingvaldevie.fr\/wp-content\/uploads\/2022\/12\/lac-apremont-1024x683.jpg 1024w, https:\/\/www.campingvaldevie.fr\/wp-content\/uploads\/2022\/12\/lac-apremont-768x512.jpg 768w\" sizes=\"auto, (max-width: 1200px) 100vw, 1200px\" \/><span aria-hidden=\"true\" class=\"wp-block-cover__background has-background-dim\"><\/span><div class=\"wp-block-cover__inner-container is-layout-flow wp-block-cover-is-layout-flow\">\n<p class=\"has-text-align-center has-large-font-size\"><a href=\"https:\/\/www.campingvaldevie.fr\/nl\/camping-dichtbij-commequiers\/\">Camping Les Foug\u00e8res<\/a><\/p>\n<\/div><\/div>\n<\/div>\n\n\n\n<div class=\"wp-block-column is-layout-flow wp-block-column-is-layout-flow\">\n<div class=\"wp-block-cover is-light has-small-font-size\" style=\"min-height:350px;aspect-ratio:unset;\"><img loading=\"lazy\" decoding=\"async\" width=\"1200\" height=\"800\" class=\"wp-block-cover__image-background wp-image-20298\" alt=\"toerisme aizenay\" src=\"https:\/\/www.campingvaldevie.fr\/wp-content\/uploads\/2022\/12\/tourisme-aizenay.jpg\" data-object-fit=\"cover\" srcset=\"https:\/\/www.campingvaldevie.fr\/wp-content\/uploads\/2022\/12\/tourisme-aizenay.jpg 1200w, https:\/\/www.campingvaldevie.fr\/wp-content\/uploads\/2022\/12\/tourisme-aizenay-300x200.jpg 300w, https:\/\/www.campingvaldevie.fr\/wp-content\/uploads\/2022\/12\/tourisme-aizenay-1024x683.jpg 1024w, https:\/\/www.campingvaldevie.fr\/wp-content\/uploads\/2022\/12\/tourisme-aizenay-768x512.jpg 768w\" sizes=\"auto, (max-width: 1200px) 100vw, 1200px\" \/><span aria-hidden=\"true\" class=\"wp-block-cover__background has-background-dim\"><\/span><div class=\"wp-block-cover__inner-container is-layout-flow wp-block-cover-is-layout-flow\">\n<p class=\"has-text-align-center has-large-font-size\"><a href=\"\/nl\/camping-la-roche-sur-yon\/\">Camping La Roche-sur-Yon<\/a><\/p>\n<\/div><\/div>\n<\/div>\n\n\n\n<div class=\"wp-block-column is-layout-flow wp-block-column-is-layout-flow\">\n<div class=\"wp-block-cover has-small-font-size\" style=\"min-height:350px;aspect-ratio:unset;\"><img loading=\"lazy\" decoding=\"async\" width=\"700\" height=\"466\" class=\"wp-block-cover__image-background wp-image-18902\" alt=\"vakantie Kleine camping bij Br\u00e9tignolles sur Mer\" src=\"https:\/\/www.campingvaldevie.fr\/wp-content\/uploads\/2022\/09\/vacances-petit-camping-proche-bretignolles-sur-mer.jpg\" data-object-fit=\"cover\" srcset=\"https:\/\/www.campingvaldevie.fr\/wp-content\/uploads\/2022\/09\/vacances-petit-camping-proche-bretignolles-sur-mer.jpg 700w, https:\/\/www.campingvaldevie.fr\/wp-content\/uploads\/2022\/09\/vacances-petit-camping-proche-bretignolles-sur-mer-300x200.jpg 300w\" sizes=\"auto, (max-width: 700px) 100vw, 700px\" \/><span aria-hidden=\"true\" class=\"wp-block-cover__background has-background-dim\"><\/span><div class=\"wp-block-cover__inner-container is-layout-flow wp-block-cover-is-layout-flow\">\n<p class=\"has-text-align-center has-large-font-size\"><a href=\"\/nl\/camping-bretignolles-sur-mer\/\">Camping Bretignolles<\/a><\/p>\n<\/div><\/div>\n<\/div>\n<\/div>\n<\/div><\/div>\n\n\n\n<p><\/p>","protected":false},"excerpt":{"rendered":"<p>Vous \u00eates \u00e0 la recherche d&rsquo;un bon plan de vacances en Vend\u00e9e, entre nature et d\u00e9couvertes c\u00f4ti\u00e8res ? Soullans, cette commune du Pays de Saint Jean de Monts, en bordure du Marais Breton Vend\u00e9en vous invite \u00e0 un retour \u00e0 l&rsquo;essentiel. Bien qu&rsquo;elle soit un peu en retrait de l&rsquo;oc\u00e9an, elle propose une qui\u00e9tude recherch\u00e9e [&hellip;]<\/p>\n","protected":false},"author":2,"featured_media":0,"parent":0,"menu_order":0,"comment_status":"closed","ping_status":"closed","template":"","meta":{"_seopress_robots_primary_cat":"","_seopress_titles_title":"Camping proche de Soullans 4 \u00e9toiles en Vend\u00e9e - Val de vie","_seopress_titles_desc":"S\u00e9journez au camping 4 \u00e9toiles Le Val de Vie, pr\u00e8s de Soullans en Vend\u00e9e ! Mobil-homes, emplacements, piscine couverte et activit\u00e9s pour des vacances r\u00e9ussies.","_seopress_robots_index":"","footnotes":""},"class_list":["post-26524","page","type-page","status-publish","hentry"],"_links":{"self":[{"href":"https:\/\/www.campingvaldevie.fr\/nl\/wp-json\/wp\/v2\/pages\/26524","targetHints":{"allow":["GET"]}}],"collection":[{"href":"https:\/\/www.campingvaldevie.fr\/nl\/wp-json\/wp\/v2\/pages"}],"about":[{"href":"https:\/\/www.campingvaldevie.fr\/nl\/wp-json\/wp\/v2\/types\/page"}],"author":[{"embeddable":true,"href":"https:\/\/www.campingvaldevie.fr\/nl\/wp-json\/wp\/v2\/users\/2"}],"replies":[{"embeddable":true,"href":"https:\/\/www.campingvaldevie.fr\/nl\/wp-json\/wp\/v2\/comments?post=26524"}],"version-history":[{"count":10,"href":"https:\/\/www.campingvaldevie.fr\/nl\/wp-json\/wp\/v2\/pages\/26524\/revisions"}],"predecessor-version":[{"id":26536,"href":"https:\/\/www.campingvaldevie.fr\/nl\/wp-json\/wp\/v2\/pages\/26524\/revisions\/26536"}],"wp:attachment":[{"href":"https:\/\/www.campingvaldevie.fr\/nl\/wp-json\/wp\/v2\/media?parent=26524"}],"curies":[{"name":"wp","href":"https:\/\/api.w.org\/{rel}","templated":true}]}}