{"id":26566,"date":"2025-09-22T11:08:11","date_gmt":"2025-09-22T09:08:11","guid":{"rendered":"https:\/\/www.campingvaldevie.fr\/?page_id=26566"},"modified":"2025-09-22T11:29:49","modified_gmt":"2025-09-22T09:29:49","slug":"camping-beaulieu-sous-la-roche","status":"publish","type":"page","link":"https:\/\/www.campingvaldevie.fr\/nl\/camping-beaulieu-sous-la-roche\/","title":{"rendered":"Camping dichtbij Beaulieu-sous-la-Roche"},"content":{"rendered":"<p class=\"has-text-align-center\">Zin in een vakantie in de Vend\u00e9e, omgeven door natuur en authenticiteit? Welkom in onze <a href=\"https:\/\/www.campingvaldevie.fr\/nl\/\">4-sterren camping in Vend\u00e9e<\/a> ! Op slechts 13 kilometer van Beaulieu-sous-la-Roche ligt onze camping in een natuurlijke en gezinsvriendelijke omgeving. Wij beloven u ontspanning, comfort en gezelligheid. Ruime staanplaatsen, volledig ingerichte stacaravans, verwarmd binnenzwembad, animatie voor iedereen... alles wat je nodig hebt voor een geslaagde vakantie.<\/p>\n\n\n\n<p class=\"has-text-align-center\">Of je nu een stel, een familie of een groep vrienden bent, maak je klaar om een van de mooiste plekjes van de Vend\u00e9e te ontdekken.<\/p>\n\n\n\n<div style=\"height:30px\" aria-hidden=\"true\" class=\"wp-block-spacer\"><\/div>\n\n\n\n<div class=\"wp-block-columns is-layout-flex wp-container-core-columns-is-layout-9d6595d7 wp-block-columns-is-layout-flex\">\n<div class=\"wp-block-column is-layout-flow wp-block-column-is-layout-flow\">\n<h2 class=\"wp-block-heading has-text-align-center\"><strong><strong>Verblijf in onze accommodatie midden in de natuur<\/strong><\/strong><\/h2>\n\n\n\n<p>In het hart van een natuurlijke en rustige omgeving, naast het Lac d'Apremont en op 20 minuten van de stranden, onze <a href=\"https:\/\/www.campingvaldevie.fr\/nl\/familie-camping-vendee\/\">familiecamping in de Vend\u00e9e<\/a> biedt accommodatie voor alle vakantiestijlen.<\/p>\n\n\n\n<p><strong>Kale staanplaatsen<\/strong> verwelkomen tenten, caravans en campers op ruime standplaatsen, afgescheiden door heggen om je privacy te bewaren. Geniet van schaduwrijke standplaatsen met onbeperkte toegang tot brandschoon sanitair. Er zijn verschillende opties beschikbaar:<\/p>\n\n\n\n<details>\n<summary>Meer lezen<\/summary>\n<ul>\n \t<li><strong>Comfortpakket<\/strong> 10A elektriciteit, 2 personen, 1 voertuig.<\/li>\n \t<li><strong>Freecamp Guinguette premium pakket<\/strong> Perceel van 150 m\u00b2 met volledig ingerichte cabine (keuken, doucheruimte, WC).<\/li>\n \t<li><strong>Podiumpakket<\/strong> voor wandelaars of campers, ideaal voor een praktische tussenstop.<\/li>\n<\/ul>\n<p>Als je nog meer comfort wilt, ontdek dan onze <a href=\"https:\/\/www.campingvaldevie.fr\/nl\/accommodatie\/\">stacaravans in Vend\u00e9e<\/a><strong> volledig uitgerust<\/strong>Beschikbaar in 2 of 3 slaapkamers. Elke woning heeft een gezellige woonkamer, een functionele keuken, een doucheruimte en een terras om te genieten van de buitenlucht. Sommige modellen hebben zelfs een priv\u00e9jacuzzi voor een ontspannen verblijf.<\/p>\n\n<p>Wil je licht reizen of genieten van een eersteklas vakantie? Onze <strong>camping in de buurt van Beaulieu-sous-la-Roche<\/strong> zal al je verlangens bevredigen.<\/p>\n<\/details>\n\n\n\n<div class=\"wp-block-columns is-layout-flex wp-container-core-columns-is-layout-9d6595d7 wp-block-columns-is-layout-flex\">\n<div class=\"wp-block-column is-layout-flow wp-block-column-is-layout-flow\" style=\"flex-basis:33.33%\">\n<div class=\"wp-block-create-block-sev-encartsimplebg aligncenter\"><aside class=\"encart-simplebg-sev small\"><a href=\"\/nl\/accommodatie\/#sev-gamme-standard\" class=\"d-flex flex-column align-items-center\"><div class=\"encart-title\"><span>Standaard vanaf \u20ac199 per week<\/span><\/div><img decoding=\"async\" src=\"https:\/\/www.campingvaldevie.fr\/wp-content\/uploads\/2022\/03\/standard.jpg\" alt=\"standaard serie stacaravan\"\/><button class=\"btn\"><\/button><\/a><\/aside><\/div>\n<\/div>\n\n\n\n<div class=\"wp-block-column is-layout-flow wp-block-column-is-layout-flow\" style=\"flex-basis:66.66%\">\n<div class=\"wp-block-create-block-sev-encartsimplebg\"><aside class=\"encart-simplebg-sev small\"><a href=\"\/nl\/accommodatie\/#sev-gamme-confort\" class=\"d-flex flex-column align-items-center\"><div class=\"encart-title\"><span>Comfort vanaf \u20ac269 per week<\/span><\/div><img decoding=\"async\" src=\"https:\/\/www.campingvaldevie.fr\/wp-content\/uploads\/2020\/12\/IMG_2469.jpg\" alt=\"tentoonstelling\"\/><button class=\"btn\"><\/button><\/a><\/aside><\/div>\n<\/div>\n<\/div>\n\n\n\n<div class=\"wp-block-columns is-layout-flex wp-container-core-columns-is-layout-9d6595d7 wp-block-columns-is-layout-flex\">\n<div class=\"wp-block-column is-layout-flow wp-block-column-is-layout-flow\" style=\"flex-basis:66.66%\">\n<div class=\"wp-block-create-block-sev-encartsimplebg\"><aside class=\"encart-simplebg-sev small\"><a href=\"\/nl\/accommodatie\/#sev-gamme-premium\" class=\"d-flex flex-column align-items-center\"><div class=\"encart-title\"><span>Premium aanbod vanaf \u20ac379 per week<\/span><\/div><img decoding=\"async\" src=\"https:\/\/www.campingvaldevie.fr\/wp-content\/uploads\/2022\/07\/meilleur-petit-camping-saint-gilles-croix-de-vie.png\" alt=\"Beste kleine camping Saint Gilles croix de Vie\"\/><button class=\"btn\"><\/button><\/a><\/aside><\/div>\n<\/div>\n\n\n\n<div class=\"wp-block-column is-layout-flow wp-block-column-is-layout-flow\" style=\"flex-basis:33.33%\">\n<div class=\"wp-block-create-block-sev-encartsimplebg\"><aside class=\"encart-simplebg-sev small\"><a href=\"\/nl\/locatie\/\" class=\"d-flex flex-column align-items-center\"><div class=\"encart-title\"><span>Kampeerplaatsen vanaf \u20ac100 per week<\/span><\/div><img decoding=\"async\" src=\"https:\/\/www.campingvaldevie.fr\/wp-content\/uploads\/2019\/11\/emplacement-camping-taille-humaine-vendee.jpg\" alt=\"camping op menselijke schaal in de Vend\u00e9e\"\/><button class=\"btn\"><\/button><\/a><\/aside><\/div>\n<\/div>\n<\/div>\n\n\n\n<div class=\"wp-block-buttons alignwide is-layout-flex wp-block-buttons-is-layout-flex\">\n<div class=\"wp-block-button aligncenter\"><a class=\"wp-block-button__link wp-element-button\" href=\"\/nl\/accommodatie\/\">Ontdek de accommodatie<\/a><\/div>\n<\/div>\n<\/div>\n<\/div>\n\n\n\n<div style=\"height:30px\" aria-hidden=\"true\" class=\"wp-block-spacer\"><\/div>\n\n\n\n<div class=\"wp-block-media-text alignfull has-media-on-the-right is-stacked-on-mobile is-vertically-aligned-center is-style-default\" style=\"grid-template-columns:auto 56%\"><div class=\"wp-block-media-text__content\">\n<h2 class=\"wp-block-heading has-text-align-left has-text-color\" style=\"color:#000000\"><strong>Waterpret op de camping bij Beaulieu-sous-la-Roche<\/strong><\/h2>\n\n\n\n<p>In onze <strong>camping in de buurt van Beaulieu-sous-la-Roche<\/strong>Het zwemparadijs is een echte aanwinst voor je vakantie. Geniet van een <strong>verwarmd binnenzwembad<\/strong>Het is de ideale plek om verfrissende momenten te delen met familie en vrienden. Wat voor weer het ook is, je kunt een duik nemen in het water bij <strong>28\u00b0C<\/strong> en ontspan op de <strong>ligstoelen<\/strong> gerangschikt rond het zwembad.<\/p>\n\n\n\n<p>Het zwembad, dat kan worden aangepast aan het seizoen, meet <strong>12 x 8 m<\/strong> voor een diepte vari\u00ebrend van <strong>0,80 m tot 1,60 m<\/strong>Hierdoor is het geschikt voor zowel kinderen als volwassenen. De kleintjes kunnen in alle veiligheid spetteren, terwijl de oudere kinderen kunnen zwemmen of ontspannen. Twee aangrenzende terrassen maken de ruimte compleet, perfect om te lezen, te zonnebaden of gewoon te genieten van de Vend\u00e9e lucht.<\/p>\n\n\n\n<details>\n<summary>Meer lezen<\/summary>\n<p>Het team van onze <strong>camping in de buurt van Beaulieu-sous-la-Roche <\/strong>doet er alles aan om uw ervaring aangenaam te maken: onberispelijke netheid, een vriendelijke sfeer en advies over hoe u het beste uit uw dagen kunt halen.<\/p>\n<p>In een stacaravan, tent of caravan is het zwembad ontworpen als een plek van ontspanning en plezier voor iedereen.<\/p>\n<\/details>\n\n\n\n<div class=\"wp-block-buttons is-layout-flex wp-block-buttons-is-layout-flex\">\n<div class=\"wp-block-button\"><a class=\"wp-block-button__link wp-element-button\" href=\"\/nl\/het-zwembad\/\">Ontdek het zwembad<\/a><\/div>\n<\/div>\n<\/div><figure class=\"wp-block-media-text__media\"><img loading=\"lazy\" decoding=\"async\" width=\"1024\" height=\"768\" src=\"https:\/\/www.campingvaldevie.fr\/wp-content\/uploads\/2022\/11\/piscine-couverte-et-chauffee-4.jpg\" alt=\"Waterplezier in de buurt van Beaulieu-sous-la-Roche\" class=\"wp-image-20113 size-full\" srcset=\"https:\/\/www.campingvaldevie.fr\/wp-content\/uploads\/2022\/11\/piscine-couverte-et-chauffee-4.jpg 1024w, https:\/\/www.campingvaldevie.fr\/wp-content\/uploads\/2022\/11\/piscine-couverte-et-chauffee-4-300x225.jpg 300w, https:\/\/www.campingvaldevie.fr\/wp-content\/uploads\/2022\/11\/piscine-couverte-et-chauffee-4-768x576.jpg 768w\" sizes=\"auto, (max-width: 1024px) 100vw, 1024px\" \/><\/figure><\/div>\n\n\n\n<div style=\"height:30px\" aria-hidden=\"true\" class=\"wp-block-spacer\"><\/div>\n\n\n\n<figure class=\"wp-block-gallery alignwide has-nested-images columns-default is-cropped wp-block-gallery-1 is-layout-flex wp-block-gallery-is-layout-flex\">\n<figure class=\"wp-block-image size-full\"><img loading=\"lazy\" decoding=\"async\" width=\"767\" height=\"717\" data-id=\"19687\" src=\"https:\/\/www.campingvaldevie.fr\/wp-content\/uploads\/2022\/11\/piscine-valdevie.png\" alt=\"Camping met zwembad in Beaulieu-sous-la-Roche\" class=\"wp-image-19687\" srcset=\"https:\/\/www.campingvaldevie.fr\/wp-content\/uploads\/2022\/11\/piscine-valdevie.png 767w, https:\/\/www.campingvaldevie.fr\/wp-content\/uploads\/2022\/11\/piscine-valdevie-300x280.png 300w\" sizes=\"auto, (max-width: 767px) 100vw, 767px\" \/><\/figure>\n\n\n\n<figure class=\"wp-block-image size-large\"><img loading=\"lazy\" decoding=\"async\" width=\"1024\" height=\"576\" data-id=\"7543\" src=\"https:\/\/www.campingvaldevie.fr\/wp-content\/uploads\/2020\/12\/tente-lodge-COTTON-1024x576.jpg\" alt=\"camping in de buurt van Beaulieu-sous-la-Roche\" class=\"wp-image-7543\" srcset=\"https:\/\/www.campingvaldevie.fr\/wp-content\/uploads\/2020\/12\/tente-lodge-COTTON-1024x576.jpg 1024w, https:\/\/www.campingvaldevie.fr\/wp-content\/uploads\/2020\/12\/tente-lodge-COTTON-300x169.jpg 300w, https:\/\/www.campingvaldevie.fr\/wp-content\/uploads\/2020\/12\/tente-lodge-COTTON-768x432.jpg 768w, https:\/\/www.campingvaldevie.fr\/wp-content\/uploads\/2020\/12\/tente-lodge-COTTON-1536x864.jpg 1536w, https:\/\/www.campingvaldevie.fr\/wp-content\/uploads\/2020\/12\/tente-lodge-COTTON.jpg 1920w\" sizes=\"auto, (max-width: 1024px) 100vw, 1024px\" \/><\/figure>\n<\/figure>\n\n\n\n<div style=\"height:30px\" aria-hidden=\"true\" class=\"wp-block-spacer\"><\/div>\n\n\n\n<div class=\"wp-block-media-text alignfull is-stacked-on-mobile is-vertically-aligned-center is-image-fill-element is-style-default\" style=\"grid-template-columns:56% auto\"><figure class=\"wp-block-media-text__media\"><img loading=\"lazy\" decoding=\"async\" width=\"1024\" height=\"768\" src=\"https:\/\/www.campingvaldevie.fr\/wp-content\/uploads\/2022\/11\/116126317_293508091899316_6098317041213719654_n-1024x768.jpg\" alt=\"Een comfortabel verblijf in Beaulieu-sous-la-Roche\" class=\"wp-image-20181 size-full\" style=\"object-position:50% 50%\" srcset=\"https:\/\/www.campingvaldevie.fr\/wp-content\/uploads\/2022\/11\/116126317_293508091899316_6098317041213719654_n-1024x768.jpg 1024w, https:\/\/www.campingvaldevie.fr\/wp-content\/uploads\/2022\/11\/116126317_293508091899316_6098317041213719654_n-300x225.jpg 300w, https:\/\/www.campingvaldevie.fr\/wp-content\/uploads\/2022\/11\/116126317_293508091899316_6098317041213719654_n-768x576.jpg 768w, https:\/\/www.campingvaldevie.fr\/wp-content\/uploads\/2022\/11\/116126317_293508091899316_6098317041213719654_n.jpg 1125w\" sizes=\"auto, (max-width: 1024px) 100vw, 1024px\" \/><\/figure><div class=\"wp-block-media-text__content\">\n<h2 class=\"wp-block-heading has-text-align-left has-text-color\" style=\"color:#000000\"><strong>Diensten en activiteiten voor een comfortabel verblijf<\/strong><\/h2>\n\n\n\n<p>In onze <strong>camping in de buurt van Beaulieu-sous-la-Roche<\/strong>Aan elk detail is gedacht om je vakantie gemakkelijk en onvergetelijk te maken. Geniet van een <strong>wi-fi verbinding<\/strong> over de hele camping, van een <strong>volledige wasservice<\/strong> en <strong>huur van praktische apparatuur<\/strong> barbecues, koelkasten, kinderbedjes en kinderstoelen. Voor je maaltijden is er een <strong>snackbar<\/strong> en een <strong>levensmiddelenzaak<\/strong> bieden afhaalmaaltijden, koude dranken, ijs, brood en gebak.<\/p>\n\n\n\n<p>Op het gebied van vrijetijdsbesteding is er genoeg te doen voor jong en oud. Naast de <strong>verwarmd binnenzwembad<\/strong>De camping heeft een <strong>Home-Ball gebied<\/strong>a <strong>trampoline<\/strong>Er is ook een hangbrug, glijbanen, schommels, jeu de boules, tafeltennis, tafelvoetbal en sjoelbak. Dierenliefhebbers zullen dol zijn op de <strong>miniboerderij<\/strong>Een must voor gezinnen.<\/p>\n\n\n\n<p>Ontspan na je activiteiten in de <strong>bar met terras<\/strong> voor een gezellig moment bij het zwembad. In de zomer biedt de snackbar elke avond een afhaalservice. Zoek 's ochtends je <strong>versgebakken brood<\/strong> en geniet van een <strong>gastronomisch ontbijt<\/strong> om te bestellen.<\/p>\n\n\n\n<p>Alles is aanwezig om ervoor te zorgen dat je verblijf in onze <strong>camping in de buurt van Beaulieu-sous-la-Roche<\/strong> is eenvoudig, praktisch en gezellig in een warme, familiale sfeer.<\/p>\n<\/div><\/div>\n\n\n\n<div style=\"height:30px\" aria-hidden=\"true\" class=\"wp-block-spacer\"><\/div>\n\n\n\n<div class=\"wp-block-media-text alignfull has-media-on-the-right is-stacked-on-mobile is-vertically-aligned-center is-style-default\" style=\"grid-template-columns:auto 56%\"><div class=\"wp-block-media-text__content\">\n<h2 class=\"wp-block-heading has-text-align-left has-text-color\" style=\"color:#000000\"><strong><strong><strong><strong><strong><strong>Wat kun je doen op een kampeervakantie in de buurt van Beaulieu-sous-la-Roche?<\/strong><\/strong><\/strong><\/strong><\/strong><\/strong><\/h2>\n\n\n\n<p>Verblijf in onze <strong>camping in de buurt van Beaulieu-sous-la-Roche<\/strong>Als je de Vend\u00e9e en haar schatten wilt ontdekken, ben je hier op de juiste plek. Op slechts 13 kilometer van <strong>Beaulieu-sous-la-Roche<\/strong>In het charmante dorpje Vend\u00e9e kun je door de pittoreske straatjes slenteren, de ambachtelijke ateliers bewonderen en langs de oevers van Lac du Jaunay of Lac d'Apremont wandelen, perfect voor een natuurvakantie of een hengeltje uitgooien.<\/p>\n\n\n\n<p>Maar dat is nog niet alles:<\/p>\n\n\n\n<details>\n<summary>Meer lezen<\/summary>\n<ul>\n \t<li><strong>Voor fietsers<\/strong> De regio wordt doorkruist door talloze fietspaden. Stap op je tweewieler en verken het glooiende landschap en de kleine dorpjes die typisch zijn voor de regio Pays de la Loire.<\/li>\n \t<li><strong>Een voorproefje van het strand<\/strong> badplaatsen zoals <strong>Br\u00e9tignolles-sur-Mer<\/strong>, <strong>Saint-Gilles-Croix-de-Vie<\/strong>, <strong>Sables-d'Olonne<\/strong> of <strong>Saint-Jean-de-Monts<\/strong> liggen op slechts 20 tot 30 minuten rijden. Hier vind je lange zandstranden, levendige markten en watersporten.<\/li>\n \t<li><strong>Stedelijke uitstapjes<\/strong> Ontdek <strong>La Roche-sur-Yon<\/strong> of <strong>Nantes<\/strong>ideaal voor winkelen, erfgoed en gastronomie.<\/li>\n<\/ul>\n<strong>Niet te missen<\/strong> Het themapark <strong>Puy du Fou<\/strong>op ongeveer een uur rijden, dompelt je onder in grandioze shows en unieke historische re\u00ebnactments.\n<p>Wat je profiel ook is, of je nu sportief, nieuwsgierig of op zoek naar een pauze bent, onze <strong>camping in de buurt van Beaulieu-sous-la-Roche<\/strong> is een uitstekend uitgangspunt voor een gevarieerde vakantie vol ontdekkingen.<\/p>\n<\/details>\n\n\n\n<div style=\"height:15px\" aria-hidden=\"true\" class=\"wp-block-spacer\"><\/div>\n\n\n\n<p><a href=\"\/nl\/toerisme-vendee\/toerisme-apremont\/\">Lees meer<\/a><\/p>\n<\/div><figure class=\"wp-block-media-text__media\"><img loading=\"lazy\" decoding=\"async\" width=\"1024\" height=\"683\" src=\"https:\/\/www.campingvaldevie.fr\/wp-content\/uploads\/2022\/02\/Apremont2-1024x683.jpg\" alt=\"Wat te doen op een camping in de buurt van Beaulieu-sous-la-Roche\" class=\"wp-image-12088 size-full\" srcset=\"https:\/\/www.campingvaldevie.fr\/wp-content\/uploads\/2022\/02\/Apremont2-1024x683.jpg 1024w, https:\/\/www.campingvaldevie.fr\/wp-content\/uploads\/2022\/02\/Apremont2-300x200.jpg 300w, https:\/\/www.campingvaldevie.fr\/wp-content\/uploads\/2022\/02\/Apremont2-768x512.jpg 768w, https:\/\/www.campingvaldevie.fr\/wp-content\/uploads\/2022\/02\/Apremont2.jpg 1200w\" sizes=\"auto, (max-width: 1024px) 100vw, 1024px\" \/><\/figure><\/div>\n\n\n\n<div style=\"height:30px\" aria-hidden=\"true\" class=\"wp-block-spacer\"><\/div>\n\n\n\n<div class=\"wp-block-columns is-layout-flex wp-container-core-columns-is-layout-9d6595d7 wp-block-columns-is-layout-flex\">\n<div class=\"wp-block-column is-layout-flow wp-block-column-is-layout-flow\">\n<div class=\"wp-block-buttons is-layout-flex wp-block-buttons-is-layout-flex\">\n<div class=\"wp-block-button aligncenter\"><a class=\"wp-block-button__link wp-element-button\" href=\"https:\/\/bookingpremium.secureholiday.net\/fr\/10284\/\" target=\"_blank\" rel=\"noreferrer noopener\">Boek<\/a><\/div>\n<\/div>\n<\/div>\n\n\n\n<div class=\"wp-block-column is-layout-flow wp-block-column-is-layout-flow\">\n<div class=\"wp-block-buttons is-layout-flex wp-block-buttons-is-layout-flex\">\n<div class=\"wp-block-button aligncenter\"><a class=\"wp-block-button__link wp-element-button\" href=\"\/nl\/neem-contact-op-met\/\">Neem contact met ons op<\/a><\/div>\n<\/div>\n<\/div>\n<\/div>\n\n\n\n<div class=\"wp-block-group\"><div class=\"wp-block-group__inner-container is-layout-constrained wp-block-group-is-layout-constrained\">\n<h2 class=\"wp-block-heading has-text-align-center\">Ontdek ook<\/h2>\n\n\n\n<div class=\"wp-block-columns is-layout-flex wp-container-core-columns-is-layout-9d6595d7 wp-block-columns-is-layout-flex\">\n<div class=\"wp-block-column is-layout-flow wp-block-column-is-layout-flow\">\n<div class=\"wp-block-cover is-light has-small-font-size\" style=\"min-height:350px;aspect-ratio:unset;\"><img loading=\"lazy\" decoding=\"async\" width=\"1200\" height=\"800\" class=\"wp-block-cover__image-background wp-image-20331\" alt=\"Meer van Apremont\" src=\"https:\/\/www.campingvaldevie.fr\/wp-content\/uploads\/2022\/12\/lac-apremont.jpg\" data-object-fit=\"cover\" srcset=\"https:\/\/www.campingvaldevie.fr\/wp-content\/uploads\/2022\/12\/lac-apremont.jpg 1200w, https:\/\/www.campingvaldevie.fr\/wp-content\/uploads\/2022\/12\/lac-apremont-300x200.jpg 300w, https:\/\/www.campingvaldevie.fr\/wp-content\/uploads\/2022\/12\/lac-apremont-1024x683.jpg 1024w, https:\/\/www.campingvaldevie.fr\/wp-content\/uploads\/2022\/12\/lac-apremont-768x512.jpg 768w\" sizes=\"auto, (max-width: 1200px) 100vw, 1200px\" \/><span aria-hidden=\"true\" class=\"wp-block-cover__background has-background-dim\"><\/span><div class=\"wp-block-cover__inner-container is-layout-flow wp-block-cover-is-layout-flow\">\n<p class=\"has-text-align-center has-large-font-size\"><a href=\"https:\/\/www.campingvaldevie.fr\/nl\/camping-dichtbij-commequiers\/\">Camping Les Foug\u00e8res<\/a><\/p>\n<\/div><\/div>\n<\/div>\n\n\n\n<div class=\"wp-block-column is-layout-flow wp-block-column-is-layout-flow\">\n<div class=\"wp-block-cover is-light has-small-font-size\" style=\"min-height:350px;aspect-ratio:unset;\"><img loading=\"lazy\" decoding=\"async\" width=\"1200\" height=\"800\" class=\"wp-block-cover__image-background wp-image-20298\" alt=\"toerisme aizenay\" src=\"https:\/\/www.campingvaldevie.fr\/wp-content\/uploads\/2022\/12\/tourisme-aizenay.jpg\" data-object-fit=\"cover\" srcset=\"https:\/\/www.campingvaldevie.fr\/wp-content\/uploads\/2022\/12\/tourisme-aizenay.jpg 1200w, https:\/\/www.campingvaldevie.fr\/wp-content\/uploads\/2022\/12\/tourisme-aizenay-300x200.jpg 300w, https:\/\/www.campingvaldevie.fr\/wp-content\/uploads\/2022\/12\/tourisme-aizenay-1024x683.jpg 1024w, https:\/\/www.campingvaldevie.fr\/wp-content\/uploads\/2022\/12\/tourisme-aizenay-768x512.jpg 768w\" sizes=\"auto, (max-width: 1200px) 100vw, 1200px\" \/><span aria-hidden=\"true\" class=\"wp-block-cover__background has-background-dim\"><\/span><div class=\"wp-block-cover__inner-container is-layout-flow wp-block-cover-is-layout-flow\">\n<p class=\"has-text-align-center has-large-font-size\"><a href=\"\/nl\/camping-la-roche-sur-yon\/\">Camping La Roche-sur-Yon<\/a><\/p>\n<\/div><\/div>\n<\/div>\n\n\n\n<div class=\"wp-block-column is-layout-flow wp-block-column-is-layout-flow\">\n<div class=\"wp-block-cover has-small-font-size\" style=\"min-height:350px;aspect-ratio:unset;\"><img loading=\"lazy\" decoding=\"async\" width=\"700\" height=\"466\" class=\"wp-block-cover__image-background wp-image-18902\" alt=\"vakantie Kleine camping bij Br\u00e9tignolles sur Mer\" src=\"https:\/\/www.campingvaldevie.fr\/wp-content\/uploads\/2022\/09\/vacances-petit-camping-proche-bretignolles-sur-mer.jpg\" data-object-fit=\"cover\" srcset=\"https:\/\/www.campingvaldevie.fr\/wp-content\/uploads\/2022\/09\/vacances-petit-camping-proche-bretignolles-sur-mer.jpg 700w, https:\/\/www.campingvaldevie.fr\/wp-content\/uploads\/2022\/09\/vacances-petit-camping-proche-bretignolles-sur-mer-300x200.jpg 300w\" sizes=\"auto, (max-width: 700px) 100vw, 700px\" \/><span aria-hidden=\"true\" class=\"wp-block-cover__background has-background-dim\"><\/span><div class=\"wp-block-cover__inner-container is-layout-flow wp-block-cover-is-layout-flow\">\n<p class=\"has-text-align-center has-large-font-size\"><a href=\"\/nl\/camping-bretignolles-sur-mer\/\">Camping Bretignolles<\/a><\/p>\n<\/div><\/div>\n<\/div>\n<\/div>\n<\/div><\/div>","protected":false},"excerpt":{"rendered":"<p>Envie de vacances en Vend\u00e9e, entre nature et authenticit\u00e9 ? Bienvenue dans notre camping 4 \u00e9toiles en Vend\u00e9e ! \u00c0 seulement 13 kilom\u00e8tres de Beaulieu-sous-la-Roche notre camping est install\u00e9 dans un cadre naturel et familial. Nous vous promettons d\u00e9tente, confort et convivialit\u00e9. Emplacements spacieux, mobil-homes tout \u00e9quip\u00e9s, piscine couverte et chauff\u00e9e, animations pour tous\u2026 ici, [&hellip;]<\/p>\n","protected":false},"author":2,"featured_media":0,"parent":0,"menu_order":0,"comment_status":"closed","ping_status":"closed","template":"","meta":{"_seopress_robots_primary_cat":"","_seopress_titles_title":"Camping pr\u00e8s de Beaulieu-sous-la-Roche","_seopress_titles_desc":"S\u00e9journez dans notre camping proche de Beaulieu-sous-la-Roche : emplacements, mobil-homes, piscine couverte et activit\u00e9s pour toute la famille.","_seopress_robots_index":"","footnotes":""},"class_list":["post-26566","page","type-page","status-publish","hentry"],"_links":{"self":[{"href":"https:\/\/www.campingvaldevie.fr\/nl\/wp-json\/wp\/v2\/pages\/26566","targetHints":{"allow":["GET"]}}],"collection":[{"href":"https:\/\/www.campingvaldevie.fr\/nl\/wp-json\/wp\/v2\/pages"}],"about":[{"href":"https:\/\/www.campingvaldevie.fr\/nl\/wp-json\/wp\/v2\/types\/page"}],"author":[{"embeddable":true,"href":"https:\/\/www.campingvaldevie.fr\/nl\/wp-json\/wp\/v2\/users\/2"}],"replies":[{"embeddable":true,"href":"https:\/\/www.campingvaldevie.fr\/nl\/wp-json\/wp\/v2\/comments?post=26566"}],"version-history":[{"count":10,"href":"https:\/\/www.campingvaldevie.fr\/nl\/wp-json\/wp\/v2\/pages\/26566\/revisions"}],"predecessor-version":[{"id":26582,"href":"https:\/\/www.campingvaldevie.fr\/nl\/wp-json\/wp\/v2\/pages\/26566\/revisions\/26582"}],"wp:attachment":[{"href":"https:\/\/www.campingvaldevie.fr\/nl\/wp-json\/wp\/v2\/media?parent=26566"}],"curies":[{"name":"wp","href":"https:\/\/api.w.org\/{rel}","templated":true}]}}